{"id":6998,"date":"2025-05-15T16:36:40","date_gmt":"2025-05-15T14:36:40","guid":{"rendered":"https:\/\/www.swisscrochet.ch\/product\/chiaogoo-tunisian-crochet-hook-interchangable-tip\/"},"modified":"2026-02-28T09:00:03","modified_gmt":"2026-02-28T08:00:03","slug":"chiaogoo-crochet-tunisien-a-pointe-interchangeable","status":"publish","type":"product","link":"https:\/\/www.swisscrochet.ch\/fr\/produit\/chiaogoo-crochet-tunisien-a-pointe-interchangeable\/","title":{"rendered":"Chiaogoo &#8211; Crochet tunisien \u00e0 pointe interchangeable"},"content":{"rendered":"","protected":false},"excerpt":{"rendered":"<p>Les embouts interchangeables de crochet tunisien ChiaoGoo sont des crochets [dt_tooltip title=\"inline\"]Un crochet inline a une t\u00eate pointue, un col de m\u00eame diam\u00e8tre que le corps et un corps plus court par rapport aux autres types de crochets.[\/dt_tooltip] de haute qualit\u00e9 \u00e0 t\u00eate pointue. Fabriqu\u00e9s en bambou haut de gamme lisse et l\u00e9ger, ils offrent un excellent confort, une grande flexibilit\u00e9 et un bon contr\u00f4le des mailles \u2013 parfaits pour tous vos projets de crochet tunisien.<\/p>\n<p>Ces embouts sont con\u00e7us pour \u00eatre utilis\u00e9s avec les <a href=\"https:\/\/www.swisscrochet.ch\/fr\/produit\/chiaogoo-cable-swiv360-silver\/\" target=\"_blank\" rel=\"noopener\">c\u00e2bles ChiaoGoo SWIV360<\/a>, ce qui vous permet d\u2019adapter la longueur \u00e0 tous les types de projets \u2014 des petits accessoires aux v\u00eatements, couvertures et plus encore.<\/p>\n<p>Gr\u00e2ce au syst\u00e8me interchangeable, ces crochets conviennent au crochet tunisien \u00e0 plat ou en rond. Il suffit de choisir la taille d\u2019embout souhait\u00e9e et de le fixer \u00e0 un c\u00e2ble compatible pour commencer.<\/p>\n<p>La taille est grav\u00e9e au laser sur le crochet pour une identification facile.<\/p>\n<p>Compatibilit\u00e9 :<\/p>\n<ul>\n<li style=\"list-style-type: none;\">\n<ul>\n<li>Tailles de 3.50 mm \u00e0 5.00 mm : compatibles avec les c\u00e2bles, adaptateurs et bloqueurs (S) Small.<\/li>\n<li>Tailles de 5.50 mm \u00e0 10.00 mm : compatibles avec les c\u00e2bles, adaptateurs et bloqueurs (L) Large.<\/li>\n<\/ul>\n<\/li>\n<\/ul>\n<p>Les crochets interchangeables en bambou de ChiaoGoo vous offrent la libert\u00e9 de personnaliser vos outils et de crocheter tout en douceur, quel que soit le fil ou la fibre utilis\u00e9e.<\/p>\n","protected":false},"featured_media":6981,"template":"","meta":[],"product_brand":[],"product_cat":[221,557],"product_tag":[],"class_list":{"0":"post-6998","1":"product","2":"type-product","3":"status-publish","4":"has-post-thumbnail","6":"product_cat-crochets-et-outils","7":"product_cat-crochets-pour-le-crochet-tunisien","8":"product_shipping_class-petits-envois","9":"pa_t1-manufacturer-chiaogoo-fr","10":"description-off","12":"first","13":"instock","14":"taxable","15":"shipping-taxable","16":"purchasable","17":"product-type-variable","18":"wvs-archive-product-wrapper"},"bundled_by":["10446","10849","10849","10849","10849"],"bundle_stock_status":"instock","bundle_stock_quantity":null,"bundle_virtual":false,"bundle_layout":"","bundle_add_to_cart_form_location":"","bundle_editable_in_cart":false,"bundle_sold_individually_context":"","bundle_item_grouping":"","bundle_min_size":"","bundle_max_size":"","bundle_price":[],"bundled_items":[],"bundle_sell_ids":[],"yoast_head":"<!-- This site is optimized with the Yoast SEO plugin v27.4 - https:\/\/yoast.com\/product\/yoast-seo-wordpress\/ -->\n<title>Chiaogoo - Crochet tunisien \u00e0 pointe interchangeable &#171; Swiss Crochet<\/title>\n<meta name=\"description\" content=\"Crochets tunisiens ChiaoGoo en bambou de qualit\u00e9 sup\u00e9rieure, de 3.50 \u00e0 10.00 mm. Embouts interchangeables pour des projets travaill\u00e9s \u00e0 plat ou en rond.\" \/>\n<meta name=\"robots\" content=\"index, follow, max-snippet:-1, max-image-preview:large, max-video-preview:-1\" \/>\n<link rel=\"canonical\" href=\"https:\/\/www.swisscrochet.ch\/produit\/chiaogoo-tunisian-crochet-hook-interchangable-tip\/\" \/>\n<meta property=\"og:locale\" content=\"fr_FR\" \/>\n<meta property=\"og:type\" content=\"article\" \/>\n<meta property=\"og:title\" content=\"Chiaogoo - Crochet tunisien \u00e0 pointe interchangeable &#171; Swiss Crochet\" \/>\n<meta property=\"og:description\" content=\"Crochets tunisiens ChiaoGoo en bambou de qualit\u00e9 sup\u00e9rieure, de 3.50 \u00e0 10.00 mm. Embouts interchangeables pour des projets travaill\u00e9s \u00e0 plat ou en rond.\" \/>\n<meta property=\"og:url\" content=\"https:\/\/www.swisscrochet.ch\/produit\/chiaogoo-tunisian-crochet-hook-interchangable-tip\/\" \/>\n<meta property=\"og:site_name\" content=\"Swiss Crochet\" \/>\n<meta property=\"article:modified_time\" content=\"2026-02-28T08:00:03+00:00\" \/>\n<meta property=\"og:image\" content=\"https:\/\/www.swisscrochet.ch\/wp-content\/uploads\/2025\/05\/Chiaogoo-Tunisian-Crochet-Hook-Interchangable-Tip-Overview.jpg\" \/>\n\t<meta property=\"og:image:width\" content=\"1000\" \/>\n\t<meta property=\"og:image:height\" content=\"1000\" \/>\n\t<meta property=\"og:image:type\" content=\"image\/jpeg\" \/>\n<meta name=\"twitter:card\" content=\"summary_large_image\" \/>\n<meta name=\"twitter:label1\" content=\"Dur\u00e9e de lecture estim\u00e9e\" \/>\n\t<meta name=\"twitter:data1\" content=\"1 minute\" \/>\n<script type=\"application\/ld+json\" class=\"yoast-schema-graph\">{\"@context\":\"https:\\\/\\\/schema.org\",\"@graph\":[{\"@type\":[\"WebPage\",\"ItemPage\"],\"@id\":\"https:\\\/\\\/www.swisscrochet.ch\\\/produit\\\/chiaogoo-tunisian-crochet-hook-interchangable-tip\\\/\",\"url\":\"https:\\\/\\\/www.swisscrochet.ch\\\/produit\\\/chiaogoo-tunisian-crochet-hook-interchangable-tip\\\/\",\"name\":\"Chiaogoo - Crochet tunisien \u00e0 pointe interchangeable &#171; Swiss Crochet\",\"isPartOf\":{\"@id\":\"https:\\\/\\\/www.swisscrochet.ch\\\/#website\"},\"primaryImageOfPage\":{\"@id\":\"https:\\\/\\\/www.swisscrochet.ch\\\/produit\\\/chiaogoo-tunisian-crochet-hook-interchangable-tip\\\/#primaryimage\"},\"image\":{\"@id\":\"https:\\\/\\\/www.swisscrochet.ch\\\/produit\\\/chiaogoo-tunisian-crochet-hook-interchangable-tip\\\/#primaryimage\"},\"thumbnailUrl\":\"https:\\\/\\\/www.swisscrochet.ch\\\/wp-content\\\/uploads\\\/2025\\\/05\\\/Chiaogoo-Tunisian-Crochet-Hook-Interchangable-Tip-Overview.jpg\",\"datePublished\":\"2025-05-15T14:36:40+00:00\",\"dateModified\":\"2026-02-28T08:00:03+00:00\",\"description\":\"Crochets tunisiens ChiaoGoo en bambou de qualit\u00e9 sup\u00e9rieure, de 3.50 \u00e0 10.00 mm. Embouts interchangeables pour des projets travaill\u00e9s \u00e0 plat ou en rond.\",\"breadcrumb\":{\"@id\":\"https:\\\/\\\/www.swisscrochet.ch\\\/produit\\\/chiaogoo-tunisian-crochet-hook-interchangable-tip\\\/#breadcrumb\"},\"inLanguage\":\"fr-FR\",\"potentialAction\":[{\"@type\":\"ReadAction\",\"target\":[\"https:\\\/\\\/www.swisscrochet.ch\\\/produit\\\/chiaogoo-tunisian-crochet-hook-interchangable-tip\\\/\"]}]},{\"@type\":\"ImageObject\",\"inLanguage\":\"fr-FR\",\"@id\":\"https:\\\/\\\/www.swisscrochet.ch\\\/produit\\\/chiaogoo-tunisian-crochet-hook-interchangable-tip\\\/#primaryimage\",\"url\":\"https:\\\/\\\/www.swisscrochet.ch\\\/wp-content\\\/uploads\\\/2025\\\/05\\\/Chiaogoo-Tunisian-Crochet-Hook-Interchangable-Tip-Overview.jpg\",\"contentUrl\":\"https:\\\/\\\/www.swisscrochet.ch\\\/wp-content\\\/uploads\\\/2025\\\/05\\\/Chiaogoo-Tunisian-Crochet-Hook-Interchangable-Tip-Overview.jpg\",\"width\":1000,\"height\":1000},{\"@type\":\"BreadcrumbList\",\"@id\":\"https:\\\/\\\/www.swisscrochet.ch\\\/produit\\\/chiaogoo-tunisian-crochet-hook-interchangable-tip\\\/#breadcrumb\",\"itemListElement\":[{\"@type\":\"ListItem\",\"position\":1,\"name\":\"Home\",\"item\":\"https:\\\/\\\/www.swisscrochet.ch\\\/fr\\\/\"},{\"@type\":\"ListItem\",\"position\":2,\"name\":\"Boutique\",\"item\":\"https:\\\/\\\/www.swisscrochet.ch\\\/fr\\\/boutique\\\/\"},{\"@type\":\"ListItem\",\"position\":3,\"name\":\"Chiaogoo &#8211; Crochet tunisien \u00e0 pointe interchangeable\"}]},{\"@type\":\"WebSite\",\"@id\":\"https:\\\/\\\/www.swisscrochet.ch\\\/#website\",\"url\":\"https:\\\/\\\/www.swisscrochet.ch\\\/\",\"name\":\"Swiss Crochet\",\"description\":\"Lib\u00e9rez votre potentiel cr\u00e9atif\",\"potentialAction\":[{\"@type\":\"SearchAction\",\"target\":{\"@type\":\"EntryPoint\",\"urlTemplate\":\"https:\\\/\\\/www.swisscrochet.ch\\\/?s={search_term_string}\"},\"query-input\":{\"@type\":\"PropertyValueSpecification\",\"valueRequired\":true,\"valueName\":\"search_term_string\"}}],\"inLanguage\":\"fr-FR\"}]}<\/script>\n<!-- \/ Yoast SEO plugin. -->","yoast_head_json":{"title":"Chiaogoo - Crochet tunisien \u00e0 pointe interchangeable &#171; Swiss Crochet","description":"Crochets tunisiens ChiaoGoo en bambou de qualit\u00e9 sup\u00e9rieure, de 3.50 \u00e0 10.00 mm. Embouts interchangeables pour des projets travaill\u00e9s \u00e0 plat ou en rond.","robots":{"index":"index","follow":"follow","max-snippet":"max-snippet:-1","max-image-preview":"max-image-preview:large","max-video-preview":"max-video-preview:-1"},"canonical":"https:\/\/www.swisscrochet.ch\/produit\/chiaogoo-tunisian-crochet-hook-interchangable-tip\/","og_locale":"fr_FR","og_type":"article","og_title":"Chiaogoo - Crochet tunisien \u00e0 pointe interchangeable &#171; Swiss Crochet","og_description":"Crochets tunisiens ChiaoGoo en bambou de qualit\u00e9 sup\u00e9rieure, de 3.50 \u00e0 10.00 mm. Embouts interchangeables pour des projets travaill\u00e9s \u00e0 plat ou en rond.","og_url":"https:\/\/www.swisscrochet.ch\/produit\/chiaogoo-tunisian-crochet-hook-interchangable-tip\/","og_site_name":"Swiss Crochet","article_modified_time":"2026-02-28T08:00:03+00:00","og_image":[{"width":1000,"height":1000,"url":"https:\/\/www.swisscrochet.ch\/wp-content\/uploads\/2025\/05\/Chiaogoo-Tunisian-Crochet-Hook-Interchangable-Tip-Overview.jpg","type":"image\/jpeg"}],"twitter_card":"summary_large_image","twitter_misc":{"Dur\u00e9e de lecture estim\u00e9e":"1 minute"},"schema":{"@context":"https:\/\/schema.org","@graph":[{"@type":["WebPage","ItemPage"],"@id":"https:\/\/www.swisscrochet.ch\/produit\/chiaogoo-tunisian-crochet-hook-interchangable-tip\/","url":"https:\/\/www.swisscrochet.ch\/produit\/chiaogoo-tunisian-crochet-hook-interchangable-tip\/","name":"Chiaogoo - Crochet tunisien \u00e0 pointe interchangeable &#171; Swiss Crochet","isPartOf":{"@id":"https:\/\/www.swisscrochet.ch\/#website"},"primaryImageOfPage":{"@id":"https:\/\/www.swisscrochet.ch\/produit\/chiaogoo-tunisian-crochet-hook-interchangable-tip\/#primaryimage"},"image":{"@id":"https:\/\/www.swisscrochet.ch\/produit\/chiaogoo-tunisian-crochet-hook-interchangable-tip\/#primaryimage"},"thumbnailUrl":"https:\/\/www.swisscrochet.ch\/wp-content\/uploads\/2025\/05\/Chiaogoo-Tunisian-Crochet-Hook-Interchangable-Tip-Overview.jpg","datePublished":"2025-05-15T14:36:40+00:00","dateModified":"2026-02-28T08:00:03+00:00","description":"Crochets tunisiens ChiaoGoo en bambou de qualit\u00e9 sup\u00e9rieure, de 3.50 \u00e0 10.00 mm. Embouts interchangeables pour des projets travaill\u00e9s \u00e0 plat ou en rond.","breadcrumb":{"@id":"https:\/\/www.swisscrochet.ch\/produit\/chiaogoo-tunisian-crochet-hook-interchangable-tip\/#breadcrumb"},"inLanguage":"fr-FR","potentialAction":[{"@type":"ReadAction","target":["https:\/\/www.swisscrochet.ch\/produit\/chiaogoo-tunisian-crochet-hook-interchangable-tip\/"]}]},{"@type":"ImageObject","inLanguage":"fr-FR","@id":"https:\/\/www.swisscrochet.ch\/produit\/chiaogoo-tunisian-crochet-hook-interchangable-tip\/#primaryimage","url":"https:\/\/www.swisscrochet.ch\/wp-content\/uploads\/2025\/05\/Chiaogoo-Tunisian-Crochet-Hook-Interchangable-Tip-Overview.jpg","contentUrl":"https:\/\/www.swisscrochet.ch\/wp-content\/uploads\/2025\/05\/Chiaogoo-Tunisian-Crochet-Hook-Interchangable-Tip-Overview.jpg","width":1000,"height":1000},{"@type":"BreadcrumbList","@id":"https:\/\/www.swisscrochet.ch\/produit\/chiaogoo-tunisian-crochet-hook-interchangable-tip\/#breadcrumb","itemListElement":[{"@type":"ListItem","position":1,"name":"Home","item":"https:\/\/www.swisscrochet.ch\/fr\/"},{"@type":"ListItem","position":2,"name":"Boutique","item":"https:\/\/www.swisscrochet.ch\/fr\/boutique\/"},{"@type":"ListItem","position":3,"name":"Chiaogoo &#8211; Crochet tunisien \u00e0 pointe interchangeable"}]},{"@type":"WebSite","@id":"https:\/\/www.swisscrochet.ch\/#website","url":"https:\/\/www.swisscrochet.ch\/","name":"Swiss Crochet","description":"Lib\u00e9rez votre potentiel cr\u00e9atif","potentialAction":[{"@type":"SearchAction","target":{"@type":"EntryPoint","urlTemplate":"https:\/\/www.swisscrochet.ch\/?s={search_term_string}"},"query-input":{"@type":"PropertyValueSpecification","valueRequired":true,"valueName":"search_term_string"}}],"inLanguage":"fr-FR"}]}},"_links":{"self":[{"href":"https:\/\/www.swisscrochet.ch\/fr\/wp-json\/wp\/v2\/product\/6998","targetHints":{"allow":["GET"]}}],"collection":[{"href":"https:\/\/www.swisscrochet.ch\/fr\/wp-json\/wp\/v2\/product"}],"about":[{"href":"https:\/\/www.swisscrochet.ch\/fr\/wp-json\/wp\/v2\/types\/product"}],"wp:featuredmedia":[{"embeddable":true,"href":"https:\/\/www.swisscrochet.ch\/fr\/wp-json\/wp\/v2\/media\/6981"}],"wp:attachment":[{"href":"https:\/\/www.swisscrochet.ch\/fr\/wp-json\/wp\/v2\/media?parent=6998"}],"wp:term":[{"taxonomy":"product_brand","embeddable":true,"href":"https:\/\/www.swisscrochet.ch\/fr\/wp-json\/wp\/v2\/product_brand?post=6998"},{"taxonomy":"product_cat","embeddable":true,"href":"https:\/\/www.swisscrochet.ch\/fr\/wp-json\/wp\/v2\/product_cat?post=6998"},{"taxonomy":"product_tag","embeddable":true,"href":"https:\/\/www.swisscrochet.ch\/fr\/wp-json\/wp\/v2\/product_tag?post=6998"}],"curies":[{"name":"wp","href":"https:\/\/api.w.org\/{rel}","templated":true}]}}