{"id":7252,"date":"2025-05-16T14:56:02","date_gmt":"2025-05-16T12:56:02","guid":{"rendered":"https:\/\/www.swisscrochet.ch\/product\/gutermann-elastic-thread-spool\/"},"modified":"2025-05-16T15:10:08","modified_gmt":"2025-05-16T13:10:08","slug":"gutermann-bobine-de-fil-elastique","status":"publish","type":"product","link":"https:\/\/www.swisscrochet.ch\/fr\/produit\/gutermann-bobine-de-fil-elastique\/","title":{"rendered":"G\u00fctermann &#8211; Bobine de fil \u00e9lastique"},"content":{"rendered":"","protected":false},"excerpt":{"rendered":"<p>Le fil \u00e9lastique G\u00fctermann est un ajout polyvalent \u00e0 ta trousse \u00e0 outils de cr\u00e9ation. Traditionnellement utilis\u00e9 en couture pour des techniques telles que le fronc\u00e9, le smock ou le pliss\u00e9, il peut aussi \u00eatre un outil pr\u00e9cieux au crochet pour ajouter \u00e9lasticit\u00e9, tenue de la forme et meilleure tenue \u00e0 tes projets.<\/p>\n<p>Au crochet, ce fil \u00e9lastique fin peut \u00eatre utilis\u00e9 de plusieurs mani\u00e8res cr\u00e9atives :<\/p>\n<ul>\n<li><em>Tiss\u00e9 entre les mailles<\/em> pour un modelage subtil ou un renforcement<\/li>\n<li><em>Tenue avec le fil principal<\/em> et crochet\u00e9 normalement, ajoutant de l\u2019\u00e9lasticit\u00e9 \u00e0 tout le tissu<\/li>\n<li><em>Crochet\u00e9 \u00e0 la surface du tissu<\/em> dans un tour suppl\u00e9mentaire, parfait pour des zones cibl\u00e9es<\/li>\n<\/ul>\n<p>L\u2019ajout de fil \u00e9lastique est particuli\u00e8rement utile aux bords des encolures, poignets, manches et en haut des chaussettes \u2014 partout o\u00f9 tu souhaites que ton crochet \u00e9pouse doucement la forme et conserve sa tenue.<\/p>\n<p>Chaque bobine contient 10 m\u00e8tres de fil \u00e9lastique de haute qualit\u00e9 compos\u00e9 d\u2019un m\u00e9lange 64 % polyester et 36 % polyur\u00e9thane. Lavable jusqu\u2019\u00e0 60 \u00b0C et disponible en 10 couleurs de base pour s\u2019adapter ou se fondre dans ton projet.<\/p>\n","protected":false},"featured_media":7114,"template":"","meta":[],"product_brand":[],"product_cat":[560,221],"product_tag":[],"class_list":{"0":"post-7252","1":"product","2":"type-product","3":"status-publish","4":"has-post-thumbnail","6":"product_cat-autres-accessoires","7":"product_cat-crochets-et-outils","8":"product_shipping_class-petits-envois","9":"pa_t1-manufacturer-gutermann-fr","10":"description-off","12":"first","13":"instock","14":"taxable","15":"shipping-taxable","16":"purchasable","17":"product-type-variable","18":"wvs-archive-product-wrapper"},"bundled_by":["29140","29149","29168","29814","29817"],"bundle_stock_status":"instock","bundle_stock_quantity":null,"bundle_virtual":false,"bundle_layout":"","bundle_add_to_cart_form_location":"","bundle_editable_in_cart":false,"bundle_sold_individually_context":"","bundle_item_grouping":"","bundle_min_size":"","bundle_max_size":"","bundle_price":[],"bundled_items":[],"bundle_sell_ids":[],"yoast_head":"<!-- This site is optimized with the Yoast SEO plugin v27.5 - https:\/\/yoast.com\/product\/yoast-seo-wordpress\/ -->\n<title>G\u00fctermann - Bobine de fil \u00e9lastique &#171; Swiss Crochet<\/title>\n<meta name=\"description\" content=\"Ajoutez de l&#039;\u00e9lasticit\u00e9 et de la tenue \u00e0 vos projets au crochet avec le fil \u00e9lastique G\u00fctermann. Id\u00e9al pour les encolures, poignets et chaussettes. Lavable, bobines de 10 m, disponibles en 10 couleurs de base.\" \/>\n<meta name=\"robots\" content=\"index, follow, max-snippet:-1, max-image-preview:large, max-video-preview:-1\" \/>\n<link rel=\"canonical\" href=\"https:\/\/www.swisscrochet.ch\/produit\/gutermann-elastic-thread-spool\/\" \/>\n<meta property=\"og:locale\" content=\"fr_FR\" \/>\n<meta property=\"og:type\" content=\"article\" \/>\n<meta property=\"og:title\" content=\"G\u00fctermann - Bobine de fil \u00e9lastique &#171; Swiss Crochet\" \/>\n<meta property=\"og:description\" content=\"Ajoutez de l&#039;\u00e9lasticit\u00e9 et de la tenue \u00e0 vos projets au crochet avec le fil \u00e9lastique G\u00fctermann. Id\u00e9al pour les encolures, poignets et chaussettes. Lavable, bobines de 10 m, disponibles en 10 couleurs de base.\" \/>\n<meta property=\"og:url\" content=\"https:\/\/www.swisscrochet.ch\/produit\/gutermann-elastic-thread-spool\/\" \/>\n<meta property=\"og:site_name\" content=\"Swiss Crochet\" \/>\n<meta property=\"article:modified_time\" content=\"2025-05-16T13:10:08+00:00\" \/>\n<meta property=\"og:image\" content=\"https:\/\/www.swisscrochet.ch\/wp-content\/uploads\/2025\/05\/Gutermann-Elastic-Thread-Spool-Overview.jpg\" \/>\n\t<meta property=\"og:image:width\" content=\"1000\" \/>\n\t<meta property=\"og:image:height\" content=\"1000\" \/>\n\t<meta property=\"og:image:type\" content=\"image\/jpeg\" \/>\n<meta name=\"twitter:card\" content=\"summary_large_image\" \/>\n<meta name=\"twitter:label1\" content=\"Dur\u00e9e de lecture estim\u00e9e\" \/>\n\t<meta name=\"twitter:data1\" content=\"1 minute\" \/>\n<script type=\"application\/ld+json\" class=\"yoast-schema-graph\">{\"@context\":\"https:\\\/\\\/schema.org\",\"@graph\":[{\"@type\":[\"WebPage\",\"ItemPage\"],\"@id\":\"https:\\\/\\\/www.swisscrochet.ch\\\/produit\\\/gutermann-elastic-thread-spool\\\/\",\"url\":\"https:\\\/\\\/www.swisscrochet.ch\\\/produit\\\/gutermann-elastic-thread-spool\\\/\",\"name\":\"G\u00fctermann - Bobine de fil \u00e9lastique &#171; Swiss Crochet\",\"isPartOf\":{\"@id\":\"https:\\\/\\\/www.swisscrochet.ch\\\/#website\"},\"primaryImageOfPage\":{\"@id\":\"https:\\\/\\\/www.swisscrochet.ch\\\/produit\\\/gutermann-elastic-thread-spool\\\/#primaryimage\"},\"image\":{\"@id\":\"https:\\\/\\\/www.swisscrochet.ch\\\/produit\\\/gutermann-elastic-thread-spool\\\/#primaryimage\"},\"thumbnailUrl\":\"https:\\\/\\\/www.swisscrochet.ch\\\/wp-content\\\/uploads\\\/2025\\\/05\\\/Gutermann-Elastic-Thread-Spool-Overview.jpg\",\"datePublished\":\"2025-05-16T12:56:02+00:00\",\"dateModified\":\"2025-05-16T13:10:08+00:00\",\"description\":\"Ajoutez de l'\u00e9lasticit\u00e9 et de la tenue \u00e0 vos projets au crochet avec le fil \u00e9lastique G\u00fctermann. Id\u00e9al pour les encolures, poignets et chaussettes. Lavable, bobines de 10 m, disponibles en 10 couleurs de base.\",\"breadcrumb\":{\"@id\":\"https:\\\/\\\/www.swisscrochet.ch\\\/produit\\\/gutermann-elastic-thread-spool\\\/#breadcrumb\"},\"inLanguage\":\"fr-FR\",\"potentialAction\":[{\"@type\":\"ReadAction\",\"target\":[\"https:\\\/\\\/www.swisscrochet.ch\\\/produit\\\/gutermann-elastic-thread-spool\\\/\"]}]},{\"@type\":\"ImageObject\",\"inLanguage\":\"fr-FR\",\"@id\":\"https:\\\/\\\/www.swisscrochet.ch\\\/produit\\\/gutermann-elastic-thread-spool\\\/#primaryimage\",\"url\":\"https:\\\/\\\/www.swisscrochet.ch\\\/wp-content\\\/uploads\\\/2025\\\/05\\\/Gutermann-Elastic-Thread-Spool-Overview.jpg\",\"contentUrl\":\"https:\\\/\\\/www.swisscrochet.ch\\\/wp-content\\\/uploads\\\/2025\\\/05\\\/Gutermann-Elastic-Thread-Spool-Overview.jpg\",\"width\":1000,\"height\":1000},{\"@type\":\"BreadcrumbList\",\"@id\":\"https:\\\/\\\/www.swisscrochet.ch\\\/produit\\\/gutermann-elastic-thread-spool\\\/#breadcrumb\",\"itemListElement\":[{\"@type\":\"ListItem\",\"position\":1,\"name\":\"Home\",\"item\":\"https:\\\/\\\/www.swisscrochet.ch\\\/fr\\\/\"},{\"@type\":\"ListItem\",\"position\":2,\"name\":\"Boutique\",\"item\":\"https:\\\/\\\/www.swisscrochet.ch\\\/fr\\\/boutique\\\/\"},{\"@type\":\"ListItem\",\"position\":3,\"name\":\"G\u00fctermann &#8211; Bobine de fil \u00e9lastique\"}]},{\"@type\":\"WebSite\",\"@id\":\"https:\\\/\\\/www.swisscrochet.ch\\\/#website\",\"url\":\"https:\\\/\\\/www.swisscrochet.ch\\\/\",\"name\":\"Swiss Crochet\",\"description\":\"Lib\u00e9rez votre potentiel cr\u00e9atif\",\"potentialAction\":[{\"@type\":\"SearchAction\",\"target\":{\"@type\":\"EntryPoint\",\"urlTemplate\":\"https:\\\/\\\/www.swisscrochet.ch\\\/?s={search_term_string}\"},\"query-input\":{\"@type\":\"PropertyValueSpecification\",\"valueRequired\":true,\"valueName\":\"search_term_string\"}}],\"inLanguage\":\"fr-FR\"}]}<\/script>\n<!-- \/ Yoast SEO plugin. -->","yoast_head_json":{"title":"G\u00fctermann - Bobine de fil \u00e9lastique &#171; Swiss Crochet","description":"Ajoutez de l'\u00e9lasticit\u00e9 et de la tenue \u00e0 vos projets au crochet avec le fil \u00e9lastique G\u00fctermann. Id\u00e9al pour les encolures, poignets et chaussettes. Lavable, bobines de 10 m, disponibles en 10 couleurs de base.","robots":{"index":"index","follow":"follow","max-snippet":"max-snippet:-1","max-image-preview":"max-image-preview:large","max-video-preview":"max-video-preview:-1"},"canonical":"https:\/\/www.swisscrochet.ch\/produit\/gutermann-elastic-thread-spool\/","og_locale":"fr_FR","og_type":"article","og_title":"G\u00fctermann - Bobine de fil \u00e9lastique &#171; Swiss Crochet","og_description":"Ajoutez de l'\u00e9lasticit\u00e9 et de la tenue \u00e0 vos projets au crochet avec le fil \u00e9lastique G\u00fctermann. Id\u00e9al pour les encolures, poignets et chaussettes. Lavable, bobines de 10 m, disponibles en 10 couleurs de base.","og_url":"https:\/\/www.swisscrochet.ch\/produit\/gutermann-elastic-thread-spool\/","og_site_name":"Swiss Crochet","article_modified_time":"2025-05-16T13:10:08+00:00","og_image":[{"width":1000,"height":1000,"url":"https:\/\/www.swisscrochet.ch\/wp-content\/uploads\/2025\/05\/Gutermann-Elastic-Thread-Spool-Overview.jpg","type":"image\/jpeg"}],"twitter_card":"summary_large_image","twitter_misc":{"Dur\u00e9e de lecture estim\u00e9e":"1 minute"},"schema":{"@context":"https:\/\/schema.org","@graph":[{"@type":["WebPage","ItemPage"],"@id":"https:\/\/www.swisscrochet.ch\/produit\/gutermann-elastic-thread-spool\/","url":"https:\/\/www.swisscrochet.ch\/produit\/gutermann-elastic-thread-spool\/","name":"G\u00fctermann - Bobine de fil \u00e9lastique &#171; Swiss Crochet","isPartOf":{"@id":"https:\/\/www.swisscrochet.ch\/#website"},"primaryImageOfPage":{"@id":"https:\/\/www.swisscrochet.ch\/produit\/gutermann-elastic-thread-spool\/#primaryimage"},"image":{"@id":"https:\/\/www.swisscrochet.ch\/produit\/gutermann-elastic-thread-spool\/#primaryimage"},"thumbnailUrl":"https:\/\/www.swisscrochet.ch\/wp-content\/uploads\/2025\/05\/Gutermann-Elastic-Thread-Spool-Overview.jpg","datePublished":"2025-05-16T12:56:02+00:00","dateModified":"2025-05-16T13:10:08+00:00","description":"Ajoutez de l'\u00e9lasticit\u00e9 et de la tenue \u00e0 vos projets au crochet avec le fil \u00e9lastique G\u00fctermann. Id\u00e9al pour les encolures, poignets et chaussettes. Lavable, bobines de 10 m, disponibles en 10 couleurs de base.","breadcrumb":{"@id":"https:\/\/www.swisscrochet.ch\/produit\/gutermann-elastic-thread-spool\/#breadcrumb"},"inLanguage":"fr-FR","potentialAction":[{"@type":"ReadAction","target":["https:\/\/www.swisscrochet.ch\/produit\/gutermann-elastic-thread-spool\/"]}]},{"@type":"ImageObject","inLanguage":"fr-FR","@id":"https:\/\/www.swisscrochet.ch\/produit\/gutermann-elastic-thread-spool\/#primaryimage","url":"https:\/\/www.swisscrochet.ch\/wp-content\/uploads\/2025\/05\/Gutermann-Elastic-Thread-Spool-Overview.jpg","contentUrl":"https:\/\/www.swisscrochet.ch\/wp-content\/uploads\/2025\/05\/Gutermann-Elastic-Thread-Spool-Overview.jpg","width":1000,"height":1000},{"@type":"BreadcrumbList","@id":"https:\/\/www.swisscrochet.ch\/produit\/gutermann-elastic-thread-spool\/#breadcrumb","itemListElement":[{"@type":"ListItem","position":1,"name":"Home","item":"https:\/\/www.swisscrochet.ch\/fr\/"},{"@type":"ListItem","position":2,"name":"Boutique","item":"https:\/\/www.swisscrochet.ch\/fr\/boutique\/"},{"@type":"ListItem","position":3,"name":"G\u00fctermann &#8211; Bobine de fil \u00e9lastique"}]},{"@type":"WebSite","@id":"https:\/\/www.swisscrochet.ch\/#website","url":"https:\/\/www.swisscrochet.ch\/","name":"Swiss Crochet","description":"Lib\u00e9rez votre potentiel cr\u00e9atif","potentialAction":[{"@type":"SearchAction","target":{"@type":"EntryPoint","urlTemplate":"https:\/\/www.swisscrochet.ch\/?s={search_term_string}"},"query-input":{"@type":"PropertyValueSpecification","valueRequired":true,"valueName":"search_term_string"}}],"inLanguage":"fr-FR"}]}},"_links":{"self":[{"href":"https:\/\/www.swisscrochet.ch\/fr\/wp-json\/wp\/v2\/product\/7252","targetHints":{"allow":["GET"]}}],"collection":[{"href":"https:\/\/www.swisscrochet.ch\/fr\/wp-json\/wp\/v2\/product"}],"about":[{"href":"https:\/\/www.swisscrochet.ch\/fr\/wp-json\/wp\/v2\/types\/product"}],"wp:featuredmedia":[{"embeddable":true,"href":"https:\/\/www.swisscrochet.ch\/fr\/wp-json\/wp\/v2\/media\/7114"}],"wp:attachment":[{"href":"https:\/\/www.swisscrochet.ch\/fr\/wp-json\/wp\/v2\/media?parent=7252"}],"wp:term":[{"taxonomy":"product_brand","embeddable":true,"href":"https:\/\/www.swisscrochet.ch\/fr\/wp-json\/wp\/v2\/product_brand?post=7252"},{"taxonomy":"product_cat","embeddable":true,"href":"https:\/\/www.swisscrochet.ch\/fr\/wp-json\/wp\/v2\/product_cat?post=7252"},{"taxonomy":"product_tag","embeddable":true,"href":"https:\/\/www.swisscrochet.ch\/fr\/wp-json\/wp\/v2\/product_tag?post=7252"}],"curies":[{"name":"wp","href":"https:\/\/api.w.org\/{rel}","templated":true}]}}