{"id":7293,"date":"2025-05-16T15:33:17","date_gmt":"2025-05-16T13:33:17","guid":{"rendered":"https:\/\/www.swisscrochet.ch\/product\/hoooked-recycled-cotton-filling\/"},"modified":"2026-04-28T15:33:52","modified_gmt":"2026-04-28T13:33:52","slug":"remplissage-en-coton-recycle","status":"publish","type":"product","link":"https:\/\/www.swisscrochet.ch\/fr\/produit\/remplissage-en-coton-recycle\/","title":{"rendered":"Hoooked &#8211; Remplissage en coton recycl\u00e9"},"content":{"rendered":"","protected":false},"excerpt":{"rendered":"<p>La ouate de remplissage Hoooked en coton recycl\u00e9 est le rembourrage \u00e9cologique id\u00e9al pour vos amigurumis au crochet, jouets et projets doux. Fabriqu\u00e9e \u00e0 partir de 100 % de d\u00e9chets textiles pr\u00e9-consommation recycl\u00e9s, cette ouate en coton l\u00e9g\u00e8re mais tr\u00e8s volumineuse apporte une douceur moelleuse sans alourdir vos cr\u00e9ations.<\/p>\n<p>Lavable en machine \u00e0 basse temp\u00e9rature pour un entretien facile, chaque sachet de 100 grammes est disponible en plusieurs couleurs claires et fonc\u00e9es.<\/p>\n<p>Produite de mani\u00e8re durable au Portugal, La ouate de remplissage Hoooked en coton recycl\u00e9 est un choix responsable pour un rembourrage crochet\u00e9 doux et durable.<\/p>\n","protected":false},"featured_media":7070,"template":"","meta":[],"product_brand":[],"product_cat":[560,221],"product_tag":[],"class_list":{"0":"post-7293","1":"product","2":"type-product","3":"status-publish","4":"has-post-thumbnail","6":"product_cat-autres-accessoires","7":"product_cat-crochets-et-outils","8":"description-off","10":"first","11":"instock","12":"taxable","13":"shipping-taxable","14":"purchasable","15":"product-type-variable","16":"wvs-archive-product-wrapper"},"bundled_by":["17693","17699","17706","17713","29132","29140","29149","29168"],"bundle_stock_status":"instock","bundle_stock_quantity":null,"bundle_virtual":false,"bundle_layout":"","bundle_add_to_cart_form_location":"","bundle_editable_in_cart":false,"bundle_sold_individually_context":"","bundle_item_grouping":"","bundle_min_size":"","bundle_max_size":"","bundle_price":[],"bundled_items":[],"bundle_sell_ids":[],"yoast_head":"<!-- This site is optimized with the Yoast SEO plugin v27.5 - https:\/\/yoast.com\/product\/yoast-seo-wordpress\/ -->\n<title>Hoooked - Remplissage en coton recycl\u00e9 &#171; Swiss Crochet<\/title>\n<meta name=\"description\" content=\"La ouate de remplissage Hoooked en coton recycl\u00e9, \u00e9cologique, est l\u00e9g\u00e8re, volumineuse et lavable en machine. Parfaite pour les projets crochet\u00e9s rembourr\u00e9s, fabriqu\u00e9e \u00e0 partir de 100 % de d\u00e9chets de coton recycl\u00e9s.\" \/>\n<meta name=\"robots\" content=\"index, follow, max-snippet:-1, max-image-preview:large, max-video-preview:-1\" \/>\n<link rel=\"canonical\" href=\"https:\/\/www.swisscrochet.ch\/fr\/produit\/remplissage-en-coton-recycle\/\" \/>\n<meta property=\"og:locale\" content=\"fr_FR\" \/>\n<meta property=\"og:type\" content=\"article\" \/>\n<meta property=\"og:title\" content=\"Hoooked - Remplissage en coton recycl\u00e9 &#171; Swiss Crochet\" \/>\n<meta property=\"og:description\" content=\"La ouate de remplissage Hoooked en coton recycl\u00e9, \u00e9cologique, est l\u00e9g\u00e8re, volumineuse et lavable en machine. Parfaite pour les projets crochet\u00e9s rembourr\u00e9s, fabriqu\u00e9e \u00e0 partir de 100 % de d\u00e9chets de coton recycl\u00e9s.\" \/>\n<meta property=\"og:url\" content=\"https:\/\/www.swisscrochet.ch\/fr\/produit\/remplissage-en-coton-recycle\/\" \/>\n<meta property=\"og:site_name\" content=\"Swiss Crochet\" \/>\n<meta property=\"article:modified_time\" content=\"2026-04-28T13:33:52+00:00\" \/>\n<meta property=\"og:image\" content=\"https:\/\/www.swisscrochet.ch\/wp-content\/uploads\/2025\/05\/Hoooked-Recycled-Cotton-Filling-White.jpg\" \/>\n\t<meta property=\"og:image:width\" content=\"1000\" \/>\n\t<meta property=\"og:image:height\" content=\"1000\" \/>\n\t<meta property=\"og:image:type\" content=\"image\/jpeg\" \/>\n<meta name=\"twitter:card\" content=\"summary_large_image\" \/>\n<meta name=\"twitter:label1\" content=\"Dur\u00e9e de lecture estim\u00e9e\" \/>\n\t<meta name=\"twitter:data1\" content=\"1 minute\" \/>\n<script type=\"application\/ld+json\" class=\"yoast-schema-graph\">{\"@context\":\"https:\\\/\\\/schema.org\",\"@graph\":[{\"@type\":[\"WebPage\",\"ItemPage\"],\"@id\":\"https:\\\/\\\/www.swisscrochet.ch\\\/fr\\\/produit\\\/remplissage-en-coton-recycle\\\/\",\"url\":\"https:\\\/\\\/www.swisscrochet.ch\\\/fr\\\/produit\\\/remplissage-en-coton-recycle\\\/\",\"name\":\"Hoooked - Remplissage en coton recycl\u00e9 &#171; Swiss Crochet\",\"isPartOf\":{\"@id\":\"https:\\\/\\\/www.swisscrochet.ch\\\/#website\"},\"primaryImageOfPage\":{\"@id\":\"https:\\\/\\\/www.swisscrochet.ch\\\/fr\\\/produit\\\/remplissage-en-coton-recycle\\\/#primaryimage\"},\"image\":{\"@id\":\"https:\\\/\\\/www.swisscrochet.ch\\\/fr\\\/produit\\\/remplissage-en-coton-recycle\\\/#primaryimage\"},\"thumbnailUrl\":\"https:\\\/\\\/www.swisscrochet.ch\\\/wp-content\\\/uploads\\\/2025\\\/05\\\/Hoooked-Recycled-Cotton-Filling-White.jpg\",\"datePublished\":\"2025-05-16T13:33:17+00:00\",\"dateModified\":\"2026-04-28T13:33:52+00:00\",\"description\":\"La ouate de remplissage Hoooked en coton recycl\u00e9, \u00e9cologique, est l\u00e9g\u00e8re, volumineuse et lavable en machine. Parfaite pour les projets crochet\u00e9s rembourr\u00e9s, fabriqu\u00e9e \u00e0 partir de 100 % de d\u00e9chets de coton recycl\u00e9s.\",\"breadcrumb\":{\"@id\":\"https:\\\/\\\/www.swisscrochet.ch\\\/fr\\\/produit\\\/remplissage-en-coton-recycle\\\/#breadcrumb\"},\"inLanguage\":\"fr-FR\",\"potentialAction\":[{\"@type\":\"ReadAction\",\"target\":[\"https:\\\/\\\/www.swisscrochet.ch\\\/fr\\\/produit\\\/remplissage-en-coton-recycle\\\/\"]}]},{\"@type\":\"ImageObject\",\"inLanguage\":\"fr-FR\",\"@id\":\"https:\\\/\\\/www.swisscrochet.ch\\\/fr\\\/produit\\\/remplissage-en-coton-recycle\\\/#primaryimage\",\"url\":\"https:\\\/\\\/www.swisscrochet.ch\\\/wp-content\\\/uploads\\\/2025\\\/05\\\/Hoooked-Recycled-Cotton-Filling-White.jpg\",\"contentUrl\":\"https:\\\/\\\/www.swisscrochet.ch\\\/wp-content\\\/uploads\\\/2025\\\/05\\\/Hoooked-Recycled-Cotton-Filling-White.jpg\",\"width\":1000,\"height\":1000},{\"@type\":\"BreadcrumbList\",\"@id\":\"https:\\\/\\\/www.swisscrochet.ch\\\/fr\\\/produit\\\/remplissage-en-coton-recycle\\\/#breadcrumb\",\"itemListElement\":[{\"@type\":\"ListItem\",\"position\":1,\"name\":\"Home\",\"item\":\"https:\\\/\\\/www.swisscrochet.ch\\\/fr\\\/\"},{\"@type\":\"ListItem\",\"position\":2,\"name\":\"Boutique\",\"item\":\"https:\\\/\\\/www.swisscrochet.ch\\\/fr\\\/boutique\\\/\"},{\"@type\":\"ListItem\",\"position\":3,\"name\":\"Hoooked &#8211; Remplissage en coton recycl\u00e9\"}]},{\"@type\":\"WebSite\",\"@id\":\"https:\\\/\\\/www.swisscrochet.ch\\\/#website\",\"url\":\"https:\\\/\\\/www.swisscrochet.ch\\\/\",\"name\":\"Swiss Crochet\",\"description\":\"Lib\u00e9rez votre potentiel cr\u00e9atif\",\"potentialAction\":[{\"@type\":\"SearchAction\",\"target\":{\"@type\":\"EntryPoint\",\"urlTemplate\":\"https:\\\/\\\/www.swisscrochet.ch\\\/?s={search_term_string}\"},\"query-input\":{\"@type\":\"PropertyValueSpecification\",\"valueRequired\":true,\"valueName\":\"search_term_string\"}}],\"inLanguage\":\"fr-FR\"}]}<\/script>\n<!-- \/ Yoast SEO plugin. -->","yoast_head_json":{"title":"Hoooked - Remplissage en coton recycl\u00e9 &#171; Swiss Crochet","description":"La ouate de remplissage Hoooked en coton recycl\u00e9, \u00e9cologique, est l\u00e9g\u00e8re, volumineuse et lavable en machine. Parfaite pour les projets crochet\u00e9s rembourr\u00e9s, fabriqu\u00e9e \u00e0 partir de 100 % de d\u00e9chets de coton recycl\u00e9s.","robots":{"index":"index","follow":"follow","max-snippet":"max-snippet:-1","max-image-preview":"max-image-preview:large","max-video-preview":"max-video-preview:-1"},"canonical":"https:\/\/www.swisscrochet.ch\/fr\/produit\/remplissage-en-coton-recycle\/","og_locale":"fr_FR","og_type":"article","og_title":"Hoooked - Remplissage en coton recycl\u00e9 &#171; Swiss Crochet","og_description":"La ouate de remplissage Hoooked en coton recycl\u00e9, \u00e9cologique, est l\u00e9g\u00e8re, volumineuse et lavable en machine. Parfaite pour les projets crochet\u00e9s rembourr\u00e9s, fabriqu\u00e9e \u00e0 partir de 100 % de d\u00e9chets de coton recycl\u00e9s.","og_url":"https:\/\/www.swisscrochet.ch\/fr\/produit\/remplissage-en-coton-recycle\/","og_site_name":"Swiss Crochet","article_modified_time":"2026-04-28T13:33:52+00:00","og_image":[{"width":1000,"height":1000,"url":"https:\/\/www.swisscrochet.ch\/wp-content\/uploads\/2025\/05\/Hoooked-Recycled-Cotton-Filling-White.jpg","type":"image\/jpeg"}],"twitter_card":"summary_large_image","twitter_misc":{"Dur\u00e9e de lecture estim\u00e9e":"1 minute"},"schema":{"@context":"https:\/\/schema.org","@graph":[{"@type":["WebPage","ItemPage"],"@id":"https:\/\/www.swisscrochet.ch\/fr\/produit\/remplissage-en-coton-recycle\/","url":"https:\/\/www.swisscrochet.ch\/fr\/produit\/remplissage-en-coton-recycle\/","name":"Hoooked - Remplissage en coton recycl\u00e9 &#171; Swiss Crochet","isPartOf":{"@id":"https:\/\/www.swisscrochet.ch\/#website"},"primaryImageOfPage":{"@id":"https:\/\/www.swisscrochet.ch\/fr\/produit\/remplissage-en-coton-recycle\/#primaryimage"},"image":{"@id":"https:\/\/www.swisscrochet.ch\/fr\/produit\/remplissage-en-coton-recycle\/#primaryimage"},"thumbnailUrl":"https:\/\/www.swisscrochet.ch\/wp-content\/uploads\/2025\/05\/Hoooked-Recycled-Cotton-Filling-White.jpg","datePublished":"2025-05-16T13:33:17+00:00","dateModified":"2026-04-28T13:33:52+00:00","description":"La ouate de remplissage Hoooked en coton recycl\u00e9, \u00e9cologique, est l\u00e9g\u00e8re, volumineuse et lavable en machine. Parfaite pour les projets crochet\u00e9s rembourr\u00e9s, fabriqu\u00e9e \u00e0 partir de 100 % de d\u00e9chets de coton recycl\u00e9s.","breadcrumb":{"@id":"https:\/\/www.swisscrochet.ch\/fr\/produit\/remplissage-en-coton-recycle\/#breadcrumb"},"inLanguage":"fr-FR","potentialAction":[{"@type":"ReadAction","target":["https:\/\/www.swisscrochet.ch\/fr\/produit\/remplissage-en-coton-recycle\/"]}]},{"@type":"ImageObject","inLanguage":"fr-FR","@id":"https:\/\/www.swisscrochet.ch\/fr\/produit\/remplissage-en-coton-recycle\/#primaryimage","url":"https:\/\/www.swisscrochet.ch\/wp-content\/uploads\/2025\/05\/Hoooked-Recycled-Cotton-Filling-White.jpg","contentUrl":"https:\/\/www.swisscrochet.ch\/wp-content\/uploads\/2025\/05\/Hoooked-Recycled-Cotton-Filling-White.jpg","width":1000,"height":1000},{"@type":"BreadcrumbList","@id":"https:\/\/www.swisscrochet.ch\/fr\/produit\/remplissage-en-coton-recycle\/#breadcrumb","itemListElement":[{"@type":"ListItem","position":1,"name":"Home","item":"https:\/\/www.swisscrochet.ch\/fr\/"},{"@type":"ListItem","position":2,"name":"Boutique","item":"https:\/\/www.swisscrochet.ch\/fr\/boutique\/"},{"@type":"ListItem","position":3,"name":"Hoooked &#8211; Remplissage en coton recycl\u00e9"}]},{"@type":"WebSite","@id":"https:\/\/www.swisscrochet.ch\/#website","url":"https:\/\/www.swisscrochet.ch\/","name":"Swiss Crochet","description":"Lib\u00e9rez votre potentiel cr\u00e9atif","potentialAction":[{"@type":"SearchAction","target":{"@type":"EntryPoint","urlTemplate":"https:\/\/www.swisscrochet.ch\/?s={search_term_string}"},"query-input":{"@type":"PropertyValueSpecification","valueRequired":true,"valueName":"search_term_string"}}],"inLanguage":"fr-FR"}]}},"_links":{"self":[{"href":"https:\/\/www.swisscrochet.ch\/fr\/wp-json\/wp\/v2\/product\/7293","targetHints":{"allow":["GET"]}}],"collection":[{"href":"https:\/\/www.swisscrochet.ch\/fr\/wp-json\/wp\/v2\/product"}],"about":[{"href":"https:\/\/www.swisscrochet.ch\/fr\/wp-json\/wp\/v2\/types\/product"}],"wp:featuredmedia":[{"embeddable":true,"href":"https:\/\/www.swisscrochet.ch\/fr\/wp-json\/wp\/v2\/media\/7070"}],"wp:attachment":[{"href":"https:\/\/www.swisscrochet.ch\/fr\/wp-json\/wp\/v2\/media?parent=7293"}],"wp:term":[{"taxonomy":"product_brand","embeddable":true,"href":"https:\/\/www.swisscrochet.ch\/fr\/wp-json\/wp\/v2\/product_brand?post=7293"},{"taxonomy":"product_cat","embeddable":true,"href":"https:\/\/www.swisscrochet.ch\/fr\/wp-json\/wp\/v2\/product_cat?post=7293"},{"taxonomy":"product_tag","embeddable":true,"href":"https:\/\/www.swisscrochet.ch\/fr\/wp-json\/wp\/v2\/product_tag?post=7293"}],"curies":[{"name":"wp","href":"https:\/\/api.w.org\/{rel}","templated":true}]}}