{"id":7316,"date":"2025-05-16T16:06:22","date_gmt":"2025-05-16T14:06:22","guid":{"rendered":"https:\/\/www.swisscrochet.ch\/product\/couture-taschen-hakeln-ayaka-chiba\/"},"modified":"2026-04-23T19:27:42","modified_gmt":"2026-04-23T17:27:42","slug":"couture-taschen-hakeln-ayaka-chiba","status":"publish","type":"product","link":"https:\/\/www.swisscrochet.ch\/fr\/produit\/couture-taschen-hakeln-ayaka-chiba\/","title":{"rendered":"Couture Taschen H\u00e4keln &#8211; Ayaka Chiba"},"content":{"rendered":"","protected":false},"excerpt":{"rendered":"<p><strong>H\u00e4keln meets Haute Couture!<\/strong><\/p>\n<p>Die japanische Designerin <em>Ayaka Chiba<\/em> pr\u00e4sentiert in diesem Buch H\u00e4kelanleitungen, die frisch vom Laufsteg stammen k\u00f6nnten. Die vielseitigen Clutches, Shopper und Umh\u00e4ngetaschen lassen jedes Modeherz h\u00f6herschlagen und sind mit den reich bebilderten Anleitungen leicht nachzumachen. So zaubern Sie Ihre neue Lieblingstasche ganz einfach selbst!<\/p>\n<ul>\n<li>H\u00e4kelideen f\u00fcr Fashionistas: 23 modische Taschenmodelle und passende Accessoires, von casual bis elegant.<\/li>\n<li>H\u00e4keln f\u00fcr Anf\u00e4nger und Fortgeschrittene mit leicht verst\u00e4ndlichen Schritt-f\u00fcr-Schritt-Anleitungen und vielen Bildern, Illustrationen und Charts<\/li>\n<li>Die anschaulichen H\u00e4kelschriften zeigen alle Maschen im Detail. Das Anbringen von Henkeln, Schleifen und Magnetverschl\u00fcssen gelingt mit den ausf\u00fchrlich beschriebenen Spezialtechniken im Handumdrehen.<\/li>\n<\/ul>\n<p>Mit ihrem Label <em>Little Lion<\/em> kreiert sie trendige Taschendesigns, die jedem Outfit besonderen Pfiff verleihen. Ob eckig oder rund, mit Schultergurt oder als Clutch, schlichte Eleganz mit Goldlam\u00e9 oder witziger Melonen-Look &#8211; hier bleiben keine W\u00fcnsche offen.<\/p>\n<p>Sprache: Deutsch<\/p>\n","protected":false},"featured_media":7130,"template":"","meta":[],"product_brand":[],"product_cat":[1419,208],"product_tag":[],"class_list":{"0":"post-7316","1":"product","2":"type-product","3":"status-publish","4":"has-post-thumbnail","6":"product_cat-accessoires","7":"product_cat-livres","8":"pa_b1-language-allemand","9":"pa_b11-author-designer-ayaka-chiba-fr","10":"description-off","12":"first","13":"instock","14":"taxable","15":"shipping-taxable","16":"purchasable","17":"product-type-simple"},"bundled_by":["16022","16144"],"bundle_stock_status":"instock","bundle_stock_quantity":6,"bundle_virtual":false,"bundle_layout":"","bundle_add_to_cart_form_location":"","bundle_editable_in_cart":false,"bundle_sold_individually_context":"","bundle_item_grouping":"","bundle_min_size":"","bundle_max_size":"","bundle_price":[],"bundled_items":[],"bundle_sell_ids":[],"yoast_head":"<!-- This site is optimized with the Yoast SEO plugin v27.5 - https:\/\/yoast.com\/product\/yoast-seo-wordpress\/ -->\n<title>Couture Taschen H\u00e4keln - Ayaka Chiba &#171; Swiss Crochet<\/title>\n<meta name=\"robots\" content=\"index, follow, max-snippet:-1, max-image-preview:large, max-video-preview:-1\" \/>\n<link rel=\"canonical\" href=\"https:\/\/www.swisscrochet.ch\/fr\/produit\/couture-taschen-hakeln-ayaka-chiba\/\" \/>\n<meta property=\"og:locale\" content=\"fr_FR\" \/>\n<meta property=\"og:type\" content=\"article\" \/>\n<meta property=\"og:title\" content=\"Couture Taschen H\u00e4keln - Ayaka Chiba &#171; Swiss Crochet\" \/>\n<meta property=\"og:description\" content=\"H\u00e4keln meets Haute Couture!  Die japanische Designerin Ayaka Chiba pr\u00e4sentiert in diesem Buch H\u00e4kelanleitungen, die frisch vom Laufsteg stammen k\u00f6nnten. Die vielseitigen Clutches, Shopper und Umh\u00e4ngetaschen lassen jedes Modeherz h\u00f6herschlagen und sind mit den reich bebilderten Anleitungen leicht nachzumachen. So zaubern Sie Ihre neue Lieblingstasche ganz einfach selbst!   H\u00e4kelideen f\u00fcr Fashionistas: 23 modische Taschenmodelle und passende Accessoires, von casual bis elegant.  H\u00e4keln f\u00fcr Anf\u00e4nger und Fortgeschrittene mit leicht verst\u00e4ndlichen Schritt-f\u00fcr-Schritt-Anleitungen und vielen Bildern, Illustrationen und Charts  Die anschaulichen H\u00e4kelschriften zeigen alle Maschen im Detail. Das Anbringen von Henkeln, Schleifen und Magnetverschl\u00fcssen gelingt mit den ausf\u00fchrlich beschriebenen Spezialtechniken im Handumdrehen.  Mit ihrem Label Little Lion kreiert sie trendige Taschendesigns, die jedem Outfit besonderen Pfiff verleihen. Ob eckig oder rund, mit Schultergurt oder als Clutch, schlichte Eleganz mit Goldlam\u00e9 oder witziger Melonen-Look - hier bleiben keine W\u00fcnsche offen.  Sprache: Deutsch\" \/>\n<meta property=\"og:url\" content=\"https:\/\/www.swisscrochet.ch\/fr\/produit\/couture-taschen-hakeln-ayaka-chiba\/\" \/>\n<meta property=\"og:site_name\" content=\"Swiss Crochet\" \/>\n<meta property=\"article:modified_time\" content=\"2026-04-23T17:27:42+00:00\" \/>\n<meta property=\"og:image\" content=\"https:\/\/www.swisscrochet.ch\/wp-content\/uploads\/2025\/05\/Couture-Taschen-Hakeln-Ayaka-Chiba-Overview.jpg\" \/>\n\t<meta property=\"og:image:width\" content=\"1000\" \/>\n\t<meta property=\"og:image:height\" content=\"1000\" \/>\n\t<meta property=\"og:image:type\" content=\"image\/jpeg\" \/>\n<meta name=\"twitter:card\" content=\"summary_large_image\" \/>\n<meta name=\"twitter:label1\" content=\"Dur\u00e9e de lecture estim\u00e9e\" \/>\n\t<meta name=\"twitter:data1\" content=\"1 minute\" \/>\n<script type=\"application\/ld+json\" class=\"yoast-schema-graph\">{\"@context\":\"https:\\\/\\\/schema.org\",\"@graph\":[{\"@type\":[\"WebPage\",\"ItemPage\"],\"@id\":\"https:\\\/\\\/www.swisscrochet.ch\\\/fr\\\/produit\\\/couture-taschen-hakeln-ayaka-chiba\\\/\",\"url\":\"https:\\\/\\\/www.swisscrochet.ch\\\/fr\\\/produit\\\/couture-taschen-hakeln-ayaka-chiba\\\/\",\"name\":\"Couture Taschen H\u00e4keln - Ayaka Chiba &#171; Swiss Crochet\",\"isPartOf\":{\"@id\":\"https:\\\/\\\/www.swisscrochet.ch\\\/#website\"},\"primaryImageOfPage\":{\"@id\":\"https:\\\/\\\/www.swisscrochet.ch\\\/fr\\\/produit\\\/couture-taschen-hakeln-ayaka-chiba\\\/#primaryimage\"},\"image\":{\"@id\":\"https:\\\/\\\/www.swisscrochet.ch\\\/fr\\\/produit\\\/couture-taschen-hakeln-ayaka-chiba\\\/#primaryimage\"},\"thumbnailUrl\":\"https:\\\/\\\/www.swisscrochet.ch\\\/wp-content\\\/uploads\\\/2025\\\/05\\\/Couture-Taschen-Hakeln-Ayaka-Chiba-Overview.jpg\",\"datePublished\":\"2025-05-16T14:06:22+00:00\",\"dateModified\":\"2026-04-23T17:27:42+00:00\",\"breadcrumb\":{\"@id\":\"https:\\\/\\\/www.swisscrochet.ch\\\/fr\\\/produit\\\/couture-taschen-hakeln-ayaka-chiba\\\/#breadcrumb\"},\"inLanguage\":\"fr-FR\",\"potentialAction\":[{\"@type\":\"ReadAction\",\"target\":[\"https:\\\/\\\/www.swisscrochet.ch\\\/fr\\\/produit\\\/couture-taschen-hakeln-ayaka-chiba\\\/\"]}]},{\"@type\":\"ImageObject\",\"inLanguage\":\"fr-FR\",\"@id\":\"https:\\\/\\\/www.swisscrochet.ch\\\/fr\\\/produit\\\/couture-taschen-hakeln-ayaka-chiba\\\/#primaryimage\",\"url\":\"https:\\\/\\\/www.swisscrochet.ch\\\/wp-content\\\/uploads\\\/2025\\\/05\\\/Couture-Taschen-Hakeln-Ayaka-Chiba-Overview.jpg\",\"contentUrl\":\"https:\\\/\\\/www.swisscrochet.ch\\\/wp-content\\\/uploads\\\/2025\\\/05\\\/Couture-Taschen-Hakeln-Ayaka-Chiba-Overview.jpg\",\"width\":1000,\"height\":1000},{\"@type\":\"BreadcrumbList\",\"@id\":\"https:\\\/\\\/www.swisscrochet.ch\\\/fr\\\/produit\\\/couture-taschen-hakeln-ayaka-chiba\\\/#breadcrumb\",\"itemListElement\":[{\"@type\":\"ListItem\",\"position\":1,\"name\":\"Home\",\"item\":\"https:\\\/\\\/www.swisscrochet.ch\\\/fr\\\/\"},{\"@type\":\"ListItem\",\"position\":2,\"name\":\"Boutique\",\"item\":\"https:\\\/\\\/www.swisscrochet.ch\\\/fr\\\/boutique\\\/\"},{\"@type\":\"ListItem\",\"position\":3,\"name\":\"Couture Taschen H\u00e4keln &#8211; Ayaka Chiba\"}]},{\"@type\":\"WebSite\",\"@id\":\"https:\\\/\\\/www.swisscrochet.ch\\\/#website\",\"url\":\"https:\\\/\\\/www.swisscrochet.ch\\\/\",\"name\":\"Swiss Crochet\",\"description\":\"Lib\u00e9rez votre potentiel cr\u00e9atif\",\"potentialAction\":[{\"@type\":\"SearchAction\",\"target\":{\"@type\":\"EntryPoint\",\"urlTemplate\":\"https:\\\/\\\/www.swisscrochet.ch\\\/?s={search_term_string}\"},\"query-input\":{\"@type\":\"PropertyValueSpecification\",\"valueRequired\":true,\"valueName\":\"search_term_string\"}}],\"inLanguage\":\"fr-FR\"}]}<\/script>\n<!-- \/ Yoast SEO plugin. -->","yoast_head_json":{"title":"Couture Taschen H\u00e4keln - Ayaka Chiba &#171; Swiss Crochet","robots":{"index":"index","follow":"follow","max-snippet":"max-snippet:-1","max-image-preview":"max-image-preview:large","max-video-preview":"max-video-preview:-1"},"canonical":"https:\/\/www.swisscrochet.ch\/fr\/produit\/couture-taschen-hakeln-ayaka-chiba\/","og_locale":"fr_FR","og_type":"article","og_title":"Couture Taschen H\u00e4keln - Ayaka Chiba &#171; Swiss Crochet","og_description":"H\u00e4keln meets Haute Couture!  Die japanische Designerin Ayaka Chiba pr\u00e4sentiert in diesem Buch H\u00e4kelanleitungen, die frisch vom Laufsteg stammen k\u00f6nnten. Die vielseitigen Clutches, Shopper und Umh\u00e4ngetaschen lassen jedes Modeherz h\u00f6herschlagen und sind mit den reich bebilderten Anleitungen leicht nachzumachen. So zaubern Sie Ihre neue Lieblingstasche ganz einfach selbst!   H\u00e4kelideen f\u00fcr Fashionistas: 23 modische Taschenmodelle und passende Accessoires, von casual bis elegant.  H\u00e4keln f\u00fcr Anf\u00e4nger und Fortgeschrittene mit leicht verst\u00e4ndlichen Schritt-f\u00fcr-Schritt-Anleitungen und vielen Bildern, Illustrationen und Charts  Die anschaulichen H\u00e4kelschriften zeigen alle Maschen im Detail. Das Anbringen von Henkeln, Schleifen und Magnetverschl\u00fcssen gelingt mit den ausf\u00fchrlich beschriebenen Spezialtechniken im Handumdrehen.  Mit ihrem Label Little Lion kreiert sie trendige Taschendesigns, die jedem Outfit besonderen Pfiff verleihen. Ob eckig oder rund, mit Schultergurt oder als Clutch, schlichte Eleganz mit Goldlam\u00e9 oder witziger Melonen-Look - hier bleiben keine W\u00fcnsche offen.  Sprache: Deutsch","og_url":"https:\/\/www.swisscrochet.ch\/fr\/produit\/couture-taschen-hakeln-ayaka-chiba\/","og_site_name":"Swiss Crochet","article_modified_time":"2026-04-23T17:27:42+00:00","og_image":[{"width":1000,"height":1000,"url":"https:\/\/www.swisscrochet.ch\/wp-content\/uploads\/2025\/05\/Couture-Taschen-Hakeln-Ayaka-Chiba-Overview.jpg","type":"image\/jpeg"}],"twitter_card":"summary_large_image","twitter_misc":{"Dur\u00e9e de lecture estim\u00e9e":"1 minute"},"schema":{"@context":"https:\/\/schema.org","@graph":[{"@type":["WebPage","ItemPage"],"@id":"https:\/\/www.swisscrochet.ch\/fr\/produit\/couture-taschen-hakeln-ayaka-chiba\/","url":"https:\/\/www.swisscrochet.ch\/fr\/produit\/couture-taschen-hakeln-ayaka-chiba\/","name":"Couture Taschen H\u00e4keln - Ayaka Chiba &#171; Swiss Crochet","isPartOf":{"@id":"https:\/\/www.swisscrochet.ch\/#website"},"primaryImageOfPage":{"@id":"https:\/\/www.swisscrochet.ch\/fr\/produit\/couture-taschen-hakeln-ayaka-chiba\/#primaryimage"},"image":{"@id":"https:\/\/www.swisscrochet.ch\/fr\/produit\/couture-taschen-hakeln-ayaka-chiba\/#primaryimage"},"thumbnailUrl":"https:\/\/www.swisscrochet.ch\/wp-content\/uploads\/2025\/05\/Couture-Taschen-Hakeln-Ayaka-Chiba-Overview.jpg","datePublished":"2025-05-16T14:06:22+00:00","dateModified":"2026-04-23T17:27:42+00:00","breadcrumb":{"@id":"https:\/\/www.swisscrochet.ch\/fr\/produit\/couture-taschen-hakeln-ayaka-chiba\/#breadcrumb"},"inLanguage":"fr-FR","potentialAction":[{"@type":"ReadAction","target":["https:\/\/www.swisscrochet.ch\/fr\/produit\/couture-taschen-hakeln-ayaka-chiba\/"]}]},{"@type":"ImageObject","inLanguage":"fr-FR","@id":"https:\/\/www.swisscrochet.ch\/fr\/produit\/couture-taschen-hakeln-ayaka-chiba\/#primaryimage","url":"https:\/\/www.swisscrochet.ch\/wp-content\/uploads\/2025\/05\/Couture-Taschen-Hakeln-Ayaka-Chiba-Overview.jpg","contentUrl":"https:\/\/www.swisscrochet.ch\/wp-content\/uploads\/2025\/05\/Couture-Taschen-Hakeln-Ayaka-Chiba-Overview.jpg","width":1000,"height":1000},{"@type":"BreadcrumbList","@id":"https:\/\/www.swisscrochet.ch\/fr\/produit\/couture-taschen-hakeln-ayaka-chiba\/#breadcrumb","itemListElement":[{"@type":"ListItem","position":1,"name":"Home","item":"https:\/\/www.swisscrochet.ch\/fr\/"},{"@type":"ListItem","position":2,"name":"Boutique","item":"https:\/\/www.swisscrochet.ch\/fr\/boutique\/"},{"@type":"ListItem","position":3,"name":"Couture Taschen H\u00e4keln &#8211; Ayaka Chiba"}]},{"@type":"WebSite","@id":"https:\/\/www.swisscrochet.ch\/#website","url":"https:\/\/www.swisscrochet.ch\/","name":"Swiss Crochet","description":"Lib\u00e9rez votre potentiel cr\u00e9atif","potentialAction":[{"@type":"SearchAction","target":{"@type":"EntryPoint","urlTemplate":"https:\/\/www.swisscrochet.ch\/?s={search_term_string}"},"query-input":{"@type":"PropertyValueSpecification","valueRequired":true,"valueName":"search_term_string"}}],"inLanguage":"fr-FR"}]}},"_links":{"self":[{"href":"https:\/\/www.swisscrochet.ch\/fr\/wp-json\/wp\/v2\/product\/7316","targetHints":{"allow":["GET"]}}],"collection":[{"href":"https:\/\/www.swisscrochet.ch\/fr\/wp-json\/wp\/v2\/product"}],"about":[{"href":"https:\/\/www.swisscrochet.ch\/fr\/wp-json\/wp\/v2\/types\/product"}],"wp:featuredmedia":[{"embeddable":true,"href":"https:\/\/www.swisscrochet.ch\/fr\/wp-json\/wp\/v2\/media\/7130"}],"wp:attachment":[{"href":"https:\/\/www.swisscrochet.ch\/fr\/wp-json\/wp\/v2\/media?parent=7316"}],"wp:term":[{"taxonomy":"product_brand","embeddable":true,"href":"https:\/\/www.swisscrochet.ch\/fr\/wp-json\/wp\/v2\/product_brand?post=7316"},{"taxonomy":"product_cat","embeddable":true,"href":"https:\/\/www.swisscrochet.ch\/fr\/wp-json\/wp\/v2\/product_cat?post=7316"},{"taxonomy":"product_tag","embeddable":true,"href":"https:\/\/www.swisscrochet.ch\/fr\/wp-json\/wp\/v2\/product_tag?post=7316"}],"curies":[{"name":"wp","href":"https:\/\/api.w.org\/{rel}","templated":true}]}}