{"id":7331,"date":"2025-05-16T16:37:30","date_gmt":"2025-05-16T14:37:30","guid":{"rendered":"https:\/\/www.swisscrochet.ch\/product\/lieblingspullis-hakeln-linda-skuja\/"},"modified":"2026-03-28T22:49:06","modified_gmt":"2026-03-28T21:49:06","slug":"lieblingspullis-hakeln-linda-skuja","status":"publish","type":"product","link":"https:\/\/www.swisscrochet.ch\/fr\/produit\/lieblingspullis-hakeln-linda-skuja\/","title":{"rendered":"Lieblingspullis H\u00e4keln &#8211; Linda Skuja"},"content":{"rendered":"","protected":false},"excerpt":{"rendered":"<p>Die moderne Pullover-Modelle von H\u00e4keldesignerin <em>Linda Skuja<\/em> spr\u00fchen vor innovativen Formgebungstechniken und auff\u00e4lligen, dreidimensionalen Strukturmustern.<\/p>\n<p>15 Pullover-Modelle mit raffinierten Strukturmustern und aussergew\u00f6hnlichen Schnitten.<\/p>\n<p>Ob im Raglanschnitt oder mit asymmetrischen Details, ob Muster aus kugelrunden Puff-Stichen oder aus tunesischen H\u00e4kelmaschen, alle Designs haben eines gemeinsam: Es entstehen zeitlose, edle Einzelst\u00fccke, die jeden Kleiderschrank zu etwas Besonderem machen.<\/p>\n<p>Sprache: Deutsch<\/p>\n","protected":false},"featured_media":7146,"template":"","meta":[],"product_brand":[],"product_cat":[208,1428],"product_tag":[1985],"class_list":{"0":"post-7331","1":"product","2":"type-product","3":"status-publish","4":"has-post-thumbnail","6":"product_cat-livres","7":"product_cat-vetements-et-techniques","8":"product_tag-lindaskuja","9":"pa_b1-language-allemand","10":"pa_b11-author-designer-linda-skuja-fr","11":"description-off","13":"first","14":"instock","15":"taxable","16":"shipping-taxable","17":"purchasable","18":"product-type-simple"},"bundled_by":["25694","25701","25704"],"bundle_stock_status":"instock","bundle_stock_quantity":5,"bundle_virtual":false,"bundle_layout":"","bundle_add_to_cart_form_location":"","bundle_editable_in_cart":false,"bundle_sold_individually_context":"","bundle_item_grouping":"","bundle_min_size":"","bundle_max_size":"","bundle_price":[],"bundled_items":[],"bundle_sell_ids":[],"yoast_head":"<!-- This site is optimized with the Yoast SEO plugin v27.5 - https:\/\/yoast.com\/product\/yoast-seo-wordpress\/ -->\n<title>Lieblingspullis H\u00e4keln - Linda Skuja &#171; Swiss Crochet<\/title>\n<meta name=\"robots\" content=\"index, follow, max-snippet:-1, max-image-preview:large, max-video-preview:-1\" \/>\n<link rel=\"canonical\" href=\"https:\/\/www.swisscrochet.ch\/fr\/produit\/lieblingspullis-hakeln-linda-skuja\/\" \/>\n<meta property=\"og:locale\" content=\"fr_FR\" \/>\n<meta property=\"og:type\" content=\"article\" \/>\n<meta property=\"og:title\" content=\"Lieblingspullis H\u00e4keln - Linda Skuja &#171; Swiss Crochet\" \/>\n<meta property=\"og:description\" content=\"Die moderne Pullover-Modelle von H\u00e4keldesignerin Linda Skuja spr\u00fchen vor innovativen Formgebungstechniken und auff\u00e4lligen, dreidimensionalen Strukturmustern.  15 Pullover-Modelle mit raffinierten Strukturmustern und aussergew\u00f6hnlichen Schnitten.  Ob im Raglanschnitt oder mit asymmetrischen Details, ob Muster aus kugelrunden Puff-Stichen oder aus tunesischen H\u00e4kelmaschen, alle Designs haben eines gemeinsam: Es entstehen zeitlose, edle Einzelst\u00fccke, die jeden Kleiderschrank zu etwas Besonderem machen.  Sprache: Deutsch\" \/>\n<meta property=\"og:url\" content=\"https:\/\/www.swisscrochet.ch\/fr\/produit\/lieblingspullis-hakeln-linda-skuja\/\" \/>\n<meta property=\"og:site_name\" content=\"Swiss Crochet\" \/>\n<meta property=\"article:modified_time\" content=\"2026-03-28T21:49:06+00:00\" \/>\n<meta property=\"og:image\" content=\"https:\/\/www.swisscrochet.ch\/wp-content\/uploads\/2025\/05\/Lieblingspullis-Hakeln-Linda-Skuja-Overview.jpg\" \/>\n\t<meta property=\"og:image:width\" content=\"1000\" \/>\n\t<meta property=\"og:image:height\" content=\"1000\" \/>\n\t<meta property=\"og:image:type\" content=\"image\/jpeg\" \/>\n<meta name=\"twitter:card\" content=\"summary_large_image\" \/>\n<meta name=\"twitter:label1\" content=\"Dur\u00e9e de lecture estim\u00e9e\" \/>\n\t<meta name=\"twitter:data1\" content=\"1 minute\" \/>\n<script type=\"application\/ld+json\" class=\"yoast-schema-graph\">{\"@context\":\"https:\\\/\\\/schema.org\",\"@graph\":[{\"@type\":[\"WebPage\",\"ItemPage\"],\"@id\":\"https:\\\/\\\/www.swisscrochet.ch\\\/fr\\\/produit\\\/lieblingspullis-hakeln-linda-skuja\\\/\",\"url\":\"https:\\\/\\\/www.swisscrochet.ch\\\/fr\\\/produit\\\/lieblingspullis-hakeln-linda-skuja\\\/\",\"name\":\"Lieblingspullis H\u00e4keln - Linda Skuja &#171; Swiss Crochet\",\"isPartOf\":{\"@id\":\"https:\\\/\\\/www.swisscrochet.ch\\\/#website\"},\"primaryImageOfPage\":{\"@id\":\"https:\\\/\\\/www.swisscrochet.ch\\\/fr\\\/produit\\\/lieblingspullis-hakeln-linda-skuja\\\/#primaryimage\"},\"image\":{\"@id\":\"https:\\\/\\\/www.swisscrochet.ch\\\/fr\\\/produit\\\/lieblingspullis-hakeln-linda-skuja\\\/#primaryimage\"},\"thumbnailUrl\":\"https:\\\/\\\/www.swisscrochet.ch\\\/wp-content\\\/uploads\\\/2025\\\/05\\\/Lieblingspullis-Hakeln-Linda-Skuja-Overview.jpg\",\"datePublished\":\"2025-05-16T14:37:30+00:00\",\"dateModified\":\"2026-03-28T21:49:06+00:00\",\"breadcrumb\":{\"@id\":\"https:\\\/\\\/www.swisscrochet.ch\\\/fr\\\/produit\\\/lieblingspullis-hakeln-linda-skuja\\\/#breadcrumb\"},\"inLanguage\":\"fr-FR\",\"potentialAction\":[{\"@type\":\"ReadAction\",\"target\":[\"https:\\\/\\\/www.swisscrochet.ch\\\/fr\\\/produit\\\/lieblingspullis-hakeln-linda-skuja\\\/\"]}]},{\"@type\":\"ImageObject\",\"inLanguage\":\"fr-FR\",\"@id\":\"https:\\\/\\\/www.swisscrochet.ch\\\/fr\\\/produit\\\/lieblingspullis-hakeln-linda-skuja\\\/#primaryimage\",\"url\":\"https:\\\/\\\/www.swisscrochet.ch\\\/wp-content\\\/uploads\\\/2025\\\/05\\\/Lieblingspullis-Hakeln-Linda-Skuja-Overview.jpg\",\"contentUrl\":\"https:\\\/\\\/www.swisscrochet.ch\\\/wp-content\\\/uploads\\\/2025\\\/05\\\/Lieblingspullis-Hakeln-Linda-Skuja-Overview.jpg\",\"width\":1000,\"height\":1000},{\"@type\":\"BreadcrumbList\",\"@id\":\"https:\\\/\\\/www.swisscrochet.ch\\\/fr\\\/produit\\\/lieblingspullis-hakeln-linda-skuja\\\/#breadcrumb\",\"itemListElement\":[{\"@type\":\"ListItem\",\"position\":1,\"name\":\"Home\",\"item\":\"https:\\\/\\\/www.swisscrochet.ch\\\/fr\\\/\"},{\"@type\":\"ListItem\",\"position\":2,\"name\":\"Boutique\",\"item\":\"https:\\\/\\\/www.swisscrochet.ch\\\/fr\\\/boutique\\\/\"},{\"@type\":\"ListItem\",\"position\":3,\"name\":\"Lieblingspullis H\u00e4keln &#8211; Linda Skuja\"}]},{\"@type\":\"WebSite\",\"@id\":\"https:\\\/\\\/www.swisscrochet.ch\\\/#website\",\"url\":\"https:\\\/\\\/www.swisscrochet.ch\\\/\",\"name\":\"Swiss Crochet\",\"description\":\"Lib\u00e9rez votre potentiel cr\u00e9atif\",\"potentialAction\":[{\"@type\":\"SearchAction\",\"target\":{\"@type\":\"EntryPoint\",\"urlTemplate\":\"https:\\\/\\\/www.swisscrochet.ch\\\/?s={search_term_string}\"},\"query-input\":{\"@type\":\"PropertyValueSpecification\",\"valueRequired\":true,\"valueName\":\"search_term_string\"}}],\"inLanguage\":\"fr-FR\"}]}<\/script>\n<!-- \/ Yoast SEO plugin. -->","yoast_head_json":{"title":"Lieblingspullis H\u00e4keln - Linda Skuja &#171; Swiss Crochet","robots":{"index":"index","follow":"follow","max-snippet":"max-snippet:-1","max-image-preview":"max-image-preview:large","max-video-preview":"max-video-preview:-1"},"canonical":"https:\/\/www.swisscrochet.ch\/fr\/produit\/lieblingspullis-hakeln-linda-skuja\/","og_locale":"fr_FR","og_type":"article","og_title":"Lieblingspullis H\u00e4keln - Linda Skuja &#171; Swiss Crochet","og_description":"Die moderne Pullover-Modelle von H\u00e4keldesignerin Linda Skuja spr\u00fchen vor innovativen Formgebungstechniken und auff\u00e4lligen, dreidimensionalen Strukturmustern.  15 Pullover-Modelle mit raffinierten Strukturmustern und aussergew\u00f6hnlichen Schnitten.  Ob im Raglanschnitt oder mit asymmetrischen Details, ob Muster aus kugelrunden Puff-Stichen oder aus tunesischen H\u00e4kelmaschen, alle Designs haben eines gemeinsam: Es entstehen zeitlose, edle Einzelst\u00fccke, die jeden Kleiderschrank zu etwas Besonderem machen.  Sprache: Deutsch","og_url":"https:\/\/www.swisscrochet.ch\/fr\/produit\/lieblingspullis-hakeln-linda-skuja\/","og_site_name":"Swiss Crochet","article_modified_time":"2026-03-28T21:49:06+00:00","og_image":[{"width":1000,"height":1000,"url":"https:\/\/www.swisscrochet.ch\/wp-content\/uploads\/2025\/05\/Lieblingspullis-Hakeln-Linda-Skuja-Overview.jpg","type":"image\/jpeg"}],"twitter_card":"summary_large_image","twitter_misc":{"Dur\u00e9e de lecture estim\u00e9e":"1 minute"},"schema":{"@context":"https:\/\/schema.org","@graph":[{"@type":["WebPage","ItemPage"],"@id":"https:\/\/www.swisscrochet.ch\/fr\/produit\/lieblingspullis-hakeln-linda-skuja\/","url":"https:\/\/www.swisscrochet.ch\/fr\/produit\/lieblingspullis-hakeln-linda-skuja\/","name":"Lieblingspullis H\u00e4keln - Linda Skuja &#171; Swiss Crochet","isPartOf":{"@id":"https:\/\/www.swisscrochet.ch\/#website"},"primaryImageOfPage":{"@id":"https:\/\/www.swisscrochet.ch\/fr\/produit\/lieblingspullis-hakeln-linda-skuja\/#primaryimage"},"image":{"@id":"https:\/\/www.swisscrochet.ch\/fr\/produit\/lieblingspullis-hakeln-linda-skuja\/#primaryimage"},"thumbnailUrl":"https:\/\/www.swisscrochet.ch\/wp-content\/uploads\/2025\/05\/Lieblingspullis-Hakeln-Linda-Skuja-Overview.jpg","datePublished":"2025-05-16T14:37:30+00:00","dateModified":"2026-03-28T21:49:06+00:00","breadcrumb":{"@id":"https:\/\/www.swisscrochet.ch\/fr\/produit\/lieblingspullis-hakeln-linda-skuja\/#breadcrumb"},"inLanguage":"fr-FR","potentialAction":[{"@type":"ReadAction","target":["https:\/\/www.swisscrochet.ch\/fr\/produit\/lieblingspullis-hakeln-linda-skuja\/"]}]},{"@type":"ImageObject","inLanguage":"fr-FR","@id":"https:\/\/www.swisscrochet.ch\/fr\/produit\/lieblingspullis-hakeln-linda-skuja\/#primaryimage","url":"https:\/\/www.swisscrochet.ch\/wp-content\/uploads\/2025\/05\/Lieblingspullis-Hakeln-Linda-Skuja-Overview.jpg","contentUrl":"https:\/\/www.swisscrochet.ch\/wp-content\/uploads\/2025\/05\/Lieblingspullis-Hakeln-Linda-Skuja-Overview.jpg","width":1000,"height":1000},{"@type":"BreadcrumbList","@id":"https:\/\/www.swisscrochet.ch\/fr\/produit\/lieblingspullis-hakeln-linda-skuja\/#breadcrumb","itemListElement":[{"@type":"ListItem","position":1,"name":"Home","item":"https:\/\/www.swisscrochet.ch\/fr\/"},{"@type":"ListItem","position":2,"name":"Boutique","item":"https:\/\/www.swisscrochet.ch\/fr\/boutique\/"},{"@type":"ListItem","position":3,"name":"Lieblingspullis H\u00e4keln &#8211; Linda Skuja"}]},{"@type":"WebSite","@id":"https:\/\/www.swisscrochet.ch\/#website","url":"https:\/\/www.swisscrochet.ch\/","name":"Swiss Crochet","description":"Lib\u00e9rez votre potentiel cr\u00e9atif","potentialAction":[{"@type":"SearchAction","target":{"@type":"EntryPoint","urlTemplate":"https:\/\/www.swisscrochet.ch\/?s={search_term_string}"},"query-input":{"@type":"PropertyValueSpecification","valueRequired":true,"valueName":"search_term_string"}}],"inLanguage":"fr-FR"}]}},"_links":{"self":[{"href":"https:\/\/www.swisscrochet.ch\/fr\/wp-json\/wp\/v2\/product\/7331","targetHints":{"allow":["GET"]}}],"collection":[{"href":"https:\/\/www.swisscrochet.ch\/fr\/wp-json\/wp\/v2\/product"}],"about":[{"href":"https:\/\/www.swisscrochet.ch\/fr\/wp-json\/wp\/v2\/types\/product"}],"wp:featuredmedia":[{"embeddable":true,"href":"https:\/\/www.swisscrochet.ch\/fr\/wp-json\/wp\/v2\/media\/7146"}],"wp:attachment":[{"href":"https:\/\/www.swisscrochet.ch\/fr\/wp-json\/wp\/v2\/media?parent=7331"}],"wp:term":[{"taxonomy":"product_brand","embeddable":true,"href":"https:\/\/www.swisscrochet.ch\/fr\/wp-json\/wp\/v2\/product_brand?post=7331"},{"taxonomy":"product_cat","embeddable":true,"href":"https:\/\/www.swisscrochet.ch\/fr\/wp-json\/wp\/v2\/product_cat?post=7331"},{"taxonomy":"product_tag","embeddable":true,"href":"https:\/\/www.swisscrochet.ch\/fr\/wp-json\/wp\/v2\/product_tag?post=7331"}],"curies":[{"name":"wp","href":"https:\/\/api.w.org\/{rel}","templated":true}]}}