{"id":7335,"date":"2025-05-16T16:45:46","date_gmt":"2025-05-16T14:45:46","guid":{"rendered":"https:\/\/www.swisscrochet.ch\/product\/farbenfrohe-hakelmaschen-sandra-gutierrez\/"},"modified":"2026-03-18T00:17:31","modified_gmt":"2026-03-17T23:17:31","slug":"farbenfrohe-hakelmaschen-sandra-gutierrez","status":"publish","type":"product","link":"https:\/\/www.swisscrochet.ch\/fr\/produit\/farbenfrohe-hakelmaschen-sandra-gutierrez\/","title":{"rendered":"Farbenfrohe Ha\u0308kelmaschen &#8211; Sandra Gutierrez"},"content":{"rendered":"","protected":false},"excerpt":{"rendered":"<p>Stylishe Kleidung h\u00e4keln: Kreative Projekte mit Colorwork-Techniken<\/p>\n<p><em>Sandra Gutierrez<\/em> bringt Farbe in deine H\u00e4kelmaschen. Mit kreativem Colorwork kombiniert die Designerin nahtlos mehrere Garnfarben in einem Kleidungsst\u00fcck. Verschiedene H\u00e4keltechniken schaffen unterschiedlichste Muster und sorgen f\u00fcr wahre Farbexplosionen auf deinen H\u00e4kelnadeln!<\/p>\n<p>Ob Tapestry h\u00e4keln oder Mosaik: Alles, was du f\u00fcr das Nachmachen der coolen Farbmuster wissen musst, wird im Technikteil des Buches ausf\u00fchrlich erkl\u00e4rt.<\/p>\n<p>Anschliessend kannst du dein neues Wissen in 14 abwechslungsreichen H\u00e4kelideen f\u00fcr Kleidung und Accessoires ausprobieren und deine eigenen F\u00e4ustlinge, Cardigans oder Pullover h\u00e4keln.<\/p>\n<p>Sprache: Deutsch<\/p>\n","protected":false},"featured_media":7182,"template":"","meta":[],"product_brand":[],"product_cat":[208,1428],"product_tag":[],"class_list":{"0":"post-7335","1":"product","2":"type-product","3":"status-publish","4":"has-post-thumbnail","6":"product_cat-livres","7":"product_cat-vetements-et-techniques","8":"pa_b1-language-allemand","9":"pa_b11-author-designer-sandra-gutierrez-fr","10":"description-off","12":"first","13":"instock","14":"taxable","15":"shipping-taxable","16":"purchasable","17":"product-type-simple"},"bundled_by":[],"bundle_stock_status":"instock","bundle_stock_quantity":2,"bundle_virtual":false,"bundle_layout":"","bundle_add_to_cart_form_location":"","bundle_editable_in_cart":false,"bundle_sold_individually_context":"","bundle_item_grouping":"","bundle_min_size":"","bundle_max_size":"","bundle_price":[],"bundled_items":[],"bundle_sell_ids":[],"yoast_head":"<!-- This site is optimized with the Yoast SEO plugin v27.5 - https:\/\/yoast.com\/product\/yoast-seo-wordpress\/ -->\n<title>Farbenfrohe Ha\u0308kelmaschen - Sandra Gutierrez &#171; Swiss Crochet<\/title>\n<meta name=\"robots\" content=\"index, follow, max-snippet:-1, max-image-preview:large, max-video-preview:-1\" \/>\n<link rel=\"canonical\" href=\"https:\/\/www.swisscrochet.ch\/fr\/produit\/farbenfrohe-hakelmaschen-sandra-gutierrez\/\" \/>\n<meta property=\"og:locale\" content=\"fr_FR\" \/>\n<meta property=\"og:type\" content=\"article\" \/>\n<meta property=\"og:title\" content=\"Farbenfrohe Ha\u0308kelmaschen - Sandra Gutierrez &#171; Swiss Crochet\" \/>\n<meta property=\"og:description\" content=\"Stylishe Kleidung h\u00e4keln: Kreative Projekte mit Colorwork-Techniken  Sandra Gutierrez bringt Farbe in deine H\u00e4kelmaschen. Mit kreativem Colorwork kombiniert die Designerin nahtlos mehrere Garnfarben in einem Kleidungsst\u00fcck. Verschiedene H\u00e4keltechniken schaffen unterschiedlichste Muster und sorgen f\u00fcr wahre Farbexplosionen auf deinen H\u00e4kelnadeln!  Ob Tapestry h\u00e4keln oder Mosaik: Alles, was du f\u00fcr das Nachmachen der coolen Farbmuster wissen musst, wird im Technikteil des Buches ausf\u00fchrlich erkl\u00e4rt.  Anschliessend kannst du dein neues Wissen in 14 abwechslungsreichen H\u00e4kelideen f\u00fcr Kleidung und Accessoires ausprobieren und deine eigenen F\u00e4ustlinge, Cardigans oder Pullover h\u00e4keln.  Sprache: Deutsch\" \/>\n<meta property=\"og:url\" content=\"https:\/\/www.swisscrochet.ch\/fr\/produit\/farbenfrohe-hakelmaschen-sandra-gutierrez\/\" \/>\n<meta property=\"og:site_name\" content=\"Swiss Crochet\" \/>\n<meta property=\"article:modified_time\" content=\"2026-03-17T23:17:31+00:00\" \/>\n<meta property=\"og:image\" content=\"https:\/\/www.swisscrochet.ch\/wp-content\/uploads\/2025\/05\/Farbenfrohe-Hakelmaschen-Sandra-Gutierrez-Overview.jpg\" \/>\n\t<meta property=\"og:image:width\" content=\"1000\" \/>\n\t<meta property=\"og:image:height\" content=\"1000\" \/>\n\t<meta property=\"og:image:type\" content=\"image\/jpeg\" \/>\n<meta name=\"twitter:card\" content=\"summary_large_image\" \/>\n<meta name=\"twitter:label1\" content=\"Dur\u00e9e de lecture estim\u00e9e\" \/>\n\t<meta name=\"twitter:data1\" content=\"1 minute\" \/>\n<script type=\"application\/ld+json\" class=\"yoast-schema-graph\">{\"@context\":\"https:\\\/\\\/schema.org\",\"@graph\":[{\"@type\":[\"WebPage\",\"ItemPage\"],\"@id\":\"https:\\\/\\\/www.swisscrochet.ch\\\/fr\\\/produit\\\/farbenfrohe-hakelmaschen-sandra-gutierrez\\\/\",\"url\":\"https:\\\/\\\/www.swisscrochet.ch\\\/fr\\\/produit\\\/farbenfrohe-hakelmaschen-sandra-gutierrez\\\/\",\"name\":\"Farbenfrohe Ha\u0308kelmaschen - Sandra Gutierrez &#171; Swiss Crochet\",\"isPartOf\":{\"@id\":\"https:\\\/\\\/www.swisscrochet.ch\\\/#website\"},\"primaryImageOfPage\":{\"@id\":\"https:\\\/\\\/www.swisscrochet.ch\\\/fr\\\/produit\\\/farbenfrohe-hakelmaschen-sandra-gutierrez\\\/#primaryimage\"},\"image\":{\"@id\":\"https:\\\/\\\/www.swisscrochet.ch\\\/fr\\\/produit\\\/farbenfrohe-hakelmaschen-sandra-gutierrez\\\/#primaryimage\"},\"thumbnailUrl\":\"https:\\\/\\\/www.swisscrochet.ch\\\/wp-content\\\/uploads\\\/2025\\\/05\\\/Farbenfrohe-Hakelmaschen-Sandra-Gutierrez-Overview.jpg\",\"datePublished\":\"2025-05-16T14:45:46+00:00\",\"dateModified\":\"2026-03-17T23:17:31+00:00\",\"breadcrumb\":{\"@id\":\"https:\\\/\\\/www.swisscrochet.ch\\\/fr\\\/produit\\\/farbenfrohe-hakelmaschen-sandra-gutierrez\\\/#breadcrumb\"},\"inLanguage\":\"fr-FR\",\"potentialAction\":[{\"@type\":\"ReadAction\",\"target\":[\"https:\\\/\\\/www.swisscrochet.ch\\\/fr\\\/produit\\\/farbenfrohe-hakelmaschen-sandra-gutierrez\\\/\"]}]},{\"@type\":\"ImageObject\",\"inLanguage\":\"fr-FR\",\"@id\":\"https:\\\/\\\/www.swisscrochet.ch\\\/fr\\\/produit\\\/farbenfrohe-hakelmaschen-sandra-gutierrez\\\/#primaryimage\",\"url\":\"https:\\\/\\\/www.swisscrochet.ch\\\/wp-content\\\/uploads\\\/2025\\\/05\\\/Farbenfrohe-Hakelmaschen-Sandra-Gutierrez-Overview.jpg\",\"contentUrl\":\"https:\\\/\\\/www.swisscrochet.ch\\\/wp-content\\\/uploads\\\/2025\\\/05\\\/Farbenfrohe-Hakelmaschen-Sandra-Gutierrez-Overview.jpg\",\"width\":1000,\"height\":1000},{\"@type\":\"BreadcrumbList\",\"@id\":\"https:\\\/\\\/www.swisscrochet.ch\\\/fr\\\/produit\\\/farbenfrohe-hakelmaschen-sandra-gutierrez\\\/#breadcrumb\",\"itemListElement\":[{\"@type\":\"ListItem\",\"position\":1,\"name\":\"Home\",\"item\":\"https:\\\/\\\/www.swisscrochet.ch\\\/fr\\\/\"},{\"@type\":\"ListItem\",\"position\":2,\"name\":\"Boutique\",\"item\":\"https:\\\/\\\/www.swisscrochet.ch\\\/fr\\\/boutique\\\/\"},{\"@type\":\"ListItem\",\"position\":3,\"name\":\"Farbenfrohe Ha\u0308kelmaschen &#8211; Sandra Gutierrez\"}]},{\"@type\":\"WebSite\",\"@id\":\"https:\\\/\\\/www.swisscrochet.ch\\\/#website\",\"url\":\"https:\\\/\\\/www.swisscrochet.ch\\\/\",\"name\":\"Swiss Crochet\",\"description\":\"Lib\u00e9rez votre potentiel cr\u00e9atif\",\"potentialAction\":[{\"@type\":\"SearchAction\",\"target\":{\"@type\":\"EntryPoint\",\"urlTemplate\":\"https:\\\/\\\/www.swisscrochet.ch\\\/?s={search_term_string}\"},\"query-input\":{\"@type\":\"PropertyValueSpecification\",\"valueRequired\":true,\"valueName\":\"search_term_string\"}}],\"inLanguage\":\"fr-FR\"}]}<\/script>\n<!-- \/ Yoast SEO plugin. -->","yoast_head_json":{"title":"Farbenfrohe Ha\u0308kelmaschen - Sandra Gutierrez &#171; Swiss Crochet","robots":{"index":"index","follow":"follow","max-snippet":"max-snippet:-1","max-image-preview":"max-image-preview:large","max-video-preview":"max-video-preview:-1"},"canonical":"https:\/\/www.swisscrochet.ch\/fr\/produit\/farbenfrohe-hakelmaschen-sandra-gutierrez\/","og_locale":"fr_FR","og_type":"article","og_title":"Farbenfrohe Ha\u0308kelmaschen - Sandra Gutierrez &#171; Swiss Crochet","og_description":"Stylishe Kleidung h\u00e4keln: Kreative Projekte mit Colorwork-Techniken  Sandra Gutierrez bringt Farbe in deine H\u00e4kelmaschen. Mit kreativem Colorwork kombiniert die Designerin nahtlos mehrere Garnfarben in einem Kleidungsst\u00fcck. Verschiedene H\u00e4keltechniken schaffen unterschiedlichste Muster und sorgen f\u00fcr wahre Farbexplosionen auf deinen H\u00e4kelnadeln!  Ob Tapestry h\u00e4keln oder Mosaik: Alles, was du f\u00fcr das Nachmachen der coolen Farbmuster wissen musst, wird im Technikteil des Buches ausf\u00fchrlich erkl\u00e4rt.  Anschliessend kannst du dein neues Wissen in 14 abwechslungsreichen H\u00e4kelideen f\u00fcr Kleidung und Accessoires ausprobieren und deine eigenen F\u00e4ustlinge, Cardigans oder Pullover h\u00e4keln.  Sprache: Deutsch","og_url":"https:\/\/www.swisscrochet.ch\/fr\/produit\/farbenfrohe-hakelmaschen-sandra-gutierrez\/","og_site_name":"Swiss Crochet","article_modified_time":"2026-03-17T23:17:31+00:00","og_image":[{"width":1000,"height":1000,"url":"https:\/\/www.swisscrochet.ch\/wp-content\/uploads\/2025\/05\/Farbenfrohe-Hakelmaschen-Sandra-Gutierrez-Overview.jpg","type":"image\/jpeg"}],"twitter_card":"summary_large_image","twitter_misc":{"Dur\u00e9e de lecture estim\u00e9e":"1 minute"},"schema":{"@context":"https:\/\/schema.org","@graph":[{"@type":["WebPage","ItemPage"],"@id":"https:\/\/www.swisscrochet.ch\/fr\/produit\/farbenfrohe-hakelmaschen-sandra-gutierrez\/","url":"https:\/\/www.swisscrochet.ch\/fr\/produit\/farbenfrohe-hakelmaschen-sandra-gutierrez\/","name":"Farbenfrohe Ha\u0308kelmaschen - Sandra Gutierrez &#171; Swiss Crochet","isPartOf":{"@id":"https:\/\/www.swisscrochet.ch\/#website"},"primaryImageOfPage":{"@id":"https:\/\/www.swisscrochet.ch\/fr\/produit\/farbenfrohe-hakelmaschen-sandra-gutierrez\/#primaryimage"},"image":{"@id":"https:\/\/www.swisscrochet.ch\/fr\/produit\/farbenfrohe-hakelmaschen-sandra-gutierrez\/#primaryimage"},"thumbnailUrl":"https:\/\/www.swisscrochet.ch\/wp-content\/uploads\/2025\/05\/Farbenfrohe-Hakelmaschen-Sandra-Gutierrez-Overview.jpg","datePublished":"2025-05-16T14:45:46+00:00","dateModified":"2026-03-17T23:17:31+00:00","breadcrumb":{"@id":"https:\/\/www.swisscrochet.ch\/fr\/produit\/farbenfrohe-hakelmaschen-sandra-gutierrez\/#breadcrumb"},"inLanguage":"fr-FR","potentialAction":[{"@type":"ReadAction","target":["https:\/\/www.swisscrochet.ch\/fr\/produit\/farbenfrohe-hakelmaschen-sandra-gutierrez\/"]}]},{"@type":"ImageObject","inLanguage":"fr-FR","@id":"https:\/\/www.swisscrochet.ch\/fr\/produit\/farbenfrohe-hakelmaschen-sandra-gutierrez\/#primaryimage","url":"https:\/\/www.swisscrochet.ch\/wp-content\/uploads\/2025\/05\/Farbenfrohe-Hakelmaschen-Sandra-Gutierrez-Overview.jpg","contentUrl":"https:\/\/www.swisscrochet.ch\/wp-content\/uploads\/2025\/05\/Farbenfrohe-Hakelmaschen-Sandra-Gutierrez-Overview.jpg","width":1000,"height":1000},{"@type":"BreadcrumbList","@id":"https:\/\/www.swisscrochet.ch\/fr\/produit\/farbenfrohe-hakelmaschen-sandra-gutierrez\/#breadcrumb","itemListElement":[{"@type":"ListItem","position":1,"name":"Home","item":"https:\/\/www.swisscrochet.ch\/fr\/"},{"@type":"ListItem","position":2,"name":"Boutique","item":"https:\/\/www.swisscrochet.ch\/fr\/boutique\/"},{"@type":"ListItem","position":3,"name":"Farbenfrohe Ha\u0308kelmaschen &#8211; Sandra Gutierrez"}]},{"@type":"WebSite","@id":"https:\/\/www.swisscrochet.ch\/#website","url":"https:\/\/www.swisscrochet.ch\/","name":"Swiss Crochet","description":"Lib\u00e9rez votre potentiel cr\u00e9atif","potentialAction":[{"@type":"SearchAction","target":{"@type":"EntryPoint","urlTemplate":"https:\/\/www.swisscrochet.ch\/?s={search_term_string}"},"query-input":{"@type":"PropertyValueSpecification","valueRequired":true,"valueName":"search_term_string"}}],"inLanguage":"fr-FR"}]}},"_links":{"self":[{"href":"https:\/\/www.swisscrochet.ch\/fr\/wp-json\/wp\/v2\/product\/7335","targetHints":{"allow":["GET"]}}],"collection":[{"href":"https:\/\/www.swisscrochet.ch\/fr\/wp-json\/wp\/v2\/product"}],"about":[{"href":"https:\/\/www.swisscrochet.ch\/fr\/wp-json\/wp\/v2\/types\/product"}],"wp:featuredmedia":[{"embeddable":true,"href":"https:\/\/www.swisscrochet.ch\/fr\/wp-json\/wp\/v2\/media\/7182"}],"wp:attachment":[{"href":"https:\/\/www.swisscrochet.ch\/fr\/wp-json\/wp\/v2\/media?parent=7335"}],"wp:term":[{"taxonomy":"product_brand","embeddable":true,"href":"https:\/\/www.swisscrochet.ch\/fr\/wp-json\/wp\/v2\/product_brand?post=7335"},{"taxonomy":"product_cat","embeddable":true,"href":"https:\/\/www.swisscrochet.ch\/fr\/wp-json\/wp\/v2\/product_cat?post=7335"},{"taxonomy":"product_tag","embeddable":true,"href":"https:\/\/www.swisscrochet.ch\/fr\/wp-json\/wp\/v2\/product_tag?post=7335"}],"curies":[{"name":"wp","href":"https:\/\/api.w.org\/{rel}","templated":true}]}}