{"id":8004,"date":"2025-06-12T14:50:31","date_gmt":"2025-06-12T12:50:31","guid":{"rendered":"https:\/\/www.swisscrochet.ch\/product\/knitpro-yarn-swift-signature-wood\/"},"modified":"2025-06-12T15:10:03","modified_gmt":"2025-06-12T13:10:03","slug":"knitpro-devidoir-signature-en-bois","status":"publish","type":"product","link":"https:\/\/www.swisscrochet.ch\/fr\/produit\/knitpro-devidoir-signature-en-bois\/","title":{"rendered":"KnitPro \u2013 D\u00e9vidoir Signature en bois"},"content":{"rendered":"","protected":false},"excerpt":{"rendered":"<p>Le d\u00e9vidoir Signature en bois de KnitPro est un outil de qualit\u00e9 sup\u00e9rieure, fabriqu\u00e9 en bois massif. Con\u00e7u pour rendre l&rsquo;enroulement du fil \u00e0 la fois efficace et agr\u00e9able, il allie fonctionnalit\u00e9 et durabilit\u00e9. Sa structure robuste et stable garantit qu\u2019il reste bien en place pendant l\u2019utilisation, tandis que sa rotation fluide et silencieuse en fait un plaisir \u00e0 utiliser, m\u00eame pour de longues sessions.<\/p>\n<p>Que vous travailliez avec un fil fin comme la dentelle ou des fibres plus \u00e9paisses, ce d\u00e9vidoir les g\u00e8re sans effort. Sa finition en bois lisse emp\u00eache le fil de s\u2019accrocher et ajoute une touche d\u2019\u00e9l\u00e9gance \u00e0 votre espace de cr\u00e9ation.<\/p>\n<p>Id\u00e9al \u00e0 utiliser avec un bobinoir ou seul, le d\u00e9vidoir Signature de KnitPro est un outil fiable et durable, indispensable pour toute passionn\u00e9e de fil.<\/p>\n","protected":false},"featured_media":7619,"template":"","meta":[],"product_brand":[],"product_cat":[221,572],"product_tag":[],"class_list":{"0":"post-8004","1":"product","2":"type-product","3":"status-publish","4":"has-post-thumbnail","6":"product_cat-crochets-et-outils","7":"product_cat-enrouleurs-de-pelote","8":"pa_t1-manufacturer-knitpro-fr","9":"description-off","11":"first","12":"instock","13":"taxable","14":"shipping-taxable","15":"purchasable","16":"product-type-simple"},"bundled_by":[],"bundle_stock_status":"instock","bundle_stock_quantity":2,"bundle_virtual":false,"bundle_layout":"","bundle_add_to_cart_form_location":"","bundle_editable_in_cart":false,"bundle_sold_individually_context":"","bundle_item_grouping":"","bundle_min_size":"","bundle_max_size":"","bundle_price":[],"bundled_items":[],"bundle_sell_ids":[],"yoast_head":"<!-- This site is optimized with the Yoast SEO plugin v27.5 - https:\/\/yoast.com\/product\/yoast-seo-wordpress\/ -->\n<title>KnitPro \u2013 D\u00e9vidoir Signature en bois &#171; Swiss Crochet<\/title>\n<meta name=\"description\" content=\"Enrouler votre fil devient facile et silencieux avec le d\u00e9vidoir Signature en bois de KnitPro. Fabriqu\u00e9 en bois solide, ce d\u00e9vidoir durable et fluide convient \u00e0 tous les types de fil.\" \/>\n<meta name=\"robots\" content=\"index, follow, max-snippet:-1, max-image-preview:large, max-video-preview:-1\" \/>\n<link rel=\"canonical\" href=\"https:\/\/www.swisscrochet.ch\/fr\/produit\/knitpro-devidoir-signature-en-bois\/\" \/>\n<meta property=\"og:locale\" content=\"fr_FR\" \/>\n<meta property=\"og:type\" content=\"article\" \/>\n<meta property=\"og:title\" content=\"KnitPro \u2013 D\u00e9vidoir Signature en bois &#171; Swiss Crochet\" \/>\n<meta property=\"og:description\" content=\"Enrouler votre fil devient facile et silencieux avec le d\u00e9vidoir Signature en bois de KnitPro. Fabriqu\u00e9 en bois solide, ce d\u00e9vidoir durable et fluide convient \u00e0 tous les types de fil.\" \/>\n<meta property=\"og:url\" content=\"https:\/\/www.swisscrochet.ch\/fr\/produit\/knitpro-devidoir-signature-en-bois\/\" \/>\n<meta property=\"og:site_name\" content=\"Swiss Crochet\" \/>\n<meta property=\"article:modified_time\" content=\"2025-06-12T13:10:03+00:00\" \/>\n<meta property=\"og:image\" content=\"https:\/\/www.swisscrochet.ch\/wp-content\/uploads\/2025\/06\/KnitPro-Yarn-Swift-Signature-Wood-Overview.jpg\" \/>\n\t<meta property=\"og:image:width\" content=\"1000\" \/>\n\t<meta property=\"og:image:height\" content=\"1000\" \/>\n\t<meta property=\"og:image:type\" content=\"image\/jpeg\" \/>\n<meta name=\"twitter:card\" content=\"summary_large_image\" \/>\n<meta name=\"twitter:label1\" content=\"Dur\u00e9e de lecture estim\u00e9e\" \/>\n\t<meta name=\"twitter:data1\" content=\"1 minute\" \/>\n<script type=\"application\/ld+json\" class=\"yoast-schema-graph\">{\"@context\":\"https:\\\/\\\/schema.org\",\"@graph\":[{\"@type\":[\"WebPage\",\"ItemPage\"],\"@id\":\"https:\\\/\\\/www.swisscrochet.ch\\\/fr\\\/produit\\\/knitpro-devidoir-signature-en-bois\\\/\",\"url\":\"https:\\\/\\\/www.swisscrochet.ch\\\/fr\\\/produit\\\/knitpro-devidoir-signature-en-bois\\\/\",\"name\":\"KnitPro \u2013 D\u00e9vidoir Signature en bois &#171; Swiss Crochet\",\"isPartOf\":{\"@id\":\"https:\\\/\\\/www.swisscrochet.ch\\\/#website\"},\"primaryImageOfPage\":{\"@id\":\"https:\\\/\\\/www.swisscrochet.ch\\\/fr\\\/produit\\\/knitpro-devidoir-signature-en-bois\\\/#primaryimage\"},\"image\":{\"@id\":\"https:\\\/\\\/www.swisscrochet.ch\\\/fr\\\/produit\\\/knitpro-devidoir-signature-en-bois\\\/#primaryimage\"},\"thumbnailUrl\":\"https:\\\/\\\/www.swisscrochet.ch\\\/wp-content\\\/uploads\\\/2025\\\/06\\\/KnitPro-Yarn-Swift-Signature-Wood-Overview.jpg\",\"datePublished\":\"2025-06-12T12:50:31+00:00\",\"dateModified\":\"2025-06-12T13:10:03+00:00\",\"description\":\"Enrouler votre fil devient facile et silencieux avec le d\u00e9vidoir Signature en bois de KnitPro. Fabriqu\u00e9 en bois solide, ce d\u00e9vidoir durable et fluide convient \u00e0 tous les types de fil.\",\"breadcrumb\":{\"@id\":\"https:\\\/\\\/www.swisscrochet.ch\\\/fr\\\/produit\\\/knitpro-devidoir-signature-en-bois\\\/#breadcrumb\"},\"inLanguage\":\"fr-FR\",\"potentialAction\":[{\"@type\":\"ReadAction\",\"target\":[\"https:\\\/\\\/www.swisscrochet.ch\\\/fr\\\/produit\\\/knitpro-devidoir-signature-en-bois\\\/\"]}]},{\"@type\":\"ImageObject\",\"inLanguage\":\"fr-FR\",\"@id\":\"https:\\\/\\\/www.swisscrochet.ch\\\/fr\\\/produit\\\/knitpro-devidoir-signature-en-bois\\\/#primaryimage\",\"url\":\"https:\\\/\\\/www.swisscrochet.ch\\\/wp-content\\\/uploads\\\/2025\\\/06\\\/KnitPro-Yarn-Swift-Signature-Wood-Overview.jpg\",\"contentUrl\":\"https:\\\/\\\/www.swisscrochet.ch\\\/wp-content\\\/uploads\\\/2025\\\/06\\\/KnitPro-Yarn-Swift-Signature-Wood-Overview.jpg\",\"width\":1000,\"height\":1000},{\"@type\":\"BreadcrumbList\",\"@id\":\"https:\\\/\\\/www.swisscrochet.ch\\\/fr\\\/produit\\\/knitpro-devidoir-signature-en-bois\\\/#breadcrumb\",\"itemListElement\":[{\"@type\":\"ListItem\",\"position\":1,\"name\":\"Home\",\"item\":\"https:\\\/\\\/www.swisscrochet.ch\\\/fr\\\/\"},{\"@type\":\"ListItem\",\"position\":2,\"name\":\"Boutique\",\"item\":\"https:\\\/\\\/www.swisscrochet.ch\\\/fr\\\/boutique\\\/\"},{\"@type\":\"ListItem\",\"position\":3,\"name\":\"KnitPro \u2013 D\u00e9vidoir Signature en bois\"}]},{\"@type\":\"WebSite\",\"@id\":\"https:\\\/\\\/www.swisscrochet.ch\\\/#website\",\"url\":\"https:\\\/\\\/www.swisscrochet.ch\\\/\",\"name\":\"Swiss Crochet\",\"description\":\"Lib\u00e9rez votre potentiel cr\u00e9atif\",\"potentialAction\":[{\"@type\":\"SearchAction\",\"target\":{\"@type\":\"EntryPoint\",\"urlTemplate\":\"https:\\\/\\\/www.swisscrochet.ch\\\/?s={search_term_string}\"},\"query-input\":{\"@type\":\"PropertyValueSpecification\",\"valueRequired\":true,\"valueName\":\"search_term_string\"}}],\"inLanguage\":\"fr-FR\"}]}<\/script>\n<!-- \/ Yoast SEO plugin. -->","yoast_head_json":{"title":"KnitPro \u2013 D\u00e9vidoir Signature en bois &#171; Swiss Crochet","description":"Enrouler votre fil devient facile et silencieux avec le d\u00e9vidoir Signature en bois de KnitPro. Fabriqu\u00e9 en bois solide, ce d\u00e9vidoir durable et fluide convient \u00e0 tous les types de fil.","robots":{"index":"index","follow":"follow","max-snippet":"max-snippet:-1","max-image-preview":"max-image-preview:large","max-video-preview":"max-video-preview:-1"},"canonical":"https:\/\/www.swisscrochet.ch\/fr\/produit\/knitpro-devidoir-signature-en-bois\/","og_locale":"fr_FR","og_type":"article","og_title":"KnitPro \u2013 D\u00e9vidoir Signature en bois &#171; Swiss Crochet","og_description":"Enrouler votre fil devient facile et silencieux avec le d\u00e9vidoir Signature en bois de KnitPro. Fabriqu\u00e9 en bois solide, ce d\u00e9vidoir durable et fluide convient \u00e0 tous les types de fil.","og_url":"https:\/\/www.swisscrochet.ch\/fr\/produit\/knitpro-devidoir-signature-en-bois\/","og_site_name":"Swiss Crochet","article_modified_time":"2025-06-12T13:10:03+00:00","og_image":[{"width":1000,"height":1000,"url":"https:\/\/www.swisscrochet.ch\/wp-content\/uploads\/2025\/06\/KnitPro-Yarn-Swift-Signature-Wood-Overview.jpg","type":"image\/jpeg"}],"twitter_card":"summary_large_image","twitter_misc":{"Dur\u00e9e de lecture estim\u00e9e":"1 minute"},"schema":{"@context":"https:\/\/schema.org","@graph":[{"@type":["WebPage","ItemPage"],"@id":"https:\/\/www.swisscrochet.ch\/fr\/produit\/knitpro-devidoir-signature-en-bois\/","url":"https:\/\/www.swisscrochet.ch\/fr\/produit\/knitpro-devidoir-signature-en-bois\/","name":"KnitPro \u2013 D\u00e9vidoir Signature en bois &#171; Swiss Crochet","isPartOf":{"@id":"https:\/\/www.swisscrochet.ch\/#website"},"primaryImageOfPage":{"@id":"https:\/\/www.swisscrochet.ch\/fr\/produit\/knitpro-devidoir-signature-en-bois\/#primaryimage"},"image":{"@id":"https:\/\/www.swisscrochet.ch\/fr\/produit\/knitpro-devidoir-signature-en-bois\/#primaryimage"},"thumbnailUrl":"https:\/\/www.swisscrochet.ch\/wp-content\/uploads\/2025\/06\/KnitPro-Yarn-Swift-Signature-Wood-Overview.jpg","datePublished":"2025-06-12T12:50:31+00:00","dateModified":"2025-06-12T13:10:03+00:00","description":"Enrouler votre fil devient facile et silencieux avec le d\u00e9vidoir Signature en bois de KnitPro. Fabriqu\u00e9 en bois solide, ce d\u00e9vidoir durable et fluide convient \u00e0 tous les types de fil.","breadcrumb":{"@id":"https:\/\/www.swisscrochet.ch\/fr\/produit\/knitpro-devidoir-signature-en-bois\/#breadcrumb"},"inLanguage":"fr-FR","potentialAction":[{"@type":"ReadAction","target":["https:\/\/www.swisscrochet.ch\/fr\/produit\/knitpro-devidoir-signature-en-bois\/"]}]},{"@type":"ImageObject","inLanguage":"fr-FR","@id":"https:\/\/www.swisscrochet.ch\/fr\/produit\/knitpro-devidoir-signature-en-bois\/#primaryimage","url":"https:\/\/www.swisscrochet.ch\/wp-content\/uploads\/2025\/06\/KnitPro-Yarn-Swift-Signature-Wood-Overview.jpg","contentUrl":"https:\/\/www.swisscrochet.ch\/wp-content\/uploads\/2025\/06\/KnitPro-Yarn-Swift-Signature-Wood-Overview.jpg","width":1000,"height":1000},{"@type":"BreadcrumbList","@id":"https:\/\/www.swisscrochet.ch\/fr\/produit\/knitpro-devidoir-signature-en-bois\/#breadcrumb","itemListElement":[{"@type":"ListItem","position":1,"name":"Home","item":"https:\/\/www.swisscrochet.ch\/fr\/"},{"@type":"ListItem","position":2,"name":"Boutique","item":"https:\/\/www.swisscrochet.ch\/fr\/boutique\/"},{"@type":"ListItem","position":3,"name":"KnitPro \u2013 D\u00e9vidoir Signature en bois"}]},{"@type":"WebSite","@id":"https:\/\/www.swisscrochet.ch\/#website","url":"https:\/\/www.swisscrochet.ch\/","name":"Swiss Crochet","description":"Lib\u00e9rez votre potentiel cr\u00e9atif","potentialAction":[{"@type":"SearchAction","target":{"@type":"EntryPoint","urlTemplate":"https:\/\/www.swisscrochet.ch\/?s={search_term_string}"},"query-input":{"@type":"PropertyValueSpecification","valueRequired":true,"valueName":"search_term_string"}}],"inLanguage":"fr-FR"}]}},"_links":{"self":[{"href":"https:\/\/www.swisscrochet.ch\/fr\/wp-json\/wp\/v2\/product\/8004","targetHints":{"allow":["GET"]}}],"collection":[{"href":"https:\/\/www.swisscrochet.ch\/fr\/wp-json\/wp\/v2\/product"}],"about":[{"href":"https:\/\/www.swisscrochet.ch\/fr\/wp-json\/wp\/v2\/types\/product"}],"wp:featuredmedia":[{"embeddable":true,"href":"https:\/\/www.swisscrochet.ch\/fr\/wp-json\/wp\/v2\/media\/7619"}],"wp:attachment":[{"href":"https:\/\/www.swisscrochet.ch\/fr\/wp-json\/wp\/v2\/media?parent=8004"}],"wp:term":[{"taxonomy":"product_brand","embeddable":true,"href":"https:\/\/www.swisscrochet.ch\/fr\/wp-json\/wp\/v2\/product_brand?post=8004"},{"taxonomy":"product_cat","embeddable":true,"href":"https:\/\/www.swisscrochet.ch\/fr\/wp-json\/wp\/v2\/product_cat?post=8004"},{"taxonomy":"product_tag","embeddable":true,"href":"https:\/\/www.swisscrochet.ch\/fr\/wp-json\/wp\/v2\/product_tag?post=8004"}],"curies":[{"name":"wp","href":"https:\/\/api.w.org\/{rel}","templated":true}]}}