{"id":8375,"date":"2025-06-20T17:31:00","date_gmt":"2025-06-20T15:31:00","guid":{"rendered":"https:\/\/www.swisscrochet.ch\/product\/animal-eyes-colored-1-piece\/"},"modified":"2026-04-20T09:38:13","modified_gmt":"2026-04-20T07:38:13","slug":"yeux-danimaux-pour-amigurumi-colores-1-piece","status":"publish","type":"product","link":"https:\/\/www.swisscrochet.ch\/fr\/produit\/yeux-danimaux-pour-amigurumi-colores-1-piece\/","title":{"rendered":"Yeux d\u2019animaux pour amigurumi \u2013 Color\u00e9s \u2013 1 pi\u00e8ce"},"content":{"rendered":"","protected":false},"excerpt":{"rendered":"<p>Donnez vie \u00e0 vos poup\u00e9es au crochet et cr\u00e9ations amigurumi avec ces yeux de s\u00e9curit\u00e9 pour animaux aux couleurs vives. Fabriqu\u00e9s en plastique robuste, chaque \u0153il est fourni avec une attache en plastique s\u00e9curis\u00e9e qui se fixe \u00e0 l\u2019int\u00e9rieur du projet \u2014 garantissant une tenue solide et s\u00e9curis\u00e9e, m\u00eame pendant le jeu.<\/p>\n<p>Disponibles en 11 magnifiques couleurs et en tailles allant de 6mm \u00e0 18mm, ces yeux ajoutent du caract\u00e8re, du charme et de l&rsquo;expression \u00e0 chaque jouet ou peluche fait main. Choisissez une teinte vive pour une touche fantaisiste ou une couleur douce pour un rendu subtil \u2014 parfait pour les animaux, cr\u00e9atures fantastiques et bien plus encore.<\/p>\n<p><strong>Vendu \u00e0 l\u2019unit\u00e9. Attache en plastique incluse.<\/strong><\/p>\n","protected":false},"featured_media":8085,"template":"","meta":[],"product_brand":[],"product_cat":[560,221],"product_tag":[],"class_list":{"0":"post-8375","1":"product","2":"type-product","3":"status-publish","4":"has-post-thumbnail","6":"product_cat-autres-accessoires","7":"product_cat-crochets-et-outils","8":"product_shipping_class-petits-envois","9":"description-off","11":"first","12":"instock","13":"taxable","14":"shipping-taxable","15":"purchasable","16":"product-type-variable","17":"wvs-archive-product-wrapper"},"bundled_by":["17699","17706"],"bundle_stock_status":"instock","bundle_stock_quantity":null,"bundle_virtual":false,"bundle_layout":"","bundle_add_to_cart_form_location":"","bundle_editable_in_cart":false,"bundle_sold_individually_context":"","bundle_item_grouping":"","bundle_min_size":"","bundle_max_size":"","bundle_price":[],"bundled_items":[],"bundle_sell_ids":[],"yoast_head":"<!-- This site is optimized with the Yoast SEO plugin v27.5 - https:\/\/yoast.com\/product\/yoast-seo-wordpress\/ -->\n<title>Yeux d\u2019animaux pour amigurumi \u2013 Color\u00e9s \u2013 1 pi\u00e8ce &#171; Swiss Crochet<\/title>\n<meta name=\"description\" content=\"Ajoutez une touche d\u2019expression \u00e0 vos poup\u00e9es au crochet et amigurumis avec des yeux de s\u00e9curit\u00e9 color\u00e9s. Disponibles en 11 couleurs et en tailles de 6mm \u00e0 18mm. Vendu \u00e0 l\u2019unit\u00e9 avec attache s\u00e9curis\u00e9e.\" \/>\n<meta name=\"robots\" content=\"index, follow, max-snippet:-1, max-image-preview:large, max-video-preview:-1\" \/>\n<link rel=\"canonical\" href=\"https:\/\/www.swisscrochet.ch\/produit\/animal-eyes-colored-1-piece\/\" \/>\n<meta property=\"og:locale\" content=\"fr_FR\" \/>\n<meta property=\"og:type\" content=\"article\" \/>\n<meta property=\"og:title\" content=\"Yeux d\u2019animaux pour amigurumi \u2013 Color\u00e9s \u2013 1 pi\u00e8ce &#171; Swiss Crochet\" \/>\n<meta property=\"og:description\" content=\"Ajoutez une touche d\u2019expression \u00e0 vos poup\u00e9es au crochet et amigurumis avec des yeux de s\u00e9curit\u00e9 color\u00e9s. Disponibles en 11 couleurs et en tailles de 6mm \u00e0 18mm. Vendu \u00e0 l\u2019unit\u00e9 avec attache s\u00e9curis\u00e9e.\" \/>\n<meta property=\"og:url\" content=\"https:\/\/www.swisscrochet.ch\/produit\/animal-eyes-colored-1-piece\/\" \/>\n<meta property=\"og:site_name\" content=\"Swiss Crochet\" \/>\n<meta property=\"article:modified_time\" content=\"2026-04-20T07:38:13+00:00\" \/>\n<meta property=\"og:image\" content=\"https:\/\/www.swisscrochet.ch\/wp-content\/uploads\/2025\/06\/Animal-Eyes-Colored-Overview.jpg\" \/>\n\t<meta property=\"og:image:width\" content=\"1000\" \/>\n\t<meta property=\"og:image:height\" content=\"1000\" \/>\n\t<meta property=\"og:image:type\" content=\"image\/jpeg\" \/>\n<meta name=\"twitter:card\" content=\"summary_large_image\" \/>\n<meta name=\"twitter:label1\" content=\"Dur\u00e9e de lecture estim\u00e9e\" \/>\n\t<meta name=\"twitter:data1\" content=\"1 minute\" \/>\n<script type=\"application\/ld+json\" class=\"yoast-schema-graph\">{\"@context\":\"https:\\\/\\\/schema.org\",\"@graph\":[{\"@type\":[\"WebPage\",\"ItemPage\"],\"@id\":\"https:\\\/\\\/www.swisscrochet.ch\\\/produit\\\/animal-eyes-colored-1-piece\\\/\",\"url\":\"https:\\\/\\\/www.swisscrochet.ch\\\/produit\\\/animal-eyes-colored-1-piece\\\/\",\"name\":\"Yeux d\u2019animaux pour amigurumi \u2013 Color\u00e9s \u2013 1 pi\u00e8ce &#171; Swiss Crochet\",\"isPartOf\":{\"@id\":\"https:\\\/\\\/www.swisscrochet.ch\\\/#website\"},\"primaryImageOfPage\":{\"@id\":\"https:\\\/\\\/www.swisscrochet.ch\\\/produit\\\/animal-eyes-colored-1-piece\\\/#primaryimage\"},\"image\":{\"@id\":\"https:\\\/\\\/www.swisscrochet.ch\\\/produit\\\/animal-eyes-colored-1-piece\\\/#primaryimage\"},\"thumbnailUrl\":\"https:\\\/\\\/www.swisscrochet.ch\\\/wp-content\\\/uploads\\\/2025\\\/06\\\/Animal-Eyes-Colored-Overview.jpg\",\"datePublished\":\"2025-06-20T15:31:00+00:00\",\"dateModified\":\"2026-04-20T07:38:13+00:00\",\"description\":\"Ajoutez une touche d\u2019expression \u00e0 vos poup\u00e9es au crochet et amigurumis avec des yeux de s\u00e9curit\u00e9 color\u00e9s. Disponibles en 11 couleurs et en tailles de 6mm \u00e0 18mm. Vendu \u00e0 l\u2019unit\u00e9 avec attache s\u00e9curis\u00e9e.\",\"breadcrumb\":{\"@id\":\"https:\\\/\\\/www.swisscrochet.ch\\\/produit\\\/animal-eyes-colored-1-piece\\\/#breadcrumb\"},\"inLanguage\":\"fr-FR\",\"potentialAction\":[{\"@type\":\"ReadAction\",\"target\":[\"https:\\\/\\\/www.swisscrochet.ch\\\/produit\\\/animal-eyes-colored-1-piece\\\/\"]}]},{\"@type\":\"ImageObject\",\"inLanguage\":\"fr-FR\",\"@id\":\"https:\\\/\\\/www.swisscrochet.ch\\\/produit\\\/animal-eyes-colored-1-piece\\\/#primaryimage\",\"url\":\"https:\\\/\\\/www.swisscrochet.ch\\\/wp-content\\\/uploads\\\/2025\\\/06\\\/Animal-Eyes-Colored-Overview.jpg\",\"contentUrl\":\"https:\\\/\\\/www.swisscrochet.ch\\\/wp-content\\\/uploads\\\/2025\\\/06\\\/Animal-Eyes-Colored-Overview.jpg\",\"width\":1000,\"height\":1000},{\"@type\":\"BreadcrumbList\",\"@id\":\"https:\\\/\\\/www.swisscrochet.ch\\\/produit\\\/animal-eyes-colored-1-piece\\\/#breadcrumb\",\"itemListElement\":[{\"@type\":\"ListItem\",\"position\":1,\"name\":\"Home\",\"item\":\"https:\\\/\\\/www.swisscrochet.ch\\\/fr\\\/\"},{\"@type\":\"ListItem\",\"position\":2,\"name\":\"Boutique\",\"item\":\"https:\\\/\\\/www.swisscrochet.ch\\\/fr\\\/boutique\\\/\"},{\"@type\":\"ListItem\",\"position\":3,\"name\":\"Yeux d\u2019animaux pour amigurumi \u2013 Color\u00e9s \u2013 1 pi\u00e8ce\"}]},{\"@type\":\"WebSite\",\"@id\":\"https:\\\/\\\/www.swisscrochet.ch\\\/#website\",\"url\":\"https:\\\/\\\/www.swisscrochet.ch\\\/\",\"name\":\"Swiss Crochet\",\"description\":\"Lib\u00e9rez votre potentiel cr\u00e9atif\",\"potentialAction\":[{\"@type\":\"SearchAction\",\"target\":{\"@type\":\"EntryPoint\",\"urlTemplate\":\"https:\\\/\\\/www.swisscrochet.ch\\\/?s={search_term_string}\"},\"query-input\":{\"@type\":\"PropertyValueSpecification\",\"valueRequired\":true,\"valueName\":\"search_term_string\"}}],\"inLanguage\":\"fr-FR\"}]}<\/script>\n<!-- \/ Yoast SEO plugin. -->","yoast_head_json":{"title":"Yeux d\u2019animaux pour amigurumi \u2013 Color\u00e9s \u2013 1 pi\u00e8ce &#171; Swiss Crochet","description":"Ajoutez une touche d\u2019expression \u00e0 vos poup\u00e9es au crochet et amigurumis avec des yeux de s\u00e9curit\u00e9 color\u00e9s. Disponibles en 11 couleurs et en tailles de 6mm \u00e0 18mm. Vendu \u00e0 l\u2019unit\u00e9 avec attache s\u00e9curis\u00e9e.","robots":{"index":"index","follow":"follow","max-snippet":"max-snippet:-1","max-image-preview":"max-image-preview:large","max-video-preview":"max-video-preview:-1"},"canonical":"https:\/\/www.swisscrochet.ch\/produit\/animal-eyes-colored-1-piece\/","og_locale":"fr_FR","og_type":"article","og_title":"Yeux d\u2019animaux pour amigurumi \u2013 Color\u00e9s \u2013 1 pi\u00e8ce &#171; Swiss Crochet","og_description":"Ajoutez une touche d\u2019expression \u00e0 vos poup\u00e9es au crochet et amigurumis avec des yeux de s\u00e9curit\u00e9 color\u00e9s. Disponibles en 11 couleurs et en tailles de 6mm \u00e0 18mm. Vendu \u00e0 l\u2019unit\u00e9 avec attache s\u00e9curis\u00e9e.","og_url":"https:\/\/www.swisscrochet.ch\/produit\/animal-eyes-colored-1-piece\/","og_site_name":"Swiss Crochet","article_modified_time":"2026-04-20T07:38:13+00:00","og_image":[{"width":1000,"height":1000,"url":"https:\/\/www.swisscrochet.ch\/wp-content\/uploads\/2025\/06\/Animal-Eyes-Colored-Overview.jpg","type":"image\/jpeg"}],"twitter_card":"summary_large_image","twitter_misc":{"Dur\u00e9e de lecture estim\u00e9e":"1 minute"},"schema":{"@context":"https:\/\/schema.org","@graph":[{"@type":["WebPage","ItemPage"],"@id":"https:\/\/www.swisscrochet.ch\/produit\/animal-eyes-colored-1-piece\/","url":"https:\/\/www.swisscrochet.ch\/produit\/animal-eyes-colored-1-piece\/","name":"Yeux d\u2019animaux pour amigurumi \u2013 Color\u00e9s \u2013 1 pi\u00e8ce &#171; Swiss Crochet","isPartOf":{"@id":"https:\/\/www.swisscrochet.ch\/#website"},"primaryImageOfPage":{"@id":"https:\/\/www.swisscrochet.ch\/produit\/animal-eyes-colored-1-piece\/#primaryimage"},"image":{"@id":"https:\/\/www.swisscrochet.ch\/produit\/animal-eyes-colored-1-piece\/#primaryimage"},"thumbnailUrl":"https:\/\/www.swisscrochet.ch\/wp-content\/uploads\/2025\/06\/Animal-Eyes-Colored-Overview.jpg","datePublished":"2025-06-20T15:31:00+00:00","dateModified":"2026-04-20T07:38:13+00:00","description":"Ajoutez une touche d\u2019expression \u00e0 vos poup\u00e9es au crochet et amigurumis avec des yeux de s\u00e9curit\u00e9 color\u00e9s. Disponibles en 11 couleurs et en tailles de 6mm \u00e0 18mm. Vendu \u00e0 l\u2019unit\u00e9 avec attache s\u00e9curis\u00e9e.","breadcrumb":{"@id":"https:\/\/www.swisscrochet.ch\/produit\/animal-eyes-colored-1-piece\/#breadcrumb"},"inLanguage":"fr-FR","potentialAction":[{"@type":"ReadAction","target":["https:\/\/www.swisscrochet.ch\/produit\/animal-eyes-colored-1-piece\/"]}]},{"@type":"ImageObject","inLanguage":"fr-FR","@id":"https:\/\/www.swisscrochet.ch\/produit\/animal-eyes-colored-1-piece\/#primaryimage","url":"https:\/\/www.swisscrochet.ch\/wp-content\/uploads\/2025\/06\/Animal-Eyes-Colored-Overview.jpg","contentUrl":"https:\/\/www.swisscrochet.ch\/wp-content\/uploads\/2025\/06\/Animal-Eyes-Colored-Overview.jpg","width":1000,"height":1000},{"@type":"BreadcrumbList","@id":"https:\/\/www.swisscrochet.ch\/produit\/animal-eyes-colored-1-piece\/#breadcrumb","itemListElement":[{"@type":"ListItem","position":1,"name":"Home","item":"https:\/\/www.swisscrochet.ch\/fr\/"},{"@type":"ListItem","position":2,"name":"Boutique","item":"https:\/\/www.swisscrochet.ch\/fr\/boutique\/"},{"@type":"ListItem","position":3,"name":"Yeux d\u2019animaux pour amigurumi \u2013 Color\u00e9s \u2013 1 pi\u00e8ce"}]},{"@type":"WebSite","@id":"https:\/\/www.swisscrochet.ch\/#website","url":"https:\/\/www.swisscrochet.ch\/","name":"Swiss Crochet","description":"Lib\u00e9rez votre potentiel cr\u00e9atif","potentialAction":[{"@type":"SearchAction","target":{"@type":"EntryPoint","urlTemplate":"https:\/\/www.swisscrochet.ch\/?s={search_term_string}"},"query-input":{"@type":"PropertyValueSpecification","valueRequired":true,"valueName":"search_term_string"}}],"inLanguage":"fr-FR"}]}},"_links":{"self":[{"href":"https:\/\/www.swisscrochet.ch\/fr\/wp-json\/wp\/v2\/product\/8375","targetHints":{"allow":["GET"]}}],"collection":[{"href":"https:\/\/www.swisscrochet.ch\/fr\/wp-json\/wp\/v2\/product"}],"about":[{"href":"https:\/\/www.swisscrochet.ch\/fr\/wp-json\/wp\/v2\/types\/product"}],"wp:featuredmedia":[{"embeddable":true,"href":"https:\/\/www.swisscrochet.ch\/fr\/wp-json\/wp\/v2\/media\/8085"}],"wp:attachment":[{"href":"https:\/\/www.swisscrochet.ch\/fr\/wp-json\/wp\/v2\/media?parent=8375"}],"wp:term":[{"taxonomy":"product_brand","embeddable":true,"href":"https:\/\/www.swisscrochet.ch\/fr\/wp-json\/wp\/v2\/product_brand?post=8375"},{"taxonomy":"product_cat","embeddable":true,"href":"https:\/\/www.swisscrochet.ch\/fr\/wp-json\/wp\/v2\/product_cat?post=8375"},{"taxonomy":"product_tag","embeddable":true,"href":"https:\/\/www.swisscrochet.ch\/fr\/wp-json\/wp\/v2\/product_tag?post=8375"}],"curies":[{"name":"wp","href":"https:\/\/api.w.org\/{rel}","templated":true}]}}