{"id":8822,"date":"2025-07-01T15:52:31","date_gmt":"2025-07-01T13:52:31","guid":{"rendered":"https:\/\/www.swisscrochet.ch\/product\/knitpro-yarn-winder-large-signature-wood\/"},"modified":"2025-07-01T16:00:05","modified_gmt":"2025-07-01T14:00:05","slug":"knitpro-enrouleur-a-laine-grand-bois-signature","status":"publish","type":"product","link":"https:\/\/www.swisscrochet.ch\/fr\/produit\/knitpro-enrouleur-a-laine-grand-bois-signature\/","title":{"rendered":"KnitPro &#8211; Enrouleur \u00e0 laine grand bois signature"},"content":{"rendered":"","protected":false},"excerpt":{"rendered":"<p>Le grand enrouleur de fil KnitPro est un outil haut de gamme, manuel et fabriqu\u00e9 en bois naturel &#8211; con\u00e7u pour les crocheteuses qui appr\u00e9cient \u00e0 la fois la fonctionnalit\u00e9 et l\u2019esth\u00e9tique. Robuste et magnifiquement con\u00e7u, cet enrouleur est tr\u00e8s stable, durable et silencieux \u00e0 l\u2019usage, rendant l\u2019enroulage fluide et agr\u00e9able.<\/p>\n<p>Gr\u00e2ce \u00e0 sa construction solide, il permet d\u2019enrouler facilement m\u00eame les fils \u00e9pais ou les \u00e9cheveaux de grande taille en pelotes \u00e0 fil central. Qu\u2019il s\u2019agisse de fils fins ou \u00e9pais, cet outil s\u2019adapte \u00e0 tous les types de fils. Un choix id\u00e9al pour les passionn\u00e9(e)s qui souhaitent investir dans un outil durable.<\/p>\n<p><strong>Caract\u00e9ristiques principales:<\/strong><\/p>\n<ul>\n<li>Fabriqu\u00e9 en bois naturel de haute qualit\u00e9<\/li>\n<li>Fonctionnement fluide et silencieux<\/li>\n<li>Tr\u00e8s stable et durable<\/li>\n<li>Convient \u00e0 tous les types de fils, en particulier les fils \u00e9pais et les grands \u00e9cheveaux<\/li>\n<li>\u00c0 la fois esth\u00e9tique et fonctionnel \u2014 une pi\u00e8ce ma\u00eetresse dans tout espace cr\u00e9atif<\/li>\n<\/ul>\n","protected":false},"featured_media":8786,"template":"","meta":[],"product_brand":[],"product_cat":[221,572],"product_tag":[],"class_list":{"0":"post-8822","1":"product","2":"type-product","3":"status-publish","4":"has-post-thumbnail","6":"product_cat-crochets-et-outils","7":"product_cat-enrouleurs-de-pelote","8":"pa_t1-manufacturer-knitpro-fr","9":"description-off","11":"first","12":"instock","13":"taxable","14":"shipping-taxable","15":"purchasable","16":"product-type-simple"},"bundled_by":[],"bundle_stock_status":"instock","bundle_stock_quantity":1,"bundle_virtual":false,"bundle_layout":"","bundle_add_to_cart_form_location":"","bundle_editable_in_cart":false,"bundle_sold_individually_context":"","bundle_item_grouping":"","bundle_min_size":"","bundle_max_size":"","bundle_price":[],"bundled_items":[],"bundle_sell_ids":[],"yoast_head":"<!-- This site is optimized with the Yoast SEO plugin v27.4 - https:\/\/yoast.com\/product\/yoast-seo-wordpress\/ -->\n<title>KnitPro - Enrouleur \u00e0 laine grand bois signature &#171; Swiss Crochet<\/title>\n<meta name=\"description\" content=\"Enroulez facilement m\u00eame les fils les plus \u00e9pais avec l\u2019enrouleur \u00e0 laine KnitPro grand en bois naturel - robuste, fluide et silencieux. Id\u00e9al pour les grosses pelotes et une utilisation durable.\" \/>\n<meta name=\"robots\" content=\"index, follow, max-snippet:-1, max-image-preview:large, max-video-preview:-1\" \/>\n<link rel=\"canonical\" href=\"https:\/\/www.swisscrochet.ch\/produit\/knitpro-yarn-winder-large-signature-wood\/\" \/>\n<meta property=\"og:locale\" content=\"fr_FR\" \/>\n<meta property=\"og:type\" content=\"article\" \/>\n<meta property=\"og:title\" content=\"KnitPro - Enrouleur \u00e0 laine grand bois signature &#171; Swiss Crochet\" \/>\n<meta property=\"og:description\" content=\"Enroulez facilement m\u00eame les fils les plus \u00e9pais avec l\u2019enrouleur \u00e0 laine KnitPro grand en bois naturel - robuste, fluide et silencieux. Id\u00e9al pour les grosses pelotes et une utilisation durable.\" \/>\n<meta property=\"og:url\" content=\"https:\/\/www.swisscrochet.ch\/produit\/knitpro-yarn-winder-large-signature-wood\/\" \/>\n<meta property=\"og:site_name\" content=\"Swiss Crochet\" \/>\n<meta property=\"article:modified_time\" content=\"2025-07-01T14:00:05+00:00\" \/>\n<meta property=\"og:image\" content=\"https:\/\/www.swisscrochet.ch\/wp-content\/uploads\/2025\/07\/KnitPro-Yarn-Winder-Large-Signature-Wood-Overview.jpg\" \/>\n\t<meta property=\"og:image:width\" content=\"1000\" \/>\n\t<meta property=\"og:image:height\" content=\"1000\" \/>\n\t<meta property=\"og:image:type\" content=\"image\/jpeg\" \/>\n<meta name=\"twitter:card\" content=\"summary_large_image\" \/>\n<meta name=\"twitter:label1\" content=\"Dur\u00e9e de lecture estim\u00e9e\" \/>\n\t<meta name=\"twitter:data1\" content=\"1 minute\" \/>\n<script type=\"application\/ld+json\" class=\"yoast-schema-graph\">{\"@context\":\"https:\\\/\\\/schema.org\",\"@graph\":[{\"@type\":[\"WebPage\",\"ItemPage\"],\"@id\":\"https:\\\/\\\/www.swisscrochet.ch\\\/produit\\\/knitpro-yarn-winder-large-signature-wood\\\/\",\"url\":\"https:\\\/\\\/www.swisscrochet.ch\\\/produit\\\/knitpro-yarn-winder-large-signature-wood\\\/\",\"name\":\"KnitPro - Enrouleur \u00e0 laine grand bois signature &#171; Swiss Crochet\",\"isPartOf\":{\"@id\":\"https:\\\/\\\/www.swisscrochet.ch\\\/#website\"},\"primaryImageOfPage\":{\"@id\":\"https:\\\/\\\/www.swisscrochet.ch\\\/produit\\\/knitpro-yarn-winder-large-signature-wood\\\/#primaryimage\"},\"image\":{\"@id\":\"https:\\\/\\\/www.swisscrochet.ch\\\/produit\\\/knitpro-yarn-winder-large-signature-wood\\\/#primaryimage\"},\"thumbnailUrl\":\"https:\\\/\\\/www.swisscrochet.ch\\\/wp-content\\\/uploads\\\/2025\\\/07\\\/KnitPro-Yarn-Winder-Large-Signature-Wood-Overview.jpg\",\"datePublished\":\"2025-07-01T13:52:31+00:00\",\"dateModified\":\"2025-07-01T14:00:05+00:00\",\"description\":\"Enroulez facilement m\u00eame les fils les plus \u00e9pais avec l\u2019enrouleur \u00e0 laine KnitPro grand en bois naturel - robuste, fluide et silencieux. Id\u00e9al pour les grosses pelotes et une utilisation durable.\",\"breadcrumb\":{\"@id\":\"https:\\\/\\\/www.swisscrochet.ch\\\/produit\\\/knitpro-yarn-winder-large-signature-wood\\\/#breadcrumb\"},\"inLanguage\":\"fr-FR\",\"potentialAction\":[{\"@type\":\"ReadAction\",\"target\":[\"https:\\\/\\\/www.swisscrochet.ch\\\/produit\\\/knitpro-yarn-winder-large-signature-wood\\\/\"]}]},{\"@type\":\"ImageObject\",\"inLanguage\":\"fr-FR\",\"@id\":\"https:\\\/\\\/www.swisscrochet.ch\\\/produit\\\/knitpro-yarn-winder-large-signature-wood\\\/#primaryimage\",\"url\":\"https:\\\/\\\/www.swisscrochet.ch\\\/wp-content\\\/uploads\\\/2025\\\/07\\\/KnitPro-Yarn-Winder-Large-Signature-Wood-Overview.jpg\",\"contentUrl\":\"https:\\\/\\\/www.swisscrochet.ch\\\/wp-content\\\/uploads\\\/2025\\\/07\\\/KnitPro-Yarn-Winder-Large-Signature-Wood-Overview.jpg\",\"width\":1000,\"height\":1000},{\"@type\":\"BreadcrumbList\",\"@id\":\"https:\\\/\\\/www.swisscrochet.ch\\\/produit\\\/knitpro-yarn-winder-large-signature-wood\\\/#breadcrumb\",\"itemListElement\":[{\"@type\":\"ListItem\",\"position\":1,\"name\":\"Home\",\"item\":\"https:\\\/\\\/www.swisscrochet.ch\\\/fr\\\/\"},{\"@type\":\"ListItem\",\"position\":2,\"name\":\"Boutique\",\"item\":\"https:\\\/\\\/www.swisscrochet.ch\\\/fr\\\/boutique\\\/\"},{\"@type\":\"ListItem\",\"position\":3,\"name\":\"KnitPro &#8211; Enrouleur \u00e0 laine grand bois signature\"}]},{\"@type\":\"WebSite\",\"@id\":\"https:\\\/\\\/www.swisscrochet.ch\\\/#website\",\"url\":\"https:\\\/\\\/www.swisscrochet.ch\\\/\",\"name\":\"Swiss Crochet\",\"description\":\"Lib\u00e9rez votre potentiel cr\u00e9atif\",\"potentialAction\":[{\"@type\":\"SearchAction\",\"target\":{\"@type\":\"EntryPoint\",\"urlTemplate\":\"https:\\\/\\\/www.swisscrochet.ch\\\/?s={search_term_string}\"},\"query-input\":{\"@type\":\"PropertyValueSpecification\",\"valueRequired\":true,\"valueName\":\"search_term_string\"}}],\"inLanguage\":\"fr-FR\"}]}<\/script>\n<!-- \/ Yoast SEO plugin. -->","yoast_head_json":{"title":"KnitPro - Enrouleur \u00e0 laine grand bois signature &#171; Swiss Crochet","description":"Enroulez facilement m\u00eame les fils les plus \u00e9pais avec l\u2019enrouleur \u00e0 laine KnitPro grand en bois naturel - robuste, fluide et silencieux. Id\u00e9al pour les grosses pelotes et une utilisation durable.","robots":{"index":"index","follow":"follow","max-snippet":"max-snippet:-1","max-image-preview":"max-image-preview:large","max-video-preview":"max-video-preview:-1"},"canonical":"https:\/\/www.swisscrochet.ch\/produit\/knitpro-yarn-winder-large-signature-wood\/","og_locale":"fr_FR","og_type":"article","og_title":"KnitPro - Enrouleur \u00e0 laine grand bois signature &#171; Swiss Crochet","og_description":"Enroulez facilement m\u00eame les fils les plus \u00e9pais avec l\u2019enrouleur \u00e0 laine KnitPro grand en bois naturel - robuste, fluide et silencieux. Id\u00e9al pour les grosses pelotes et une utilisation durable.","og_url":"https:\/\/www.swisscrochet.ch\/produit\/knitpro-yarn-winder-large-signature-wood\/","og_site_name":"Swiss Crochet","article_modified_time":"2025-07-01T14:00:05+00:00","og_image":[{"width":1000,"height":1000,"url":"https:\/\/www.swisscrochet.ch\/wp-content\/uploads\/2025\/07\/KnitPro-Yarn-Winder-Large-Signature-Wood-Overview.jpg","type":"image\/jpeg"}],"twitter_card":"summary_large_image","twitter_misc":{"Dur\u00e9e de lecture estim\u00e9e":"1 minute"},"schema":{"@context":"https:\/\/schema.org","@graph":[{"@type":["WebPage","ItemPage"],"@id":"https:\/\/www.swisscrochet.ch\/produit\/knitpro-yarn-winder-large-signature-wood\/","url":"https:\/\/www.swisscrochet.ch\/produit\/knitpro-yarn-winder-large-signature-wood\/","name":"KnitPro - Enrouleur \u00e0 laine grand bois signature &#171; Swiss Crochet","isPartOf":{"@id":"https:\/\/www.swisscrochet.ch\/#website"},"primaryImageOfPage":{"@id":"https:\/\/www.swisscrochet.ch\/produit\/knitpro-yarn-winder-large-signature-wood\/#primaryimage"},"image":{"@id":"https:\/\/www.swisscrochet.ch\/produit\/knitpro-yarn-winder-large-signature-wood\/#primaryimage"},"thumbnailUrl":"https:\/\/www.swisscrochet.ch\/wp-content\/uploads\/2025\/07\/KnitPro-Yarn-Winder-Large-Signature-Wood-Overview.jpg","datePublished":"2025-07-01T13:52:31+00:00","dateModified":"2025-07-01T14:00:05+00:00","description":"Enroulez facilement m\u00eame les fils les plus \u00e9pais avec l\u2019enrouleur \u00e0 laine KnitPro grand en bois naturel - robuste, fluide et silencieux. Id\u00e9al pour les grosses pelotes et une utilisation durable.","breadcrumb":{"@id":"https:\/\/www.swisscrochet.ch\/produit\/knitpro-yarn-winder-large-signature-wood\/#breadcrumb"},"inLanguage":"fr-FR","potentialAction":[{"@type":"ReadAction","target":["https:\/\/www.swisscrochet.ch\/produit\/knitpro-yarn-winder-large-signature-wood\/"]}]},{"@type":"ImageObject","inLanguage":"fr-FR","@id":"https:\/\/www.swisscrochet.ch\/produit\/knitpro-yarn-winder-large-signature-wood\/#primaryimage","url":"https:\/\/www.swisscrochet.ch\/wp-content\/uploads\/2025\/07\/KnitPro-Yarn-Winder-Large-Signature-Wood-Overview.jpg","contentUrl":"https:\/\/www.swisscrochet.ch\/wp-content\/uploads\/2025\/07\/KnitPro-Yarn-Winder-Large-Signature-Wood-Overview.jpg","width":1000,"height":1000},{"@type":"BreadcrumbList","@id":"https:\/\/www.swisscrochet.ch\/produit\/knitpro-yarn-winder-large-signature-wood\/#breadcrumb","itemListElement":[{"@type":"ListItem","position":1,"name":"Home","item":"https:\/\/www.swisscrochet.ch\/fr\/"},{"@type":"ListItem","position":2,"name":"Boutique","item":"https:\/\/www.swisscrochet.ch\/fr\/boutique\/"},{"@type":"ListItem","position":3,"name":"KnitPro &#8211; Enrouleur \u00e0 laine grand bois signature"}]},{"@type":"WebSite","@id":"https:\/\/www.swisscrochet.ch\/#website","url":"https:\/\/www.swisscrochet.ch\/","name":"Swiss Crochet","description":"Lib\u00e9rez votre potentiel cr\u00e9atif","potentialAction":[{"@type":"SearchAction","target":{"@type":"EntryPoint","urlTemplate":"https:\/\/www.swisscrochet.ch\/?s={search_term_string}"},"query-input":{"@type":"PropertyValueSpecification","valueRequired":true,"valueName":"search_term_string"}}],"inLanguage":"fr-FR"}]}},"_links":{"self":[{"href":"https:\/\/www.swisscrochet.ch\/fr\/wp-json\/wp\/v2\/product\/8822","targetHints":{"allow":["GET"]}}],"collection":[{"href":"https:\/\/www.swisscrochet.ch\/fr\/wp-json\/wp\/v2\/product"}],"about":[{"href":"https:\/\/www.swisscrochet.ch\/fr\/wp-json\/wp\/v2\/types\/product"}],"wp:featuredmedia":[{"embeddable":true,"href":"https:\/\/www.swisscrochet.ch\/fr\/wp-json\/wp\/v2\/media\/8786"}],"wp:attachment":[{"href":"https:\/\/www.swisscrochet.ch\/fr\/wp-json\/wp\/v2\/media?parent=8822"}],"wp:term":[{"taxonomy":"product_brand","embeddable":true,"href":"https:\/\/www.swisscrochet.ch\/fr\/wp-json\/wp\/v2\/product_brand?post=8822"},{"taxonomy":"product_cat","embeddable":true,"href":"https:\/\/www.swisscrochet.ch\/fr\/wp-json\/wp\/v2\/product_cat?post=8822"},{"taxonomy":"product_tag","embeddable":true,"href":"https:\/\/www.swisscrochet.ch\/fr\/wp-json\/wp\/v2\/product_tag?post=8822"}],"curies":[{"name":"wp","href":"https:\/\/api.w.org\/{rel}","templated":true}]}}