{"id":8845,"date":"2025-07-01T16:30:37","date_gmt":"2025-07-01T14:30:37","guid":{"rendered":"https:\/\/www.swisscrochet.ch\/product\/knitpro-replacement-bands-set\/"},"modified":"2025-07-01T16:41:33","modified_gmt":"2025-07-01T14:41:33","slug":"knitpro-set-de-bandes-de-rechange","status":"publish","type":"product","link":"https:\/\/www.swisscrochet.ch\/fr\/produit\/knitpro-set-de-bandes-de-rechange\/","title":{"rendered":"KnitPro &#8211; Set de bandes de rechange"},"content":{"rendered":"","protected":false},"excerpt":{"rendered":"<p>Gardez votre d\u00e9vidoir KnitPro en parfait \u00e9tat de fonctionnement gr\u00e2ce \u00e0 ce set de bandes de rechange. Il comprend deux bandes \u00e9lastiques rondes de tailles diff\u00e9rentes \u2014 une petite pour la roue de bobinage et une grande pour la roue motrice. Ces bandes sont con\u00e7ues pour remplacer les bandes us\u00e9es ou cass\u00e9es sur les mod\u00e8les <a href=\"https:\/\/www.swisscrochet.ch\/fr\/produit\/knitpro-enrouleur-a-laine-grand-bois-naturel\/\" target=\"_blank\" rel=\"noopener\">KnitPro Enrouleur \u00e0 laine grand bois naturel<\/a> et <a href=\"https:\/\/www.swisscrochet.ch\/fr\/produit\/knitpro-enrouleur-a-laine-grand-bois-signature\/\" target=\"_blank\" rel=\"noopener\">KnitPro Enrouleur \u00e0 laine grand bois signature<\/a>.<\/p>\n<p>Que vous fassiez de l\u2019entretien ou que vous remettiez en service un ancien d\u00e9vidoir, ce set garantit un enroulement fluide et silencieux.<\/p>\n<p><strong>Contenu :<\/strong><\/p>\n<ul>\n<li>1 petite bande de rechange<\/li>\n<li>1 grande bande de rechange<\/li>\n<\/ul>\n<p>Un jeu de rechange pratique \u00e0 avoir sous la main pour ne jamais interrompre votre travail!<\/p>\n","protected":false},"featured_media":8770,"template":"","meta":[],"product_brand":[],"product_cat":[560,221,572],"product_tag":[],"class_list":{"0":"post-8845","1":"product","2":"type-product","3":"status-publish","4":"has-post-thumbnail","6":"product_cat-autres-accessoires","7":"product_cat-crochets-et-outils","8":"product_cat-enrouleurs-de-pelote","9":"product_shipping_class-petits-envois","10":"pa_t1-manufacturer-knitpro-fr","11":"description-off","13":"first","14":"instock","15":"taxable","16":"shipping-taxable","17":"purchasable","18":"product-type-simple"},"bundled_by":[],"bundle_stock_status":"instock","bundle_stock_quantity":4,"bundle_virtual":false,"bundle_layout":"","bundle_add_to_cart_form_location":"","bundle_editable_in_cart":false,"bundle_sold_individually_context":"","bundle_item_grouping":"","bundle_min_size":"","bundle_max_size":"","bundle_price":[],"bundled_items":[],"bundle_sell_ids":[],"yoast_head":"<!-- This site is optimized with the Yoast SEO plugin v27.4 - https:\/\/yoast.com\/product\/yoast-seo-wordpress\/ -->\n<title>KnitPro - Set de bandes de rechange &#171; Swiss Crochet<\/title>\n<meta name=\"description\" content=\"Gardez votre d\u00e9vidoir KnitPro en parfait \u00e9tat gr\u00e2ce \u00e0 ce set de bandes de rechange. Comprend des \u00e9lastiques petits et grands pour les mod\u00e8les Natural et Signature.\" \/>\n<meta name=\"robots\" content=\"index, follow, max-snippet:-1, max-image-preview:large, max-video-preview:-1\" \/>\n<link rel=\"canonical\" href=\"https:\/\/www.swisscrochet.ch\/produit\/knitpro-replacement-bands-set\/\" \/>\n<meta property=\"og:locale\" content=\"fr_FR\" \/>\n<meta property=\"og:type\" content=\"article\" \/>\n<meta property=\"og:title\" content=\"KnitPro - Set de bandes de rechange &#171; Swiss Crochet\" \/>\n<meta property=\"og:description\" content=\"Gardez votre d\u00e9vidoir KnitPro en parfait \u00e9tat gr\u00e2ce \u00e0 ce set de bandes de rechange. Comprend des \u00e9lastiques petits et grands pour les mod\u00e8les Natural et Signature.\" \/>\n<meta property=\"og:url\" content=\"https:\/\/www.swisscrochet.ch\/produit\/knitpro-replacement-bands-set\/\" \/>\n<meta property=\"og:site_name\" content=\"Swiss Crochet\" \/>\n<meta property=\"article:modified_time\" content=\"2025-07-01T14:41:33+00:00\" \/>\n<meta property=\"og:image\" content=\"https:\/\/www.swisscrochet.ch\/wp-content\/uploads\/2025\/07\/KnitPro-Replacement-Bands-Set-Overview.jpg\" \/>\n\t<meta property=\"og:image:width\" content=\"1000\" \/>\n\t<meta property=\"og:image:height\" content=\"1000\" \/>\n\t<meta property=\"og:image:type\" content=\"image\/jpeg\" \/>\n<meta name=\"twitter:card\" content=\"summary_large_image\" \/>\n<meta name=\"twitter:label1\" content=\"Dur\u00e9e de lecture estim\u00e9e\" \/>\n\t<meta name=\"twitter:data1\" content=\"1 minute\" \/>\n<script type=\"application\/ld+json\" class=\"yoast-schema-graph\">{\"@context\":\"https:\\\/\\\/schema.org\",\"@graph\":[{\"@type\":[\"WebPage\",\"ItemPage\"],\"@id\":\"https:\\\/\\\/www.swisscrochet.ch\\\/produit\\\/knitpro-replacement-bands-set\\\/\",\"url\":\"https:\\\/\\\/www.swisscrochet.ch\\\/produit\\\/knitpro-replacement-bands-set\\\/\",\"name\":\"KnitPro - Set de bandes de rechange &#171; Swiss Crochet\",\"isPartOf\":{\"@id\":\"https:\\\/\\\/www.swisscrochet.ch\\\/#website\"},\"primaryImageOfPage\":{\"@id\":\"https:\\\/\\\/www.swisscrochet.ch\\\/produit\\\/knitpro-replacement-bands-set\\\/#primaryimage\"},\"image\":{\"@id\":\"https:\\\/\\\/www.swisscrochet.ch\\\/produit\\\/knitpro-replacement-bands-set\\\/#primaryimage\"},\"thumbnailUrl\":\"https:\\\/\\\/www.swisscrochet.ch\\\/wp-content\\\/uploads\\\/2025\\\/07\\\/KnitPro-Replacement-Bands-Set-Overview.jpg\",\"datePublished\":\"2025-07-01T14:30:37+00:00\",\"dateModified\":\"2025-07-01T14:41:33+00:00\",\"description\":\"Gardez votre d\u00e9vidoir KnitPro en parfait \u00e9tat gr\u00e2ce \u00e0 ce set de bandes de rechange. Comprend des \u00e9lastiques petits et grands pour les mod\u00e8les Natural et Signature.\",\"breadcrumb\":{\"@id\":\"https:\\\/\\\/www.swisscrochet.ch\\\/produit\\\/knitpro-replacement-bands-set\\\/#breadcrumb\"},\"inLanguage\":\"fr-FR\",\"potentialAction\":[{\"@type\":\"ReadAction\",\"target\":[\"https:\\\/\\\/www.swisscrochet.ch\\\/produit\\\/knitpro-replacement-bands-set\\\/\"]}]},{\"@type\":\"ImageObject\",\"inLanguage\":\"fr-FR\",\"@id\":\"https:\\\/\\\/www.swisscrochet.ch\\\/produit\\\/knitpro-replacement-bands-set\\\/#primaryimage\",\"url\":\"https:\\\/\\\/www.swisscrochet.ch\\\/wp-content\\\/uploads\\\/2025\\\/07\\\/KnitPro-Replacement-Bands-Set-Overview.jpg\",\"contentUrl\":\"https:\\\/\\\/www.swisscrochet.ch\\\/wp-content\\\/uploads\\\/2025\\\/07\\\/KnitPro-Replacement-Bands-Set-Overview.jpg\",\"width\":1000,\"height\":1000},{\"@type\":\"BreadcrumbList\",\"@id\":\"https:\\\/\\\/www.swisscrochet.ch\\\/produit\\\/knitpro-replacement-bands-set\\\/#breadcrumb\",\"itemListElement\":[{\"@type\":\"ListItem\",\"position\":1,\"name\":\"Home\",\"item\":\"https:\\\/\\\/www.swisscrochet.ch\\\/fr\\\/\"},{\"@type\":\"ListItem\",\"position\":2,\"name\":\"Boutique\",\"item\":\"https:\\\/\\\/www.swisscrochet.ch\\\/fr\\\/boutique\\\/\"},{\"@type\":\"ListItem\",\"position\":3,\"name\":\"KnitPro &#8211; Set de bandes de rechange\"}]},{\"@type\":\"WebSite\",\"@id\":\"https:\\\/\\\/www.swisscrochet.ch\\\/#website\",\"url\":\"https:\\\/\\\/www.swisscrochet.ch\\\/\",\"name\":\"Swiss Crochet\",\"description\":\"Lib\u00e9rez votre potentiel cr\u00e9atif\",\"potentialAction\":[{\"@type\":\"SearchAction\",\"target\":{\"@type\":\"EntryPoint\",\"urlTemplate\":\"https:\\\/\\\/www.swisscrochet.ch\\\/?s={search_term_string}\"},\"query-input\":{\"@type\":\"PropertyValueSpecification\",\"valueRequired\":true,\"valueName\":\"search_term_string\"}}],\"inLanguage\":\"fr-FR\"}]}<\/script>\n<!-- \/ Yoast SEO plugin. -->","yoast_head_json":{"title":"KnitPro - Set de bandes de rechange &#171; Swiss Crochet","description":"Gardez votre d\u00e9vidoir KnitPro en parfait \u00e9tat gr\u00e2ce \u00e0 ce set de bandes de rechange. Comprend des \u00e9lastiques petits et grands pour les mod\u00e8les Natural et Signature.","robots":{"index":"index","follow":"follow","max-snippet":"max-snippet:-1","max-image-preview":"max-image-preview:large","max-video-preview":"max-video-preview:-1"},"canonical":"https:\/\/www.swisscrochet.ch\/produit\/knitpro-replacement-bands-set\/","og_locale":"fr_FR","og_type":"article","og_title":"KnitPro - Set de bandes de rechange &#171; Swiss Crochet","og_description":"Gardez votre d\u00e9vidoir KnitPro en parfait \u00e9tat gr\u00e2ce \u00e0 ce set de bandes de rechange. Comprend des \u00e9lastiques petits et grands pour les mod\u00e8les Natural et Signature.","og_url":"https:\/\/www.swisscrochet.ch\/produit\/knitpro-replacement-bands-set\/","og_site_name":"Swiss Crochet","article_modified_time":"2025-07-01T14:41:33+00:00","og_image":[{"width":1000,"height":1000,"url":"https:\/\/www.swisscrochet.ch\/wp-content\/uploads\/2025\/07\/KnitPro-Replacement-Bands-Set-Overview.jpg","type":"image\/jpeg"}],"twitter_card":"summary_large_image","twitter_misc":{"Dur\u00e9e de lecture estim\u00e9e":"1 minute"},"schema":{"@context":"https:\/\/schema.org","@graph":[{"@type":["WebPage","ItemPage"],"@id":"https:\/\/www.swisscrochet.ch\/produit\/knitpro-replacement-bands-set\/","url":"https:\/\/www.swisscrochet.ch\/produit\/knitpro-replacement-bands-set\/","name":"KnitPro - Set de bandes de rechange &#171; Swiss Crochet","isPartOf":{"@id":"https:\/\/www.swisscrochet.ch\/#website"},"primaryImageOfPage":{"@id":"https:\/\/www.swisscrochet.ch\/produit\/knitpro-replacement-bands-set\/#primaryimage"},"image":{"@id":"https:\/\/www.swisscrochet.ch\/produit\/knitpro-replacement-bands-set\/#primaryimage"},"thumbnailUrl":"https:\/\/www.swisscrochet.ch\/wp-content\/uploads\/2025\/07\/KnitPro-Replacement-Bands-Set-Overview.jpg","datePublished":"2025-07-01T14:30:37+00:00","dateModified":"2025-07-01T14:41:33+00:00","description":"Gardez votre d\u00e9vidoir KnitPro en parfait \u00e9tat gr\u00e2ce \u00e0 ce set de bandes de rechange. Comprend des \u00e9lastiques petits et grands pour les mod\u00e8les Natural et Signature.","breadcrumb":{"@id":"https:\/\/www.swisscrochet.ch\/produit\/knitpro-replacement-bands-set\/#breadcrumb"},"inLanguage":"fr-FR","potentialAction":[{"@type":"ReadAction","target":["https:\/\/www.swisscrochet.ch\/produit\/knitpro-replacement-bands-set\/"]}]},{"@type":"ImageObject","inLanguage":"fr-FR","@id":"https:\/\/www.swisscrochet.ch\/produit\/knitpro-replacement-bands-set\/#primaryimage","url":"https:\/\/www.swisscrochet.ch\/wp-content\/uploads\/2025\/07\/KnitPro-Replacement-Bands-Set-Overview.jpg","contentUrl":"https:\/\/www.swisscrochet.ch\/wp-content\/uploads\/2025\/07\/KnitPro-Replacement-Bands-Set-Overview.jpg","width":1000,"height":1000},{"@type":"BreadcrumbList","@id":"https:\/\/www.swisscrochet.ch\/produit\/knitpro-replacement-bands-set\/#breadcrumb","itemListElement":[{"@type":"ListItem","position":1,"name":"Home","item":"https:\/\/www.swisscrochet.ch\/fr\/"},{"@type":"ListItem","position":2,"name":"Boutique","item":"https:\/\/www.swisscrochet.ch\/fr\/boutique\/"},{"@type":"ListItem","position":3,"name":"KnitPro &#8211; Set de bandes de rechange"}]},{"@type":"WebSite","@id":"https:\/\/www.swisscrochet.ch\/#website","url":"https:\/\/www.swisscrochet.ch\/","name":"Swiss Crochet","description":"Lib\u00e9rez votre potentiel cr\u00e9atif","potentialAction":[{"@type":"SearchAction","target":{"@type":"EntryPoint","urlTemplate":"https:\/\/www.swisscrochet.ch\/?s={search_term_string}"},"query-input":{"@type":"PropertyValueSpecification","valueRequired":true,"valueName":"search_term_string"}}],"inLanguage":"fr-FR"}]}},"_links":{"self":[{"href":"https:\/\/www.swisscrochet.ch\/fr\/wp-json\/wp\/v2\/product\/8845","targetHints":{"allow":["GET"]}}],"collection":[{"href":"https:\/\/www.swisscrochet.ch\/fr\/wp-json\/wp\/v2\/product"}],"about":[{"href":"https:\/\/www.swisscrochet.ch\/fr\/wp-json\/wp\/v2\/types\/product"}],"wp:featuredmedia":[{"embeddable":true,"href":"https:\/\/www.swisscrochet.ch\/fr\/wp-json\/wp\/v2\/media\/8770"}],"wp:attachment":[{"href":"https:\/\/www.swisscrochet.ch\/fr\/wp-json\/wp\/v2\/media?parent=8845"}],"wp:term":[{"taxonomy":"product_brand","embeddable":true,"href":"https:\/\/www.swisscrochet.ch\/fr\/wp-json\/wp\/v2\/product_brand?post=8845"},{"taxonomy":"product_cat","embeddable":true,"href":"https:\/\/www.swisscrochet.ch\/fr\/wp-json\/wp\/v2\/product_cat?post=8845"},{"taxonomy":"product_tag","embeddable":true,"href":"https:\/\/www.swisscrochet.ch\/fr\/wp-json\/wp\/v2\/product_tag?post=8845"}],"curies":[{"name":"wp","href":"https:\/\/api.w.org\/{rel}","templated":true}]}}