{"id":8870,"date":"2025-07-02T16:14:38","date_gmt":"2025-07-02T14:14:38","guid":{"rendered":"https:\/\/www.swisscrochet.ch\/?post_type=product&#038;p=8870"},"modified":"2025-07-02T16:15:48","modified_gmt":"2025-07-02T14:15:48","slug":"tulip-etimo-rose-crochet-en-acier-avec-manche-souple","status":"publish","type":"product","link":"https:\/\/www.swisscrochet.ch\/fr\/produit\/tulip-etimo-rose-crochet-en-acier-avec-manche-souple\/","title":{"rendered":"Tulip &#8211; Etimo Rose &#8211; Crochet en acier avec manche souple"},"content":{"rendered":"","protected":false},"excerpt":{"rendered":"<p>Le crochet Tulip Etimo Rose en acier est un crochet [dt_tooltip title=\"effil\u00e9\"]Un crochet effil\u00e9 a une t\u00eate arrondie, un col plus \u00e9troit que le corps et un long corps, surtout compar\u00e9 aux autres types de crochets.[\/dt_tooltip] de haute qualit\u00e9 avec une pointe fine, con\u00e7u pour un travail pr\u00e9cis et sans effort. Fabriqu\u00e9 en acier solide et durable, il garantit un crochet lisse et sans accroc, m\u00eame avec les fils les plus fins.<\/p>\n<p>Ce crochet poss\u00e8de un manche doux et ergonomique avec un repose-pouce anatomique pour offrir confort et r\u00e9duire la fatigue de la main lors de longues sessions de crochet. Un capuchon en plastique prot\u00e8ge la pointe, \u00e9vitant qu\u2019elle ne perce les tissus ou ne coince les mailles lorsqu\u2019il n\u2019est pas utilis\u00e9.<\/p>\n<p>Disponible en tailles ultra-fines allant de 0.40 mm \u00e0 1.75 mm, le crochet Tulip Etimo Rose en acier est id\u00e9al pour travailler avec des fils tr\u00e8s fins comme le fil \u00e0 crocheter, la dentelle et les fils l\u00e9gers. C\u2019est \u00e9galement un excellent outil pour l\u2019art tendance du <em>microcrochet<\/em>!<\/p>\n<p>Que vous soyez d\u00e9butant(e) explorant le crochet fin ou artisan exp\u00e9riment\u00e9 sp\u00e9cialis\u00e9 dans les projets d\u00e9licats, ce crochet offre pr\u00e9cision, confort et durabilit\u00e9.<\/p>\n<p><strong>Exclusivement disponible chez Swiss Crochet.<\/strong><\/p>\n","protected":false},"featured_media":8941,"template":"","meta":[],"product_brand":[],"product_cat":[550,221],"product_tag":[],"class_list":{"0":"post-8870","1":"product","2":"type-product","3":"status-publish","4":"has-post-thumbnail","6":"product_cat-crochets-avec-poignee","7":"product_cat-crochets-et-outils","8":"product_shipping_class-petits-envois","9":"pa_t1-manufacturer-tulip-fr","10":"description-off","12":"first","13":"instock","14":"taxable","15":"shipping-taxable","16":"purchasable","17":"product-type-variable","18":"wvs-archive-product-wrapper"},"bundled_by":[],"bundle_stock_status":"instock","bundle_stock_quantity":null,"bundle_virtual":false,"bundle_layout":"","bundle_add_to_cart_form_location":"","bundle_editable_in_cart":false,"bundle_sold_individually_context":"","bundle_item_grouping":"","bundle_min_size":"","bundle_max_size":"","bundle_price":[],"bundled_items":[],"bundle_sell_ids":[],"yoast_head":"<!-- This site is optimized with the Yoast SEO plugin v27.4 - https:\/\/yoast.com\/product\/yoast-seo-wordpress\/ -->\n<title>Tulip - Etimo Rose - Crochet en acier avec manche souple &#171; Swiss Crochet<\/title>\n<meta name=\"description\" content=\"Crochet Tulip Etimo Rose en acier - crochet en acier ultra-fin conique avec manche ergonomique, id\u00e9al pour le fil \u00e0 crocheter, les fils \u00e0 dentelle et le microcrochet. Pr\u00e9cision et confort pour les projets d\u00e9licats. Exclusivement chez Swiss Crochet.\" \/>\n<meta name=\"robots\" content=\"index, follow, max-snippet:-1, max-image-preview:large, max-video-preview:-1\" \/>\n<link rel=\"canonical\" href=\"https:\/\/www.swisscrochet.ch\/produit\/tulip-etimo-rose-steel-crochet-hook-with-soft-handle\/\" \/>\n<meta property=\"og:locale\" content=\"fr_FR\" \/>\n<meta property=\"og:type\" content=\"article\" \/>\n<meta property=\"og:title\" content=\"Tulip - Etimo Rose - Crochet en acier avec manche souple &#171; Swiss Crochet\" \/>\n<meta property=\"og:description\" content=\"Crochet Tulip Etimo Rose en acier - crochet en acier ultra-fin conique avec manche ergonomique, id\u00e9al pour le fil \u00e0 crocheter, les fils \u00e0 dentelle et le microcrochet. Pr\u00e9cision et confort pour les projets d\u00e9licats. Exclusivement chez Swiss Crochet.\" \/>\n<meta property=\"og:url\" content=\"https:\/\/www.swisscrochet.ch\/produit\/tulip-etimo-rose-steel-crochet-hook-with-soft-handle\/\" \/>\n<meta property=\"og:site_name\" content=\"Swiss Crochet\" \/>\n<meta property=\"article:modified_time\" content=\"2025-07-02T14:15:48+00:00\" \/>\n<meta property=\"og:image\" content=\"https:\/\/www.swisscrochet.ch\/wp-content\/uploads\/2025\/07\/Tulip\u2013Etimo-Rose\u2013Steel-Crochet-Hook-Overview.jpg\" \/>\n\t<meta property=\"og:image:width\" content=\"1000\" \/>\n\t<meta property=\"og:image:height\" content=\"1000\" \/>\n\t<meta property=\"og:image:type\" content=\"image\/jpeg\" \/>\n<meta name=\"twitter:card\" content=\"summary_large_image\" \/>\n<meta name=\"twitter:label1\" content=\"Dur\u00e9e de lecture estim\u00e9e\" \/>\n\t<meta name=\"twitter:data1\" content=\"1 minute\" \/>\n<script type=\"application\/ld+json\" class=\"yoast-schema-graph\">{\"@context\":\"https:\\\/\\\/schema.org\",\"@graph\":[{\"@type\":[\"WebPage\",\"ItemPage\"],\"@id\":\"https:\\\/\\\/www.swisscrochet.ch\\\/produit\\\/tulip-etimo-rose-steel-crochet-hook-with-soft-handle\\\/\",\"url\":\"https:\\\/\\\/www.swisscrochet.ch\\\/produit\\\/tulip-etimo-rose-steel-crochet-hook-with-soft-handle\\\/\",\"name\":\"Tulip - Etimo Rose - Crochet en acier avec manche souple &#171; Swiss Crochet\",\"isPartOf\":{\"@id\":\"https:\\\/\\\/www.swisscrochet.ch\\\/#website\"},\"primaryImageOfPage\":{\"@id\":\"https:\\\/\\\/www.swisscrochet.ch\\\/produit\\\/tulip-etimo-rose-steel-crochet-hook-with-soft-handle\\\/#primaryimage\"},\"image\":{\"@id\":\"https:\\\/\\\/www.swisscrochet.ch\\\/produit\\\/tulip-etimo-rose-steel-crochet-hook-with-soft-handle\\\/#primaryimage\"},\"thumbnailUrl\":\"https:\\\/\\\/www.swisscrochet.ch\\\/wp-content\\\/uploads\\\/2025\\\/07\\\/Tulip\u2013Etimo-Rose\u2013Steel-Crochet-Hook-Overview.jpg\",\"datePublished\":\"2025-07-02T14:14:38+00:00\",\"dateModified\":\"2025-07-02T14:15:48+00:00\",\"description\":\"Crochet Tulip Etimo Rose en acier - crochet en acier ultra-fin conique avec manche ergonomique, id\u00e9al pour le fil \u00e0 crocheter, les fils \u00e0 dentelle et le microcrochet. Pr\u00e9cision et confort pour les projets d\u00e9licats. Exclusivement chez Swiss Crochet.\",\"breadcrumb\":{\"@id\":\"https:\\\/\\\/www.swisscrochet.ch\\\/produit\\\/tulip-etimo-rose-steel-crochet-hook-with-soft-handle\\\/#breadcrumb\"},\"inLanguage\":\"fr-FR\",\"potentialAction\":[{\"@type\":\"ReadAction\",\"target\":[\"https:\\\/\\\/www.swisscrochet.ch\\\/produit\\\/tulip-etimo-rose-steel-crochet-hook-with-soft-handle\\\/\"]}]},{\"@type\":\"ImageObject\",\"inLanguage\":\"fr-FR\",\"@id\":\"https:\\\/\\\/www.swisscrochet.ch\\\/produit\\\/tulip-etimo-rose-steel-crochet-hook-with-soft-handle\\\/#primaryimage\",\"url\":\"https:\\\/\\\/www.swisscrochet.ch\\\/wp-content\\\/uploads\\\/2025\\\/07\\\/Tulip\u2013Etimo-Rose\u2013Steel-Crochet-Hook-Overview.jpg\",\"contentUrl\":\"https:\\\/\\\/www.swisscrochet.ch\\\/wp-content\\\/uploads\\\/2025\\\/07\\\/Tulip\u2013Etimo-Rose\u2013Steel-Crochet-Hook-Overview.jpg\",\"width\":1000,\"height\":1000},{\"@type\":\"BreadcrumbList\",\"@id\":\"https:\\\/\\\/www.swisscrochet.ch\\\/produit\\\/tulip-etimo-rose-steel-crochet-hook-with-soft-handle\\\/#breadcrumb\",\"itemListElement\":[{\"@type\":\"ListItem\",\"position\":1,\"name\":\"Home\",\"item\":\"https:\\\/\\\/www.swisscrochet.ch\\\/fr\\\/\"},{\"@type\":\"ListItem\",\"position\":2,\"name\":\"Boutique\",\"item\":\"https:\\\/\\\/www.swisscrochet.ch\\\/fr\\\/boutique\\\/\"},{\"@type\":\"ListItem\",\"position\":3,\"name\":\"Tulip &#8211; Etimo Rose &#8211; Crochet en acier avec manche souple\"}]},{\"@type\":\"WebSite\",\"@id\":\"https:\\\/\\\/www.swisscrochet.ch\\\/#website\",\"url\":\"https:\\\/\\\/www.swisscrochet.ch\\\/\",\"name\":\"Swiss Crochet\",\"description\":\"Lib\u00e9rez votre potentiel cr\u00e9atif\",\"potentialAction\":[{\"@type\":\"SearchAction\",\"target\":{\"@type\":\"EntryPoint\",\"urlTemplate\":\"https:\\\/\\\/www.swisscrochet.ch\\\/?s={search_term_string}\"},\"query-input\":{\"@type\":\"PropertyValueSpecification\",\"valueRequired\":true,\"valueName\":\"search_term_string\"}}],\"inLanguage\":\"fr-FR\"}]}<\/script>\n<!-- \/ Yoast SEO plugin. -->","yoast_head_json":{"title":"Tulip - Etimo Rose - Crochet en acier avec manche souple &#171; Swiss Crochet","description":"Crochet Tulip Etimo Rose en acier - crochet en acier ultra-fin conique avec manche ergonomique, id\u00e9al pour le fil \u00e0 crocheter, les fils \u00e0 dentelle et le microcrochet. Pr\u00e9cision et confort pour les projets d\u00e9licats. Exclusivement chez Swiss Crochet.","robots":{"index":"index","follow":"follow","max-snippet":"max-snippet:-1","max-image-preview":"max-image-preview:large","max-video-preview":"max-video-preview:-1"},"canonical":"https:\/\/www.swisscrochet.ch\/produit\/tulip-etimo-rose-steel-crochet-hook-with-soft-handle\/","og_locale":"fr_FR","og_type":"article","og_title":"Tulip - Etimo Rose - Crochet en acier avec manche souple &#171; Swiss Crochet","og_description":"Crochet Tulip Etimo Rose en acier - crochet en acier ultra-fin conique avec manche ergonomique, id\u00e9al pour le fil \u00e0 crocheter, les fils \u00e0 dentelle et le microcrochet. Pr\u00e9cision et confort pour les projets d\u00e9licats. Exclusivement chez Swiss Crochet.","og_url":"https:\/\/www.swisscrochet.ch\/produit\/tulip-etimo-rose-steel-crochet-hook-with-soft-handle\/","og_site_name":"Swiss Crochet","article_modified_time":"2025-07-02T14:15:48+00:00","og_image":[{"width":1000,"height":1000,"url":"https:\/\/www.swisscrochet.ch\/wp-content\/uploads\/2025\/07\/Tulip\u2013Etimo-Rose\u2013Steel-Crochet-Hook-Overview.jpg","type":"image\/jpeg"}],"twitter_card":"summary_large_image","twitter_misc":{"Dur\u00e9e de lecture estim\u00e9e":"1 minute"},"schema":{"@context":"https:\/\/schema.org","@graph":[{"@type":["WebPage","ItemPage"],"@id":"https:\/\/www.swisscrochet.ch\/produit\/tulip-etimo-rose-steel-crochet-hook-with-soft-handle\/","url":"https:\/\/www.swisscrochet.ch\/produit\/tulip-etimo-rose-steel-crochet-hook-with-soft-handle\/","name":"Tulip - Etimo Rose - Crochet en acier avec manche souple &#171; Swiss Crochet","isPartOf":{"@id":"https:\/\/www.swisscrochet.ch\/#website"},"primaryImageOfPage":{"@id":"https:\/\/www.swisscrochet.ch\/produit\/tulip-etimo-rose-steel-crochet-hook-with-soft-handle\/#primaryimage"},"image":{"@id":"https:\/\/www.swisscrochet.ch\/produit\/tulip-etimo-rose-steel-crochet-hook-with-soft-handle\/#primaryimage"},"thumbnailUrl":"https:\/\/www.swisscrochet.ch\/wp-content\/uploads\/2025\/07\/Tulip\u2013Etimo-Rose\u2013Steel-Crochet-Hook-Overview.jpg","datePublished":"2025-07-02T14:14:38+00:00","dateModified":"2025-07-02T14:15:48+00:00","description":"Crochet Tulip Etimo Rose en acier - crochet en acier ultra-fin conique avec manche ergonomique, id\u00e9al pour le fil \u00e0 crocheter, les fils \u00e0 dentelle et le microcrochet. Pr\u00e9cision et confort pour les projets d\u00e9licats. Exclusivement chez Swiss Crochet.","breadcrumb":{"@id":"https:\/\/www.swisscrochet.ch\/produit\/tulip-etimo-rose-steel-crochet-hook-with-soft-handle\/#breadcrumb"},"inLanguage":"fr-FR","potentialAction":[{"@type":"ReadAction","target":["https:\/\/www.swisscrochet.ch\/produit\/tulip-etimo-rose-steel-crochet-hook-with-soft-handle\/"]}]},{"@type":"ImageObject","inLanguage":"fr-FR","@id":"https:\/\/www.swisscrochet.ch\/produit\/tulip-etimo-rose-steel-crochet-hook-with-soft-handle\/#primaryimage","url":"https:\/\/www.swisscrochet.ch\/wp-content\/uploads\/2025\/07\/Tulip\u2013Etimo-Rose\u2013Steel-Crochet-Hook-Overview.jpg","contentUrl":"https:\/\/www.swisscrochet.ch\/wp-content\/uploads\/2025\/07\/Tulip\u2013Etimo-Rose\u2013Steel-Crochet-Hook-Overview.jpg","width":1000,"height":1000},{"@type":"BreadcrumbList","@id":"https:\/\/www.swisscrochet.ch\/produit\/tulip-etimo-rose-steel-crochet-hook-with-soft-handle\/#breadcrumb","itemListElement":[{"@type":"ListItem","position":1,"name":"Home","item":"https:\/\/www.swisscrochet.ch\/fr\/"},{"@type":"ListItem","position":2,"name":"Boutique","item":"https:\/\/www.swisscrochet.ch\/fr\/boutique\/"},{"@type":"ListItem","position":3,"name":"Tulip &#8211; Etimo Rose &#8211; Crochet en acier avec manche souple"}]},{"@type":"WebSite","@id":"https:\/\/www.swisscrochet.ch\/#website","url":"https:\/\/www.swisscrochet.ch\/","name":"Swiss Crochet","description":"Lib\u00e9rez votre potentiel cr\u00e9atif","potentialAction":[{"@type":"SearchAction","target":{"@type":"EntryPoint","urlTemplate":"https:\/\/www.swisscrochet.ch\/?s={search_term_string}"},"query-input":{"@type":"PropertyValueSpecification","valueRequired":true,"valueName":"search_term_string"}}],"inLanguage":"fr-FR"}]}},"_links":{"self":[{"href":"https:\/\/www.swisscrochet.ch\/fr\/wp-json\/wp\/v2\/product\/8870","targetHints":{"allow":["GET"]}}],"collection":[{"href":"https:\/\/www.swisscrochet.ch\/fr\/wp-json\/wp\/v2\/product"}],"about":[{"href":"https:\/\/www.swisscrochet.ch\/fr\/wp-json\/wp\/v2\/types\/product"}],"wp:featuredmedia":[{"embeddable":true,"href":"https:\/\/www.swisscrochet.ch\/fr\/wp-json\/wp\/v2\/media\/8941"}],"wp:attachment":[{"href":"https:\/\/www.swisscrochet.ch\/fr\/wp-json\/wp\/v2\/media?parent=8870"}],"wp:term":[{"taxonomy":"product_brand","embeddable":true,"href":"https:\/\/www.swisscrochet.ch\/fr\/wp-json\/wp\/v2\/product_brand?post=8870"},{"taxonomy":"product_cat","embeddable":true,"href":"https:\/\/www.swisscrochet.ch\/fr\/wp-json\/wp\/v2\/product_cat?post=8870"},{"taxonomy":"product_tag","embeddable":true,"href":"https:\/\/www.swisscrochet.ch\/fr\/wp-json\/wp\/v2\/product_tag?post=8870"}],"curies":[{"name":"wp","href":"https:\/\/api.w.org\/{rel}","templated":true}]}}