{"id":9488,"date":"2025-07-18T17:39:23","date_gmt":"2025-07-18T15:39:23","guid":{"rendered":"https:\/\/www.swisscrochet.ch\/product\/hoooked-wavy-blends\/"},"modified":"2025-09-04T13:26:00","modified_gmt":"2025-09-04T11:26:00","slug":"hoooked-wavy-blends","status":"publish","type":"product","link":"https:\/\/www.swisscrochet.ch\/fr\/produit\/hoooked-wavy-blends\/","title":{"rendered":"Hoooked &#8211; Wavy Blends"},"content":{"rendered":"","protected":false},"excerpt":{"rendered":"<p>Hoooked Wavy Blends est un fil polyvalent et durable, fabriqu\u00e9 \u00e0 partir de d\u00e9chets textiles pr\u00e9-consommation. Gr\u00e2ce \u00e0 sa structure en cha\u00eenette (i-cord), il offre une excellente d\u00e9finition des points \u2013 id\u00e9al pour les projets au crochet qui mettent en valeur les textures nettes et pr\u00e9cises.<\/p>\n<p>Wavy Blends est compos\u00e9 de 80\u202f% de coton recycl\u00e9 de haute qualit\u00e9 et de 20\u202f% d&rsquo;autres fibres recycl\u00e9es. Les chutes textiles issues de l&rsquo;industrie sont r\u00e9cup\u00e9r\u00e9es, d\u00e9fibr\u00e9es, fil\u00e9es \u00e0 nouveau puis transform\u00e9es en une cha\u00eenette continue \u2013 la structure caract\u00e9ristique de Wavy Blends.<\/p>\n<p>Chaque cake pr\u00e9sente un magnifique d\u00e9grad\u00e9 de couleurs, inspir\u00e9 des teintes mouvantes des oc\u00e9ans sauvages et des rivi\u00e8res naturelles.<\/p>\n<p>Wavy Blends est particuli\u00e8rement adapt\u00e9 aux paniers, sacs, tapis et projets de d\u00e9coration int\u00e9rieure. Sa taille Aran lui conf\u00e8re une bonne tenue et permet une progression rapide \u2013 mais son poids le rend moins adapt\u00e9 aux v\u00eatements.<\/p>\n<p>L\u2019\u00e9chantillon illustr\u00e9 a \u00e9t\u00e9 lav\u00e9 en machine (programme normal \u00e0 40 \u00b0C) et repass\u00e9 \u00e0 la vapeur.<\/p>\n<p>Donnez vie \u00e0 votre prochain projet d\u00e9co \u2013 d\u00e9couvrez les superbes nuances de Wavy Blends d\u00e8s aujourd\u2019hui!<\/p>\n","protected":false},"featured_media":9199,"template":"","meta":[],"product_brand":[],"product_cat":[227,1882],"product_tag":[],"class_list":{"0":"post-9488","1":"product","2":"type-product","3":"status-publish","4":"has-post-thumbnail","6":"product_cat-fils","7":"product_cat-fils-sacs-et-decoration-interieure","8":"pa_y1-brand-hoooked-fr","9":"pa_y17-yarn-weight-aran-fr","10":"description-off","12":"first","13":"instock","14":"taxable","15":"shipping-taxable","16":"purchasable","17":"product-type-variable","18":"wvs-archive-product-wrapper"},"bundled_by":["12664","12824"],"bundle_stock_status":"instock","bundle_stock_quantity":null,"bundle_virtual":false,"bundle_layout":"","bundle_add_to_cart_form_location":"","bundle_editable_in_cart":false,"bundle_sold_individually_context":"","bundle_item_grouping":"","bundle_min_size":"","bundle_max_size":"","bundle_price":[],"bundled_items":[],"bundle_sell_ids":[],"yoast_head":"<!-- This site is optimized with the Yoast SEO plugin v27.5 - https:\/\/yoast.com\/product\/yoast-seo-wordpress\/ -->\n<title>Hoooked - Wavy Blends &#171; Swiss Crochet<\/title>\n<meta name=\"description\" content=\"D\u00e9couvrez Hoooked Wavy Blends \u2013 un fil durable \u00e0 d\u00e9grad\u00e9 de couleurs, compos\u00e9 de 80\u202f% de coton recycl\u00e9. Id\u00e9al pour crocheter des paniers, des sacs et des objets d\u00e9co, avec une belle d\u00e9finition des points et une approche \u00e9cologique.\" \/>\n<meta name=\"robots\" content=\"index, follow, max-snippet:-1, max-image-preview:large, max-video-preview:-1\" \/>\n<link rel=\"canonical\" href=\"https:\/\/www.swisscrochet.ch\/fr\/produit\/hoooked-wavy-blends\/\" \/>\n<meta property=\"og:locale\" content=\"fr_FR\" \/>\n<meta property=\"og:type\" content=\"article\" \/>\n<meta property=\"og:title\" content=\"Hoooked - Wavy Blends &#171; Swiss Crochet\" \/>\n<meta property=\"og:description\" content=\"D\u00e9couvrez Hoooked Wavy Blends \u2013 un fil durable \u00e0 d\u00e9grad\u00e9 de couleurs, compos\u00e9 de 80\u202f% de coton recycl\u00e9. Id\u00e9al pour crocheter des paniers, des sacs et des objets d\u00e9co, avec une belle d\u00e9finition des points et une approche \u00e9cologique.\" \/>\n<meta property=\"og:url\" content=\"https:\/\/www.swisscrochet.ch\/fr\/produit\/hoooked-wavy-blends\/\" \/>\n<meta property=\"og:site_name\" content=\"Swiss Crochet\" \/>\n<meta property=\"article:modified_time\" content=\"2025-09-04T11:26:00+00:00\" \/>\n<meta property=\"og:image\" content=\"https:\/\/www.swisscrochet.ch\/wp-content\/uploads\/2025\/07\/Hoooked-Wavy-Blends-Overview.jpg\" \/>\n\t<meta property=\"og:image:width\" content=\"1000\" \/>\n\t<meta property=\"og:image:height\" content=\"1000\" \/>\n\t<meta property=\"og:image:type\" content=\"image\/jpeg\" \/>\n<meta name=\"twitter:card\" content=\"summary_large_image\" \/>\n<meta name=\"twitter:label1\" content=\"Dur\u00e9e de lecture estim\u00e9e\" \/>\n\t<meta name=\"twitter:data1\" content=\"1 minute\" \/>\n<script type=\"application\/ld+json\" class=\"yoast-schema-graph\">{\"@context\":\"https:\\\/\\\/schema.org\",\"@graph\":[{\"@type\":[\"WebPage\",\"ItemPage\"],\"@id\":\"https:\\\/\\\/www.swisscrochet.ch\\\/fr\\\/produit\\\/hoooked-wavy-blends\\\/\",\"url\":\"https:\\\/\\\/www.swisscrochet.ch\\\/fr\\\/produit\\\/hoooked-wavy-blends\\\/\",\"name\":\"Hoooked - Wavy Blends &#171; Swiss Crochet\",\"isPartOf\":{\"@id\":\"https:\\\/\\\/www.swisscrochet.ch\\\/#website\"},\"primaryImageOfPage\":{\"@id\":\"https:\\\/\\\/www.swisscrochet.ch\\\/fr\\\/produit\\\/hoooked-wavy-blends\\\/#primaryimage\"},\"image\":{\"@id\":\"https:\\\/\\\/www.swisscrochet.ch\\\/fr\\\/produit\\\/hoooked-wavy-blends\\\/#primaryimage\"},\"thumbnailUrl\":\"https:\\\/\\\/www.swisscrochet.ch\\\/wp-content\\\/uploads\\\/2025\\\/07\\\/Hoooked-Wavy-Blends-Overview.jpg\",\"datePublished\":\"2025-07-18T15:39:23+00:00\",\"dateModified\":\"2025-09-04T11:26:00+00:00\",\"description\":\"D\u00e9couvrez Hoooked Wavy Blends \u2013 un fil durable \u00e0 d\u00e9grad\u00e9 de couleurs, compos\u00e9 de 80\u202f% de coton recycl\u00e9. Id\u00e9al pour crocheter des paniers, des sacs et des objets d\u00e9co, avec une belle d\u00e9finition des points et une approche \u00e9cologique.\",\"breadcrumb\":{\"@id\":\"https:\\\/\\\/www.swisscrochet.ch\\\/fr\\\/produit\\\/hoooked-wavy-blends\\\/#breadcrumb\"},\"inLanguage\":\"fr-FR\",\"potentialAction\":[{\"@type\":\"ReadAction\",\"target\":[\"https:\\\/\\\/www.swisscrochet.ch\\\/fr\\\/produit\\\/hoooked-wavy-blends\\\/\"]}]},{\"@type\":\"ImageObject\",\"inLanguage\":\"fr-FR\",\"@id\":\"https:\\\/\\\/www.swisscrochet.ch\\\/fr\\\/produit\\\/hoooked-wavy-blends\\\/#primaryimage\",\"url\":\"https:\\\/\\\/www.swisscrochet.ch\\\/wp-content\\\/uploads\\\/2025\\\/07\\\/Hoooked-Wavy-Blends-Overview.jpg\",\"contentUrl\":\"https:\\\/\\\/www.swisscrochet.ch\\\/wp-content\\\/uploads\\\/2025\\\/07\\\/Hoooked-Wavy-Blends-Overview.jpg\",\"width\":1000,\"height\":1000},{\"@type\":\"BreadcrumbList\",\"@id\":\"https:\\\/\\\/www.swisscrochet.ch\\\/fr\\\/produit\\\/hoooked-wavy-blends\\\/#breadcrumb\",\"itemListElement\":[{\"@type\":\"ListItem\",\"position\":1,\"name\":\"Home\",\"item\":\"https:\\\/\\\/www.swisscrochet.ch\\\/fr\\\/\"},{\"@type\":\"ListItem\",\"position\":2,\"name\":\"Boutique\",\"item\":\"https:\\\/\\\/www.swisscrochet.ch\\\/fr\\\/boutique\\\/\"},{\"@type\":\"ListItem\",\"position\":3,\"name\":\"Hoooked &#8211; Wavy Blends\"}]},{\"@type\":\"WebSite\",\"@id\":\"https:\\\/\\\/www.swisscrochet.ch\\\/#website\",\"url\":\"https:\\\/\\\/www.swisscrochet.ch\\\/\",\"name\":\"Swiss Crochet\",\"description\":\"Lib\u00e9rez votre potentiel cr\u00e9atif\",\"potentialAction\":[{\"@type\":\"SearchAction\",\"target\":{\"@type\":\"EntryPoint\",\"urlTemplate\":\"https:\\\/\\\/www.swisscrochet.ch\\\/?s={search_term_string}\"},\"query-input\":{\"@type\":\"PropertyValueSpecification\",\"valueRequired\":true,\"valueName\":\"search_term_string\"}}],\"inLanguage\":\"fr-FR\"}]}<\/script>\n<!-- \/ Yoast SEO plugin. -->","yoast_head_json":{"title":"Hoooked - Wavy Blends &#171; Swiss Crochet","description":"D\u00e9couvrez Hoooked Wavy Blends \u2013 un fil durable \u00e0 d\u00e9grad\u00e9 de couleurs, compos\u00e9 de 80\u202f% de coton recycl\u00e9. Id\u00e9al pour crocheter des paniers, des sacs et des objets d\u00e9co, avec une belle d\u00e9finition des points et une approche \u00e9cologique.","robots":{"index":"index","follow":"follow","max-snippet":"max-snippet:-1","max-image-preview":"max-image-preview:large","max-video-preview":"max-video-preview:-1"},"canonical":"https:\/\/www.swisscrochet.ch\/fr\/produit\/hoooked-wavy-blends\/","og_locale":"fr_FR","og_type":"article","og_title":"Hoooked - Wavy Blends &#171; Swiss Crochet","og_description":"D\u00e9couvrez Hoooked Wavy Blends \u2013 un fil durable \u00e0 d\u00e9grad\u00e9 de couleurs, compos\u00e9 de 80\u202f% de coton recycl\u00e9. Id\u00e9al pour crocheter des paniers, des sacs et des objets d\u00e9co, avec une belle d\u00e9finition des points et une approche \u00e9cologique.","og_url":"https:\/\/www.swisscrochet.ch\/fr\/produit\/hoooked-wavy-blends\/","og_site_name":"Swiss Crochet","article_modified_time":"2025-09-04T11:26:00+00:00","og_image":[{"width":1000,"height":1000,"url":"https:\/\/www.swisscrochet.ch\/wp-content\/uploads\/2025\/07\/Hoooked-Wavy-Blends-Overview.jpg","type":"image\/jpeg"}],"twitter_card":"summary_large_image","twitter_misc":{"Dur\u00e9e de lecture estim\u00e9e":"1 minute"},"schema":{"@context":"https:\/\/schema.org","@graph":[{"@type":["WebPage","ItemPage"],"@id":"https:\/\/www.swisscrochet.ch\/fr\/produit\/hoooked-wavy-blends\/","url":"https:\/\/www.swisscrochet.ch\/fr\/produit\/hoooked-wavy-blends\/","name":"Hoooked - Wavy Blends &#171; Swiss Crochet","isPartOf":{"@id":"https:\/\/www.swisscrochet.ch\/#website"},"primaryImageOfPage":{"@id":"https:\/\/www.swisscrochet.ch\/fr\/produit\/hoooked-wavy-blends\/#primaryimage"},"image":{"@id":"https:\/\/www.swisscrochet.ch\/fr\/produit\/hoooked-wavy-blends\/#primaryimage"},"thumbnailUrl":"https:\/\/www.swisscrochet.ch\/wp-content\/uploads\/2025\/07\/Hoooked-Wavy-Blends-Overview.jpg","datePublished":"2025-07-18T15:39:23+00:00","dateModified":"2025-09-04T11:26:00+00:00","description":"D\u00e9couvrez Hoooked Wavy Blends \u2013 un fil durable \u00e0 d\u00e9grad\u00e9 de couleurs, compos\u00e9 de 80\u202f% de coton recycl\u00e9. Id\u00e9al pour crocheter des paniers, des sacs et des objets d\u00e9co, avec une belle d\u00e9finition des points et une approche \u00e9cologique.","breadcrumb":{"@id":"https:\/\/www.swisscrochet.ch\/fr\/produit\/hoooked-wavy-blends\/#breadcrumb"},"inLanguage":"fr-FR","potentialAction":[{"@type":"ReadAction","target":["https:\/\/www.swisscrochet.ch\/fr\/produit\/hoooked-wavy-blends\/"]}]},{"@type":"ImageObject","inLanguage":"fr-FR","@id":"https:\/\/www.swisscrochet.ch\/fr\/produit\/hoooked-wavy-blends\/#primaryimage","url":"https:\/\/www.swisscrochet.ch\/wp-content\/uploads\/2025\/07\/Hoooked-Wavy-Blends-Overview.jpg","contentUrl":"https:\/\/www.swisscrochet.ch\/wp-content\/uploads\/2025\/07\/Hoooked-Wavy-Blends-Overview.jpg","width":1000,"height":1000},{"@type":"BreadcrumbList","@id":"https:\/\/www.swisscrochet.ch\/fr\/produit\/hoooked-wavy-blends\/#breadcrumb","itemListElement":[{"@type":"ListItem","position":1,"name":"Home","item":"https:\/\/www.swisscrochet.ch\/fr\/"},{"@type":"ListItem","position":2,"name":"Boutique","item":"https:\/\/www.swisscrochet.ch\/fr\/boutique\/"},{"@type":"ListItem","position":3,"name":"Hoooked &#8211; Wavy Blends"}]},{"@type":"WebSite","@id":"https:\/\/www.swisscrochet.ch\/#website","url":"https:\/\/www.swisscrochet.ch\/","name":"Swiss Crochet","description":"Lib\u00e9rez votre potentiel cr\u00e9atif","potentialAction":[{"@type":"SearchAction","target":{"@type":"EntryPoint","urlTemplate":"https:\/\/www.swisscrochet.ch\/?s={search_term_string}"},"query-input":{"@type":"PropertyValueSpecification","valueRequired":true,"valueName":"search_term_string"}}],"inLanguage":"fr-FR"}]}},"_links":{"self":[{"href":"https:\/\/www.swisscrochet.ch\/fr\/wp-json\/wp\/v2\/product\/9488","targetHints":{"allow":["GET"]}}],"collection":[{"href":"https:\/\/www.swisscrochet.ch\/fr\/wp-json\/wp\/v2\/product"}],"about":[{"href":"https:\/\/www.swisscrochet.ch\/fr\/wp-json\/wp\/v2\/types\/product"}],"wp:featuredmedia":[{"embeddable":true,"href":"https:\/\/www.swisscrochet.ch\/fr\/wp-json\/wp\/v2\/media\/9199"}],"wp:attachment":[{"href":"https:\/\/www.swisscrochet.ch\/fr\/wp-json\/wp\/v2\/media?parent=9488"}],"wp:term":[{"taxonomy":"product_brand","embeddable":true,"href":"https:\/\/www.swisscrochet.ch\/fr\/wp-json\/wp\/v2\/product_brand?post=9488"},{"taxonomy":"product_cat","embeddable":true,"href":"https:\/\/www.swisscrochet.ch\/fr\/wp-json\/wp\/v2\/product_cat?post=9488"},{"taxonomy":"product_tag","embeddable":true,"href":"https:\/\/www.swisscrochet.ch\/fr\/wp-json\/wp\/v2\/product_tag?post=9488"}],"curies":[{"name":"wp","href":"https:\/\/api.w.org\/{rel}","templated":true}]}}