{"id":9559,"date":"2025-07-18T18:26:24","date_gmt":"2025-07-18T16:26:24","guid":{"rendered":"https:\/\/www.swisscrochet.ch\/product\/hoooked-odyssey-lurex\/"},"modified":"2026-03-15T20:33:53","modified_gmt":"2026-03-15T19:33:53","slug":"hoooked-odyssey-lurex","status":"publish","type":"product","link":"https:\/\/www.swisscrochet.ch\/fr\/produit\/hoooked-odyssey-lurex\/","title":{"rendered":"Hoooked &#8211; Odyssey Lurex"},"content":{"rendered":"","protected":false},"excerpt":{"rendered":"<p>Hoooked Odyssey Lurex est un fil polyvalent et durable, fabriqu\u00e9 \u00e0 partir de d\u00e9chets textiles pr\u00e9-consommation. Gr\u00e2ce \u00e0 sa structure cha\u00eenette (i-cord), il offre une excellente d\u00e9finition des mailles, id\u00e9ale pour les projets au crochet aux textures nettes et pr\u00e9cises.<\/p>\n<p>Ce fil \u00e9coresponsable est compos\u00e9 de 60\u202f% de coton recycl\u00e9 de haute qualit\u00e9, 20\u202f% d\u2019autres fibres recycl\u00e9es et 20\u202f% de lurex. Des chutes textiles de l\u2019industrie de la mode \u2013 qui seraient autrement jet\u00e9es \u2013 sont revaloris\u00e9es, fil\u00e9es \u00e0 nouveau et transform\u00e9es en une cha\u00eenette r\u00e9sistante.<\/p>\n<p>La collection Odyssey Lurex se d\u00e9cline en 16 couleurs scintillantes, inspir\u00e9es de l\u2019univers.<\/p>\n<p>Abordable et riche en potentiel cr\u00e9atif, Odyssey Lurex convient \u00e0 une grande vari\u00e9t\u00e9 de projets: amigurumis, d\u00e9corations de No\u00ebl, v\u00eatements \u00e9l\u00e9gants ou accessoires brillants.<\/p>\n<p>L\u2019\u00e9chantillon illustr\u00e9 a \u00e9t\u00e9 lav\u00e9 en machine (programme normal \u00e0 40 \u00b0C) et repass\u00e9 \u00e0 la vapeur.<\/p>\n<p>Ajoutez une touche d\u2019\u00e9clat \u00e0 votre prochain projet au crochet \u2013 explorez l\u2019univers d\u2019Odyssey Lurex d\u00e8s aujourd\u2019hui!<\/p>\n","protected":false},"featured_media":9307,"template":"","meta":[],"product_brand":[],"product_cat":[1880,1885,227,1882],"product_tag":[],"class_list":{"0":"post-9559","1":"product","2":"type-product","3":"status-publish","4":"has-post-thumbnail","6":"product_cat-fils-amigurumi","7":"product_cat-fils-couvertures","8":"product_cat-fils","9":"product_cat-fils-sacs-et-decoration-interieure","10":"pa_y1-brand-hoooked-fr","11":"pa_y17-yarn-weight-dk-fr","12":"description-off","14":"first","15":"instock","16":"taxable","17":"shipping-taxable","18":"purchasable","19":"product-type-variable","20":"wvs-archive-product-wrapper"},"bundled_by":["25451","25451","29928"],"bundle_stock_status":"instock","bundle_stock_quantity":null,"bundle_virtual":false,"bundle_layout":"","bundle_add_to_cart_form_location":"","bundle_editable_in_cart":false,"bundle_sold_individually_context":"","bundle_item_grouping":"","bundle_min_size":"","bundle_max_size":"","bundle_price":[],"bundled_items":[],"bundle_sell_ids":[],"yoast_head":"<!-- This site is optimized with the Yoast SEO plugin v27.5 - https:\/\/yoast.com\/product\/yoast-seo-wordpress\/ -->\n<title>Hoooked - Odyssey Lurex &#171; Swiss Crochet<\/title>\n<meta name=\"description\" content=\"Hoooked Odyssey Lurex est un fil cha\u00eenette durable compos\u00e9 de coton recycl\u00e9 et de lurex. Parfait pour des projets au crochet comme des amigurumis, des accessoires et des d\u00e9corations de f\u00eate.\" \/>\n<meta name=\"robots\" content=\"index, follow, max-snippet:-1, max-image-preview:large, max-video-preview:-1\" \/>\n<link rel=\"canonical\" href=\"https:\/\/www.swisscrochet.ch\/fr\/produit\/hoooked-odyssey-lurex\/\" \/>\n<meta property=\"og:locale\" content=\"fr_FR\" \/>\n<meta property=\"og:type\" content=\"article\" \/>\n<meta property=\"og:title\" content=\"Hoooked - Odyssey Lurex &#171; Swiss Crochet\" \/>\n<meta property=\"og:description\" content=\"Hoooked Odyssey Lurex est un fil cha\u00eenette durable compos\u00e9 de coton recycl\u00e9 et de lurex. Parfait pour des projets au crochet comme des amigurumis, des accessoires et des d\u00e9corations de f\u00eate.\" \/>\n<meta property=\"og:url\" content=\"https:\/\/www.swisscrochet.ch\/fr\/produit\/hoooked-odyssey-lurex\/\" \/>\n<meta property=\"og:site_name\" content=\"Swiss Crochet\" \/>\n<meta property=\"article:modified_time\" content=\"2026-03-15T19:33:53+00:00\" \/>\n<meta property=\"og:image\" content=\"https:\/\/www.swisscrochet.ch\/wp-content\/uploads\/2025\/07\/Hoooked-Odessey-Lurex-Overview.jpg\" \/>\n\t<meta property=\"og:image:width\" content=\"1000\" \/>\n\t<meta property=\"og:image:height\" content=\"1000\" \/>\n\t<meta property=\"og:image:type\" content=\"image\/jpeg\" \/>\n<meta name=\"twitter:card\" content=\"summary_large_image\" \/>\n<meta name=\"twitter:label1\" content=\"Dur\u00e9e de lecture estim\u00e9e\" \/>\n\t<meta name=\"twitter:data1\" content=\"1 minute\" \/>\n<script type=\"application\/ld+json\" class=\"yoast-schema-graph\">{\"@context\":\"https:\\\/\\\/schema.org\",\"@graph\":[{\"@type\":[\"WebPage\",\"ItemPage\"],\"@id\":\"https:\\\/\\\/www.swisscrochet.ch\\\/fr\\\/produit\\\/hoooked-odyssey-lurex\\\/\",\"url\":\"https:\\\/\\\/www.swisscrochet.ch\\\/fr\\\/produit\\\/hoooked-odyssey-lurex\\\/\",\"name\":\"Hoooked - Odyssey Lurex &#171; Swiss Crochet\",\"isPartOf\":{\"@id\":\"https:\\\/\\\/www.swisscrochet.ch\\\/#website\"},\"primaryImageOfPage\":{\"@id\":\"https:\\\/\\\/www.swisscrochet.ch\\\/fr\\\/produit\\\/hoooked-odyssey-lurex\\\/#primaryimage\"},\"image\":{\"@id\":\"https:\\\/\\\/www.swisscrochet.ch\\\/fr\\\/produit\\\/hoooked-odyssey-lurex\\\/#primaryimage\"},\"thumbnailUrl\":\"https:\\\/\\\/www.swisscrochet.ch\\\/wp-content\\\/uploads\\\/2025\\\/07\\\/Hoooked-Odessey-Lurex-Overview.jpg\",\"datePublished\":\"2025-07-18T16:26:24+00:00\",\"dateModified\":\"2026-03-15T19:33:53+00:00\",\"description\":\"Hoooked Odyssey Lurex est un fil cha\u00eenette durable compos\u00e9 de coton recycl\u00e9 et de lurex. Parfait pour des projets au crochet comme des amigurumis, des accessoires et des d\u00e9corations de f\u00eate.\",\"breadcrumb\":{\"@id\":\"https:\\\/\\\/www.swisscrochet.ch\\\/fr\\\/produit\\\/hoooked-odyssey-lurex\\\/#breadcrumb\"},\"inLanguage\":\"fr-FR\",\"potentialAction\":[{\"@type\":\"ReadAction\",\"target\":[\"https:\\\/\\\/www.swisscrochet.ch\\\/fr\\\/produit\\\/hoooked-odyssey-lurex\\\/\"]}]},{\"@type\":\"ImageObject\",\"inLanguage\":\"fr-FR\",\"@id\":\"https:\\\/\\\/www.swisscrochet.ch\\\/fr\\\/produit\\\/hoooked-odyssey-lurex\\\/#primaryimage\",\"url\":\"https:\\\/\\\/www.swisscrochet.ch\\\/wp-content\\\/uploads\\\/2025\\\/07\\\/Hoooked-Odessey-Lurex-Overview.jpg\",\"contentUrl\":\"https:\\\/\\\/www.swisscrochet.ch\\\/wp-content\\\/uploads\\\/2025\\\/07\\\/Hoooked-Odessey-Lurex-Overview.jpg\",\"width\":1000,\"height\":1000},{\"@type\":\"BreadcrumbList\",\"@id\":\"https:\\\/\\\/www.swisscrochet.ch\\\/fr\\\/produit\\\/hoooked-odyssey-lurex\\\/#breadcrumb\",\"itemListElement\":[{\"@type\":\"ListItem\",\"position\":1,\"name\":\"Home\",\"item\":\"https:\\\/\\\/www.swisscrochet.ch\\\/fr\\\/\"},{\"@type\":\"ListItem\",\"position\":2,\"name\":\"Boutique\",\"item\":\"https:\\\/\\\/www.swisscrochet.ch\\\/fr\\\/boutique\\\/\"},{\"@type\":\"ListItem\",\"position\":3,\"name\":\"Hoooked &#8211; Odyssey Lurex\"}]},{\"@type\":\"WebSite\",\"@id\":\"https:\\\/\\\/www.swisscrochet.ch\\\/#website\",\"url\":\"https:\\\/\\\/www.swisscrochet.ch\\\/\",\"name\":\"Swiss Crochet\",\"description\":\"Lib\u00e9rez votre potentiel cr\u00e9atif\",\"potentialAction\":[{\"@type\":\"SearchAction\",\"target\":{\"@type\":\"EntryPoint\",\"urlTemplate\":\"https:\\\/\\\/www.swisscrochet.ch\\\/?s={search_term_string}\"},\"query-input\":{\"@type\":\"PropertyValueSpecification\",\"valueRequired\":true,\"valueName\":\"search_term_string\"}}],\"inLanguage\":\"fr-FR\"}]}<\/script>\n<!-- \/ Yoast SEO plugin. -->","yoast_head_json":{"title":"Hoooked - Odyssey Lurex &#171; Swiss Crochet","description":"Hoooked Odyssey Lurex est un fil cha\u00eenette durable compos\u00e9 de coton recycl\u00e9 et de lurex. Parfait pour des projets au crochet comme des amigurumis, des accessoires et des d\u00e9corations de f\u00eate.","robots":{"index":"index","follow":"follow","max-snippet":"max-snippet:-1","max-image-preview":"max-image-preview:large","max-video-preview":"max-video-preview:-1"},"canonical":"https:\/\/www.swisscrochet.ch\/fr\/produit\/hoooked-odyssey-lurex\/","og_locale":"fr_FR","og_type":"article","og_title":"Hoooked - Odyssey Lurex &#171; Swiss Crochet","og_description":"Hoooked Odyssey Lurex est un fil cha\u00eenette durable compos\u00e9 de coton recycl\u00e9 et de lurex. Parfait pour des projets au crochet comme des amigurumis, des accessoires et des d\u00e9corations de f\u00eate.","og_url":"https:\/\/www.swisscrochet.ch\/fr\/produit\/hoooked-odyssey-lurex\/","og_site_name":"Swiss Crochet","article_modified_time":"2026-03-15T19:33:53+00:00","og_image":[{"width":1000,"height":1000,"url":"https:\/\/www.swisscrochet.ch\/wp-content\/uploads\/2025\/07\/Hoooked-Odessey-Lurex-Overview.jpg","type":"image\/jpeg"}],"twitter_card":"summary_large_image","twitter_misc":{"Dur\u00e9e de lecture estim\u00e9e":"1 minute"},"schema":{"@context":"https:\/\/schema.org","@graph":[{"@type":["WebPage","ItemPage"],"@id":"https:\/\/www.swisscrochet.ch\/fr\/produit\/hoooked-odyssey-lurex\/","url":"https:\/\/www.swisscrochet.ch\/fr\/produit\/hoooked-odyssey-lurex\/","name":"Hoooked - Odyssey Lurex &#171; Swiss Crochet","isPartOf":{"@id":"https:\/\/www.swisscrochet.ch\/#website"},"primaryImageOfPage":{"@id":"https:\/\/www.swisscrochet.ch\/fr\/produit\/hoooked-odyssey-lurex\/#primaryimage"},"image":{"@id":"https:\/\/www.swisscrochet.ch\/fr\/produit\/hoooked-odyssey-lurex\/#primaryimage"},"thumbnailUrl":"https:\/\/www.swisscrochet.ch\/wp-content\/uploads\/2025\/07\/Hoooked-Odessey-Lurex-Overview.jpg","datePublished":"2025-07-18T16:26:24+00:00","dateModified":"2026-03-15T19:33:53+00:00","description":"Hoooked Odyssey Lurex est un fil cha\u00eenette durable compos\u00e9 de coton recycl\u00e9 et de lurex. Parfait pour des projets au crochet comme des amigurumis, des accessoires et des d\u00e9corations de f\u00eate.","breadcrumb":{"@id":"https:\/\/www.swisscrochet.ch\/fr\/produit\/hoooked-odyssey-lurex\/#breadcrumb"},"inLanguage":"fr-FR","potentialAction":[{"@type":"ReadAction","target":["https:\/\/www.swisscrochet.ch\/fr\/produit\/hoooked-odyssey-lurex\/"]}]},{"@type":"ImageObject","inLanguage":"fr-FR","@id":"https:\/\/www.swisscrochet.ch\/fr\/produit\/hoooked-odyssey-lurex\/#primaryimage","url":"https:\/\/www.swisscrochet.ch\/wp-content\/uploads\/2025\/07\/Hoooked-Odessey-Lurex-Overview.jpg","contentUrl":"https:\/\/www.swisscrochet.ch\/wp-content\/uploads\/2025\/07\/Hoooked-Odessey-Lurex-Overview.jpg","width":1000,"height":1000},{"@type":"BreadcrumbList","@id":"https:\/\/www.swisscrochet.ch\/fr\/produit\/hoooked-odyssey-lurex\/#breadcrumb","itemListElement":[{"@type":"ListItem","position":1,"name":"Home","item":"https:\/\/www.swisscrochet.ch\/fr\/"},{"@type":"ListItem","position":2,"name":"Boutique","item":"https:\/\/www.swisscrochet.ch\/fr\/boutique\/"},{"@type":"ListItem","position":3,"name":"Hoooked &#8211; Odyssey Lurex"}]},{"@type":"WebSite","@id":"https:\/\/www.swisscrochet.ch\/#website","url":"https:\/\/www.swisscrochet.ch\/","name":"Swiss Crochet","description":"Lib\u00e9rez votre potentiel cr\u00e9atif","potentialAction":[{"@type":"SearchAction","target":{"@type":"EntryPoint","urlTemplate":"https:\/\/www.swisscrochet.ch\/?s={search_term_string}"},"query-input":{"@type":"PropertyValueSpecification","valueRequired":true,"valueName":"search_term_string"}}],"inLanguage":"fr-FR"}]}},"_links":{"self":[{"href":"https:\/\/www.swisscrochet.ch\/fr\/wp-json\/wp\/v2\/product\/9559","targetHints":{"allow":["GET"]}}],"collection":[{"href":"https:\/\/www.swisscrochet.ch\/fr\/wp-json\/wp\/v2\/product"}],"about":[{"href":"https:\/\/www.swisscrochet.ch\/fr\/wp-json\/wp\/v2\/types\/product"}],"wp:featuredmedia":[{"embeddable":true,"href":"https:\/\/www.swisscrochet.ch\/fr\/wp-json\/wp\/v2\/media\/9307"}],"wp:attachment":[{"href":"https:\/\/www.swisscrochet.ch\/fr\/wp-json\/wp\/v2\/media?parent=9559"}],"wp:term":[{"taxonomy":"product_brand","embeddable":true,"href":"https:\/\/www.swisscrochet.ch\/fr\/wp-json\/wp\/v2\/product_brand?post=9559"},{"taxonomy":"product_cat","embeddable":true,"href":"https:\/\/www.swisscrochet.ch\/fr\/wp-json\/wp\/v2\/product_cat?post=9559"},{"taxonomy":"product_tag","embeddable":true,"href":"https:\/\/www.swisscrochet.ch\/fr\/wp-json\/wp\/v2\/product_tag?post=9559"}],"curies":[{"name":"wp","href":"https:\/\/api.w.org\/{rel}","templated":true}]}}