{"id":9945,"date":"2025-08-01T18:36:45","date_gmt":"2025-08-01T16:36:45","guid":{"rendered":"https:\/\/www.swisscrochet.ch\/product\/je-crochete-mes-amigurumims-annick-ly\/"},"modified":"2026-02-19T19:32:31","modified_gmt":"2026-02-19T18:32:31","slug":"je-crochete-mes-amigurumims-annick-ly","status":"publish","type":"product","link":"https:\/\/www.swisscrochet.ch\/fr\/produit\/je-crochete-mes-amigurumims-annick-ly\/","title":{"rendered":"Je croch\u00e8te mes amigurumim&rsquo;s &#8211; Annick Ly"},"content":{"rendered":"","protected":false},"excerpt":{"rendered":"<p>D\u00e9couvrez l\u2019univers enchanteur du crochet d\u2019<em>Annick Ly<\/em>. Dans Je croch\u00e8te mes amigurumim\u2019s, vous trouverez 25 mod\u00e8les originaux d\u2019amigurumis remplis de douceur, de caract\u00e8re et de joie. Chaque projet est accompagn\u00e9 d\u2019instructions d\u00e9taill\u00e9es \u00e9tape par \u00e9tape et de photos illustr\u00e9es, ce qui rend ce livre id\u00e9al pour les crocheteuses qui aiment les cr\u00e9ations fantaisistes et les cadeaux faits main.<\/p>\n<p>Des animaux attachants aux cr\u00e9atures magiques, ces mod\u00e8les refl\u00e8tent le style unique et color\u00e9 d\u2019<em>Annick Ly<\/em>, m\u00ealant tendresse et cr\u00e9ativit\u00e9. Vous y d\u00e9couvrirez \u00e9galement des astuces et des finitions qui donnent une v\u00e9ritable personnalit\u00e9 \u00e0 chaque cr\u00e9ation.<\/p>\n<p>Que vous \u00e9largissiez votre collection d\u2019amigurumis ou que vous commenciez votre tout premier projet, ce livre vous apportera inspiration et accompagnement \u00e0 chaque page.<\/p>\n<p>Langue: fran\u00e7ais<\/p>\n","protected":false},"featured_media":9838,"template":"","meta":[],"product_brand":[],"product_cat":[1424,208],"product_tag":[],"class_list":{"0":"post-9945","1":"product","2":"type-product","3":"status-publish","4":"has-post-thumbnail","6":"product_cat-amigurumi-fr","7":"product_cat-livres","8":"pa_b1-language-francais","9":"pa_b11-author-designer-annick-ly-fr","10":"description-off","12":"first","13":"instock","14":"taxable","15":"shipping-taxable","16":"purchasable","17":"product-type-simple"},"bundled_by":[],"bundle_stock_status":"instock","bundle_stock_quantity":2,"bundle_virtual":false,"bundle_layout":"","bundle_add_to_cart_form_location":"","bundle_editable_in_cart":false,"bundle_sold_individually_context":"","bundle_item_grouping":"","bundle_min_size":"","bundle_max_size":"","bundle_price":[],"bundled_items":[],"bundle_sell_ids":[],"yoast_head":"<!-- This site is optimized with the Yoast SEO plugin v27.5 - https:\/\/yoast.com\/product\/yoast-seo-wordpress\/ -->\n<title>Je croch\u00e8te mes amigurumim&#039;s - Annick Ly &#171; Swiss Crochet<\/title>\n<meta name=\"robots\" content=\"index, follow, max-snippet:-1, max-image-preview:large, max-video-preview:-1\" \/>\n<link rel=\"canonical\" href=\"https:\/\/www.swisscrochet.ch\/fr\/produit\/je-crochete-mes-amigurumims-annick-ly\/\" \/>\n<meta property=\"og:locale\" content=\"fr_FR\" \/>\n<meta property=\"og:type\" content=\"article\" \/>\n<meta property=\"og:title\" content=\"Je croch\u00e8te mes amigurumim&#039;s - Annick Ly &#171; Swiss Crochet\" \/>\n<meta property=\"og:description\" content=\"D\u00e9couvrez l\u2019univers enchanteur du crochet d\u2019Annick Ly. Dans Je croch\u00e8te mes amigurumim\u2019s, vous trouverez 25 mod\u00e8les originaux d\u2019amigurumis remplis de douceur, de caract\u00e8re et de joie. Chaque projet est accompagn\u00e9 d\u2019instructions d\u00e9taill\u00e9es \u00e9tape par \u00e9tape et de photos illustr\u00e9es, ce qui rend ce livre id\u00e9al pour les crocheteuses qui aiment les cr\u00e9ations fantaisistes et les cadeaux faits main.  Des animaux attachants aux cr\u00e9atures magiques, ces mod\u00e8les refl\u00e8tent le style unique et color\u00e9 d\u2019Annick Ly, m\u00ealant tendresse et cr\u00e9ativit\u00e9. Vous y d\u00e9couvrirez \u00e9galement des astuces et des finitions qui donnent une v\u00e9ritable personnalit\u00e9 \u00e0 chaque cr\u00e9ation.  Que vous \u00e9largissiez votre collection d\u2019amigurumis ou que vous commenciez votre tout premier projet, ce livre vous apportera inspiration et accompagnement \u00e0 chaque page.  Langue: fran\u00e7ais\" \/>\n<meta property=\"og:url\" content=\"https:\/\/www.swisscrochet.ch\/fr\/produit\/je-crochete-mes-amigurumims-annick-ly\/\" \/>\n<meta property=\"og:site_name\" content=\"Swiss Crochet\" \/>\n<meta property=\"article:modified_time\" content=\"2026-02-19T18:32:31+00:00\" \/>\n<meta property=\"og:image\" content=\"https:\/\/www.swisscrochet.ch\/wp-content\/uploads\/2025\/08\/Je-crochete-mes-amigurumims-Overview.jpg\" \/>\n\t<meta property=\"og:image:width\" content=\"1000\" \/>\n\t<meta property=\"og:image:height\" content=\"1000\" \/>\n\t<meta property=\"og:image:type\" content=\"image\/jpeg\" \/>\n<meta name=\"twitter:card\" content=\"summary_large_image\" \/>\n<meta name=\"twitter:label1\" content=\"Dur\u00e9e de lecture estim\u00e9e\" \/>\n\t<meta name=\"twitter:data1\" content=\"1 minute\" \/>\n<script type=\"application\/ld+json\" class=\"yoast-schema-graph\">{\"@context\":\"https:\\\/\\\/schema.org\",\"@graph\":[{\"@type\":[\"WebPage\",\"ItemPage\"],\"@id\":\"https:\\\/\\\/www.swisscrochet.ch\\\/fr\\\/produit\\\/je-crochete-mes-amigurumims-annick-ly\\\/\",\"url\":\"https:\\\/\\\/www.swisscrochet.ch\\\/fr\\\/produit\\\/je-crochete-mes-amigurumims-annick-ly\\\/\",\"name\":\"Je croch\u00e8te mes amigurumim's - Annick Ly &#171; Swiss Crochet\",\"isPartOf\":{\"@id\":\"https:\\\/\\\/www.swisscrochet.ch\\\/#website\"},\"primaryImageOfPage\":{\"@id\":\"https:\\\/\\\/www.swisscrochet.ch\\\/fr\\\/produit\\\/je-crochete-mes-amigurumims-annick-ly\\\/#primaryimage\"},\"image\":{\"@id\":\"https:\\\/\\\/www.swisscrochet.ch\\\/fr\\\/produit\\\/je-crochete-mes-amigurumims-annick-ly\\\/#primaryimage\"},\"thumbnailUrl\":\"https:\\\/\\\/www.swisscrochet.ch\\\/wp-content\\\/uploads\\\/2025\\\/08\\\/Je-crochete-mes-amigurumims-Overview.jpg\",\"datePublished\":\"2025-08-01T16:36:45+00:00\",\"dateModified\":\"2026-02-19T18:32:31+00:00\",\"breadcrumb\":{\"@id\":\"https:\\\/\\\/www.swisscrochet.ch\\\/fr\\\/produit\\\/je-crochete-mes-amigurumims-annick-ly\\\/#breadcrumb\"},\"inLanguage\":\"fr-FR\",\"potentialAction\":[{\"@type\":\"ReadAction\",\"target\":[\"https:\\\/\\\/www.swisscrochet.ch\\\/fr\\\/produit\\\/je-crochete-mes-amigurumims-annick-ly\\\/\"]}]},{\"@type\":\"ImageObject\",\"inLanguage\":\"fr-FR\",\"@id\":\"https:\\\/\\\/www.swisscrochet.ch\\\/fr\\\/produit\\\/je-crochete-mes-amigurumims-annick-ly\\\/#primaryimage\",\"url\":\"https:\\\/\\\/www.swisscrochet.ch\\\/wp-content\\\/uploads\\\/2025\\\/08\\\/Je-crochete-mes-amigurumims-Overview.jpg\",\"contentUrl\":\"https:\\\/\\\/www.swisscrochet.ch\\\/wp-content\\\/uploads\\\/2025\\\/08\\\/Je-crochete-mes-amigurumims-Overview.jpg\",\"width\":1000,\"height\":1000},{\"@type\":\"BreadcrumbList\",\"@id\":\"https:\\\/\\\/www.swisscrochet.ch\\\/fr\\\/produit\\\/je-crochete-mes-amigurumims-annick-ly\\\/#breadcrumb\",\"itemListElement\":[{\"@type\":\"ListItem\",\"position\":1,\"name\":\"Home\",\"item\":\"https:\\\/\\\/www.swisscrochet.ch\\\/fr\\\/\"},{\"@type\":\"ListItem\",\"position\":2,\"name\":\"Boutique\",\"item\":\"https:\\\/\\\/www.swisscrochet.ch\\\/fr\\\/boutique\\\/\"},{\"@type\":\"ListItem\",\"position\":3,\"name\":\"Je croch\u00e8te mes amigurumim&#8217;s &#8211; Annick Ly\"}]},{\"@type\":\"WebSite\",\"@id\":\"https:\\\/\\\/www.swisscrochet.ch\\\/#website\",\"url\":\"https:\\\/\\\/www.swisscrochet.ch\\\/\",\"name\":\"Swiss Crochet\",\"description\":\"Lib\u00e9rez votre potentiel cr\u00e9atif\",\"potentialAction\":[{\"@type\":\"SearchAction\",\"target\":{\"@type\":\"EntryPoint\",\"urlTemplate\":\"https:\\\/\\\/www.swisscrochet.ch\\\/?s={search_term_string}\"},\"query-input\":{\"@type\":\"PropertyValueSpecification\",\"valueRequired\":true,\"valueName\":\"search_term_string\"}}],\"inLanguage\":\"fr-FR\"}]}<\/script>\n<!-- \/ Yoast SEO plugin. -->","yoast_head_json":{"title":"Je croch\u00e8te mes amigurumim's - Annick Ly &#171; Swiss Crochet","robots":{"index":"index","follow":"follow","max-snippet":"max-snippet:-1","max-image-preview":"max-image-preview:large","max-video-preview":"max-video-preview:-1"},"canonical":"https:\/\/www.swisscrochet.ch\/fr\/produit\/je-crochete-mes-amigurumims-annick-ly\/","og_locale":"fr_FR","og_type":"article","og_title":"Je croch\u00e8te mes amigurumim's - Annick Ly &#171; Swiss Crochet","og_description":"D\u00e9couvrez l\u2019univers enchanteur du crochet d\u2019Annick Ly. Dans Je croch\u00e8te mes amigurumim\u2019s, vous trouverez 25 mod\u00e8les originaux d\u2019amigurumis remplis de douceur, de caract\u00e8re et de joie. Chaque projet est accompagn\u00e9 d\u2019instructions d\u00e9taill\u00e9es \u00e9tape par \u00e9tape et de photos illustr\u00e9es, ce qui rend ce livre id\u00e9al pour les crocheteuses qui aiment les cr\u00e9ations fantaisistes et les cadeaux faits main.  Des animaux attachants aux cr\u00e9atures magiques, ces mod\u00e8les refl\u00e8tent le style unique et color\u00e9 d\u2019Annick Ly, m\u00ealant tendresse et cr\u00e9ativit\u00e9. Vous y d\u00e9couvrirez \u00e9galement des astuces et des finitions qui donnent une v\u00e9ritable personnalit\u00e9 \u00e0 chaque cr\u00e9ation.  Que vous \u00e9largissiez votre collection d\u2019amigurumis ou que vous commenciez votre tout premier projet, ce livre vous apportera inspiration et accompagnement \u00e0 chaque page.  Langue: fran\u00e7ais","og_url":"https:\/\/www.swisscrochet.ch\/fr\/produit\/je-crochete-mes-amigurumims-annick-ly\/","og_site_name":"Swiss Crochet","article_modified_time":"2026-02-19T18:32:31+00:00","og_image":[{"width":1000,"height":1000,"url":"https:\/\/www.swisscrochet.ch\/wp-content\/uploads\/2025\/08\/Je-crochete-mes-amigurumims-Overview.jpg","type":"image\/jpeg"}],"twitter_card":"summary_large_image","twitter_misc":{"Dur\u00e9e de lecture estim\u00e9e":"1 minute"},"schema":{"@context":"https:\/\/schema.org","@graph":[{"@type":["WebPage","ItemPage"],"@id":"https:\/\/www.swisscrochet.ch\/fr\/produit\/je-crochete-mes-amigurumims-annick-ly\/","url":"https:\/\/www.swisscrochet.ch\/fr\/produit\/je-crochete-mes-amigurumims-annick-ly\/","name":"Je croch\u00e8te mes amigurumim's - Annick Ly &#171; Swiss Crochet","isPartOf":{"@id":"https:\/\/www.swisscrochet.ch\/#website"},"primaryImageOfPage":{"@id":"https:\/\/www.swisscrochet.ch\/fr\/produit\/je-crochete-mes-amigurumims-annick-ly\/#primaryimage"},"image":{"@id":"https:\/\/www.swisscrochet.ch\/fr\/produit\/je-crochete-mes-amigurumims-annick-ly\/#primaryimage"},"thumbnailUrl":"https:\/\/www.swisscrochet.ch\/wp-content\/uploads\/2025\/08\/Je-crochete-mes-amigurumims-Overview.jpg","datePublished":"2025-08-01T16:36:45+00:00","dateModified":"2026-02-19T18:32:31+00:00","breadcrumb":{"@id":"https:\/\/www.swisscrochet.ch\/fr\/produit\/je-crochete-mes-amigurumims-annick-ly\/#breadcrumb"},"inLanguage":"fr-FR","potentialAction":[{"@type":"ReadAction","target":["https:\/\/www.swisscrochet.ch\/fr\/produit\/je-crochete-mes-amigurumims-annick-ly\/"]}]},{"@type":"ImageObject","inLanguage":"fr-FR","@id":"https:\/\/www.swisscrochet.ch\/fr\/produit\/je-crochete-mes-amigurumims-annick-ly\/#primaryimage","url":"https:\/\/www.swisscrochet.ch\/wp-content\/uploads\/2025\/08\/Je-crochete-mes-amigurumims-Overview.jpg","contentUrl":"https:\/\/www.swisscrochet.ch\/wp-content\/uploads\/2025\/08\/Je-crochete-mes-amigurumims-Overview.jpg","width":1000,"height":1000},{"@type":"BreadcrumbList","@id":"https:\/\/www.swisscrochet.ch\/fr\/produit\/je-crochete-mes-amigurumims-annick-ly\/#breadcrumb","itemListElement":[{"@type":"ListItem","position":1,"name":"Home","item":"https:\/\/www.swisscrochet.ch\/fr\/"},{"@type":"ListItem","position":2,"name":"Boutique","item":"https:\/\/www.swisscrochet.ch\/fr\/boutique\/"},{"@type":"ListItem","position":3,"name":"Je croch\u00e8te mes amigurumim&#8217;s &#8211; Annick Ly"}]},{"@type":"WebSite","@id":"https:\/\/www.swisscrochet.ch\/#website","url":"https:\/\/www.swisscrochet.ch\/","name":"Swiss Crochet","description":"Lib\u00e9rez votre potentiel cr\u00e9atif","potentialAction":[{"@type":"SearchAction","target":{"@type":"EntryPoint","urlTemplate":"https:\/\/www.swisscrochet.ch\/?s={search_term_string}"},"query-input":{"@type":"PropertyValueSpecification","valueRequired":true,"valueName":"search_term_string"}}],"inLanguage":"fr-FR"}]}},"_links":{"self":[{"href":"https:\/\/www.swisscrochet.ch\/fr\/wp-json\/wp\/v2\/product\/9945","targetHints":{"allow":["GET"]}}],"collection":[{"href":"https:\/\/www.swisscrochet.ch\/fr\/wp-json\/wp\/v2\/product"}],"about":[{"href":"https:\/\/www.swisscrochet.ch\/fr\/wp-json\/wp\/v2\/types\/product"}],"wp:featuredmedia":[{"embeddable":true,"href":"https:\/\/www.swisscrochet.ch\/fr\/wp-json\/wp\/v2\/media\/9838"}],"wp:attachment":[{"href":"https:\/\/www.swisscrochet.ch\/fr\/wp-json\/wp\/v2\/media?parent=9945"}],"wp:term":[{"taxonomy":"product_brand","embeddable":true,"href":"https:\/\/www.swisscrochet.ch\/fr\/wp-json\/wp\/v2\/product_brand?post=9945"},{"taxonomy":"product_cat","embeddable":true,"href":"https:\/\/www.swisscrochet.ch\/fr\/wp-json\/wp\/v2\/product_cat?post=9945"},{"taxonomy":"product_tag","embeddable":true,"href":"https:\/\/www.swisscrochet.ch\/fr\/wp-json\/wp\/v2\/product_tag?post=9945"}],"curies":[{"name":"wp","href":"https:\/\/api.w.org\/{rel}","templated":true}]}}