{"id":9951,"date":"2025-08-01T18:22:49","date_gmt":"2025-08-01T16:22:49","guid":{"rendered":"https:\/\/www.swisscrochet.ch\/product\/monde-merveilleux-de-khuc-cay-khuc-cay\/"},"modified":"2026-02-19T19:32:34","modified_gmt":"2026-02-19T18:32:34","slug":"monde-merveilleux-de-khuc-cay-khuc-cay","status":"publish","type":"product","link":"https:\/\/www.swisscrochet.ch\/fr\/produit\/monde-merveilleux-de-khuc-cay-khuc-cay\/","title":{"rendered":"Monde merveilleux de Khuc Cay &#8211; Khuc Cay"},"content":{"rendered":"","protected":false},"excerpt":{"rendered":"<p>Entrez dans le monde enchanteur de <em>Khuc Cay<\/em> avec Monde merveilleux de Khuc Cay, un magnifique livre de crochet en fran\u00e7ais illustr\u00e9 avec soin, qui pr\u00e9sente 15 personnages d\u2019amigurumis pleins de fantaisie. Connue pour son style d\u00e9licat et po\u00e9tique, <em>Khuc Cay (Ngoc Lan Huong)<\/em> vous invite \u00e0 d\u00e9couvrir un univers peupl\u00e9 d\u2019animaux et de poup\u00e9es adorables, chacun avec sa propre personnalit\u00e9 et son histoire attachante.<\/p>\n<p>Gr\u00e2ce \u00e0 des instructions d\u00e9taill\u00e9es, des photos explicatives \u00e9tape par \u00e9tape et de nombreux conseils, ce livre est parfait pour les crocheteuses interm\u00e9diaires ou les d\u00e9butantes souhaitant progresser. Des lapins en \u00e9charpes douillettes aux ours endormis en passant par de jolies poup\u00e9es, chaque projet est con\u00e7u avec soin et cr\u00e9ativit\u00e9.<\/p>\n<p>Un livre charmant pour les amoureuses des doudous, des histoires et des cadeaux faits main, Monde merveilleux de Khuc Cay saura vous inspirer pour votre prochaine aventure au crochet \u2014 m\u00eame si vous n\u2019\u00eates pas experte en fran\u00e7ais\u202f!<\/p>\n<p>Langue: fran\u00e7ais<\/p>\n","protected":false},"featured_media":9890,"template":"","meta":[],"product_brand":[],"product_cat":[1424,208],"product_tag":[],"class_list":{"0":"post-9951","1":"product","2":"type-product","3":"status-publish","4":"has-post-thumbnail","6":"product_cat-amigurumi-fr","7":"product_cat-livres","8":"pa_b1-language-francais","9":"pa_b11-author-designer-khuc-cay-fr","10":"description-off","12":"first","13":"instock","14":"taxable","15":"shipping-taxable","16":"purchasable","17":"product-type-simple"},"bundled_by":[],"bundle_stock_status":"instock","bundle_stock_quantity":3,"bundle_virtual":false,"bundle_layout":"","bundle_add_to_cart_form_location":"","bundle_editable_in_cart":false,"bundle_sold_individually_context":"","bundle_item_grouping":"","bundle_min_size":"","bundle_max_size":"","bundle_price":[],"bundled_items":[],"bundle_sell_ids":[],"yoast_head":"<!-- This site is optimized with the Yoast SEO plugin v27.5 - https:\/\/yoast.com\/product\/yoast-seo-wordpress\/ -->\n<title>Monde merveilleux de Khuc Cay - Khuc Cay &#171; Swiss Crochet<\/title>\n<meta name=\"robots\" content=\"index, follow, max-snippet:-1, max-image-preview:large, max-video-preview:-1\" \/>\n<link rel=\"canonical\" href=\"https:\/\/www.swisscrochet.ch\/fr\/produit\/monde-merveilleux-de-khuc-cay-khuc-cay\/\" \/>\n<meta property=\"og:locale\" content=\"fr_FR\" \/>\n<meta property=\"og:type\" content=\"article\" \/>\n<meta property=\"og:title\" content=\"Monde merveilleux de Khuc Cay - Khuc Cay &#171; Swiss Crochet\" \/>\n<meta property=\"og:description\" content=\"Entrez dans le monde enchanteur de Khuc Cay avec Monde merveilleux de Khuc Cay, un magnifique livre de crochet en fran\u00e7ais illustr\u00e9 avec soin, qui pr\u00e9sente 15 personnages d\u2019amigurumis pleins de fantaisie. Connue pour son style d\u00e9licat et po\u00e9tique, Khuc Cay (Ngoc Lan Huong) vous invite \u00e0 d\u00e9couvrir un univers peupl\u00e9 d\u2019animaux et de poup\u00e9es adorables, chacun avec sa propre personnalit\u00e9 et son histoire attachante.  Gr\u00e2ce \u00e0 des instructions d\u00e9taill\u00e9es, des photos explicatives \u00e9tape par \u00e9tape et de nombreux conseils, ce livre est parfait pour les crocheteuses interm\u00e9diaires ou les d\u00e9butantes souhaitant progresser. Des lapins en \u00e9charpes douillettes aux ours endormis en passant par de jolies poup\u00e9es, chaque projet est con\u00e7u avec soin et cr\u00e9ativit\u00e9.  Un livre charmant pour les amoureuses des doudous, des histoires et des cadeaux faits main, Monde merveilleux de Khuc Cay saura vous inspirer pour votre prochaine aventure au crochet \u2014 m\u00eame si vous n\u2019\u00eates pas experte en fran\u00e7ais\u202f!  Langue: fran\u00e7ais\" \/>\n<meta property=\"og:url\" content=\"https:\/\/www.swisscrochet.ch\/fr\/produit\/monde-merveilleux-de-khuc-cay-khuc-cay\/\" \/>\n<meta property=\"og:site_name\" content=\"Swiss Crochet\" \/>\n<meta property=\"article:modified_time\" content=\"2026-02-19T18:32:34+00:00\" \/>\n<meta property=\"og:image\" content=\"https:\/\/www.swisscrochet.ch\/wp-content\/uploads\/2025\/08\/Monde-merveilleux-de-Khuc-Cay-Overview.jpg\" \/>\n\t<meta property=\"og:image:width\" content=\"1000\" \/>\n\t<meta property=\"og:image:height\" content=\"1000\" \/>\n\t<meta property=\"og:image:type\" content=\"image\/jpeg\" \/>\n<meta name=\"twitter:card\" content=\"summary_large_image\" \/>\n<meta name=\"twitter:label1\" content=\"Dur\u00e9e de lecture estim\u00e9e\" \/>\n\t<meta name=\"twitter:data1\" content=\"1 minute\" \/>\n<script type=\"application\/ld+json\" class=\"yoast-schema-graph\">{\"@context\":\"https:\\\/\\\/schema.org\",\"@graph\":[{\"@type\":[\"WebPage\",\"ItemPage\"],\"@id\":\"https:\\\/\\\/www.swisscrochet.ch\\\/fr\\\/produit\\\/monde-merveilleux-de-khuc-cay-khuc-cay\\\/\",\"url\":\"https:\\\/\\\/www.swisscrochet.ch\\\/fr\\\/produit\\\/monde-merveilleux-de-khuc-cay-khuc-cay\\\/\",\"name\":\"Monde merveilleux de Khuc Cay - Khuc Cay &#171; Swiss Crochet\",\"isPartOf\":{\"@id\":\"https:\\\/\\\/www.swisscrochet.ch\\\/#website\"},\"primaryImageOfPage\":{\"@id\":\"https:\\\/\\\/www.swisscrochet.ch\\\/fr\\\/produit\\\/monde-merveilleux-de-khuc-cay-khuc-cay\\\/#primaryimage\"},\"image\":{\"@id\":\"https:\\\/\\\/www.swisscrochet.ch\\\/fr\\\/produit\\\/monde-merveilleux-de-khuc-cay-khuc-cay\\\/#primaryimage\"},\"thumbnailUrl\":\"https:\\\/\\\/www.swisscrochet.ch\\\/wp-content\\\/uploads\\\/2025\\\/08\\\/Monde-merveilleux-de-Khuc-Cay-Overview.jpg\",\"datePublished\":\"2025-08-01T16:22:49+00:00\",\"dateModified\":\"2026-02-19T18:32:34+00:00\",\"breadcrumb\":{\"@id\":\"https:\\\/\\\/www.swisscrochet.ch\\\/fr\\\/produit\\\/monde-merveilleux-de-khuc-cay-khuc-cay\\\/#breadcrumb\"},\"inLanguage\":\"fr-FR\",\"potentialAction\":[{\"@type\":\"ReadAction\",\"target\":[\"https:\\\/\\\/www.swisscrochet.ch\\\/fr\\\/produit\\\/monde-merveilleux-de-khuc-cay-khuc-cay\\\/\"]}]},{\"@type\":\"ImageObject\",\"inLanguage\":\"fr-FR\",\"@id\":\"https:\\\/\\\/www.swisscrochet.ch\\\/fr\\\/produit\\\/monde-merveilleux-de-khuc-cay-khuc-cay\\\/#primaryimage\",\"url\":\"https:\\\/\\\/www.swisscrochet.ch\\\/wp-content\\\/uploads\\\/2025\\\/08\\\/Monde-merveilleux-de-Khuc-Cay-Overview.jpg\",\"contentUrl\":\"https:\\\/\\\/www.swisscrochet.ch\\\/wp-content\\\/uploads\\\/2025\\\/08\\\/Monde-merveilleux-de-Khuc-Cay-Overview.jpg\",\"width\":1000,\"height\":1000},{\"@type\":\"BreadcrumbList\",\"@id\":\"https:\\\/\\\/www.swisscrochet.ch\\\/fr\\\/produit\\\/monde-merveilleux-de-khuc-cay-khuc-cay\\\/#breadcrumb\",\"itemListElement\":[{\"@type\":\"ListItem\",\"position\":1,\"name\":\"Home\",\"item\":\"https:\\\/\\\/www.swisscrochet.ch\\\/fr\\\/\"},{\"@type\":\"ListItem\",\"position\":2,\"name\":\"Boutique\",\"item\":\"https:\\\/\\\/www.swisscrochet.ch\\\/fr\\\/boutique\\\/\"},{\"@type\":\"ListItem\",\"position\":3,\"name\":\"Monde merveilleux de Khuc Cay &#8211; Khuc Cay\"}]},{\"@type\":\"WebSite\",\"@id\":\"https:\\\/\\\/www.swisscrochet.ch\\\/#website\",\"url\":\"https:\\\/\\\/www.swisscrochet.ch\\\/\",\"name\":\"Swiss Crochet\",\"description\":\"Lib\u00e9rez votre potentiel cr\u00e9atif\",\"potentialAction\":[{\"@type\":\"SearchAction\",\"target\":{\"@type\":\"EntryPoint\",\"urlTemplate\":\"https:\\\/\\\/www.swisscrochet.ch\\\/?s={search_term_string}\"},\"query-input\":{\"@type\":\"PropertyValueSpecification\",\"valueRequired\":true,\"valueName\":\"search_term_string\"}}],\"inLanguage\":\"fr-FR\"}]}<\/script>\n<!-- \/ Yoast SEO plugin. -->","yoast_head_json":{"title":"Monde merveilleux de Khuc Cay - Khuc Cay &#171; Swiss Crochet","robots":{"index":"index","follow":"follow","max-snippet":"max-snippet:-1","max-image-preview":"max-image-preview:large","max-video-preview":"max-video-preview:-1"},"canonical":"https:\/\/www.swisscrochet.ch\/fr\/produit\/monde-merveilleux-de-khuc-cay-khuc-cay\/","og_locale":"fr_FR","og_type":"article","og_title":"Monde merveilleux de Khuc Cay - Khuc Cay &#171; Swiss Crochet","og_description":"Entrez dans le monde enchanteur de Khuc Cay avec Monde merveilleux de Khuc Cay, un magnifique livre de crochet en fran\u00e7ais illustr\u00e9 avec soin, qui pr\u00e9sente 15 personnages d\u2019amigurumis pleins de fantaisie. Connue pour son style d\u00e9licat et po\u00e9tique, Khuc Cay (Ngoc Lan Huong) vous invite \u00e0 d\u00e9couvrir un univers peupl\u00e9 d\u2019animaux et de poup\u00e9es adorables, chacun avec sa propre personnalit\u00e9 et son histoire attachante.  Gr\u00e2ce \u00e0 des instructions d\u00e9taill\u00e9es, des photos explicatives \u00e9tape par \u00e9tape et de nombreux conseils, ce livre est parfait pour les crocheteuses interm\u00e9diaires ou les d\u00e9butantes souhaitant progresser. Des lapins en \u00e9charpes douillettes aux ours endormis en passant par de jolies poup\u00e9es, chaque projet est con\u00e7u avec soin et cr\u00e9ativit\u00e9.  Un livre charmant pour les amoureuses des doudous, des histoires et des cadeaux faits main, Monde merveilleux de Khuc Cay saura vous inspirer pour votre prochaine aventure au crochet \u2014 m\u00eame si vous n\u2019\u00eates pas experte en fran\u00e7ais\u202f!  Langue: fran\u00e7ais","og_url":"https:\/\/www.swisscrochet.ch\/fr\/produit\/monde-merveilleux-de-khuc-cay-khuc-cay\/","og_site_name":"Swiss Crochet","article_modified_time":"2026-02-19T18:32:34+00:00","og_image":[{"width":1000,"height":1000,"url":"https:\/\/www.swisscrochet.ch\/wp-content\/uploads\/2025\/08\/Monde-merveilleux-de-Khuc-Cay-Overview.jpg","type":"image\/jpeg"}],"twitter_card":"summary_large_image","twitter_misc":{"Dur\u00e9e de lecture estim\u00e9e":"1 minute"},"schema":{"@context":"https:\/\/schema.org","@graph":[{"@type":["WebPage","ItemPage"],"@id":"https:\/\/www.swisscrochet.ch\/fr\/produit\/monde-merveilleux-de-khuc-cay-khuc-cay\/","url":"https:\/\/www.swisscrochet.ch\/fr\/produit\/monde-merveilleux-de-khuc-cay-khuc-cay\/","name":"Monde merveilleux de Khuc Cay - Khuc Cay &#171; Swiss Crochet","isPartOf":{"@id":"https:\/\/www.swisscrochet.ch\/#website"},"primaryImageOfPage":{"@id":"https:\/\/www.swisscrochet.ch\/fr\/produit\/monde-merveilleux-de-khuc-cay-khuc-cay\/#primaryimage"},"image":{"@id":"https:\/\/www.swisscrochet.ch\/fr\/produit\/monde-merveilleux-de-khuc-cay-khuc-cay\/#primaryimage"},"thumbnailUrl":"https:\/\/www.swisscrochet.ch\/wp-content\/uploads\/2025\/08\/Monde-merveilleux-de-Khuc-Cay-Overview.jpg","datePublished":"2025-08-01T16:22:49+00:00","dateModified":"2026-02-19T18:32:34+00:00","breadcrumb":{"@id":"https:\/\/www.swisscrochet.ch\/fr\/produit\/monde-merveilleux-de-khuc-cay-khuc-cay\/#breadcrumb"},"inLanguage":"fr-FR","potentialAction":[{"@type":"ReadAction","target":["https:\/\/www.swisscrochet.ch\/fr\/produit\/monde-merveilleux-de-khuc-cay-khuc-cay\/"]}]},{"@type":"ImageObject","inLanguage":"fr-FR","@id":"https:\/\/www.swisscrochet.ch\/fr\/produit\/monde-merveilleux-de-khuc-cay-khuc-cay\/#primaryimage","url":"https:\/\/www.swisscrochet.ch\/wp-content\/uploads\/2025\/08\/Monde-merveilleux-de-Khuc-Cay-Overview.jpg","contentUrl":"https:\/\/www.swisscrochet.ch\/wp-content\/uploads\/2025\/08\/Monde-merveilleux-de-Khuc-Cay-Overview.jpg","width":1000,"height":1000},{"@type":"BreadcrumbList","@id":"https:\/\/www.swisscrochet.ch\/fr\/produit\/monde-merveilleux-de-khuc-cay-khuc-cay\/#breadcrumb","itemListElement":[{"@type":"ListItem","position":1,"name":"Home","item":"https:\/\/www.swisscrochet.ch\/fr\/"},{"@type":"ListItem","position":2,"name":"Boutique","item":"https:\/\/www.swisscrochet.ch\/fr\/boutique\/"},{"@type":"ListItem","position":3,"name":"Monde merveilleux de Khuc Cay &#8211; Khuc Cay"}]},{"@type":"WebSite","@id":"https:\/\/www.swisscrochet.ch\/#website","url":"https:\/\/www.swisscrochet.ch\/","name":"Swiss Crochet","description":"Lib\u00e9rez votre potentiel cr\u00e9atif","potentialAction":[{"@type":"SearchAction","target":{"@type":"EntryPoint","urlTemplate":"https:\/\/www.swisscrochet.ch\/?s={search_term_string}"},"query-input":{"@type":"PropertyValueSpecification","valueRequired":true,"valueName":"search_term_string"}}],"inLanguage":"fr-FR"}]}},"_links":{"self":[{"href":"https:\/\/www.swisscrochet.ch\/fr\/wp-json\/wp\/v2\/product\/9951","targetHints":{"allow":["GET"]}}],"collection":[{"href":"https:\/\/www.swisscrochet.ch\/fr\/wp-json\/wp\/v2\/product"}],"about":[{"href":"https:\/\/www.swisscrochet.ch\/fr\/wp-json\/wp\/v2\/types\/product"}],"wp:featuredmedia":[{"embeddable":true,"href":"https:\/\/www.swisscrochet.ch\/fr\/wp-json\/wp\/v2\/media\/9890"}],"wp:attachment":[{"href":"https:\/\/www.swisscrochet.ch\/fr\/wp-json\/wp\/v2\/media?parent=9951"}],"wp:term":[{"taxonomy":"product_brand","embeddable":true,"href":"https:\/\/www.swisscrochet.ch\/fr\/wp-json\/wp\/v2\/product_brand?post=9951"},{"taxonomy":"product_cat","embeddable":true,"href":"https:\/\/www.swisscrochet.ch\/fr\/wp-json\/wp\/v2\/product_cat?post=9951"},{"taxonomy":"product_tag","embeddable":true,"href":"https:\/\/www.swisscrochet.ch\/fr\/wp-json\/wp\/v2\/product_tag?post=9951"}],"curies":[{"name":"wp","href":"https:\/\/api.w.org\/{rel}","templated":true}]}}