{"id":9977,"date":"2025-08-07T15:05:39","date_gmt":"2025-08-07T13:05:39","guid":{"rendered":"https:\/\/www.swisscrochet.ch\/product\/d-shaped-rings-closed-type-1-piece\/"},"modified":"2026-04-10T00:44:05","modified_gmt":"2026-04-09T22:44:05","slug":"anneau-en-d-ferme-1-piece","status":"publish","type":"product","link":"https:\/\/www.swisscrochet.ch\/fr\/produit\/anneau-en-d-ferme-1-piece\/","title":{"rendered":"Anneau en D ferm\u00e9 \u2013 1 pi\u00e8ce"},"content":{"rendered":"","protected":false},"excerpt":{"rendered":"<p>Ces anneaux en D ferm\u00e9s et robustes sont parfaits pour fixer des poign\u00e9es ou des bandouli\u00e8res \u00e0 vos sacs (faits main). Leur design polyvalent les rend \u00e9galement adapt\u00e9s aux v\u00eatements, ceintures ou autres projets cr\u00e9atifs.<\/p>\n<p>Fabriqu\u00e9s \u00e0 partir de fil m\u00e9tallique courb\u00e9 en demi-cercle et solidement ferm\u00e9s, ces anneaux en D sont tr\u00e8s r\u00e9sistants et supportent des charges importantes. Pour de meilleurs r\u00e9sultats, utilisez-les avec des sangles, rubans serg\u00e9s ou poign\u00e9es de sac de largeur correspondante.<\/p>\n<p>Disponibles en trois diam\u00e8tres int\u00e9rieurs: 30\u202fmm, 40\u202fmm et 50\u202fmm.<br \/>\nVendus \u00e0 l\u2019unit\u00e9 (1 pi\u00e8ce par unit\u00e9).<\/p>\n","protected":false},"featured_media":9734,"template":"","meta":[],"product_brand":[],"product_cat":[221,1556],"product_tag":[],"class_list":{"0":"post-9977","1":"product","2":"type-product","3":"status-publish","4":"has-post-thumbnail","6":"product_cat-crochets-et-outils","7":"product_cat-outils-pour-sacs","8":"product_shipping_class-petits-envois","9":"description-off","11":"first","12":"instock","13":"taxable","14":"shipping-taxable","15":"purchasable","16":"product-type-variable","17":"wvs-archive-product-wrapper"},"bundled_by":[],"bundle_stock_status":"instock","bundle_stock_quantity":null,"bundle_virtual":false,"bundle_layout":"","bundle_add_to_cart_form_location":"","bundle_editable_in_cart":false,"bundle_sold_individually_context":"","bundle_item_grouping":"","bundle_min_size":"","bundle_max_size":"","bundle_price":[],"bundled_items":[],"bundle_sell_ids":[],"yoast_head":"<!-- This site is optimized with the Yoast SEO plugin v27.5 - https:\/\/yoast.com\/product\/yoast-seo-wordpress\/ -->\n<title>Anneau en D ferm\u00e9 \u2013 1 pi\u00e8ce &#171; Swiss Crochet<\/title>\n<meta name=\"description\" content=\"Anneaux en D ferm\u00e9s et solides en m\u00e9tal, pour sacs, ceintures ou v\u00eatements. Disponibles en 30\u202fmm, 40\u202fmm et 50\u202fmm. Parfaits pour fixer des poign\u00e9es ou des sangles. Vendu \u00e0 l\u2019unit\u00e9.\" \/>\n<meta name=\"robots\" content=\"index, follow, max-snippet:-1, max-image-preview:large, max-video-preview:-1\" \/>\n<link rel=\"canonical\" href=\"https:\/\/www.swisscrochet.ch\/produit\/d-shaped-rings-closed-type-1-piece\/\" \/>\n<meta property=\"og:locale\" content=\"fr_FR\" \/>\n<meta property=\"og:type\" content=\"article\" \/>\n<meta property=\"og:title\" content=\"Anneau en D ferm\u00e9 \u2013 1 pi\u00e8ce &#171; Swiss Crochet\" \/>\n<meta property=\"og:description\" content=\"Anneaux en D ferm\u00e9s et solides en m\u00e9tal, pour sacs, ceintures ou v\u00eatements. Disponibles en 30\u202fmm, 40\u202fmm et 50\u202fmm. Parfaits pour fixer des poign\u00e9es ou des sangles. Vendu \u00e0 l\u2019unit\u00e9.\" \/>\n<meta property=\"og:url\" content=\"https:\/\/www.swisscrochet.ch\/produit\/d-shaped-rings-closed-type-1-piece\/\" \/>\n<meta property=\"og:site_name\" content=\"Swiss Crochet\" \/>\n<meta property=\"article:modified_time\" content=\"2026-04-09T22:44:05+00:00\" \/>\n<meta property=\"og:image\" content=\"https:\/\/www.swisscrochet.ch\/wp-content\/uploads\/2025\/08\/D-Shaped-Rings-Closed-Type-Overview.jpg\" \/>\n\t<meta property=\"og:image:width\" content=\"1000\" \/>\n\t<meta property=\"og:image:height\" content=\"1000\" \/>\n\t<meta property=\"og:image:type\" content=\"image\/jpeg\" \/>\n<meta name=\"twitter:card\" content=\"summary_large_image\" \/>\n<meta name=\"twitter:label1\" content=\"Dur\u00e9e de lecture estim\u00e9e\" \/>\n\t<meta name=\"twitter:data1\" content=\"1 minute\" \/>\n<script type=\"application\/ld+json\" class=\"yoast-schema-graph\">{\"@context\":\"https:\\\/\\\/schema.org\",\"@graph\":[{\"@type\":[\"WebPage\",\"ItemPage\"],\"@id\":\"https:\\\/\\\/www.swisscrochet.ch\\\/produit\\\/d-shaped-rings-closed-type-1-piece\\\/\",\"url\":\"https:\\\/\\\/www.swisscrochet.ch\\\/produit\\\/d-shaped-rings-closed-type-1-piece\\\/\",\"name\":\"Anneau en D ferm\u00e9 \u2013 1 pi\u00e8ce &#171; Swiss Crochet\",\"isPartOf\":{\"@id\":\"https:\\\/\\\/www.swisscrochet.ch\\\/#website\"},\"primaryImageOfPage\":{\"@id\":\"https:\\\/\\\/www.swisscrochet.ch\\\/produit\\\/d-shaped-rings-closed-type-1-piece\\\/#primaryimage\"},\"image\":{\"@id\":\"https:\\\/\\\/www.swisscrochet.ch\\\/produit\\\/d-shaped-rings-closed-type-1-piece\\\/#primaryimage\"},\"thumbnailUrl\":\"https:\\\/\\\/www.swisscrochet.ch\\\/wp-content\\\/uploads\\\/2025\\\/08\\\/D-Shaped-Rings-Closed-Type-Overview.jpg\",\"datePublished\":\"2025-08-07T13:05:39+00:00\",\"dateModified\":\"2026-04-09T22:44:05+00:00\",\"description\":\"Anneaux en D ferm\u00e9s et solides en m\u00e9tal, pour sacs, ceintures ou v\u00eatements. Disponibles en 30\u202fmm, 40\u202fmm et 50\u202fmm. Parfaits pour fixer des poign\u00e9es ou des sangles. Vendu \u00e0 l\u2019unit\u00e9.\",\"breadcrumb\":{\"@id\":\"https:\\\/\\\/www.swisscrochet.ch\\\/produit\\\/d-shaped-rings-closed-type-1-piece\\\/#breadcrumb\"},\"inLanguage\":\"fr-FR\",\"potentialAction\":[{\"@type\":\"ReadAction\",\"target\":[\"https:\\\/\\\/www.swisscrochet.ch\\\/produit\\\/d-shaped-rings-closed-type-1-piece\\\/\"]}]},{\"@type\":\"ImageObject\",\"inLanguage\":\"fr-FR\",\"@id\":\"https:\\\/\\\/www.swisscrochet.ch\\\/produit\\\/d-shaped-rings-closed-type-1-piece\\\/#primaryimage\",\"url\":\"https:\\\/\\\/www.swisscrochet.ch\\\/wp-content\\\/uploads\\\/2025\\\/08\\\/D-Shaped-Rings-Closed-Type-Overview.jpg\",\"contentUrl\":\"https:\\\/\\\/www.swisscrochet.ch\\\/wp-content\\\/uploads\\\/2025\\\/08\\\/D-Shaped-Rings-Closed-Type-Overview.jpg\",\"width\":1000,\"height\":1000},{\"@type\":\"BreadcrumbList\",\"@id\":\"https:\\\/\\\/www.swisscrochet.ch\\\/produit\\\/d-shaped-rings-closed-type-1-piece\\\/#breadcrumb\",\"itemListElement\":[{\"@type\":\"ListItem\",\"position\":1,\"name\":\"Home\",\"item\":\"https:\\\/\\\/www.swisscrochet.ch\\\/fr\\\/\"},{\"@type\":\"ListItem\",\"position\":2,\"name\":\"Boutique\",\"item\":\"https:\\\/\\\/www.swisscrochet.ch\\\/fr\\\/boutique\\\/\"},{\"@type\":\"ListItem\",\"position\":3,\"name\":\"Anneau en D ferm\u00e9 \u2013 1 pi\u00e8ce\"}]},{\"@type\":\"WebSite\",\"@id\":\"https:\\\/\\\/www.swisscrochet.ch\\\/#website\",\"url\":\"https:\\\/\\\/www.swisscrochet.ch\\\/\",\"name\":\"Swiss Crochet\",\"description\":\"Lib\u00e9rez votre potentiel cr\u00e9atif\",\"potentialAction\":[{\"@type\":\"SearchAction\",\"target\":{\"@type\":\"EntryPoint\",\"urlTemplate\":\"https:\\\/\\\/www.swisscrochet.ch\\\/?s={search_term_string}\"},\"query-input\":{\"@type\":\"PropertyValueSpecification\",\"valueRequired\":true,\"valueName\":\"search_term_string\"}}],\"inLanguage\":\"fr-FR\"}]}<\/script>\n<!-- \/ Yoast SEO plugin. -->","yoast_head_json":{"title":"Anneau en D ferm\u00e9 \u2013 1 pi\u00e8ce &#171; Swiss Crochet","description":"Anneaux en D ferm\u00e9s et solides en m\u00e9tal, pour sacs, ceintures ou v\u00eatements. Disponibles en 30\u202fmm, 40\u202fmm et 50\u202fmm. Parfaits pour fixer des poign\u00e9es ou des sangles. Vendu \u00e0 l\u2019unit\u00e9.","robots":{"index":"index","follow":"follow","max-snippet":"max-snippet:-1","max-image-preview":"max-image-preview:large","max-video-preview":"max-video-preview:-1"},"canonical":"https:\/\/www.swisscrochet.ch\/produit\/d-shaped-rings-closed-type-1-piece\/","og_locale":"fr_FR","og_type":"article","og_title":"Anneau en D ferm\u00e9 \u2013 1 pi\u00e8ce &#171; Swiss Crochet","og_description":"Anneaux en D ferm\u00e9s et solides en m\u00e9tal, pour sacs, ceintures ou v\u00eatements. Disponibles en 30\u202fmm, 40\u202fmm et 50\u202fmm. Parfaits pour fixer des poign\u00e9es ou des sangles. Vendu \u00e0 l\u2019unit\u00e9.","og_url":"https:\/\/www.swisscrochet.ch\/produit\/d-shaped-rings-closed-type-1-piece\/","og_site_name":"Swiss Crochet","article_modified_time":"2026-04-09T22:44:05+00:00","og_image":[{"width":1000,"height":1000,"url":"https:\/\/www.swisscrochet.ch\/wp-content\/uploads\/2025\/08\/D-Shaped-Rings-Closed-Type-Overview.jpg","type":"image\/jpeg"}],"twitter_card":"summary_large_image","twitter_misc":{"Dur\u00e9e de lecture estim\u00e9e":"1 minute"},"schema":{"@context":"https:\/\/schema.org","@graph":[{"@type":["WebPage","ItemPage"],"@id":"https:\/\/www.swisscrochet.ch\/produit\/d-shaped-rings-closed-type-1-piece\/","url":"https:\/\/www.swisscrochet.ch\/produit\/d-shaped-rings-closed-type-1-piece\/","name":"Anneau en D ferm\u00e9 \u2013 1 pi\u00e8ce &#171; Swiss Crochet","isPartOf":{"@id":"https:\/\/www.swisscrochet.ch\/#website"},"primaryImageOfPage":{"@id":"https:\/\/www.swisscrochet.ch\/produit\/d-shaped-rings-closed-type-1-piece\/#primaryimage"},"image":{"@id":"https:\/\/www.swisscrochet.ch\/produit\/d-shaped-rings-closed-type-1-piece\/#primaryimage"},"thumbnailUrl":"https:\/\/www.swisscrochet.ch\/wp-content\/uploads\/2025\/08\/D-Shaped-Rings-Closed-Type-Overview.jpg","datePublished":"2025-08-07T13:05:39+00:00","dateModified":"2026-04-09T22:44:05+00:00","description":"Anneaux en D ferm\u00e9s et solides en m\u00e9tal, pour sacs, ceintures ou v\u00eatements. Disponibles en 30\u202fmm, 40\u202fmm et 50\u202fmm. Parfaits pour fixer des poign\u00e9es ou des sangles. Vendu \u00e0 l\u2019unit\u00e9.","breadcrumb":{"@id":"https:\/\/www.swisscrochet.ch\/produit\/d-shaped-rings-closed-type-1-piece\/#breadcrumb"},"inLanguage":"fr-FR","potentialAction":[{"@type":"ReadAction","target":["https:\/\/www.swisscrochet.ch\/produit\/d-shaped-rings-closed-type-1-piece\/"]}]},{"@type":"ImageObject","inLanguage":"fr-FR","@id":"https:\/\/www.swisscrochet.ch\/produit\/d-shaped-rings-closed-type-1-piece\/#primaryimage","url":"https:\/\/www.swisscrochet.ch\/wp-content\/uploads\/2025\/08\/D-Shaped-Rings-Closed-Type-Overview.jpg","contentUrl":"https:\/\/www.swisscrochet.ch\/wp-content\/uploads\/2025\/08\/D-Shaped-Rings-Closed-Type-Overview.jpg","width":1000,"height":1000},{"@type":"BreadcrumbList","@id":"https:\/\/www.swisscrochet.ch\/produit\/d-shaped-rings-closed-type-1-piece\/#breadcrumb","itemListElement":[{"@type":"ListItem","position":1,"name":"Home","item":"https:\/\/www.swisscrochet.ch\/fr\/"},{"@type":"ListItem","position":2,"name":"Boutique","item":"https:\/\/www.swisscrochet.ch\/fr\/boutique\/"},{"@type":"ListItem","position":3,"name":"Anneau en D ferm\u00e9 \u2013 1 pi\u00e8ce"}]},{"@type":"WebSite","@id":"https:\/\/www.swisscrochet.ch\/#website","url":"https:\/\/www.swisscrochet.ch\/","name":"Swiss Crochet","description":"Lib\u00e9rez votre potentiel cr\u00e9atif","potentialAction":[{"@type":"SearchAction","target":{"@type":"EntryPoint","urlTemplate":"https:\/\/www.swisscrochet.ch\/?s={search_term_string}"},"query-input":{"@type":"PropertyValueSpecification","valueRequired":true,"valueName":"search_term_string"}}],"inLanguage":"fr-FR"}]}},"_links":{"self":[{"href":"https:\/\/www.swisscrochet.ch\/fr\/wp-json\/wp\/v2\/product\/9977","targetHints":{"allow":["GET"]}}],"collection":[{"href":"https:\/\/www.swisscrochet.ch\/fr\/wp-json\/wp\/v2\/product"}],"about":[{"href":"https:\/\/www.swisscrochet.ch\/fr\/wp-json\/wp\/v2\/types\/product"}],"wp:featuredmedia":[{"embeddable":true,"href":"https:\/\/www.swisscrochet.ch\/fr\/wp-json\/wp\/v2\/media\/9734"}],"wp:attachment":[{"href":"https:\/\/www.swisscrochet.ch\/fr\/wp-json\/wp\/v2\/media?parent=9977"}],"wp:term":[{"taxonomy":"product_brand","embeddable":true,"href":"https:\/\/www.swisscrochet.ch\/fr\/wp-json\/wp\/v2\/product_brand?post=9977"},{"taxonomy":"product_cat","embeddable":true,"href":"https:\/\/www.swisscrochet.ch\/fr\/wp-json\/wp\/v2\/product_cat?post=9977"},{"taxonomy":"product_tag","embeddable":true,"href":"https:\/\/www.swisscrochet.ch\/fr\/wp-json\/wp\/v2\/product_tag?post=9977"}],"curies":[{"name":"wp","href":"https:\/\/api.w.org\/{rel}","templated":true}]}}