{"id":363,"date":"2024-08-12T18:30:49","date_gmt":"2024-08-12T16:30:49","guid":{"rendered":"https:\/\/www.swisscrochet.ch\/terms-and-conditions\/"},"modified":"2024-12-11T21:08:50","modified_gmt":"2024-12-11T20:08:50","slug":"termini-e-condizioni","status":"publish","type":"page","link":"https:\/\/www.swisscrochet.ch\/it\/termini-e-condizioni\/","title":{"rendered":"Termini e condizioni"},"content":{"rendered":"<h2>Indice<\/h2>\n<p><a href=\"#definitions\">Definizione dei termini<\/a> | <a href=\"#intellectual-property\">Propriet\u00e0 intellettuale e utilizzo accettabile<\/a> | <a href=\"#user-content\">Contenuto generato dagli utenti<\/a> | <a href=\"#upload-content\">Caricare contenuti sul nostro sito web<\/a> | <a href=\"#privacy\">Informativa sulla privacy<\/a> | <a href=\"#copyright\">Avviso di copyright<\/a> | <a href=\"#disclaimer\">Disclaimer<\/a> | <a href=\"#pricing\">Prezzi<\/a> | <a href=\"#product-availability\">Disponibilit\u00e0 dei prodotti<\/a> | <a href=\"#conditions-sale\">Condizioni di vendita<\/a> | <a href=\"#returns-refunds\">Politica di resi e rimborsi<\/a> | <a href=\"#payment\">Politica di pagamento<\/a> | <a href=\"#courses\">Politica sui corsi<\/a> | <a href=\"#acceptance\">Accettazione dell&#8217;ordine<\/a> | <a href=\"#supply\">Fornitura<\/a> | <a href=\"#security\">Sicurezza<\/a><\/p>\n<p>&nbsp;<\/p>\n<p>&nbsp;<\/p>\n<p>&nbsp;<\/p>\n<h2><a name=\"definitions\"><\/a>Definizione dei termini<\/h2>\n<p>Questi Termini &amp; Condizioni si applicano tra te, l&#8217;utente di questo sito web: www.swisscrochet.ch (inclusi eventuali sottodomini), e Assimina Saranti Web &amp; Textiles (di seguito denominati &#8220;noi&#8221; o &#8220;Swiss Crochet&#8221;), il proprietario e operatore di questo sito web.<\/p>\n<p>Utilizzando questo sito accetti e ti impegni a essere legalmente vincolata ai nostri termini e condizioni. Possiamo modificare i termini e le condizioni in qualsiasi momento senza preavviso.<\/p>\n<p>Leggi attentamente questi termini e condizioni, poich\u00e9 influenzano i tuoi diritti legali. Il tuo consenso a rispettare e a essere vincolata a questi termini e condizioni si presume avvenga al tuo primo utilizzo del sito. Se non accetti di essere vincolata da questi termini e condizioni, dovresti smettere immediatamente di utilizzare il sito.<\/p>\n<p>Questo sito web \u00e8 gestito da e per conto di Assimina Saranti Web &amp; Textiles (vedi <a href=\"https:\/\/www.swisscrochet.ch\/it\/dati-aziendali\/\">Dati aziendali<\/a>).<\/p>\n<p>&nbsp;<\/p>\n<h2><a name=\"intellectual-property\"><\/a>Propriet\u00e0 intellettuale e utilizzo accettabile<\/h2>\n<p>Il contenuto delle pagine di questo sito web \u00e8 solo per la tua informazione generale e per l&#8217;uso personale. Pu\u00f2 essere soggetto a modifiche senza preavviso.<\/p>\n<p>Possiamo modificare questi termini di tanto in tanto. Ogni volta che desideri utilizzare il nostro sito web, verifica questi termini per assicurarti di comprendere i termini applicabili in quel momento.<\/p>\n<p>Non forniamo alcuna garanzia sull&#8217;accuratezza, la tempestivit\u00e0, le prestazioni, la completezza o l&#8217;idoneit\u00e0 delle informazioni e dei materiali trovati o offerti su questo sito per uno scopo particolare. Riconosci che tali informazioni e materiali possono contenere inesattezze o errori e decliniamo espressamente ogni responsabilit\u00e0.<\/p>\n<p>L&#8217;uso di qualsiasi informazione o materiale su questo sito \u00e8 interamente a tuo rischio e pericolo.<\/p>\n<p>&nbsp;<\/p>\n<h2><a name=\"user-content\"><\/a>Contenuto generato dagli utenti<\/h2>\n<p>Questo sito web pu\u00f2 includere informazioni e materiali caricati da altre utenti del sito, inclusi blog, bacheche e chat room. Queste informazioni e questi materiali non sono stati verificati n\u00e9 approvati da noi. Le opinioni espresse da altre utenti sul nostro sito non rappresentano le nostre opinioni o i nostri valori.<\/p>\n<p>&nbsp;<\/p>\n<h2><a name=\"upload-content\"><\/a>Caricare contenuti sul nostro sito web<\/h2>\n<p>Ogni volta che utilizzi una funzione che ti consente di caricare contenuti sul nostro sito web o di contattare altre utenti del nostro sito, devi rispettare gli standard di contenuto stabiliti in questi termini.<\/p>\n<p>Garantisci che qualsiasi contributo rispetti tali standard e sarai responsabile nei nostri confronti e ci indennizzerai per qualsiasi violazione di tale garanzia. Ci\u00f2 significa che sarai responsabile di qualsiasi perdita o danno che subiamo a causa della tua violazione di questa garanzia.<\/p>\n<p>Abbiamo il diritto di rimuovere qualsiasi post che pubblichi sul nostro sito se, a nostro avviso, il tuo post non rispetta gli standard di contenuto stabiliti in questi termini.<\/p>\n<p>Sei l&#8217;unica responsabile per la sicurezza e il backup dei tuoi contenuti.<\/p>\n<p>&nbsp;<\/p>\n<h2><a name=\"privacy\"><\/a>Informativa sulla privacy<\/h2>\n<p>Le informazioni raccolte da Swiss Crochet dalle proprie clienti sono strettamente riservate. Qualsiasi informazione trasmessa a terzi, come La Posta Svizzera o societ\u00e0 di corriere, \u00e8 finalizzata esclusivamente al completamento del tuo ordine. Swiss Crochet non vender\u00e0 alcuna informazione personale raccolta.<\/p>\n<p>L&#8217;utilizzo del sito web \u00e8 inoltre disciplinato dalla nostra <a href=\"https:\/\/www.swisscrochet.ch\/it\/politica-sulla-privacy\/\">Politica sulla privacy<\/a>.<\/p>\n<p>&nbsp;<\/p>\n<h2><a name=\"copyright\"><\/a>Avviso di copyright<\/h2>\n<p>Questo sito web e il suo contenuto, compreso il design e la grafica del sito, sono protetti da copyright di Swiss Crochet. Tutti i diritti riservati.<\/p>\n<p>Qualsiasi ridistribuzione o riproduzione di parte o di tutto il contenuto in qualsiasi forma \u00e8 vietata.<\/p>\n<p>Non puoi, se non con il nostro esplicito consenso scritto, distribuire o sfruttare commercialmente il contenuto.<\/p>\n<p>&nbsp;<\/p>\n<h2><a name=\"disclaimer\"><\/a>Disclaimer<\/h2>\n<article class=\"rich-text-container article\" tabindex=\"0\" role=\"article\">Le informazioni contenute in questo sito web sono fornite solo a scopo informativo generale. Swiss Crochet controlla e aggiorna continuamente le informazioni sulle sue pagine web. Tuttavia, nonostante la massima attenzione, non \u00e8 possibile escludere completamente errori o modifiche nel tempo. Pertanto, qualsiasi responsabilit\u00e0 o garanzia per l&#8217;attualit\u00e0, l&#8217;accuratezza e la completezza delle informazioni, cos\u00ec come per qualsiasi tipo di danno, inclusi i danni accidentali o consequenziali, \u00e8 espressamente esclusa. Swiss Crochet si riserva espressamente il diritto di modificare o aggiungere informazioni in qualsiasi momento. I dettagli su beni e servizi non sono vincolanti.<\/article>\n<p>Il sito swisscrochet.ch pu\u00f2 contenere collegamenti a servizi esterni che non sono gestiti da Swiss Crochet. Swiss Crochet non si assume alcuna responsabilit\u00e0 per il contenuto, le politiche sulla privacy e i servizi dei siti web di terze parti a cui si fa riferimento tramite collegamento ipertestuale. Swiss Crochet non si assume alcuna responsabilit\u00e0, diretta o indiretta, per eventuali danni o perdite causati o presunti causati dall&#8217;uso o dall&#8217;affidamento su tali contenuti, beni o servizi disponibili su o tramite siti web o servizi di terze parti.<\/p>\n<p>Viene fatto tutto il possibile per mantenere il sito operativo. Tuttavia, Swiss Crochet non si assume alcuna responsabilit\u00e0 e non sar\u00e0 responsabile per l&#8217;indisponibilit\u00e0 temporanea del sito dovuta a problemi tecnici al di fuori del nostro controllo.<\/p>\n<p>I contenuti e la struttura di tutte le pagine web di Swiss Crochet sono protetti da copyright. La duplicazione di informazioni, dati, testi o immagini dei nostri siti web \u00e8 soggetta all&#8217;esplicita autorizzazione scritta di Swiss Crochet.<\/p>\n<p>&nbsp;<\/p>\n<h2><a name=\"pricing\"><\/a>Prezzi<\/h2>\n<p>Tutti i prezzi sono visualizzati in CHF e includono MWST\/TVA\/IVA\/VAT. I prezzi possono essere modificati in qualsiasi momento senza preavviso. Tutti i prezzi sono corretti al momento dell&#8217;acquisto e sono confermati con un&#8217;e-mail di conferma dell&#8217;ordine.<\/p>\n<p>&nbsp;<\/p>\n<h2><a name=\"product-availability\"><\/a>Disponibilit\u00e0 dei prodotti<\/h2>\n<p>Tutti gli ordini sono soggetti alla disponibilit\u00e0 dei prodotti. Se un prodotto non \u00e8 disponibile al momento dell&#8217;acquisto, sarai informata il prima possibile e ti verr\u00e0 offerto un prodotto alternativo (se disponibile) o un rimborso.<\/p>\n<p>&nbsp;<\/p>\n<h2><a name=\"conditions-sale\"><\/a>Condizioni di vendita<\/h2>\n<p>Tutti gli ordini devono essere pagati prima della spedizione. Swiss Crochet non si assume alcuna responsabilit\u00e0 per la merce danneggiata durante la consegna.<\/p>\n<p>&nbsp;<\/p>\n<h2><a name=\"returns-refunds\"><\/a>Politica di resi e rimborsi<\/h2>\n<p>Leggi la nostra politica dettagliata sulla pagina <a href=\"https:\/\/www.swisscrochet.ch\/it\/resi-e-rimborsi\/\">Resi e Rimborsi<\/a>.<\/p>\n<p>&nbsp;<\/p>\n<h2><a name=\"payment\"><\/a>Politica di pagamento<\/h2>\n<p>Leggi la nostra politica dettagliata sulla pagina <a href=\"https:\/\/www.swisscrochet.ch\/it\/pagamento-e-spedizione\/\">Pagamento e Spedizione<\/a>.<\/p>\n<p>&nbsp;<\/p>\n<h2><a name=\"courses\"><\/a>Politica sui corsi<\/h2>\n<p>Quando ti iscrivi a un corso privato e\/o di gruppo organizzato da Swiss Crochet, accetti automaticamente le seguenti condizioni:<\/p>\n<ul>\n<li>Viene effettuata una prenotazione per il corso a tuo nome; il tuo posto \u00e8 garantito.<\/li>\n<li>Se annulli la partecipazione al corso <span style=\"text-decoration: underline;\">da 14 a 7 giorni prima dell&#8217;inizio del corso<\/span>, il 50 % della quota del corso sar\u00e0 addebitato e il 50 % sar\u00e0 rimborsato.<\/li>\n<li>Se annulli la partecipazione al corso <span style=\"text-decoration: underline;\">meno di 7 giorni prima dell&#8217;inizio del corso<\/span>, il 100 % della quota del corso sar\u00e0 addebitato.<\/li>\n<li>Se un corso viene annullato dall&#8217;organizzatrice, il 100 % della quota del corso sar\u00e0 rimborsato.<\/li>\n<\/ul>\n<p>Con una prenotazione del corso, vengono riservati tempo e luogo per il corso, che altrimenti verrebbero allocati per altri corsi o attivit\u00e0 di lavoro.<\/p>\n<p>&nbsp;<\/p>\n<h2><a name=\"acceptance\"><\/a>Accettazione dell&#8217;ordine<\/h2>\n<p>Swiss Crochet invier\u00e0 conferme d&#8217;ordine via e-mail una volta che l&#8217;ordine sar\u00e0 stato effettuato sul nostro sito web.<\/p>\n<p>&nbsp;<\/p>\n<h2><a name=\"supply\"><\/a>Fornitura<\/h2>\n<p>Swiss Crochet si riserva il diritto di rifiutare la fornitura a qualsiasi individuo o azienda.<\/p>\n<p>&nbsp;<\/p>\n<h2><a name=\"security\"><\/a>Sicurezza<\/h2>\n<p>Swiss Crochet comprende le proprie responsabilit\u00e0 e obblighi per proteggere le tue informazioni personali. Abbiamo adottato misure di sicurezza e continuiamo a condurre test per garantire un&#8217;esperienza di acquisto sicura e protetta.<\/p>\n<h3>Shopping online sicuro<\/h3>\n<p>Ogni volta che Swiss Crochet raccoglie le tue informazioni personali (come l&#8217;indirizzo di consegna\/fatturazione, i dettagli di contatto, ecc.), viene stabilita una connessione sicura tramite la tecnologia Secure Sockets Layer (SSL) con il tuo browser web. Questo garantisce che i tuoi dati siano crittografati e trasmessi in modo sicuro, protetti da occhi indiscreti o minacce dannose. Secure Sockets Layer (SSL) \u00e8 un protocollo che consente la crittografia dei dati su Internet e aiuta gli utenti del sito web a confermare il proprietario del sito. Solo il personale autorizzato di Swiss Crochet pu\u00f2 accedere a questi dati personali e solo per scopi autorizzati.<\/p>\n<p>Per ulteriori informazioni, consulta la nostra <a href=\"https:\/\/www.swisscrochet.ch\/it\/politica-sulla-privacy\/\">Politica sulla privacy<\/a>.<\/p>\n<h3>Pagamento sicuro con carta di credito<\/h3>\n<p>I pagamenti online per Swiss Crochet sono gestiti da TWINT, Paypal e Zahls.ch. Tutte le informazioni relative alla carta di credito dei clienti vengono inviate in modo sicuro e completamente elaborate nei sistemi di TWINT, Paypal e Zahls.ch. Il personale di Swiss Crochet non pu\u00f2 accedere, visualizzare, elaborare o memorizzare i dati sensibili del titolare della carta (come i numeri di carta di credito, i codici PIN o i codici CCV). I dettagli della carta di credito vengono crittografati tramite SSL nel browser del cliente prima di essere inviati a TWINT, Paypal e Zahls.ch e non vengono mai visualizzati in testo non crittografato.<\/p>\n","protected":false},"excerpt":{"rendered":"<p>Indice Definizione dei termini | Propriet\u00e0 intellettuale e utilizzo accettabile | Contenuto generato dagli utenti | Caricare contenuti sul nostro sito web | Informativa sulla privacy | Avviso di copyright | Disclaimer | Prezzi | Disponibilit\u00e0 dei prodotti | Condizioni di vendita | Politica di resi e rimborsi | Politica di pagamento | Politica sui&hellip;<\/p>\n","protected":false},"author":2,"featured_media":253,"parent":0,"menu_order":21,"comment_status":"closed","ping_status":"closed","template":"template-microsite.php","meta":{"footnotes":""},"class_list":["post-363","page","type-page","status-publish","has-post-thumbnail","hentry","description-off"],"yoast_head":"<!-- This site is optimized with the Yoast SEO plugin v27.5 - https:\/\/yoast.com\/product\/yoast-seo-wordpress\/ -->\n<title>Termini e condizioni &#171; Swiss Crochet<\/title>\n<meta name=\"description\" content=\"Termini e condizioni per l&#039;utilizzo del sito web www.swisscrochet.ch\" \/>\n<meta name=\"robots\" content=\"index, follow, max-snippet:-1, max-image-preview:large, max-video-preview:-1\" \/>\n<link rel=\"canonical\" href=\"https:\/\/www.swisscrochet.ch\/it\/termini-e-condizioni\/\" \/>\n<meta property=\"og:locale\" content=\"it_IT\" \/>\n<meta property=\"og:type\" content=\"article\" \/>\n<meta property=\"og:title\" content=\"Termini e condizioni &#171; Swiss Crochet\" \/>\n<meta property=\"og:description\" content=\"Termini e condizioni per l&#039;utilizzo del sito web www.swisscrochet.ch\" \/>\n<meta property=\"og:url\" content=\"https:\/\/www.swisscrochet.ch\/it\/termini-e-condizioni\/\" \/>\n<meta property=\"og:site_name\" content=\"Swiss Crochet\" \/>\n<meta property=\"article:modified_time\" content=\"2024-12-11T20:08:50+00:00\" \/>\n<meta property=\"og:image\" content=\"https:\/\/www.swisscrochet.ch\/wp-content\/uploads\/2024\/08\/Logo-Swiss-Crochet-Square-RGB-WITH-color-BGD-512px.png\" \/>\n\t<meta property=\"og:image:width\" content=\"512\" \/>\n\t<meta property=\"og:image:height\" content=\"512\" \/>\n\t<meta property=\"og:image:type\" content=\"image\/png\" \/>\n<meta name=\"twitter:card\" content=\"summary_large_image\" \/>\n<meta name=\"twitter:label1\" content=\"Tempo di lettura stimato\" \/>\n\t<meta name=\"twitter:data1\" content=\"7 minuti\" \/>\n<script type=\"application\/ld+json\" class=\"yoast-schema-graph\">{\"@context\":\"https:\\\/\\\/schema.org\",\"@graph\":[{\"@type\":\"WebPage\",\"@id\":\"https:\\\/\\\/www.swisscrochet.ch\\\/it\\\/termini-e-condizioni\\\/\",\"url\":\"https:\\\/\\\/www.swisscrochet.ch\\\/it\\\/termini-e-condizioni\\\/\",\"name\":\"Termini e condizioni &#171; Swiss Crochet\",\"isPartOf\":{\"@id\":\"https:\\\/\\\/www.swisscrochet.ch\\\/#website\"},\"primaryImageOfPage\":{\"@id\":\"https:\\\/\\\/www.swisscrochet.ch\\\/it\\\/termini-e-condizioni\\\/#primaryimage\"},\"image\":{\"@id\":\"https:\\\/\\\/www.swisscrochet.ch\\\/it\\\/termini-e-condizioni\\\/#primaryimage\"},\"thumbnailUrl\":\"https:\\\/\\\/www.swisscrochet.ch\\\/wp-content\\\/uploads\\\/2024\\\/08\\\/Logo-Swiss-Crochet-Square-RGB-WITH-color-BGD-512px.png\",\"datePublished\":\"2024-08-12T16:30:49+00:00\",\"dateModified\":\"2024-12-11T20:08:50+00:00\",\"description\":\"Termini e condizioni per l'utilizzo del sito web www.swisscrochet.ch\",\"breadcrumb\":{\"@id\":\"https:\\\/\\\/www.swisscrochet.ch\\\/it\\\/termini-e-condizioni\\\/#breadcrumb\"},\"inLanguage\":\"it-IT\",\"potentialAction\":[{\"@type\":\"ReadAction\",\"target\":[\"https:\\\/\\\/www.swisscrochet.ch\\\/it\\\/termini-e-condizioni\\\/\"]}]},{\"@type\":\"ImageObject\",\"inLanguage\":\"it-IT\",\"@id\":\"https:\\\/\\\/www.swisscrochet.ch\\\/it\\\/termini-e-condizioni\\\/#primaryimage\",\"url\":\"https:\\\/\\\/www.swisscrochet.ch\\\/wp-content\\\/uploads\\\/2024\\\/08\\\/Logo-Swiss-Crochet-Square-RGB-WITH-color-BGD-512px.png\",\"contentUrl\":\"https:\\\/\\\/www.swisscrochet.ch\\\/wp-content\\\/uploads\\\/2024\\\/08\\\/Logo-Swiss-Crochet-Square-RGB-WITH-color-BGD-512px.png\",\"width\":512,\"height\":512},{\"@type\":\"BreadcrumbList\",\"@id\":\"https:\\\/\\\/www.swisscrochet.ch\\\/it\\\/termini-e-condizioni\\\/#breadcrumb\",\"itemListElement\":[{\"@type\":\"ListItem\",\"position\":1,\"name\":\"Home\",\"item\":\"https:\\\/\\\/www.swisscrochet.ch\\\/it\\\/\"},{\"@type\":\"ListItem\",\"position\":2,\"name\":\"Termini e condizioni\"}]},{\"@type\":\"WebSite\",\"@id\":\"https:\\\/\\\/www.swisscrochet.ch\\\/#website\",\"url\":\"https:\\\/\\\/www.swisscrochet.ch\\\/\",\"name\":\"Swiss Crochet\",\"description\":\"Sblocca il tuo potenziale creativo\",\"potentialAction\":[{\"@type\":\"SearchAction\",\"target\":{\"@type\":\"EntryPoint\",\"urlTemplate\":\"https:\\\/\\\/www.swisscrochet.ch\\\/?s={search_term_string}\"},\"query-input\":{\"@type\":\"PropertyValueSpecification\",\"valueRequired\":true,\"valueName\":\"search_term_string\"}}],\"inLanguage\":\"it-IT\"}]}<\/script>\n<!-- \/ Yoast SEO plugin. -->","yoast_head_json":{"title":"Termini e condizioni &#171; Swiss Crochet","description":"Termini e condizioni per l'utilizzo del sito web www.swisscrochet.ch","robots":{"index":"index","follow":"follow","max-snippet":"max-snippet:-1","max-image-preview":"max-image-preview:large","max-video-preview":"max-video-preview:-1"},"canonical":"https:\/\/www.swisscrochet.ch\/it\/termini-e-condizioni\/","og_locale":"it_IT","og_type":"article","og_title":"Termini e condizioni &#171; Swiss Crochet","og_description":"Termini e condizioni per l'utilizzo del sito web www.swisscrochet.ch","og_url":"https:\/\/www.swisscrochet.ch\/it\/termini-e-condizioni\/","og_site_name":"Swiss Crochet","article_modified_time":"2024-12-11T20:08:50+00:00","og_image":[{"width":512,"height":512,"url":"https:\/\/www.swisscrochet.ch\/wp-content\/uploads\/2024\/08\/Logo-Swiss-Crochet-Square-RGB-WITH-color-BGD-512px.png","type":"image\/png"}],"twitter_card":"summary_large_image","twitter_misc":{"Tempo di lettura stimato":"7 minuti"},"schema":{"@context":"https:\/\/schema.org","@graph":[{"@type":"WebPage","@id":"https:\/\/www.swisscrochet.ch\/it\/termini-e-condizioni\/","url":"https:\/\/www.swisscrochet.ch\/it\/termini-e-condizioni\/","name":"Termini e condizioni &#171; Swiss Crochet","isPartOf":{"@id":"https:\/\/www.swisscrochet.ch\/#website"},"primaryImageOfPage":{"@id":"https:\/\/www.swisscrochet.ch\/it\/termini-e-condizioni\/#primaryimage"},"image":{"@id":"https:\/\/www.swisscrochet.ch\/it\/termini-e-condizioni\/#primaryimage"},"thumbnailUrl":"https:\/\/www.swisscrochet.ch\/wp-content\/uploads\/2024\/08\/Logo-Swiss-Crochet-Square-RGB-WITH-color-BGD-512px.png","datePublished":"2024-08-12T16:30:49+00:00","dateModified":"2024-12-11T20:08:50+00:00","description":"Termini e condizioni per l'utilizzo del sito web www.swisscrochet.ch","breadcrumb":{"@id":"https:\/\/www.swisscrochet.ch\/it\/termini-e-condizioni\/#breadcrumb"},"inLanguage":"it-IT","potentialAction":[{"@type":"ReadAction","target":["https:\/\/www.swisscrochet.ch\/it\/termini-e-condizioni\/"]}]},{"@type":"ImageObject","inLanguage":"it-IT","@id":"https:\/\/www.swisscrochet.ch\/it\/termini-e-condizioni\/#primaryimage","url":"https:\/\/www.swisscrochet.ch\/wp-content\/uploads\/2024\/08\/Logo-Swiss-Crochet-Square-RGB-WITH-color-BGD-512px.png","contentUrl":"https:\/\/www.swisscrochet.ch\/wp-content\/uploads\/2024\/08\/Logo-Swiss-Crochet-Square-RGB-WITH-color-BGD-512px.png","width":512,"height":512},{"@type":"BreadcrumbList","@id":"https:\/\/www.swisscrochet.ch\/it\/termini-e-condizioni\/#breadcrumb","itemListElement":[{"@type":"ListItem","position":1,"name":"Home","item":"https:\/\/www.swisscrochet.ch\/it\/"},{"@type":"ListItem","position":2,"name":"Termini e condizioni"}]},{"@type":"WebSite","@id":"https:\/\/www.swisscrochet.ch\/#website","url":"https:\/\/www.swisscrochet.ch\/","name":"Swiss Crochet","description":"Sblocca il tuo potenziale creativo","potentialAction":[{"@type":"SearchAction","target":{"@type":"EntryPoint","urlTemplate":"https:\/\/www.swisscrochet.ch\/?s={search_term_string}"},"query-input":{"@type":"PropertyValueSpecification","valueRequired":true,"valueName":"search_term_string"}}],"inLanguage":"it-IT"}]}},"_links":{"self":[{"href":"https:\/\/www.swisscrochet.ch\/it\/wp-json\/wp\/v2\/pages\/363","targetHints":{"allow":["GET"]}}],"collection":[{"href":"https:\/\/www.swisscrochet.ch\/it\/wp-json\/wp\/v2\/pages"}],"about":[{"href":"https:\/\/www.swisscrochet.ch\/it\/wp-json\/wp\/v2\/types\/page"}],"author":[{"embeddable":true,"href":"https:\/\/www.swisscrochet.ch\/it\/wp-json\/wp\/v2\/users\/2"}],"replies":[{"embeddable":true,"href":"https:\/\/www.swisscrochet.ch\/it\/wp-json\/wp\/v2\/comments?post=363"}],"version-history":[{"count":0,"href":"https:\/\/www.swisscrochet.ch\/it\/wp-json\/wp\/v2\/pages\/363\/revisions"}],"wp:featuredmedia":[{"embeddable":true,"href":"https:\/\/www.swisscrochet.ch\/it\/wp-json\/wp\/v2\/media\/253"}],"wp:attachment":[{"href":"https:\/\/www.swisscrochet.ch\/it\/wp-json\/wp\/v2\/media?parent=363"}],"curies":[{"name":"wp","href":"https:\/\/api.w.org\/{rel}","templated":true}]}}