{"id":369,"date":"2024-08-01T14:13:08","date_gmt":"2024-08-01T12:13:08","guid":{"rendered":"https:\/\/www.swisscrochet.ch\/privacy-policy\/"},"modified":"2024-12-10T21:09:29","modified_gmt":"2024-12-10T20:09:29","slug":"politica-sulla-privacy","status":"publish","type":"page","link":"https:\/\/www.swisscrochet.ch\/it\/politica-sulla-privacy\/","title":{"rendered":"Politica sulla privacy"},"content":{"rendered":"<h2>Indice<\/h2>\n<p><a href=\"#respect\">Rispettiamo la tua privacy<\/a> | <a href=\"#personal-information\">Quali informazioni personali raccogliamo<\/a> | <a href=\"#comments\">Commenti<\/a> | <a href=\"#embedded-content\">Contenuti incorporati da altri siti web<\/a> | <a href=\"#collect\">Come raccogliamo le tue informazioni personali<\/a> | <a href=\"#use\">Uso delle tue informazioni personali<\/a> | <a href=\"#security\">Sicurezza delle tue informazioni personali<\/a> | <a href=\"#access\">Accesso alle tue informazioni personali<\/a> | <a href=\"#complaints\">Reclami sulla privacy<\/a> | <a href=\"#changes\">Modifiche<\/a> | <a href=\"#website\">Sito web<\/a><\/p>\n<p>&nbsp;<\/p>\n<p>&nbsp;<\/p>\n<p>&nbsp;<\/p>\n<h2><a name=\"respect\"><\/a>Rispettiamo la tua privacy<\/h2>\n<p>Swiss Crochet rispetta il tuo diritto alla privacy e questa politica descrive come raccogliamo e trattiamo le tue informazioni personali. &#8220;Informazioni personali&#8221; sono le informazioni che possediamo e che possono essere identificate come tue.<\/p>\n<p>&nbsp;<\/p>\n<h2><a name=\"personal-information\"><\/a>Quali informazioni personali raccogliamo<\/h2>\n<p>Possiamo raccogliere i seguenti tipi di informazioni personali da te:<\/p>\n<ul>\n<li>Nome e cognome<\/li>\n<li>Indirizzo di fatturazione<\/li>\n<li>Indirizzo di spedizione<\/li>\n<li>Numero di telefono<\/li>\n<li>Indirizzo e-mail<\/li>\n<li>Informazioni sui beni o servizi che hai ordinato<\/li>\n<li>Informazioni dalle richieste che hai fatto<\/li>\n<li>Comunicazioni tra di noi<\/li>\n<\/ul>\n<p>Per gli utenti che si registrano sul nostro sito web (se presenti), conserviamo anche le informazioni personali che forniscono nel loro profilo utente. Tutti gli utenti possono visualizzare, modificare o eliminare le proprie informazioni personali in qualsiasi momento (eccetto che non possono cambiare il proprio nome utente). Gli amministratori del sito possono anche visualizzare e modificare tali informazioni.<\/p>\n<p>&nbsp;<\/p>\n<h2><a name=\"comments\"><\/a>Commenti<\/h2>\n<p>Quando i visitatori lasciano commenti sul sito, raccogliamo i dati mostrati nel modulo dei commenti, insieme all&#8217;indirizzo IP del visitatore e alla stringa dell&#8217;agente utente del browser per aiutare a rilevare lo spam.<\/p>\n<p>&nbsp;<\/p>\n<h2><a name=\"embedded-content\"><\/a>Contenuti incorporati da altri siti web<\/h2>\n<p>Gli articoli su questo sito potrebbero includere contenuti incorporati (ad esempio video, immagini, articoli, ecc.). I contenuti incorporati da altri siti web si comportano esattamente come se il visitatore avesse visitato l&#8217;altro sito web.<\/p>\n<p>Questi siti potrebbero raccogliere dati su di te, utilizzare i cookie, incorporare ulteriori tracciamenti di terze parti e monitorare la tua interazione con tale contenuto incorporato, incluso il tracciamento della tua interazione con il contenuto incorporato se hai un account e sei connesso a quel sito web.<\/p>\n<p>&nbsp;<\/p>\n<h2><a name=\"collect\"><\/a>Come raccogliamo le tue informazioni personali<\/h2>\n<p>Raccogliamo informazioni personali su di te in vari modi, tra cui: quando interagisci con noi elettronicamente o di persona; quando accedi al nostro sito web; e quando forniamo i nostri servizi a te.<\/p>\n<p>&nbsp;<\/p>\n<h2><a name=\"use\"><\/a>Uso delle tue informazioni personali<\/h2>\n<p>Utilizziamo le tue informazioni per fornirti il nostro servizio. Le utilizziamo anche per migliorare il nostro servizio e per informarti su opportunit\u00e0 che riteniamo possano interessarti.<\/p>\n<p>Non forniamo le tue informazioni a terze parti, eccetto quando le trasmettiamo ai nostri partner commerciali, come La Posta Svizzera, che ci aiutano a fornirti i nostri servizi.<\/p>\n<p>I commenti dei visitatori possono essere controllati tramite un servizio automatizzato di rilevamento dello spam.<\/p>\n<p>Se richiedi un ripristino della password, il tuo indirizzo IP verr\u00e0 incluso nell&#8217;email di ripristino.<\/p>\n<p>&nbsp;<\/p>\n<h2><a name=\"security\"><\/a>Sicurezza delle tue informazioni personali<\/h2>\n<p>Adottiamo misure ragionevoli per proteggere le tue informazioni personali. Tuttavia, non siamo responsabili per eventuali accessi non autorizzati a tali informazioni.<\/p>\n<p>&nbsp;<\/p>\n<h2><a name=\"access\"><\/a>Accesso alle tue informazioni personali<\/h2>\n<p>Puoi accedere e aggiornare le tue informazioni personali effettuando il login nel tuo account utilizzando l&#8217;e-mail e la password con cui ti sei registrato nella pagina &#8220;<a href=\"https:\/\/www.swisscrochet.ch\/it\/il-mio-conto\/\">Il mio account<\/a>&#8220;.<\/p>\n<p>Se hai un account su questo sito o hai lasciato dei commenti, puoi richiedere di ricevere un file esportato delle informazioni personali che possediamo su di te, comprese tutte le informazioni che ci hai fornito. Puoi anche richiedere che cancelliamo qualsiasi dato personale che possediamo su di te. Questo non include i dati che siamo obbligati a conservare per scopi amministrativi, legali o di sicurezza.<\/p>\n<p>Una richiesta di esportazione del file o di cancellazione delle tue informazioni personali sar\u00e0 fornita gratuitamente. Tuttavia, in determinate circostanze, potrebbe essere possibile addebitare una &#8220;tariffa ragionevole&#8221; al soggetto dei dati per coprire le spese amministrative quando la richiesta comporta la raccolta di grandi quantit\u00e0 di dati, quando la richiesta \u00e8 manifestamente infondata o eccessiva, o quando la richiesta \u00e8 ripetitiva.<\/p>\n<p>&nbsp;<\/p>\n<h2><a name=\"complaints\"><\/a>Reclami sulla privacy<\/h2>\n<p>Se hai dei reclami riguardo alle nostre pratiche sulla privacy, non esitare a contattarci fornendo i dettagli dei tuoi reclami. Prendiamo i reclami molto seriamente e risponderemo poco dopo aver ricevuto la tua segnalazione.<\/p>\n<p>&nbsp;<\/p>\n<h2><a name=\"changes\"><\/a>Modifiche<\/h2>\n<p>Si prega di notare che potremmo modificare questa politica sulla privacy in futuro. Le versioni riviste saranno caricate sul nostro sito web, quindi ti invitiamo a controllare di tanto in tanto.<\/p>\n<p>&nbsp;<\/p>\n<h2><a name=\"website\"><\/a>Sito web<\/h2>\n<h3>Quando visiti il nostro sito web<\/h3>\n<p>Quando accedi al nostro sito web, potremmo raccogliere alcune informazioni come tipo di browser, sistema operativo, sito web visitato subito prima di arrivare al nostro sito, ecc. Queste informazioni vengono utilizzate in modo aggregato per analizzare come le persone utilizzano il nostro sito, in modo da migliorare il nostro servizio. Maggiori informazioni sull&#8217;utilizzo del sito web sono disponibili nei nostri <a href=\"https:\/\/www.swisscrochet.ch\/it\/termini-e-condizioni\/\">Termini e Condizioni<\/a>.<\/p>\n<h3>Cookie<\/h3>\n<p>I cookie sono file molto piccoli che un sito web utilizza per identificarti quando torni sul sito e per memorizzare i dettagli sull&#8217;uso del sito. I cookie non sono programmi dannosi che accedono o danneggiano il tuo computer. Utilizziamo i cookie per migliorare l&#8217;esperienza degli utenti sul nostro sito web e negozio online. Maggiori informazioni sull&#8217;uso dei cookie sono disponibili nella nostra <a href=\"https:\/\/www.swisscrochet.ch\/it\/politica-sui-cookie\/\">Politica sui cookie<\/a>.<\/p>\n<h3>Siti di terze parti<\/h3>\n<p>Il nostro sito contiene link a siti web che non sono di nostra propriet\u00e0 n\u00e9 controllati. Non siamo responsabili per i contenuti, i servizi e le politiche di questi siti.<\/p>\n","protected":false},"excerpt":{"rendered":"<p>Indice Rispettiamo la tua privacy | Quali informazioni personali raccogliamo | Commenti | Contenuti incorporati da altri siti web | Come raccogliamo le tue informazioni personali | Uso delle tue informazioni personali | Sicurezza delle tue informazioni personali | Accesso alle tue informazioni personali | Reclami sulla privacy | Modifiche | Sito web &nbsp; &nbsp;&hellip;<\/p>\n","protected":false},"author":2,"featured_media":253,"parent":0,"menu_order":22,"comment_status":"closed","ping_status":"open","template":"template-microsite.php","meta":{"footnotes":""},"class_list":["post-369","page","type-page","status-publish","has-post-thumbnail","hentry","description-off"],"yoast_head":"<!-- This site is optimized with the Yoast SEO plugin v27.5 - https:\/\/yoast.com\/product\/yoast-seo-wordpress\/ -->\n<title>Politica sulla privacy &#171; Swiss Crochet<\/title>\n<meta name=\"description\" content=\"Politica sulla privacy per l&#039;uso del sito web www.swisscrochet.ch\" \/>\n<meta name=\"robots\" content=\"index, follow, max-snippet:-1, max-image-preview:large, max-video-preview:-1\" \/>\n<link rel=\"canonical\" href=\"https:\/\/www.swisscrochet.ch\/it\/politica-sulla-privacy\/\" \/>\n<meta property=\"og:locale\" content=\"it_IT\" \/>\n<meta property=\"og:type\" content=\"article\" \/>\n<meta property=\"og:title\" content=\"Politica sulla privacy &#171; Swiss Crochet\" \/>\n<meta property=\"og:description\" content=\"Politica sulla privacy per l&#039;uso del sito web www.swisscrochet.ch\" \/>\n<meta property=\"og:url\" content=\"https:\/\/www.swisscrochet.ch\/it\/politica-sulla-privacy\/\" \/>\n<meta property=\"og:site_name\" content=\"Swiss Crochet\" \/>\n<meta property=\"article:modified_time\" content=\"2024-12-10T20:09:29+00:00\" \/>\n<meta property=\"og:image\" content=\"https:\/\/www.swisscrochet.ch\/wp-content\/uploads\/2024\/08\/Logo-Swiss-Crochet-Square-RGB-WITH-color-BGD-512px.png\" \/>\n\t<meta property=\"og:image:width\" content=\"512\" \/>\n\t<meta property=\"og:image:height\" content=\"512\" \/>\n\t<meta property=\"og:image:type\" content=\"image\/png\" \/>\n<meta name=\"twitter:card\" content=\"summary_large_image\" \/>\n<meta name=\"twitter:label1\" content=\"Tempo di lettura stimato\" \/>\n\t<meta name=\"twitter:data1\" content=\"5 minuti\" \/>\n<script type=\"application\/ld+json\" class=\"yoast-schema-graph\">{\"@context\":\"https:\\\/\\\/schema.org\",\"@graph\":[{\"@type\":\"WebPage\",\"@id\":\"https:\\\/\\\/www.swisscrochet.ch\\\/it\\\/politica-sulla-privacy\\\/\",\"url\":\"https:\\\/\\\/www.swisscrochet.ch\\\/it\\\/politica-sulla-privacy\\\/\",\"name\":\"Politica sulla privacy &#171; Swiss Crochet\",\"isPartOf\":{\"@id\":\"https:\\\/\\\/www.swisscrochet.ch\\\/#website\"},\"primaryImageOfPage\":{\"@id\":\"https:\\\/\\\/www.swisscrochet.ch\\\/it\\\/politica-sulla-privacy\\\/#primaryimage\"},\"image\":{\"@id\":\"https:\\\/\\\/www.swisscrochet.ch\\\/it\\\/politica-sulla-privacy\\\/#primaryimage\"},\"thumbnailUrl\":\"https:\\\/\\\/www.swisscrochet.ch\\\/wp-content\\\/uploads\\\/2024\\\/08\\\/Logo-Swiss-Crochet-Square-RGB-WITH-color-BGD-512px.png\",\"datePublished\":\"2024-08-01T12:13:08+00:00\",\"dateModified\":\"2024-12-10T20:09:29+00:00\",\"description\":\"Politica sulla privacy per l'uso del sito web www.swisscrochet.ch\",\"breadcrumb\":{\"@id\":\"https:\\\/\\\/www.swisscrochet.ch\\\/it\\\/politica-sulla-privacy\\\/#breadcrumb\"},\"inLanguage\":\"it-IT\",\"potentialAction\":[{\"@type\":\"ReadAction\",\"target\":[\"https:\\\/\\\/www.swisscrochet.ch\\\/it\\\/politica-sulla-privacy\\\/\"]}]},{\"@type\":\"ImageObject\",\"inLanguage\":\"it-IT\",\"@id\":\"https:\\\/\\\/www.swisscrochet.ch\\\/it\\\/politica-sulla-privacy\\\/#primaryimage\",\"url\":\"https:\\\/\\\/www.swisscrochet.ch\\\/wp-content\\\/uploads\\\/2024\\\/08\\\/Logo-Swiss-Crochet-Square-RGB-WITH-color-BGD-512px.png\",\"contentUrl\":\"https:\\\/\\\/www.swisscrochet.ch\\\/wp-content\\\/uploads\\\/2024\\\/08\\\/Logo-Swiss-Crochet-Square-RGB-WITH-color-BGD-512px.png\",\"width\":512,\"height\":512},{\"@type\":\"BreadcrumbList\",\"@id\":\"https:\\\/\\\/www.swisscrochet.ch\\\/it\\\/politica-sulla-privacy\\\/#breadcrumb\",\"itemListElement\":[{\"@type\":\"ListItem\",\"position\":1,\"name\":\"Home\",\"item\":\"https:\\\/\\\/www.swisscrochet.ch\\\/it\\\/\"},{\"@type\":\"ListItem\",\"position\":2,\"name\":\"Politica sulla privacy\"}]},{\"@type\":\"WebSite\",\"@id\":\"https:\\\/\\\/www.swisscrochet.ch\\\/#website\",\"url\":\"https:\\\/\\\/www.swisscrochet.ch\\\/\",\"name\":\"Swiss Crochet\",\"description\":\"Sblocca il tuo potenziale creativo\",\"potentialAction\":[{\"@type\":\"SearchAction\",\"target\":{\"@type\":\"EntryPoint\",\"urlTemplate\":\"https:\\\/\\\/www.swisscrochet.ch\\\/?s={search_term_string}\"},\"query-input\":{\"@type\":\"PropertyValueSpecification\",\"valueRequired\":true,\"valueName\":\"search_term_string\"}}],\"inLanguage\":\"it-IT\"}]}<\/script>\n<!-- \/ Yoast SEO plugin. -->","yoast_head_json":{"title":"Politica sulla privacy &#171; Swiss Crochet","description":"Politica sulla privacy per l'uso del sito web www.swisscrochet.ch","robots":{"index":"index","follow":"follow","max-snippet":"max-snippet:-1","max-image-preview":"max-image-preview:large","max-video-preview":"max-video-preview:-1"},"canonical":"https:\/\/www.swisscrochet.ch\/it\/politica-sulla-privacy\/","og_locale":"it_IT","og_type":"article","og_title":"Politica sulla privacy &#171; Swiss Crochet","og_description":"Politica sulla privacy per l'uso del sito web www.swisscrochet.ch","og_url":"https:\/\/www.swisscrochet.ch\/it\/politica-sulla-privacy\/","og_site_name":"Swiss Crochet","article_modified_time":"2024-12-10T20:09:29+00:00","og_image":[{"width":512,"height":512,"url":"https:\/\/www.swisscrochet.ch\/wp-content\/uploads\/2024\/08\/Logo-Swiss-Crochet-Square-RGB-WITH-color-BGD-512px.png","type":"image\/png"}],"twitter_card":"summary_large_image","twitter_misc":{"Tempo di lettura stimato":"5 minuti"},"schema":{"@context":"https:\/\/schema.org","@graph":[{"@type":"WebPage","@id":"https:\/\/www.swisscrochet.ch\/it\/politica-sulla-privacy\/","url":"https:\/\/www.swisscrochet.ch\/it\/politica-sulla-privacy\/","name":"Politica sulla privacy &#171; Swiss Crochet","isPartOf":{"@id":"https:\/\/www.swisscrochet.ch\/#website"},"primaryImageOfPage":{"@id":"https:\/\/www.swisscrochet.ch\/it\/politica-sulla-privacy\/#primaryimage"},"image":{"@id":"https:\/\/www.swisscrochet.ch\/it\/politica-sulla-privacy\/#primaryimage"},"thumbnailUrl":"https:\/\/www.swisscrochet.ch\/wp-content\/uploads\/2024\/08\/Logo-Swiss-Crochet-Square-RGB-WITH-color-BGD-512px.png","datePublished":"2024-08-01T12:13:08+00:00","dateModified":"2024-12-10T20:09:29+00:00","description":"Politica sulla privacy per l'uso del sito web www.swisscrochet.ch","breadcrumb":{"@id":"https:\/\/www.swisscrochet.ch\/it\/politica-sulla-privacy\/#breadcrumb"},"inLanguage":"it-IT","potentialAction":[{"@type":"ReadAction","target":["https:\/\/www.swisscrochet.ch\/it\/politica-sulla-privacy\/"]}]},{"@type":"ImageObject","inLanguage":"it-IT","@id":"https:\/\/www.swisscrochet.ch\/it\/politica-sulla-privacy\/#primaryimage","url":"https:\/\/www.swisscrochet.ch\/wp-content\/uploads\/2024\/08\/Logo-Swiss-Crochet-Square-RGB-WITH-color-BGD-512px.png","contentUrl":"https:\/\/www.swisscrochet.ch\/wp-content\/uploads\/2024\/08\/Logo-Swiss-Crochet-Square-RGB-WITH-color-BGD-512px.png","width":512,"height":512},{"@type":"BreadcrumbList","@id":"https:\/\/www.swisscrochet.ch\/it\/politica-sulla-privacy\/#breadcrumb","itemListElement":[{"@type":"ListItem","position":1,"name":"Home","item":"https:\/\/www.swisscrochet.ch\/it\/"},{"@type":"ListItem","position":2,"name":"Politica sulla privacy"}]},{"@type":"WebSite","@id":"https:\/\/www.swisscrochet.ch\/#website","url":"https:\/\/www.swisscrochet.ch\/","name":"Swiss Crochet","description":"Sblocca il tuo potenziale creativo","potentialAction":[{"@type":"SearchAction","target":{"@type":"EntryPoint","urlTemplate":"https:\/\/www.swisscrochet.ch\/?s={search_term_string}"},"query-input":{"@type":"PropertyValueSpecification","valueRequired":true,"valueName":"search_term_string"}}],"inLanguage":"it-IT"}]}},"_links":{"self":[{"href":"https:\/\/www.swisscrochet.ch\/it\/wp-json\/wp\/v2\/pages\/369","targetHints":{"allow":["GET"]}}],"collection":[{"href":"https:\/\/www.swisscrochet.ch\/it\/wp-json\/wp\/v2\/pages"}],"about":[{"href":"https:\/\/www.swisscrochet.ch\/it\/wp-json\/wp\/v2\/types\/page"}],"author":[{"embeddable":true,"href":"https:\/\/www.swisscrochet.ch\/it\/wp-json\/wp\/v2\/users\/2"}],"replies":[{"embeddable":true,"href":"https:\/\/www.swisscrochet.ch\/it\/wp-json\/wp\/v2\/comments?post=369"}],"version-history":[{"count":0,"href":"https:\/\/www.swisscrochet.ch\/it\/wp-json\/wp\/v2\/pages\/369\/revisions"}],"wp:featuredmedia":[{"embeddable":true,"href":"https:\/\/www.swisscrochet.ch\/it\/wp-json\/wp\/v2\/media\/253"}],"wp:attachment":[{"href":"https:\/\/www.swisscrochet.ch\/it\/wp-json\/wp\/v2\/media?parent=369"}],"curies":[{"name":"wp","href":"https:\/\/api.w.org\/{rel}","templated":true}]}}