{"id":372,"date":"2024-08-09T13:08:08","date_gmt":"2024-08-09T11:08:08","guid":{"rendered":"https:\/\/www.swisscrochet.ch\/payment-and-shipping\/"},"modified":"2026-04-14T00:37:29","modified_gmt":"2026-04-13T22:37:29","slug":"pagamento-e-spedizione","status":"publish","type":"page","link":"https:\/\/www.swisscrochet.ch\/it\/pagamento-e-spedizione\/","title":{"rendered":"Pagamento e spedizione"},"content":{"rendered":"<h2>Pagamento<\/h2>\n<p>Il pagamento avviene durante il processo di checkout sul sito. Sono disponibili diverse opzioni di pagamento.<\/p>\n<p>Puoi pagare con:<\/p>\n<ul>\n<li>TWINT<\/li>\n<li>PostFinance E-Finance<\/li>\n<li>PostFinance Card<\/li>\n<li>Visa carta di debito\/credito<\/li>\n<li>Mastercard carta di debito\/credito<\/li>\n<li>Paypal<\/li>\n<li>Google Pay<\/li>\n<li>Bonifico bancario diretto<\/li>\n<\/ul>\n<p>Si prega di notare che non \u00e8 possibile riservare gli articoli.<\/p>\n<p>Gli ordini devono essere pagati prima di essere spediti.<\/p>\n<p>&nbsp;<\/p>\n<h2>Ritiro di persona<\/h2>\n<p>Il ritiro di persona \u00e8 disponibile solo per ordini online prepagati. Non sono possibili visite spontanee n\u00e9 acquisti in loco.<\/p>\n<p>Gli ordini possono essere ritirati esclusivamente negli orari di ritiro indicati in questa pagina.<\/p>\n<h4>Luogo di ritiro<\/h4>\n<p>L\u2019<a href=\"https:\/\/www.swisscrochet.ch\/it\/dati-aziendali\/\">ufficio<\/a> Swiss Crochet.<\/p>\n<h4>Orari di ritiro 2026<\/h4>\n<p>Ogni venerd\u00ec dalle 12:00 alle 13:00 e dalle 16:00 alle 17:00 (ora svizzera).<\/p>\n<h4>Il ritiro non \u00e8 disponibile nelle seguenti date<\/h4>\n<ul>\n<li>27.02<\/li>\n<li>13.03, 20.03, 27.03<\/li>\n<li>17.04, 24.04<\/li>\n<li>01.05, 08.05, 29.05<\/li>\n<li>05.06<\/li>\n<li>07.08<\/li>\n<li>06.11, 13.11<\/li>\n<li>25.12<\/li>\n<\/ul>\n<p>&nbsp;<\/p>\n<h2>Spedizione<\/h2>\n<p>Tutti gli ordini vengono gestiti tramite i servizi della Posta Svizzera.<\/p>\n<p>Un codice di tracciamento viene fornito di default per tutti gli ordini, indipendentemente dalla priorit\u00e0 di spedizione. Il codice di tracciamento e un link alla pagina di tracciamento della Posta Svizzera verranno inviati via e-mail non appena l&#8217;ordine sar\u00e0 pronto per la spedizione. Il codice di tracciamento sar\u00e0 visibile online solo dopo che la Posta Svizzera avr\u00e0 ricevuto e processato il pacco.<\/p>\n<p>Gli ordini vengono spediti entro 24-36 ore. Potrebbero verificarsi ritardi durante i giorni festivi o nei periodi di alta stagione (ad esempio durante il periodo natalizio). Riceverai notifiche via e-mail sullo stato del tuo ordine.<\/p>\n<p>Gli ordini vengono spediti all&#8217;indirizzo di spedizione fornito durante il processo di checkout, non all&#8217;indirizzo di fatturazione (a meno che non siano gli stessi).<\/p>\n<p>&nbsp;<\/p>\n<h3>Svizzera e Liechtenstein<\/h3>\n<p>Per gli ordini destinati alla Svizzera e al Liechtenstein sono disponibili due opzioni di spedizione: Economy (B-Post) e Priority Post (A-Post).<\/p>\n<h4>Costi di spedizione<\/h4>\n<p>Per gli ordini nazionali superiori a 80 CHF, i costi di spedizione sono:<\/p>\n<ul>\n<li>Economy: gratuito!<\/li>\n<li>Priority: disponibile per soli 2 CHF<\/li>\n<\/ul>\n<p>Per gli ordini nazionali inferiori a 80 CHF, i costi di spedizione sono:<\/p>\n<ul>\n<li>Pacco piccolo (A+ Post): 4.90 CHF<\/li>\n<li>Economy: 7.50 CHF<\/li>\n<li>Priority: 9.50 CHF<\/li>\n<\/ul>\n<p>Per gli ordini nazionali superiori a 80 CHF e con un peso totale superiore a 7.5 kg, i costi di spedizione sono:<\/p>\n<ul>\n<li>Economy: 10.50 CHF<\/li>\n<li>Priority: 12.50 CHF<\/li>\n<\/ul>\n<h4>Tempi di consegna stimati<\/h4>\n<ul>\n<li>Svizzera \/ Liechtenstein &#8211; Pacco piccolo (A+ Post): consegna il giorno lavorativo successivo, dal luned\u00ec al sabato.<\/li>\n<li>Svizzera \/ Liechtenstein &#8211; Economy: consegna in 2 giorni lavorativi, dal luned\u00ec al venerd\u00ec.<\/li>\n<li>Svizzera \/ Liechtenstein &#8211; Priority: consegna il giorno lavorativo successivo, dal luned\u00ec al venerd\u00ec.<\/li>\n<\/ul>\n<p>Se non ricevi il pacco o nessuna notifica entro 15 giorni, ti preghiamo di contattarci: in&#102;&#111;&#64;s&#119;&#105;&#115;scr&#111;c&#104;et&#46;&#99;&#104;.<\/p>\n<p>&nbsp;<\/p>\n<h3>Internazionale<\/h3>\n<p>Per gli ordini internazionali non c&#8217;\u00e8 distinzione tra Economy e Priority Post. La Posta Svizzera spedisce i pacchi tramite il canale Priority e li consegna ai servizi postali nazionali di ciascun paese.<\/p>\n<h4>Costi di spedizione<\/h4>\n<p>Per gli ordini internazionali superiori a 250 CHF: spedizione gratuita!<\/p>\n<p>Per gli ordini internazionali inferiori a 250 CHF: i costi di spedizione variano in base al peso totale degli articoli nel carrello e al paese di destinazione. Il costo finale di spedizione viene calcolato automaticamente al momento del checkout ed \u00e8 basato sulle tariffe della Posta Svizzera. Il costo include le tariffe base per ogni articolo e i costi per la compilazione del modulo di dichiarazione doganale (per le spedizioni fuori dalla Svizzera).<\/p>\n<p><strong>Si prega di notare:<\/strong> I clienti fuori dalla Svizzera sono responsabili delle tasse doganali e dei dazi di importazione. Ogni paese applica il proprio limite di esenzione dai dazi e le relative tariffe. La dogana considera l&#8217;importo totale dell&#8217;acquisto (articoli pi\u00f9 spedizione) per calcolare le tasse e i dazi.<\/p>\n<h4>Tempi di consegna stimati<\/h4>\n<ul>\n<li>Europa: consegna da 4 a 10 giorni lavorativi.<\/li>\n<li>USA, Canada e resto del mondo: consegna da 7 a 20 giorni lavorativi.<\/li>\n<\/ul>\n<p><span id=\"insurance-label-0\" class=\"label small\">I ritardi doganali e le differenze nei tempi locali possono causare giorni lavorativi aggiuntivi.<\/span><\/p>\n<p>Se non ricevi il pacco o nessuna notifica entro 30 giorni, ti preghiamo di contattarci: i&#110;&#102;&#111;&#64;&#115;&#119;i&#115;&#115;cr&#111;c&#104;&#101;t.&#99;h.<\/p>\n","protected":false},"excerpt":{"rendered":"<p>Pagamento Il pagamento avviene durante il processo di checkout sul sito. Sono disponibili diverse opzioni di pagamento. Puoi pagare con: TWINT PostFinance E-Finance PostFinance Card Visa carta di debito\/credito Mastercard carta di debito\/credito Paypal Google Pay Bonifico bancario diretto Si prega di notare che non \u00e8 possibile riservare gli articoli. Gli ordini devono essere pagati&hellip;<\/p>\n","protected":false},"author":2,"featured_media":253,"parent":0,"menu_order":24,"comment_status":"closed","ping_status":"closed","template":"template-microsite.php","meta":{"footnotes":""},"class_list":["post-372","page","type-page","status-publish","has-post-thumbnail","hentry","description-off"],"yoast_head":"<!-- This site is optimized with the Yoast SEO plugin v27.5 - https:\/\/yoast.com\/product\/yoast-seo-wordpress\/ -->\n<title>Pagamento e spedizione &#171; Swiss Crochet<\/title>\n<meta name=\"description\" content=\"Politiche di pagamento e spedizione per l&#039;utilizzo del sito www.swisscrochet.ch\" \/>\n<meta name=\"robots\" content=\"index, follow, max-snippet:-1, max-image-preview:large, max-video-preview:-1\" \/>\n<link rel=\"canonical\" href=\"https:\/\/www.swisscrochet.ch\/it\/pagamento-e-spedizione\/\" \/>\n<meta property=\"og:locale\" content=\"it_IT\" \/>\n<meta property=\"og:type\" content=\"article\" \/>\n<meta property=\"og:title\" content=\"Pagamento e spedizione &#171; Swiss Crochet\" \/>\n<meta property=\"og:description\" content=\"Politiche di pagamento e spedizione per l&#039;utilizzo del sito www.swisscrochet.ch\" \/>\n<meta property=\"og:url\" content=\"https:\/\/www.swisscrochet.ch\/it\/pagamento-e-spedizione\/\" \/>\n<meta property=\"og:site_name\" content=\"Swiss Crochet\" \/>\n<meta property=\"article:modified_time\" content=\"2026-04-13T22:37:29+00:00\" \/>\n<meta property=\"og:image\" content=\"https:\/\/www.swisscrochet.ch\/wp-content\/uploads\/2024\/08\/Logo-Swiss-Crochet-Square-RGB-WITH-color-BGD-512px.png\" \/>\n\t<meta property=\"og:image:width\" content=\"512\" \/>\n\t<meta property=\"og:image:height\" content=\"512\" \/>\n\t<meta property=\"og:image:type\" content=\"image\/png\" \/>\n<meta name=\"twitter:card\" content=\"summary_large_image\" \/>\n<meta name=\"twitter:label1\" content=\"Tempo di lettura stimato\" \/>\n\t<meta name=\"twitter:data1\" content=\"4 minuti\" \/>\n<script type=\"application\/ld+json\" class=\"yoast-schema-graph\">{\"@context\":\"https:\\\/\\\/schema.org\",\"@graph\":[{\"@type\":\"WebPage\",\"@id\":\"https:\\\/\\\/www.swisscrochet.ch\\\/it\\\/pagamento-e-spedizione\\\/\",\"url\":\"https:\\\/\\\/www.swisscrochet.ch\\\/it\\\/pagamento-e-spedizione\\\/\",\"name\":\"Pagamento e spedizione &#171; Swiss Crochet\",\"isPartOf\":{\"@id\":\"https:\\\/\\\/www.swisscrochet.ch\\\/#website\"},\"primaryImageOfPage\":{\"@id\":\"https:\\\/\\\/www.swisscrochet.ch\\\/it\\\/pagamento-e-spedizione\\\/#primaryimage\"},\"image\":{\"@id\":\"https:\\\/\\\/www.swisscrochet.ch\\\/it\\\/pagamento-e-spedizione\\\/#primaryimage\"},\"thumbnailUrl\":\"https:\\\/\\\/www.swisscrochet.ch\\\/wp-content\\\/uploads\\\/2024\\\/08\\\/Logo-Swiss-Crochet-Square-RGB-WITH-color-BGD-512px.png\",\"datePublished\":\"2024-08-09T11:08:08+00:00\",\"dateModified\":\"2026-04-13T22:37:29+00:00\",\"description\":\"Politiche di pagamento e spedizione per l'utilizzo del sito www.swisscrochet.ch\",\"breadcrumb\":{\"@id\":\"https:\\\/\\\/www.swisscrochet.ch\\\/it\\\/pagamento-e-spedizione\\\/#breadcrumb\"},\"inLanguage\":\"it-IT\",\"potentialAction\":[{\"@type\":\"ReadAction\",\"target\":[\"https:\\\/\\\/www.swisscrochet.ch\\\/it\\\/pagamento-e-spedizione\\\/\"]}]},{\"@type\":\"ImageObject\",\"inLanguage\":\"it-IT\",\"@id\":\"https:\\\/\\\/www.swisscrochet.ch\\\/it\\\/pagamento-e-spedizione\\\/#primaryimage\",\"url\":\"https:\\\/\\\/www.swisscrochet.ch\\\/wp-content\\\/uploads\\\/2024\\\/08\\\/Logo-Swiss-Crochet-Square-RGB-WITH-color-BGD-512px.png\",\"contentUrl\":\"https:\\\/\\\/www.swisscrochet.ch\\\/wp-content\\\/uploads\\\/2024\\\/08\\\/Logo-Swiss-Crochet-Square-RGB-WITH-color-BGD-512px.png\",\"width\":512,\"height\":512},{\"@type\":\"BreadcrumbList\",\"@id\":\"https:\\\/\\\/www.swisscrochet.ch\\\/it\\\/pagamento-e-spedizione\\\/#breadcrumb\",\"itemListElement\":[{\"@type\":\"ListItem\",\"position\":1,\"name\":\"Home\",\"item\":\"https:\\\/\\\/www.swisscrochet.ch\\\/it\\\/\"},{\"@type\":\"ListItem\",\"position\":2,\"name\":\"Pagamento e spedizione\"}]},{\"@type\":\"WebSite\",\"@id\":\"https:\\\/\\\/www.swisscrochet.ch\\\/#website\",\"url\":\"https:\\\/\\\/www.swisscrochet.ch\\\/\",\"name\":\"Swiss Crochet\",\"description\":\"Sblocca il tuo potenziale creativo\",\"potentialAction\":[{\"@type\":\"SearchAction\",\"target\":{\"@type\":\"EntryPoint\",\"urlTemplate\":\"https:\\\/\\\/www.swisscrochet.ch\\\/?s={search_term_string}\"},\"query-input\":{\"@type\":\"PropertyValueSpecification\",\"valueRequired\":true,\"valueName\":\"search_term_string\"}}],\"inLanguage\":\"it-IT\"}]}<\/script>\n<!-- \/ Yoast SEO plugin. -->","yoast_head_json":{"title":"Pagamento e spedizione &#171; Swiss Crochet","description":"Politiche di pagamento e spedizione per l'utilizzo del sito www.swisscrochet.ch","robots":{"index":"index","follow":"follow","max-snippet":"max-snippet:-1","max-image-preview":"max-image-preview:large","max-video-preview":"max-video-preview:-1"},"canonical":"https:\/\/www.swisscrochet.ch\/it\/pagamento-e-spedizione\/","og_locale":"it_IT","og_type":"article","og_title":"Pagamento e spedizione &#171; Swiss Crochet","og_description":"Politiche di pagamento e spedizione per l'utilizzo del sito www.swisscrochet.ch","og_url":"https:\/\/www.swisscrochet.ch\/it\/pagamento-e-spedizione\/","og_site_name":"Swiss Crochet","article_modified_time":"2026-04-13T22:37:29+00:00","og_image":[{"width":512,"height":512,"url":"https:\/\/www.swisscrochet.ch\/wp-content\/uploads\/2024\/08\/Logo-Swiss-Crochet-Square-RGB-WITH-color-BGD-512px.png","type":"image\/png"}],"twitter_card":"summary_large_image","twitter_misc":{"Tempo di lettura stimato":"4 minuti"},"schema":{"@context":"https:\/\/schema.org","@graph":[{"@type":"WebPage","@id":"https:\/\/www.swisscrochet.ch\/it\/pagamento-e-spedizione\/","url":"https:\/\/www.swisscrochet.ch\/it\/pagamento-e-spedizione\/","name":"Pagamento e spedizione &#171; Swiss Crochet","isPartOf":{"@id":"https:\/\/www.swisscrochet.ch\/#website"},"primaryImageOfPage":{"@id":"https:\/\/www.swisscrochet.ch\/it\/pagamento-e-spedizione\/#primaryimage"},"image":{"@id":"https:\/\/www.swisscrochet.ch\/it\/pagamento-e-spedizione\/#primaryimage"},"thumbnailUrl":"https:\/\/www.swisscrochet.ch\/wp-content\/uploads\/2024\/08\/Logo-Swiss-Crochet-Square-RGB-WITH-color-BGD-512px.png","datePublished":"2024-08-09T11:08:08+00:00","dateModified":"2026-04-13T22:37:29+00:00","description":"Politiche di pagamento e spedizione per l'utilizzo del sito www.swisscrochet.ch","breadcrumb":{"@id":"https:\/\/www.swisscrochet.ch\/it\/pagamento-e-spedizione\/#breadcrumb"},"inLanguage":"it-IT","potentialAction":[{"@type":"ReadAction","target":["https:\/\/www.swisscrochet.ch\/it\/pagamento-e-spedizione\/"]}]},{"@type":"ImageObject","inLanguage":"it-IT","@id":"https:\/\/www.swisscrochet.ch\/it\/pagamento-e-spedizione\/#primaryimage","url":"https:\/\/www.swisscrochet.ch\/wp-content\/uploads\/2024\/08\/Logo-Swiss-Crochet-Square-RGB-WITH-color-BGD-512px.png","contentUrl":"https:\/\/www.swisscrochet.ch\/wp-content\/uploads\/2024\/08\/Logo-Swiss-Crochet-Square-RGB-WITH-color-BGD-512px.png","width":512,"height":512},{"@type":"BreadcrumbList","@id":"https:\/\/www.swisscrochet.ch\/it\/pagamento-e-spedizione\/#breadcrumb","itemListElement":[{"@type":"ListItem","position":1,"name":"Home","item":"https:\/\/www.swisscrochet.ch\/it\/"},{"@type":"ListItem","position":2,"name":"Pagamento e spedizione"}]},{"@type":"WebSite","@id":"https:\/\/www.swisscrochet.ch\/#website","url":"https:\/\/www.swisscrochet.ch\/","name":"Swiss Crochet","description":"Sblocca il tuo potenziale creativo","potentialAction":[{"@type":"SearchAction","target":{"@type":"EntryPoint","urlTemplate":"https:\/\/www.swisscrochet.ch\/?s={search_term_string}"},"query-input":{"@type":"PropertyValueSpecification","valueRequired":true,"valueName":"search_term_string"}}],"inLanguage":"it-IT"}]}},"_links":{"self":[{"href":"https:\/\/www.swisscrochet.ch\/it\/wp-json\/wp\/v2\/pages\/372","targetHints":{"allow":["GET"]}}],"collection":[{"href":"https:\/\/www.swisscrochet.ch\/it\/wp-json\/wp\/v2\/pages"}],"about":[{"href":"https:\/\/www.swisscrochet.ch\/it\/wp-json\/wp\/v2\/types\/page"}],"author":[{"embeddable":true,"href":"https:\/\/www.swisscrochet.ch\/it\/wp-json\/wp\/v2\/users\/2"}],"replies":[{"embeddable":true,"href":"https:\/\/www.swisscrochet.ch\/it\/wp-json\/wp\/v2\/comments?post=372"}],"version-history":[{"count":0,"href":"https:\/\/www.swisscrochet.ch\/it\/wp-json\/wp\/v2\/pages\/372\/revisions"}],"wp:featuredmedia":[{"embeddable":true,"href":"https:\/\/www.swisscrochet.ch\/it\/wp-json\/wp\/v2\/media\/253"}],"wp:attachment":[{"href":"https:\/\/www.swisscrochet.ch\/it\/wp-json\/wp\/v2\/media?parent=372"}],"curies":[{"name":"wp","href":"https:\/\/api.w.org\/{rel}","templated":true}]}}