{"id":375,"date":"2024-08-09T13:08:29","date_gmt":"2024-08-09T11:08:29","guid":{"rendered":"https:\/\/www.swisscrochet.ch\/returns-and-refunds\/"},"modified":"2024-12-10T20:22:51","modified_gmt":"2024-12-10T19:22:51","slug":"resi-e-rimborsi","status":"publish","type":"page","link":"https:\/\/www.swisscrochet.ch\/it\/resi-e-rimborsi\/","title":{"rendered":"Resi e rimborsi"},"content":{"rendered":"<h2>Annullamenti<\/h2>\n<p>Un ordine pu\u00f2 essere annullato entro 8 ore dall&#8217;acquisto, a condizione che l&#8217;ordine non sia gi\u00e0 stato spedito.<\/p>\n<p>&nbsp;<\/p>\n<p>&nbsp;<\/p>\n<h2>Resi<\/h2>\n<p>Il termine per la restituzione degli articoli \u00e8 di 30 giorni, a partire dalla data di spedizione dell&#8217;ordine (come indicato dalla Posta Svizzera).<\/p>\n<p><strong>I resi NON sono accettati nei seguenti casi<\/strong>:<\/p>\n<ul>\n<li>per articoli danneggiati<\/li>\n<li>per articoli incompleti<\/li>\n<li>se l&#8217;imballaggio originale non \u00e8 presente<\/li>\n<li>se l&#8217;avvolgimento originale dei filati \u00e8 stato modificato (es. filati avvolti in &#8220;cake&#8221; o a mano)<\/li>\n<li>per prodotti digitali \/ scaricabili (es. modelli)<\/li>\n<li>per carte regalo \/ buoni regalo<\/li>\n<li>per aghi e accessori<\/li>\n<li>per ordini su misura \/ personalizzati<\/li>\n<\/ul>\n<p><strong>Per essere idonei a un reso<\/strong>, gli articoli devono essere inutilizzati e nelle stesse condizioni in cui sono stati ricevuti. Gli articoli devono essere inoltre nell&#8217;imballaggio originale.<\/p>\n<p><strong>Per completare un reso<\/strong>, \u00e8 richiesto uno scontrino o una prova d&#8217;acquisto.<\/p>\n<p>&nbsp;<\/p>\n<p>&nbsp;<\/p>\n<h2>Rimborsi<\/h2>\n<ul>\n<li>Gli articoli che <strong>non sono idonei alla restituzione<\/strong> non sono <strong>neanche idonei al rimborso<\/strong>.<\/li>\n<li>Solo gli articoli a prezzo pieno possono essere rimborsati. <strong>Gli articoli in saldo non possono essere rimborsati<\/strong>.<\/li>\n<li><strong>I costi di spedizione non sono rimborsabili<\/strong>. Se un rimborso viene approvato, il costo della spedizione sar\u00e0 detratto dall&#8217;importo totale del rimborso.<\/li>\n<\/ul>\n<p>Una volta che un reso viene ricevuto e ispezionato, riceverai un&#8217;email che conferma la ricezione dell&#8217;articolo\/degli articoli. Subito dopo, sarai informata\/o dell&#8217;approvazione o del rifiuto del rimborso.<\/p>\n<p>Se un rimborso viene approvato, verr\u00e0 elaborato e un credito verr\u00e0 automaticamente applicato al metodo di pagamento utilizzato per l&#8217;acquisto, entro un certo numero di giorni.<\/p>\n<p><strong>Si prega di notare:<\/strong> I rimborsi sono soggetti all&#8217;elaborazione da parte di banche\/fornitori di pagamento e potrebbero esserci ritardi. Se non ricevi il rimborso o alcuna notifica al riguardo per un periodo superiore a 7 giorni lavorativi, ti preghiamo di contattarmi: &#105;nfo&#64;s&#119;iss&#99;&#114;&#111;ch&#101;&#116;.c&#104;.<\/p>\n<p>&nbsp;<\/p>\n<p>&nbsp;<\/p>\n<h2>Reso di spedizione<\/h2>\n<p>Per restituire l&#8217;\/gli articolo\/i che hai acquistato, invia il pacco al seguente indirizzo:<\/p>\n<p>Assimina Saranti Web and Textiles<\/p>\n<p>Obere Zollgasse 75<\/p>\n<p>3072 Ostermundigen<\/p>\n<p>Svizzera<\/p>\n<p>&nbsp;<\/p>\n<p>Il cliente \u00e8 responsabile dei costi di spedizione per la restituzione. Fanno eccezione i casi di errore, come ad esempio:<\/p>\n<ul>\n<li>quando si riceve un articolo non ordinato<\/li>\n<li>quando si riceve l&#8217;articolo sbagliato (se esistono varianti)<\/li>\n<li>quando le informazioni nel negozio online sono errate<\/li>\n<li>quando si riceve un prodotto incompleto<\/li>\n<\/ul>\n<p>&nbsp;<\/p>\n<p>Se restituisci articoli di valore elevato, soprattutto dall&#8217;estero, potresti prendere in considerazione l&#8217;utilizzo di un servizio di spedizione tracciabile e\/o l&#8217;acquisto di un&#8217;assicurazione di spedizione. Non c&#8217;\u00e8 alcuna garanzia che io riceva il\/i tuo\/i articolo\/i restituito\/i.<\/p>\n","protected":false},"excerpt":{"rendered":"<p>Annullamenti Un ordine pu\u00f2 essere annullato entro 8 ore dall&#8217;acquisto, a condizione che l&#8217;ordine non sia gi\u00e0 stato spedito. &nbsp; &nbsp; Resi Il termine per la restituzione degli articoli \u00e8 di 30 giorni, a partire dalla data di spedizione dell&#8217;ordine (come indicato dalla Posta Svizzera). I resi NON sono accettati nei seguenti casi: per articoli&hellip;<\/p>\n","protected":false},"author":2,"featured_media":253,"parent":0,"menu_order":25,"comment_status":"closed","ping_status":"closed","template":"template-microsite.php","meta":{"footnotes":""},"class_list":["post-375","page","type-page","status-publish","has-post-thumbnail","hentry","description-off"],"yoast_head":"<!-- This site is optimized with the Yoast SEO plugin v27.5 - https:\/\/yoast.com\/product\/yoast-seo-wordpress\/ -->\n<title>Resi e rimborsi &#171; Swiss Crochet<\/title>\n<meta name=\"description\" content=\"Politiche di reso e rimborso per l&#039;utilizzo del sito www.swisscrochet.ch\" \/>\n<meta name=\"robots\" content=\"index, follow, max-snippet:-1, max-image-preview:large, max-video-preview:-1\" \/>\n<link rel=\"canonical\" href=\"https:\/\/www.swisscrochet.ch\/it\/resi-e-rimborsi\/\" \/>\n<meta property=\"og:locale\" content=\"it_IT\" \/>\n<meta property=\"og:type\" content=\"article\" \/>\n<meta property=\"og:title\" content=\"Resi e rimborsi &#171; Swiss Crochet\" \/>\n<meta property=\"og:description\" content=\"Politiche di reso e rimborso per l&#039;utilizzo del sito www.swisscrochet.ch\" \/>\n<meta property=\"og:url\" content=\"https:\/\/www.swisscrochet.ch\/it\/resi-e-rimborsi\/\" \/>\n<meta property=\"og:site_name\" content=\"Swiss Crochet\" \/>\n<meta property=\"article:modified_time\" content=\"2024-12-10T19:22:51+00:00\" \/>\n<meta property=\"og:image\" content=\"https:\/\/www.swisscrochet.ch\/wp-content\/uploads\/2024\/08\/Logo-Swiss-Crochet-Square-RGB-WITH-color-BGD-512px.png\" \/>\n\t<meta property=\"og:image:width\" content=\"512\" \/>\n\t<meta property=\"og:image:height\" content=\"512\" \/>\n\t<meta property=\"og:image:type\" content=\"image\/png\" \/>\n<meta name=\"twitter:card\" content=\"summary_large_image\" \/>\n<meta name=\"twitter:label1\" content=\"Tempo di lettura stimato\" \/>\n\t<meta name=\"twitter:data1\" content=\"2 minuti\" \/>\n<script type=\"application\/ld+json\" class=\"yoast-schema-graph\">{\"@context\":\"https:\\\/\\\/schema.org\",\"@graph\":[{\"@type\":\"WebPage\",\"@id\":\"https:\\\/\\\/www.swisscrochet.ch\\\/it\\\/resi-e-rimborsi\\\/\",\"url\":\"https:\\\/\\\/www.swisscrochet.ch\\\/it\\\/resi-e-rimborsi\\\/\",\"name\":\"Resi e rimborsi &#171; Swiss Crochet\",\"isPartOf\":{\"@id\":\"https:\\\/\\\/www.swisscrochet.ch\\\/#website\"},\"primaryImageOfPage\":{\"@id\":\"https:\\\/\\\/www.swisscrochet.ch\\\/it\\\/resi-e-rimborsi\\\/#primaryimage\"},\"image\":{\"@id\":\"https:\\\/\\\/www.swisscrochet.ch\\\/it\\\/resi-e-rimborsi\\\/#primaryimage\"},\"thumbnailUrl\":\"https:\\\/\\\/www.swisscrochet.ch\\\/wp-content\\\/uploads\\\/2024\\\/08\\\/Logo-Swiss-Crochet-Square-RGB-WITH-color-BGD-512px.png\",\"datePublished\":\"2024-08-09T11:08:29+00:00\",\"dateModified\":\"2024-12-10T19:22:51+00:00\",\"description\":\"Politiche di reso e rimborso per l'utilizzo del sito www.swisscrochet.ch\",\"breadcrumb\":{\"@id\":\"https:\\\/\\\/www.swisscrochet.ch\\\/it\\\/resi-e-rimborsi\\\/#breadcrumb\"},\"inLanguage\":\"it-IT\",\"potentialAction\":[{\"@type\":\"ReadAction\",\"target\":[\"https:\\\/\\\/www.swisscrochet.ch\\\/it\\\/resi-e-rimborsi\\\/\"]}]},{\"@type\":\"ImageObject\",\"inLanguage\":\"it-IT\",\"@id\":\"https:\\\/\\\/www.swisscrochet.ch\\\/it\\\/resi-e-rimborsi\\\/#primaryimage\",\"url\":\"https:\\\/\\\/www.swisscrochet.ch\\\/wp-content\\\/uploads\\\/2024\\\/08\\\/Logo-Swiss-Crochet-Square-RGB-WITH-color-BGD-512px.png\",\"contentUrl\":\"https:\\\/\\\/www.swisscrochet.ch\\\/wp-content\\\/uploads\\\/2024\\\/08\\\/Logo-Swiss-Crochet-Square-RGB-WITH-color-BGD-512px.png\",\"width\":512,\"height\":512},{\"@type\":\"BreadcrumbList\",\"@id\":\"https:\\\/\\\/www.swisscrochet.ch\\\/it\\\/resi-e-rimborsi\\\/#breadcrumb\",\"itemListElement\":[{\"@type\":\"ListItem\",\"position\":1,\"name\":\"Home\",\"item\":\"https:\\\/\\\/www.swisscrochet.ch\\\/it\\\/\"},{\"@type\":\"ListItem\",\"position\":2,\"name\":\"Resi e rimborsi\"}]},{\"@type\":\"WebSite\",\"@id\":\"https:\\\/\\\/www.swisscrochet.ch\\\/#website\",\"url\":\"https:\\\/\\\/www.swisscrochet.ch\\\/\",\"name\":\"Swiss Crochet\",\"description\":\"Sblocca il tuo potenziale creativo\",\"potentialAction\":[{\"@type\":\"SearchAction\",\"target\":{\"@type\":\"EntryPoint\",\"urlTemplate\":\"https:\\\/\\\/www.swisscrochet.ch\\\/?s={search_term_string}\"},\"query-input\":{\"@type\":\"PropertyValueSpecification\",\"valueRequired\":true,\"valueName\":\"search_term_string\"}}],\"inLanguage\":\"it-IT\"}]}<\/script>\n<!-- \/ Yoast SEO plugin. -->","yoast_head_json":{"title":"Resi e rimborsi &#171; Swiss Crochet","description":"Politiche di reso e rimborso per l'utilizzo del sito www.swisscrochet.ch","robots":{"index":"index","follow":"follow","max-snippet":"max-snippet:-1","max-image-preview":"max-image-preview:large","max-video-preview":"max-video-preview:-1"},"canonical":"https:\/\/www.swisscrochet.ch\/it\/resi-e-rimborsi\/","og_locale":"it_IT","og_type":"article","og_title":"Resi e rimborsi &#171; Swiss Crochet","og_description":"Politiche di reso e rimborso per l'utilizzo del sito www.swisscrochet.ch","og_url":"https:\/\/www.swisscrochet.ch\/it\/resi-e-rimborsi\/","og_site_name":"Swiss Crochet","article_modified_time":"2024-12-10T19:22:51+00:00","og_image":[{"width":512,"height":512,"url":"https:\/\/www.swisscrochet.ch\/wp-content\/uploads\/2024\/08\/Logo-Swiss-Crochet-Square-RGB-WITH-color-BGD-512px.png","type":"image\/png"}],"twitter_card":"summary_large_image","twitter_misc":{"Tempo di lettura stimato":"2 minuti"},"schema":{"@context":"https:\/\/schema.org","@graph":[{"@type":"WebPage","@id":"https:\/\/www.swisscrochet.ch\/it\/resi-e-rimborsi\/","url":"https:\/\/www.swisscrochet.ch\/it\/resi-e-rimborsi\/","name":"Resi e rimborsi &#171; Swiss Crochet","isPartOf":{"@id":"https:\/\/www.swisscrochet.ch\/#website"},"primaryImageOfPage":{"@id":"https:\/\/www.swisscrochet.ch\/it\/resi-e-rimborsi\/#primaryimage"},"image":{"@id":"https:\/\/www.swisscrochet.ch\/it\/resi-e-rimborsi\/#primaryimage"},"thumbnailUrl":"https:\/\/www.swisscrochet.ch\/wp-content\/uploads\/2024\/08\/Logo-Swiss-Crochet-Square-RGB-WITH-color-BGD-512px.png","datePublished":"2024-08-09T11:08:29+00:00","dateModified":"2024-12-10T19:22:51+00:00","description":"Politiche di reso e rimborso per l'utilizzo del sito www.swisscrochet.ch","breadcrumb":{"@id":"https:\/\/www.swisscrochet.ch\/it\/resi-e-rimborsi\/#breadcrumb"},"inLanguage":"it-IT","potentialAction":[{"@type":"ReadAction","target":["https:\/\/www.swisscrochet.ch\/it\/resi-e-rimborsi\/"]}]},{"@type":"ImageObject","inLanguage":"it-IT","@id":"https:\/\/www.swisscrochet.ch\/it\/resi-e-rimborsi\/#primaryimage","url":"https:\/\/www.swisscrochet.ch\/wp-content\/uploads\/2024\/08\/Logo-Swiss-Crochet-Square-RGB-WITH-color-BGD-512px.png","contentUrl":"https:\/\/www.swisscrochet.ch\/wp-content\/uploads\/2024\/08\/Logo-Swiss-Crochet-Square-RGB-WITH-color-BGD-512px.png","width":512,"height":512},{"@type":"BreadcrumbList","@id":"https:\/\/www.swisscrochet.ch\/it\/resi-e-rimborsi\/#breadcrumb","itemListElement":[{"@type":"ListItem","position":1,"name":"Home","item":"https:\/\/www.swisscrochet.ch\/it\/"},{"@type":"ListItem","position":2,"name":"Resi e rimborsi"}]},{"@type":"WebSite","@id":"https:\/\/www.swisscrochet.ch\/#website","url":"https:\/\/www.swisscrochet.ch\/","name":"Swiss Crochet","description":"Sblocca il tuo potenziale creativo","potentialAction":[{"@type":"SearchAction","target":{"@type":"EntryPoint","urlTemplate":"https:\/\/www.swisscrochet.ch\/?s={search_term_string}"},"query-input":{"@type":"PropertyValueSpecification","valueRequired":true,"valueName":"search_term_string"}}],"inLanguage":"it-IT"}]}},"_links":{"self":[{"href":"https:\/\/www.swisscrochet.ch\/it\/wp-json\/wp\/v2\/pages\/375","targetHints":{"allow":["GET"]}}],"collection":[{"href":"https:\/\/www.swisscrochet.ch\/it\/wp-json\/wp\/v2\/pages"}],"about":[{"href":"https:\/\/www.swisscrochet.ch\/it\/wp-json\/wp\/v2\/types\/page"}],"author":[{"embeddable":true,"href":"https:\/\/www.swisscrochet.ch\/it\/wp-json\/wp\/v2\/users\/2"}],"replies":[{"embeddable":true,"href":"https:\/\/www.swisscrochet.ch\/it\/wp-json\/wp\/v2\/comments?post=375"}],"version-history":[{"count":0,"href":"https:\/\/www.swisscrochet.ch\/it\/wp-json\/wp\/v2\/pages\/375\/revisions"}],"wp:featuredmedia":[{"embeddable":true,"href":"https:\/\/www.swisscrochet.ch\/it\/wp-json\/wp\/v2\/media\/253"}],"wp:attachment":[{"href":"https:\/\/www.swisscrochet.ch\/it\/wp-json\/wp\/v2\/media?parent=375"}],"curies":[{"name":"wp","href":"https:\/\/api.w.org\/{rel}","templated":true}]}}