{"id":1119,"date":"2024-10-23T17:51:22","date_gmt":"2024-10-23T15:51:22","guid":{"rendered":"https:\/\/www.swisscrochet.ch\/product\/uber-den-traum-ostermundigen-yarn-kit\/"},"modified":"2026-03-02T20:16:49","modified_gmt":"2026-03-02T19:16:49","slug":"uber-den-traum-ostermundigen-kit-di-filati","status":"publish","type":"product","link":"https:\/\/www.swisscrochet.ch\/it\/prodotto\/uber-den-traum-ostermundigen-kit-di-filati\/","title":{"rendered":"\u00dcber den Traum &#8211; Ostermundigen &#8211; Kit di Filati"},"content":{"rendered":"","protected":false},"excerpt":{"rendered":"<p>Ostermundigen \u00e8 un design unisex moderno realizzato con tecniche di base e una modellatura intelligente per creare muffole dalla vestibilit\u00e0 perfetta. \u00c8 un progetto veloce da realizzare ed \u00e8 ideale per utilizzare filati di scorta e\/o avanzi. Le istruzioni sono fornite in forma scritta abbreviata e con terminologia US.<\/p>\n<p><strong>Il kit include:<\/strong><\/p>\n<ul>\n<li>accesso al download del modello in formato PDF digitale, in inglese e tedesco.<\/li>\n<li>2 gomitoli di Laines du Nord Firenze<\/li>\n<\/ul>\n<p><strong>Opzioni aggiuntive:<\/strong><\/p>\n<ul>\n<li>uncinetto 5.00 mm<\/li>\n<li>uncinetto 6.00 mm<\/li>\n<\/ul>\n<p>Il design \u201cOstermundigen\u201d fa parte della <a href=\"https:\/\/www.ravelry.com\/patterns\/sources\/collection-one-origins\" target=\"_blank\" rel=\"noopener\">Collection One: Origins<\/a>. Per maggiori informazioni e immagini di progetti finiti, visita la <a href=\"https:\/\/www.ravelry.com\/patterns\/library\/ostermundigen\" target=\"_blank\" rel=\"noopener\">pagina del modello<\/a> su Ravelry.<\/p>\n","protected":false},"featured_media":25149,"template":"","meta":[],"product_brand":[],"product_cat":[1662,333],"product_tag":[2058],"class_list":{"0":"post-1119","1":"product","2":"type-product","3":"status-publish","4":"has-post-thumbnail","6":"product_cat-kit-di-filati-accessori","7":"product_cat-kit-di-filati","8":"product_tag-firenze","9":"description-off","11":"first","12":"instock","13":"taxable","14":"shipping-taxable","15":"purchasable","16":"product-type-bundle"},"bundled_by":[],"bundle_stock_status":"instock","bundle_stock_quantity":84,"bundle_virtual":false,"bundle_layout":"default","bundle_add_to_cart_form_location":"default","bundle_editable_in_cart":false,"bundle_sold_individually_context":"product","bundle_item_grouping":"parent","bundle_min_size":"","bundle_max_size":"","bundle_price":{"price":{"min":{"incl_tax":"23.8","excl_tax":"22.02"},"max":{"incl_tax":"49.6","excl_tax":"45.88"}},"regular_price":{"min":{"incl_tax":"23.8","excl_tax":"22.02"},"max":{"incl_tax":"49.6","excl_tax":"45.88"}}},"bundled_items":[{"bundled_item_id":880,"product_id":14333,"menu_order":0,"quantity_min":2,"quantity_max":2,"quantity_default":2,"priced_individually":true,"shipped_individually":false,"override_title":false,"title":"Laines du Nord &#8211; Firenze","override_description":true,"description":"","optional":false,"hide_thumbnail":false,"discount":"","override_variations":false,"allowed_variations":[""],"override_default_variation_attributes":false,"default_variation_attributes":[],"single_product_visibility":"visible","cart_visibility":"visible","order_visibility":"visible","single_product_price_visibility":"visible","cart_price_visibility":"visible","order_price_visibility":"visible","stock_status":"in_stock"},{"bundled_item_id":881,"product_id":3527,"menu_order":1,"quantity_min":1,"quantity_max":1,"quantity_default":1,"priced_individually":true,"shipped_individually":false,"override_title":false,"title":"Tulip &#8211; Etimo Red &#8211; Uncinetto con manico morbido","override_description":true,"description":"","optional":true,"hide_thumbnail":false,"discount":"","override_variations":true,"allowed_variations":[3536],"override_default_variation_attributes":true,"default_variation_attributes":[{"id":0,"name":"Size","option":"5.00 mm"}],"single_product_visibility":"visible","cart_visibility":"visible","order_visibility":"visible","single_product_price_visibility":"visible","cart_price_visibility":"visible","order_price_visibility":"visible","stock_status":"in_stock"},{"bundled_item_id":882,"product_id":3527,"menu_order":2,"quantity_min":1,"quantity_max":1,"quantity_default":1,"priced_individually":true,"shipped_individually":false,"override_title":false,"title":"Tulip &#8211; Etimo Red &#8211; Uncinetto con manico morbido","override_description":true,"description":"Tulip &#8211; Etimo Red &#8211; Uncinetto con manico morbido","optional":true,"hide_thumbnail":false,"discount":"","override_variations":true,"allowed_variations":[3538],"override_default_variation_attributes":true,"default_variation_attributes":[{"id":0,"name":"Size","option":"6.00 mm"}],"single_product_visibility":"visible","cart_visibility":"visible","order_visibility":"visible","single_product_price_visibility":"visible","cart_price_visibility":"visible","order_price_visibility":"visible","stock_status":"in_stock"}],"bundle_sell_ids":[],"yoast_head":"<!-- This site is optimized with the Yoast SEO plugin v27.5 - https:\/\/yoast.com\/product\/yoast-seo-wordpress\/ -->\n<title>\u00dcber den Traum - Ostermundigen - Kit di Filati &#171; Swiss Crochet<\/title>\n<meta name=\"description\" content=\"Kit muffole Ostermundigen all\u2019uncinetto con modello PDF (EN\/DE) e filato Laines du Nord Firenze. Design moderno unisex, ideale per progetti con filati di scorta.\" \/>\n<meta name=\"robots\" content=\"index, follow, max-snippet:-1, max-image-preview:large, max-video-preview:-1\" \/>\n<link rel=\"canonical\" href=\"https:\/\/www.swisscrochet.ch\/it\/prodotto\/uber-den-traum-ostermundigen-kit-di-filati\/\" \/>\n<meta property=\"og:locale\" content=\"it_IT\" \/>\n<meta property=\"og:type\" content=\"article\" \/>\n<meta property=\"og:title\" content=\"\u00dcber den Traum - Ostermundigen - Kit di Filati &#171; Swiss Crochet\" \/>\n<meta property=\"og:description\" content=\"Kit muffole Ostermundigen all\u2019uncinetto con modello PDF (EN\/DE) e filato Laines du Nord Firenze. Design moderno unisex, ideale per progetti con filati di scorta.\" \/>\n<meta property=\"og:url\" content=\"https:\/\/www.swisscrochet.ch\/it\/prodotto\/uber-den-traum-ostermundigen-kit-di-filati\/\" \/>\n<meta property=\"og:site_name\" content=\"Swiss Crochet\" \/>\n<meta property=\"article:modified_time\" content=\"2026-03-02T19:16:49+00:00\" \/>\n<meta property=\"og:image\" content=\"https:\/\/www.swisscrochet.ch\/wp-content\/uploads\/2026\/03\/Ostermundigen-Yarn-Kit-Overview.jpg\" \/>\n\t<meta property=\"og:image:width\" content=\"1000\" \/>\n\t<meta property=\"og:image:height\" content=\"1000\" \/>\n\t<meta property=\"og:image:type\" content=\"image\/jpeg\" \/>\n<meta name=\"twitter:card\" content=\"summary_large_image\" \/>\n<meta name=\"twitter:label1\" content=\"Tempo di lettura stimato\" \/>\n\t<meta name=\"twitter:data1\" content=\"1 minuto\" \/>\n<script type=\"application\/ld+json\" class=\"yoast-schema-graph\">{\"@context\":\"https:\\\/\\\/schema.org\",\"@graph\":[{\"@type\":[\"WebPage\",\"ItemPage\"],\"@id\":\"https:\\\/\\\/www.swisscrochet.ch\\\/it\\\/prodotto\\\/uber-den-traum-ostermundigen-kit-di-filati\\\/\",\"url\":\"https:\\\/\\\/www.swisscrochet.ch\\\/it\\\/prodotto\\\/uber-den-traum-ostermundigen-kit-di-filati\\\/\",\"name\":\"\u00dcber den Traum - Ostermundigen - Kit di Filati &#171; Swiss Crochet\",\"isPartOf\":{\"@id\":\"https:\\\/\\\/www.swisscrochet.ch\\\/#website\"},\"primaryImageOfPage\":{\"@id\":\"https:\\\/\\\/www.swisscrochet.ch\\\/it\\\/prodotto\\\/uber-den-traum-ostermundigen-kit-di-filati\\\/#primaryimage\"},\"image\":{\"@id\":\"https:\\\/\\\/www.swisscrochet.ch\\\/it\\\/prodotto\\\/uber-den-traum-ostermundigen-kit-di-filati\\\/#primaryimage\"},\"thumbnailUrl\":\"https:\\\/\\\/www.swisscrochet.ch\\\/wp-content\\\/uploads\\\/2026\\\/03\\\/Ostermundigen-Yarn-Kit-Overview.jpg\",\"datePublished\":\"2024-10-23T15:51:22+00:00\",\"dateModified\":\"2026-03-02T19:16:49+00:00\",\"description\":\"Kit muffole Ostermundigen all\u2019uncinetto con modello PDF (EN\\\/DE) e filato Laines du Nord Firenze. Design moderno unisex, ideale per progetti con filati di scorta.\",\"breadcrumb\":{\"@id\":\"https:\\\/\\\/www.swisscrochet.ch\\\/it\\\/prodotto\\\/uber-den-traum-ostermundigen-kit-di-filati\\\/#breadcrumb\"},\"inLanguage\":\"it-IT\",\"potentialAction\":[{\"@type\":\"ReadAction\",\"target\":[\"https:\\\/\\\/www.swisscrochet.ch\\\/it\\\/prodotto\\\/uber-den-traum-ostermundigen-kit-di-filati\\\/\"]}]},{\"@type\":\"ImageObject\",\"inLanguage\":\"it-IT\",\"@id\":\"https:\\\/\\\/www.swisscrochet.ch\\\/it\\\/prodotto\\\/uber-den-traum-ostermundigen-kit-di-filati\\\/#primaryimage\",\"url\":\"https:\\\/\\\/www.swisscrochet.ch\\\/wp-content\\\/uploads\\\/2026\\\/03\\\/Ostermundigen-Yarn-Kit-Overview.jpg\",\"contentUrl\":\"https:\\\/\\\/www.swisscrochet.ch\\\/wp-content\\\/uploads\\\/2026\\\/03\\\/Ostermundigen-Yarn-Kit-Overview.jpg\",\"width\":1000,\"height\":1000},{\"@type\":\"BreadcrumbList\",\"@id\":\"https:\\\/\\\/www.swisscrochet.ch\\\/it\\\/prodotto\\\/uber-den-traum-ostermundigen-kit-di-filati\\\/#breadcrumb\",\"itemListElement\":[{\"@type\":\"ListItem\",\"position\":1,\"name\":\"Home\",\"item\":\"https:\\\/\\\/www.swisscrochet.ch\\\/it\\\/\"},{\"@type\":\"ListItem\",\"position\":2,\"name\":\"Negozio\",\"item\":\"https:\\\/\\\/www.swisscrochet.ch\\\/it\\\/negozio\\\/\"},{\"@type\":\"ListItem\",\"position\":3,\"name\":\"\u00dcber den Traum &#8211; Ostermundigen &#8211; Kit di Filati\"}]},{\"@type\":\"WebSite\",\"@id\":\"https:\\\/\\\/www.swisscrochet.ch\\\/#website\",\"url\":\"https:\\\/\\\/www.swisscrochet.ch\\\/\",\"name\":\"Swiss Crochet\",\"description\":\"Sblocca il tuo potenziale creativo\",\"potentialAction\":[{\"@type\":\"SearchAction\",\"target\":{\"@type\":\"EntryPoint\",\"urlTemplate\":\"https:\\\/\\\/www.swisscrochet.ch\\\/?s={search_term_string}\"},\"query-input\":{\"@type\":\"PropertyValueSpecification\",\"valueRequired\":true,\"valueName\":\"search_term_string\"}}],\"inLanguage\":\"it-IT\"}]}<\/script>\n<!-- \/ Yoast SEO plugin. -->","yoast_head_json":{"title":"\u00dcber den Traum - Ostermundigen - Kit di Filati &#171; Swiss Crochet","description":"Kit muffole Ostermundigen all\u2019uncinetto con modello PDF (EN\/DE) e filato Laines du Nord Firenze. Design moderno unisex, ideale per progetti con filati di scorta.","robots":{"index":"index","follow":"follow","max-snippet":"max-snippet:-1","max-image-preview":"max-image-preview:large","max-video-preview":"max-video-preview:-1"},"canonical":"https:\/\/www.swisscrochet.ch\/it\/prodotto\/uber-den-traum-ostermundigen-kit-di-filati\/","og_locale":"it_IT","og_type":"article","og_title":"\u00dcber den Traum - Ostermundigen - Kit di Filati &#171; Swiss Crochet","og_description":"Kit muffole Ostermundigen all\u2019uncinetto con modello PDF (EN\/DE) e filato Laines du Nord Firenze. Design moderno unisex, ideale per progetti con filati di scorta.","og_url":"https:\/\/www.swisscrochet.ch\/it\/prodotto\/uber-den-traum-ostermundigen-kit-di-filati\/","og_site_name":"Swiss Crochet","article_modified_time":"2026-03-02T19:16:49+00:00","og_image":[{"width":1000,"height":1000,"url":"https:\/\/www.swisscrochet.ch\/wp-content\/uploads\/2026\/03\/Ostermundigen-Yarn-Kit-Overview.jpg","type":"image\/jpeg"}],"twitter_card":"summary_large_image","twitter_misc":{"Tempo di lettura stimato":"1 minuto"},"schema":{"@context":"https:\/\/schema.org","@graph":[{"@type":["WebPage","ItemPage"],"@id":"https:\/\/www.swisscrochet.ch\/it\/prodotto\/uber-den-traum-ostermundigen-kit-di-filati\/","url":"https:\/\/www.swisscrochet.ch\/it\/prodotto\/uber-den-traum-ostermundigen-kit-di-filati\/","name":"\u00dcber den Traum - Ostermundigen - Kit di Filati &#171; Swiss Crochet","isPartOf":{"@id":"https:\/\/www.swisscrochet.ch\/#website"},"primaryImageOfPage":{"@id":"https:\/\/www.swisscrochet.ch\/it\/prodotto\/uber-den-traum-ostermundigen-kit-di-filati\/#primaryimage"},"image":{"@id":"https:\/\/www.swisscrochet.ch\/it\/prodotto\/uber-den-traum-ostermundigen-kit-di-filati\/#primaryimage"},"thumbnailUrl":"https:\/\/www.swisscrochet.ch\/wp-content\/uploads\/2026\/03\/Ostermundigen-Yarn-Kit-Overview.jpg","datePublished":"2024-10-23T15:51:22+00:00","dateModified":"2026-03-02T19:16:49+00:00","description":"Kit muffole Ostermundigen all\u2019uncinetto con modello PDF (EN\/DE) e filato Laines du Nord Firenze. Design moderno unisex, ideale per progetti con filati di scorta.","breadcrumb":{"@id":"https:\/\/www.swisscrochet.ch\/it\/prodotto\/uber-den-traum-ostermundigen-kit-di-filati\/#breadcrumb"},"inLanguage":"it-IT","potentialAction":[{"@type":"ReadAction","target":["https:\/\/www.swisscrochet.ch\/it\/prodotto\/uber-den-traum-ostermundigen-kit-di-filati\/"]}]},{"@type":"ImageObject","inLanguage":"it-IT","@id":"https:\/\/www.swisscrochet.ch\/it\/prodotto\/uber-den-traum-ostermundigen-kit-di-filati\/#primaryimage","url":"https:\/\/www.swisscrochet.ch\/wp-content\/uploads\/2026\/03\/Ostermundigen-Yarn-Kit-Overview.jpg","contentUrl":"https:\/\/www.swisscrochet.ch\/wp-content\/uploads\/2026\/03\/Ostermundigen-Yarn-Kit-Overview.jpg","width":1000,"height":1000},{"@type":"BreadcrumbList","@id":"https:\/\/www.swisscrochet.ch\/it\/prodotto\/uber-den-traum-ostermundigen-kit-di-filati\/#breadcrumb","itemListElement":[{"@type":"ListItem","position":1,"name":"Home","item":"https:\/\/www.swisscrochet.ch\/it\/"},{"@type":"ListItem","position":2,"name":"Negozio","item":"https:\/\/www.swisscrochet.ch\/it\/negozio\/"},{"@type":"ListItem","position":3,"name":"\u00dcber den Traum &#8211; Ostermundigen &#8211; Kit di Filati"}]},{"@type":"WebSite","@id":"https:\/\/www.swisscrochet.ch\/#website","url":"https:\/\/www.swisscrochet.ch\/","name":"Swiss Crochet","description":"Sblocca il tuo potenziale creativo","potentialAction":[{"@type":"SearchAction","target":{"@type":"EntryPoint","urlTemplate":"https:\/\/www.swisscrochet.ch\/?s={search_term_string}"},"query-input":{"@type":"PropertyValueSpecification","valueRequired":true,"valueName":"search_term_string"}}],"inLanguage":"it-IT"}]}},"_links":{"self":[{"href":"https:\/\/www.swisscrochet.ch\/it\/wp-json\/wp\/v2\/product\/1119","targetHints":{"allow":["GET"]}}],"collection":[{"href":"https:\/\/www.swisscrochet.ch\/it\/wp-json\/wp\/v2\/product"}],"about":[{"href":"https:\/\/www.swisscrochet.ch\/it\/wp-json\/wp\/v2\/types\/product"}],"wp:featuredmedia":[{"embeddable":true,"href":"https:\/\/www.swisscrochet.ch\/it\/wp-json\/wp\/v2\/media\/25149"}],"wp:attachment":[{"href":"https:\/\/www.swisscrochet.ch\/it\/wp-json\/wp\/v2\/media?parent=1119"}],"wp:term":[{"taxonomy":"product_brand","embeddable":true,"href":"https:\/\/www.swisscrochet.ch\/it\/wp-json\/wp\/v2\/product_brand?post=1119"},{"taxonomy":"product_cat","embeddable":true,"href":"https:\/\/www.swisscrochet.ch\/it\/wp-json\/wp\/v2\/product_cat?post=1119"},{"taxonomy":"product_tag","embeddable":true,"href":"https:\/\/www.swisscrochet.ch\/it\/wp-json\/wp\/v2\/product_tag?post=1119"}],"curies":[{"name":"wp","href":"https:\/\/api.w.org\/{rel}","templated":true}]}}