{"id":11429,"date":"2025-09-05T13:04:46","date_gmt":"2025-09-05T11:04:46","guid":{"rendered":"https:\/\/www.swisscrochet.ch\/product\/decken-und-uberwurfe-hakeln-rachele-carmona\/"},"modified":"2026-02-19T19:52:10","modified_gmt":"2026-02-19T18:52:10","slug":"decken-und-uberwurfe-hakeln-rachele-carmona","status":"publish","type":"product","link":"https:\/\/www.swisscrochet.ch\/it\/prodotto\/decken-und-uberwurfe-hakeln-rachele-carmona\/","title":{"rendered":"Decken und \u00dcberw\u00fcrfe H\u00e4keln &#8211; Rachele Carmona"},"content":{"rendered":"","protected":false},"excerpt":{"rendered":"<p>Entdecke eine neue Inspirationsquelle f\u00fcr deine H\u00e4kelnadel \u2013 die wundersch\u00f6nen Arbeiten heutiger moderner K\u00fcnstlerinnen und K\u00fcnstler!<\/p>\n<p>Folge der beliebten H\u00e4kel-Designer*in f\u00fcr Decken Rachele Carmona durch ihre einzigartige Sammlung von H\u00e4keldecken, die von den Werken unabh\u00e4ngiger K\u00fcnstler inspiriert sind. Decken und \u00dcberw\u00fcrfe H\u00e4keln hilft dir dabei, deine eigenen farbenfrohen H\u00e4keldecken als einzigartige Kunstwerke f\u00fcr dein Zuhause zu gestalten!<\/p>\n<p>In diesem einzigartigen H\u00e4keldecken-Buch findest du:<\/p>\n<ul>\n<li>Details, wie man Kunst in H\u00e4kelarbeit \u00fcbersetzt \u2013 mit 18 k\u00fchnen und einzigartigen H\u00e4kelmustern f\u00fcr Afghans, die von den Arbeiten der vorgestellten K\u00fcnstler inspiriert sind.<\/li>\n<li>Moderne Quilts, Stoffdesigns, Gobelinweberei, digitale Kunst und mehr werden zur Quelle einzigartiger Projekte f\u00fcr ein kunstvoll eingerichtetes Zuhause.<\/li>\n<li>Biografien und wundersch\u00f6ne Fotos von 6 inspirierenden modernen Kunstschaffenden: Tula Pink, April Rhodes, Maryanne Moodie, Fransisco Valle, Maud Vantours und Caitline Dowe-Sandes.<\/li>\n<\/ul>\n<p>Entdecke die Inspiration, die \u00fcber die Welt des H\u00e4kelns hinausgeht, mit Decken und \u00dcberw\u00fcrfe H\u00e4keln.<\/p>\n<p>Sieh dir die vollst\u00e4ndige Liste der Muster und fertigen Projekte <a href=\"https:\/\/www.ravelry.com\/patterns\/sources\/the-art-of-crochet-blankets-18-projects-inspired-by-modern-makers\/patterns\">auf Ravelry<\/a> an.<\/p>\n<p>Sprache: Deutsch<\/p>\n","protected":false},"featured_media":11337,"template":"","meta":[],"product_brand":[],"product_cat":[1421,210],"product_tag":[],"class_list":{"0":"post-11429","1":"product","2":"type-product","3":"status-publish","4":"has-post-thumbnail","6":"product_cat-accessori","7":"product_cat-libri","8":"pa_b1-language-tedesco","9":"pa_b11-author-designer-rachele-carmona-it","10":"description-off","12":"first","13":"instock","14":"taxable","15":"shipping-taxable","16":"purchasable","17":"product-type-simple"},"bundled_by":["13583"],"bundle_stock_status":"instock","bundle_stock_quantity":5,"bundle_virtual":false,"bundle_layout":"","bundle_add_to_cart_form_location":"","bundle_editable_in_cart":false,"bundle_sold_individually_context":"","bundle_item_grouping":"","bundle_min_size":"","bundle_max_size":"","bundle_price":[],"bundled_items":[],"bundle_sell_ids":[],"yoast_head":"<!-- This site is optimized with the Yoast SEO plugin v27.5 - https:\/\/yoast.com\/product\/yoast-seo-wordpress\/ -->\n<title>Decken und \u00dcberw\u00fcrfe H\u00e4keln - Rachele Carmona &#171; Swiss Crochet<\/title>\n<meta name=\"robots\" content=\"index, follow, max-snippet:-1, max-image-preview:large, max-video-preview:-1\" \/>\n<link rel=\"canonical\" href=\"https:\/\/www.swisscrochet.ch\/it\/prodotto\/decken-und-uberwurfe-hakeln-rachele-carmona\/\" \/>\n<meta property=\"og:locale\" content=\"it_IT\" \/>\n<meta property=\"og:type\" content=\"article\" \/>\n<meta property=\"og:title\" content=\"Decken und \u00dcberw\u00fcrfe H\u00e4keln - Rachele Carmona &#171; Swiss Crochet\" \/>\n<meta property=\"og:description\" content=\"Entdecke eine neue Inspirationsquelle f\u00fcr deine H\u00e4kelnadel \u2013 die wundersch\u00f6nen Arbeiten heutiger moderner K\u00fcnstlerinnen und K\u00fcnstler!  Folge der beliebten H\u00e4kel-Designer*in f\u00fcr Decken Rachele Carmona durch ihre einzigartige Sammlung von H\u00e4keldecken, die von den Werken unabh\u00e4ngiger K\u00fcnstler inspiriert sind. Decken und \u00dcberw\u00fcrfe H\u00e4keln hilft dir dabei, deine eigenen farbenfrohen H\u00e4keldecken als einzigartige Kunstwerke f\u00fcr dein Zuhause zu gestalten!  In diesem einzigartigen H\u00e4keldecken-Buch findest du:   Details, wie man Kunst in H\u00e4kelarbeit \u00fcbersetzt \u2013 mit 18 k\u00fchnen und einzigartigen H\u00e4kelmustern f\u00fcr Afghans, die von den Arbeiten der vorgestellten K\u00fcnstler inspiriert sind.  Moderne Quilts, Stoffdesigns, Gobelinweberei, digitale Kunst und mehr werden zur Quelle einzigartiger Projekte f\u00fcr ein kunstvoll eingerichtetes Zuhause.  Biografien und wundersch\u00f6ne Fotos von 6 inspirierenden modernen Kunstschaffenden: Tula Pink, April Rhodes, Maryanne Moodie, Fransisco Valle, Maud Vantours und Caitline Dowe-Sandes.  Entdecke die Inspiration, die \u00fcber die Welt des H\u00e4kelns hinausgeht, mit Decken und \u00dcberw\u00fcrfe H\u00e4keln.  Sieh dir die vollst\u00e4ndige Liste der Muster und fertigen Projekte auf Ravelry an.  Sprache: Deutsch\" \/>\n<meta property=\"og:url\" content=\"https:\/\/www.swisscrochet.ch\/it\/prodotto\/decken-und-uberwurfe-hakeln-rachele-carmona\/\" \/>\n<meta property=\"og:site_name\" content=\"Swiss Crochet\" \/>\n<meta property=\"article:modified_time\" content=\"2026-02-19T18:52:10+00:00\" \/>\n<meta property=\"og:image\" content=\"https:\/\/www.swisscrochet.ch\/wp-content\/uploads\/2025\/09\/Decken-und-Uberwurfe-Hakeln-Overview.jpg\" \/>\n\t<meta property=\"og:image:width\" content=\"1000\" \/>\n\t<meta property=\"og:image:height\" content=\"1000\" \/>\n\t<meta property=\"og:image:type\" content=\"image\/jpeg\" \/>\n<meta name=\"twitter:card\" content=\"summary_large_image\" \/>\n<script type=\"application\/ld+json\" class=\"yoast-schema-graph\">{\"@context\":\"https:\\\/\\\/schema.org\",\"@graph\":[{\"@type\":[\"WebPage\",\"ItemPage\"],\"@id\":\"https:\\\/\\\/www.swisscrochet.ch\\\/it\\\/prodotto\\\/decken-und-uberwurfe-hakeln-rachele-carmona\\\/\",\"url\":\"https:\\\/\\\/www.swisscrochet.ch\\\/it\\\/prodotto\\\/decken-und-uberwurfe-hakeln-rachele-carmona\\\/\",\"name\":\"Decken und \u00dcberw\u00fcrfe H\u00e4keln - Rachele Carmona &#171; Swiss Crochet\",\"isPartOf\":{\"@id\":\"https:\\\/\\\/www.swisscrochet.ch\\\/#website\"},\"primaryImageOfPage\":{\"@id\":\"https:\\\/\\\/www.swisscrochet.ch\\\/it\\\/prodotto\\\/decken-und-uberwurfe-hakeln-rachele-carmona\\\/#primaryimage\"},\"image\":{\"@id\":\"https:\\\/\\\/www.swisscrochet.ch\\\/it\\\/prodotto\\\/decken-und-uberwurfe-hakeln-rachele-carmona\\\/#primaryimage\"},\"thumbnailUrl\":\"https:\\\/\\\/www.swisscrochet.ch\\\/wp-content\\\/uploads\\\/2025\\\/09\\\/Decken-und-Uberwurfe-Hakeln-Overview.jpg\",\"datePublished\":\"2025-09-05T11:04:46+00:00\",\"dateModified\":\"2026-02-19T18:52:10+00:00\",\"breadcrumb\":{\"@id\":\"https:\\\/\\\/www.swisscrochet.ch\\\/it\\\/prodotto\\\/decken-und-uberwurfe-hakeln-rachele-carmona\\\/#breadcrumb\"},\"inLanguage\":\"it-IT\",\"potentialAction\":[{\"@type\":\"ReadAction\",\"target\":[\"https:\\\/\\\/www.swisscrochet.ch\\\/it\\\/prodotto\\\/decken-und-uberwurfe-hakeln-rachele-carmona\\\/\"]}]},{\"@type\":\"ImageObject\",\"inLanguage\":\"it-IT\",\"@id\":\"https:\\\/\\\/www.swisscrochet.ch\\\/it\\\/prodotto\\\/decken-und-uberwurfe-hakeln-rachele-carmona\\\/#primaryimage\",\"url\":\"https:\\\/\\\/www.swisscrochet.ch\\\/wp-content\\\/uploads\\\/2025\\\/09\\\/Decken-und-Uberwurfe-Hakeln-Overview.jpg\",\"contentUrl\":\"https:\\\/\\\/www.swisscrochet.ch\\\/wp-content\\\/uploads\\\/2025\\\/09\\\/Decken-und-Uberwurfe-Hakeln-Overview.jpg\",\"width\":1000,\"height\":1000},{\"@type\":\"BreadcrumbList\",\"@id\":\"https:\\\/\\\/www.swisscrochet.ch\\\/it\\\/prodotto\\\/decken-und-uberwurfe-hakeln-rachele-carmona\\\/#breadcrumb\",\"itemListElement\":[{\"@type\":\"ListItem\",\"position\":1,\"name\":\"Home\",\"item\":\"https:\\\/\\\/www.swisscrochet.ch\\\/it\\\/\"},{\"@type\":\"ListItem\",\"position\":2,\"name\":\"Negozio\",\"item\":\"https:\\\/\\\/www.swisscrochet.ch\\\/it\\\/negozio\\\/\"},{\"@type\":\"ListItem\",\"position\":3,\"name\":\"Decken und \u00dcberw\u00fcrfe H\u00e4keln &#8211; Rachele Carmona\"}]},{\"@type\":\"WebSite\",\"@id\":\"https:\\\/\\\/www.swisscrochet.ch\\\/#website\",\"url\":\"https:\\\/\\\/www.swisscrochet.ch\\\/\",\"name\":\"Swiss Crochet\",\"description\":\"Sblocca il tuo potenziale creativo\",\"potentialAction\":[{\"@type\":\"SearchAction\",\"target\":{\"@type\":\"EntryPoint\",\"urlTemplate\":\"https:\\\/\\\/www.swisscrochet.ch\\\/?s={search_term_string}\"},\"query-input\":{\"@type\":\"PropertyValueSpecification\",\"valueRequired\":true,\"valueName\":\"search_term_string\"}}],\"inLanguage\":\"it-IT\"}]}<\/script>\n<!-- \/ Yoast SEO plugin. -->","yoast_head_json":{"title":"Decken und \u00dcberw\u00fcrfe H\u00e4keln - Rachele Carmona &#171; Swiss Crochet","robots":{"index":"index","follow":"follow","max-snippet":"max-snippet:-1","max-image-preview":"max-image-preview:large","max-video-preview":"max-video-preview:-1"},"canonical":"https:\/\/www.swisscrochet.ch\/it\/prodotto\/decken-und-uberwurfe-hakeln-rachele-carmona\/","og_locale":"it_IT","og_type":"article","og_title":"Decken und \u00dcberw\u00fcrfe H\u00e4keln - Rachele Carmona &#171; Swiss Crochet","og_description":"Entdecke eine neue Inspirationsquelle f\u00fcr deine H\u00e4kelnadel \u2013 die wundersch\u00f6nen Arbeiten heutiger moderner K\u00fcnstlerinnen und K\u00fcnstler!  Folge der beliebten H\u00e4kel-Designer*in f\u00fcr Decken Rachele Carmona durch ihre einzigartige Sammlung von H\u00e4keldecken, die von den Werken unabh\u00e4ngiger K\u00fcnstler inspiriert sind. Decken und \u00dcberw\u00fcrfe H\u00e4keln hilft dir dabei, deine eigenen farbenfrohen H\u00e4keldecken als einzigartige Kunstwerke f\u00fcr dein Zuhause zu gestalten!  In diesem einzigartigen H\u00e4keldecken-Buch findest du:   Details, wie man Kunst in H\u00e4kelarbeit \u00fcbersetzt \u2013 mit 18 k\u00fchnen und einzigartigen H\u00e4kelmustern f\u00fcr Afghans, die von den Arbeiten der vorgestellten K\u00fcnstler inspiriert sind.  Moderne Quilts, Stoffdesigns, Gobelinweberei, digitale Kunst und mehr werden zur Quelle einzigartiger Projekte f\u00fcr ein kunstvoll eingerichtetes Zuhause.  Biografien und wundersch\u00f6ne Fotos von 6 inspirierenden modernen Kunstschaffenden: Tula Pink, April Rhodes, Maryanne Moodie, Fransisco Valle, Maud Vantours und Caitline Dowe-Sandes.  Entdecke die Inspiration, die \u00fcber die Welt des H\u00e4kelns hinausgeht, mit Decken und \u00dcberw\u00fcrfe H\u00e4keln.  Sieh dir die vollst\u00e4ndige Liste der Muster und fertigen Projekte auf Ravelry an.  Sprache: Deutsch","og_url":"https:\/\/www.swisscrochet.ch\/it\/prodotto\/decken-und-uberwurfe-hakeln-rachele-carmona\/","og_site_name":"Swiss Crochet","article_modified_time":"2026-02-19T18:52:10+00:00","og_image":[{"width":1000,"height":1000,"url":"https:\/\/www.swisscrochet.ch\/wp-content\/uploads\/2025\/09\/Decken-und-Uberwurfe-Hakeln-Overview.jpg","type":"image\/jpeg"}],"twitter_card":"summary_large_image","schema":{"@context":"https:\/\/schema.org","@graph":[{"@type":["WebPage","ItemPage"],"@id":"https:\/\/www.swisscrochet.ch\/it\/prodotto\/decken-und-uberwurfe-hakeln-rachele-carmona\/","url":"https:\/\/www.swisscrochet.ch\/it\/prodotto\/decken-und-uberwurfe-hakeln-rachele-carmona\/","name":"Decken und \u00dcberw\u00fcrfe H\u00e4keln - Rachele Carmona &#171; Swiss Crochet","isPartOf":{"@id":"https:\/\/www.swisscrochet.ch\/#website"},"primaryImageOfPage":{"@id":"https:\/\/www.swisscrochet.ch\/it\/prodotto\/decken-und-uberwurfe-hakeln-rachele-carmona\/#primaryimage"},"image":{"@id":"https:\/\/www.swisscrochet.ch\/it\/prodotto\/decken-und-uberwurfe-hakeln-rachele-carmona\/#primaryimage"},"thumbnailUrl":"https:\/\/www.swisscrochet.ch\/wp-content\/uploads\/2025\/09\/Decken-und-Uberwurfe-Hakeln-Overview.jpg","datePublished":"2025-09-05T11:04:46+00:00","dateModified":"2026-02-19T18:52:10+00:00","breadcrumb":{"@id":"https:\/\/www.swisscrochet.ch\/it\/prodotto\/decken-und-uberwurfe-hakeln-rachele-carmona\/#breadcrumb"},"inLanguage":"it-IT","potentialAction":[{"@type":"ReadAction","target":["https:\/\/www.swisscrochet.ch\/it\/prodotto\/decken-und-uberwurfe-hakeln-rachele-carmona\/"]}]},{"@type":"ImageObject","inLanguage":"it-IT","@id":"https:\/\/www.swisscrochet.ch\/it\/prodotto\/decken-und-uberwurfe-hakeln-rachele-carmona\/#primaryimage","url":"https:\/\/www.swisscrochet.ch\/wp-content\/uploads\/2025\/09\/Decken-und-Uberwurfe-Hakeln-Overview.jpg","contentUrl":"https:\/\/www.swisscrochet.ch\/wp-content\/uploads\/2025\/09\/Decken-und-Uberwurfe-Hakeln-Overview.jpg","width":1000,"height":1000},{"@type":"BreadcrumbList","@id":"https:\/\/www.swisscrochet.ch\/it\/prodotto\/decken-und-uberwurfe-hakeln-rachele-carmona\/#breadcrumb","itemListElement":[{"@type":"ListItem","position":1,"name":"Home","item":"https:\/\/www.swisscrochet.ch\/it\/"},{"@type":"ListItem","position":2,"name":"Negozio","item":"https:\/\/www.swisscrochet.ch\/it\/negozio\/"},{"@type":"ListItem","position":3,"name":"Decken und \u00dcberw\u00fcrfe H\u00e4keln &#8211; Rachele Carmona"}]},{"@type":"WebSite","@id":"https:\/\/www.swisscrochet.ch\/#website","url":"https:\/\/www.swisscrochet.ch\/","name":"Swiss Crochet","description":"Sblocca il tuo potenziale creativo","potentialAction":[{"@type":"SearchAction","target":{"@type":"EntryPoint","urlTemplate":"https:\/\/www.swisscrochet.ch\/?s={search_term_string}"},"query-input":{"@type":"PropertyValueSpecification","valueRequired":true,"valueName":"search_term_string"}}],"inLanguage":"it-IT"}]}},"_links":{"self":[{"href":"https:\/\/www.swisscrochet.ch\/it\/wp-json\/wp\/v2\/product\/11429","targetHints":{"allow":["GET"]}}],"collection":[{"href":"https:\/\/www.swisscrochet.ch\/it\/wp-json\/wp\/v2\/product"}],"about":[{"href":"https:\/\/www.swisscrochet.ch\/it\/wp-json\/wp\/v2\/types\/product"}],"wp:featuredmedia":[{"embeddable":true,"href":"https:\/\/www.swisscrochet.ch\/it\/wp-json\/wp\/v2\/media\/11337"}],"wp:attachment":[{"href":"https:\/\/www.swisscrochet.ch\/it\/wp-json\/wp\/v2\/media?parent=11429"}],"wp:term":[{"taxonomy":"product_brand","embeddable":true,"href":"https:\/\/www.swisscrochet.ch\/it\/wp-json\/wp\/v2\/product_brand?post=11429"},{"taxonomy":"product_cat","embeddable":true,"href":"https:\/\/www.swisscrochet.ch\/it\/wp-json\/wp\/v2\/product_cat?post=11429"},{"taxonomy":"product_tag","embeddable":true,"href":"https:\/\/www.swisscrochet.ch\/it\/wp-json\/wp\/v2\/product_tag?post=11429"}],"curies":[{"name":"wp","href":"https:\/\/api.w.org\/{rel}","templated":true}]}}