{"id":11472,"date":"2025-09-10T16:19:50","date_gmt":"2025-09-10T14:19:50","guid":{"rendered":"https:\/\/www.swisscrochet.ch\/product\/22-sacs-accessoires-en-raphia-ayaka-chiba\/"},"modified":"2026-03-18T00:20:57","modified_gmt":"2026-03-17T23:20:57","slug":"22-sacs-accessoires-en-raphia-ayaka-chiba","status":"publish","type":"product","link":"https:\/\/www.swisscrochet.ch\/it\/prodotto\/22-sacs-accessoires-en-raphia-ayaka-chiba\/","title":{"rendered":"22 Sacs &amp; Accessoires en Raphia &#8211; Ayaka Chiba"},"content":{"rendered":"","protected":false},"excerpt":{"rendered":"<p>Adoptez le look boh\u00e8me chic de la saison avec ce livre consacr\u00e9 aux accessoires en raphia au crochet. Sac tendance, pochette originale ou capeline \u00e9l\u00e9gante\u2026 vous trouverez des mod\u00e8les faciles \u00e0 r\u00e9aliser et parfaits pour compl\u00e9ter vos tenues estivales.<\/p>\n<p>Gr\u00e2ce \u00e0 des explications claires et d\u00e9taill\u00e9es, chaque projet devient un plaisir \u00e0 crocheter, que ce soit pour une c\u00e9r\u00e9monie, une sortie en ville ou une journ\u00e9e ensoleill\u00e9e \u00e0 la plage. Ce livre vous guide pas \u00e0 pas pour cr\u00e9er vos propres must-have de l\u2019\u00e9t\u00e9 et attirer tous les regards avec vos accessoires uniques.<\/p>\n<p>Langue : Fran\u00e7ais<\/p>\n","protected":false},"featured_media":11301,"template":"","meta":[],"product_brand":[],"product_cat":[1421,210],"product_tag":[],"class_list":{"0":"post-11472","1":"product","2":"type-product","3":"status-publish","4":"has-post-thumbnail","6":"product_cat-accessori","7":"product_cat-libri","8":"pa_b1-language-francese","9":"pa_b11-author-designer-ayaka-chiba-it","10":"description-off","12":"first","13":"instock","14":"taxable","15":"shipping-taxable","16":"purchasable","17":"product-type-simple"},"bundled_by":["16030"],"bundle_stock_status":"instock","bundle_stock_quantity":9,"bundle_virtual":false,"bundle_layout":"","bundle_add_to_cart_form_location":"","bundle_editable_in_cart":false,"bundle_sold_individually_context":"","bundle_item_grouping":"","bundle_min_size":"","bundle_max_size":"","bundle_price":[],"bundled_items":[],"bundle_sell_ids":[],"yoast_head":"<!-- This site is optimized with the Yoast SEO plugin v27.5 - https:\/\/yoast.com\/product\/yoast-seo-wordpress\/ -->\n<title>22 Sacs &amp; Accessoires en Raphia - Ayaka Chiba &#171; Swiss Crochet<\/title>\n<meta name=\"robots\" content=\"index, follow, max-snippet:-1, max-image-preview:large, max-video-preview:-1\" \/>\n<link rel=\"canonical\" href=\"https:\/\/www.swisscrochet.ch\/it\/prodotto\/22-sacs-accessoires-en-raphia-ayaka-chiba\/\" \/>\n<meta property=\"og:locale\" content=\"it_IT\" \/>\n<meta property=\"og:type\" content=\"article\" \/>\n<meta property=\"og:title\" content=\"22 Sacs &amp; Accessoires en Raphia - Ayaka Chiba &#171; Swiss Crochet\" \/>\n<meta property=\"og:description\" content=\"Adoptez le look boh\u00e8me chic de la saison avec ce livre consacr\u00e9 aux accessoires en raphia au crochet. Sac tendance, pochette originale ou capeline \u00e9l\u00e9gante\u2026 vous trouverez des mod\u00e8les faciles \u00e0 r\u00e9aliser et parfaits pour compl\u00e9ter vos tenues estivales.  Gr\u00e2ce \u00e0 des explications claires et d\u00e9taill\u00e9es, chaque projet devient un plaisir \u00e0 crocheter, que ce soit pour une c\u00e9r\u00e9monie, une sortie en ville ou une journ\u00e9e ensoleill\u00e9e \u00e0 la plage. Ce livre vous guide pas \u00e0 pas pour cr\u00e9er vos propres must-have de l\u2019\u00e9t\u00e9 et attirer tous les regards avec vos accessoires uniques.  Langue : Fran\u00e7ais\" \/>\n<meta property=\"og:url\" content=\"https:\/\/www.swisscrochet.ch\/it\/prodotto\/22-sacs-accessoires-en-raphia-ayaka-chiba\/\" \/>\n<meta property=\"og:site_name\" content=\"Swiss Crochet\" \/>\n<meta property=\"article:modified_time\" content=\"2026-03-17T23:20:57+00:00\" \/>\n<meta property=\"og:image\" content=\"https:\/\/www.swisscrochet.ch\/wp-content\/uploads\/2025\/09\/22-Sacs-Accessoires-en-Raphia-Overview.jpg\" \/>\n\t<meta property=\"og:image:width\" content=\"1000\" \/>\n\t<meta property=\"og:image:height\" content=\"1000\" \/>\n\t<meta property=\"og:image:type\" content=\"image\/jpeg\" \/>\n<meta name=\"twitter:card\" content=\"summary_large_image\" \/>\n<meta name=\"twitter:label1\" content=\"Tempo di lettura stimato\" \/>\n\t<meta name=\"twitter:data1\" content=\"1 minuto\" \/>\n<script type=\"application\/ld+json\" class=\"yoast-schema-graph\">{\"@context\":\"https:\\\/\\\/schema.org\",\"@graph\":[{\"@type\":[\"WebPage\",\"ItemPage\"],\"@id\":\"https:\\\/\\\/www.swisscrochet.ch\\\/it\\\/prodotto\\\/22-sacs-accessoires-en-raphia-ayaka-chiba\\\/\",\"url\":\"https:\\\/\\\/www.swisscrochet.ch\\\/it\\\/prodotto\\\/22-sacs-accessoires-en-raphia-ayaka-chiba\\\/\",\"name\":\"22 Sacs &amp; Accessoires en Raphia - Ayaka Chiba &#171; Swiss Crochet\",\"isPartOf\":{\"@id\":\"https:\\\/\\\/www.swisscrochet.ch\\\/#website\"},\"primaryImageOfPage\":{\"@id\":\"https:\\\/\\\/www.swisscrochet.ch\\\/it\\\/prodotto\\\/22-sacs-accessoires-en-raphia-ayaka-chiba\\\/#primaryimage\"},\"image\":{\"@id\":\"https:\\\/\\\/www.swisscrochet.ch\\\/it\\\/prodotto\\\/22-sacs-accessoires-en-raphia-ayaka-chiba\\\/#primaryimage\"},\"thumbnailUrl\":\"https:\\\/\\\/www.swisscrochet.ch\\\/wp-content\\\/uploads\\\/2025\\\/09\\\/22-Sacs-Accessoires-en-Raphia-Overview.jpg\",\"datePublished\":\"2025-09-10T14:19:50+00:00\",\"dateModified\":\"2026-03-17T23:20:57+00:00\",\"breadcrumb\":{\"@id\":\"https:\\\/\\\/www.swisscrochet.ch\\\/it\\\/prodotto\\\/22-sacs-accessoires-en-raphia-ayaka-chiba\\\/#breadcrumb\"},\"inLanguage\":\"it-IT\",\"potentialAction\":[{\"@type\":\"ReadAction\",\"target\":[\"https:\\\/\\\/www.swisscrochet.ch\\\/it\\\/prodotto\\\/22-sacs-accessoires-en-raphia-ayaka-chiba\\\/\"]}]},{\"@type\":\"ImageObject\",\"inLanguage\":\"it-IT\",\"@id\":\"https:\\\/\\\/www.swisscrochet.ch\\\/it\\\/prodotto\\\/22-sacs-accessoires-en-raphia-ayaka-chiba\\\/#primaryimage\",\"url\":\"https:\\\/\\\/www.swisscrochet.ch\\\/wp-content\\\/uploads\\\/2025\\\/09\\\/22-Sacs-Accessoires-en-Raphia-Overview.jpg\",\"contentUrl\":\"https:\\\/\\\/www.swisscrochet.ch\\\/wp-content\\\/uploads\\\/2025\\\/09\\\/22-Sacs-Accessoires-en-Raphia-Overview.jpg\",\"width\":1000,\"height\":1000},{\"@type\":\"BreadcrumbList\",\"@id\":\"https:\\\/\\\/www.swisscrochet.ch\\\/it\\\/prodotto\\\/22-sacs-accessoires-en-raphia-ayaka-chiba\\\/#breadcrumb\",\"itemListElement\":[{\"@type\":\"ListItem\",\"position\":1,\"name\":\"Home\",\"item\":\"https:\\\/\\\/www.swisscrochet.ch\\\/it\\\/\"},{\"@type\":\"ListItem\",\"position\":2,\"name\":\"Negozio\",\"item\":\"https:\\\/\\\/www.swisscrochet.ch\\\/it\\\/negozio\\\/\"},{\"@type\":\"ListItem\",\"position\":3,\"name\":\"22 Sacs &amp; Accessoires en Raphia &#8211; Ayaka Chiba\"}]},{\"@type\":\"WebSite\",\"@id\":\"https:\\\/\\\/www.swisscrochet.ch\\\/#website\",\"url\":\"https:\\\/\\\/www.swisscrochet.ch\\\/\",\"name\":\"Swiss Crochet\",\"description\":\"Sblocca il tuo potenziale creativo\",\"potentialAction\":[{\"@type\":\"SearchAction\",\"target\":{\"@type\":\"EntryPoint\",\"urlTemplate\":\"https:\\\/\\\/www.swisscrochet.ch\\\/?s={search_term_string}\"},\"query-input\":{\"@type\":\"PropertyValueSpecification\",\"valueRequired\":true,\"valueName\":\"search_term_string\"}}],\"inLanguage\":\"it-IT\"}]}<\/script>\n<!-- \/ Yoast SEO plugin. -->","yoast_head_json":{"title":"22 Sacs &amp; Accessoires en Raphia - Ayaka Chiba &#171; Swiss Crochet","robots":{"index":"index","follow":"follow","max-snippet":"max-snippet:-1","max-image-preview":"max-image-preview:large","max-video-preview":"max-video-preview:-1"},"canonical":"https:\/\/www.swisscrochet.ch\/it\/prodotto\/22-sacs-accessoires-en-raphia-ayaka-chiba\/","og_locale":"it_IT","og_type":"article","og_title":"22 Sacs &amp; Accessoires en Raphia - Ayaka Chiba &#171; Swiss Crochet","og_description":"Adoptez le look boh\u00e8me chic de la saison avec ce livre consacr\u00e9 aux accessoires en raphia au crochet. Sac tendance, pochette originale ou capeline \u00e9l\u00e9gante\u2026 vous trouverez des mod\u00e8les faciles \u00e0 r\u00e9aliser et parfaits pour compl\u00e9ter vos tenues estivales.  Gr\u00e2ce \u00e0 des explications claires et d\u00e9taill\u00e9es, chaque projet devient un plaisir \u00e0 crocheter, que ce soit pour une c\u00e9r\u00e9monie, une sortie en ville ou une journ\u00e9e ensoleill\u00e9e \u00e0 la plage. Ce livre vous guide pas \u00e0 pas pour cr\u00e9er vos propres must-have de l\u2019\u00e9t\u00e9 et attirer tous les regards avec vos accessoires uniques.  Langue : Fran\u00e7ais","og_url":"https:\/\/www.swisscrochet.ch\/it\/prodotto\/22-sacs-accessoires-en-raphia-ayaka-chiba\/","og_site_name":"Swiss Crochet","article_modified_time":"2026-03-17T23:20:57+00:00","og_image":[{"width":1000,"height":1000,"url":"https:\/\/www.swisscrochet.ch\/wp-content\/uploads\/2025\/09\/22-Sacs-Accessoires-en-Raphia-Overview.jpg","type":"image\/jpeg"}],"twitter_card":"summary_large_image","twitter_misc":{"Tempo di lettura stimato":"1 minuto"},"schema":{"@context":"https:\/\/schema.org","@graph":[{"@type":["WebPage","ItemPage"],"@id":"https:\/\/www.swisscrochet.ch\/it\/prodotto\/22-sacs-accessoires-en-raphia-ayaka-chiba\/","url":"https:\/\/www.swisscrochet.ch\/it\/prodotto\/22-sacs-accessoires-en-raphia-ayaka-chiba\/","name":"22 Sacs &amp; Accessoires en Raphia - Ayaka Chiba &#171; Swiss Crochet","isPartOf":{"@id":"https:\/\/www.swisscrochet.ch\/#website"},"primaryImageOfPage":{"@id":"https:\/\/www.swisscrochet.ch\/it\/prodotto\/22-sacs-accessoires-en-raphia-ayaka-chiba\/#primaryimage"},"image":{"@id":"https:\/\/www.swisscrochet.ch\/it\/prodotto\/22-sacs-accessoires-en-raphia-ayaka-chiba\/#primaryimage"},"thumbnailUrl":"https:\/\/www.swisscrochet.ch\/wp-content\/uploads\/2025\/09\/22-Sacs-Accessoires-en-Raphia-Overview.jpg","datePublished":"2025-09-10T14:19:50+00:00","dateModified":"2026-03-17T23:20:57+00:00","breadcrumb":{"@id":"https:\/\/www.swisscrochet.ch\/it\/prodotto\/22-sacs-accessoires-en-raphia-ayaka-chiba\/#breadcrumb"},"inLanguage":"it-IT","potentialAction":[{"@type":"ReadAction","target":["https:\/\/www.swisscrochet.ch\/it\/prodotto\/22-sacs-accessoires-en-raphia-ayaka-chiba\/"]}]},{"@type":"ImageObject","inLanguage":"it-IT","@id":"https:\/\/www.swisscrochet.ch\/it\/prodotto\/22-sacs-accessoires-en-raphia-ayaka-chiba\/#primaryimage","url":"https:\/\/www.swisscrochet.ch\/wp-content\/uploads\/2025\/09\/22-Sacs-Accessoires-en-Raphia-Overview.jpg","contentUrl":"https:\/\/www.swisscrochet.ch\/wp-content\/uploads\/2025\/09\/22-Sacs-Accessoires-en-Raphia-Overview.jpg","width":1000,"height":1000},{"@type":"BreadcrumbList","@id":"https:\/\/www.swisscrochet.ch\/it\/prodotto\/22-sacs-accessoires-en-raphia-ayaka-chiba\/#breadcrumb","itemListElement":[{"@type":"ListItem","position":1,"name":"Home","item":"https:\/\/www.swisscrochet.ch\/it\/"},{"@type":"ListItem","position":2,"name":"Negozio","item":"https:\/\/www.swisscrochet.ch\/it\/negozio\/"},{"@type":"ListItem","position":3,"name":"22 Sacs &amp; Accessoires en Raphia &#8211; Ayaka Chiba"}]},{"@type":"WebSite","@id":"https:\/\/www.swisscrochet.ch\/#website","url":"https:\/\/www.swisscrochet.ch\/","name":"Swiss Crochet","description":"Sblocca il tuo potenziale creativo","potentialAction":[{"@type":"SearchAction","target":{"@type":"EntryPoint","urlTemplate":"https:\/\/www.swisscrochet.ch\/?s={search_term_string}"},"query-input":{"@type":"PropertyValueSpecification","valueRequired":true,"valueName":"search_term_string"}}],"inLanguage":"it-IT"}]}},"_links":{"self":[{"href":"https:\/\/www.swisscrochet.ch\/it\/wp-json\/wp\/v2\/product\/11472","targetHints":{"allow":["GET"]}}],"collection":[{"href":"https:\/\/www.swisscrochet.ch\/it\/wp-json\/wp\/v2\/product"}],"about":[{"href":"https:\/\/www.swisscrochet.ch\/it\/wp-json\/wp\/v2\/types\/product"}],"wp:featuredmedia":[{"embeddable":true,"href":"https:\/\/www.swisscrochet.ch\/it\/wp-json\/wp\/v2\/media\/11301"}],"wp:attachment":[{"href":"https:\/\/www.swisscrochet.ch\/it\/wp-json\/wp\/v2\/media?parent=11472"}],"wp:term":[{"taxonomy":"product_brand","embeddable":true,"href":"https:\/\/www.swisscrochet.ch\/it\/wp-json\/wp\/v2\/product_brand?post=11472"},{"taxonomy":"product_cat","embeddable":true,"href":"https:\/\/www.swisscrochet.ch\/it\/wp-json\/wp\/v2\/product_cat?post=11472"},{"taxonomy":"product_tag","embeddable":true,"href":"https:\/\/www.swisscrochet.ch\/it\/wp-json\/wp\/v2\/product_tag?post=11472"}],"curies":[{"name":"wp","href":"https:\/\/api.w.org\/{rel}","templated":true}]}}