{"id":14812,"date":"2025-11-04T12:46:57","date_gmt":"2025-11-04T11:46:57","guid":{"rendered":"https:\/\/www.swisscrochet.ch\/product\/incroyables-amigurumis-aquatiques-natasha-tishchenko\/"},"modified":"2026-04-03T18:09:21","modified_gmt":"2026-04-03T16:09:21","slug":"incroyables-amigurumis-aquatiques-natasha-tishchenko","status":"publish","type":"product","link":"https:\/\/www.swisscrochet.ch\/it\/prodotto\/incroyables-amigurumis-aquatiques-natasha-tishchenko\/","title":{"rendered":"Incroyables amigurumis Aquatiques &#8211; Natasha Tishchenko"},"content":{"rendered":"","protected":false},"excerpt":{"rendered":"<p>D\u00e9couvrez une incroyable collection de mod\u00e8les uniques \u00e0 crocheter !<\/p>\n<p>Partez \u00e0 la recherche de tr\u00e9sors engloutis avec Johnny le poisson rouge, obversez le ciel \u00e9toil\u00e9 au c\u00f4t\u00e9 de Boris le p\u00eacheur ou encore pr\u00e9parez une tarte aux cerises avec Valentin le pirate, vous serez surpris de constater \u00e0 quel point il est facile de r\u00e9aliser ces personnages.<\/p>\n<p>Retrouvez toutes les techniques essentielles pour vous lancer. Points de base, assemblage et finitions n\u2019auront plus de secrets pour vous ! Laissez-vous ensuite guider par les explications pas \u00e0 pas ainsi que les tutoriels vid\u00e9o pour chacun des mod\u00e8les.<\/p>\n<p>Plongez dans l\u2019univers p\u00e9tillant et color\u00e9 des amigurumis aquatiques !<\/p>\n<p>Langue : Fran\u00e7ais<\/p>\n","protected":false},"featured_media":11874,"template":"","meta":[],"product_brand":[],"product_cat":[1423,210],"product_tag":[],"class_list":{"0":"post-14812","1":"product","2":"type-product","3":"status-publish","4":"has-post-thumbnail","6":"product_cat-amigurumi-it","7":"product_cat-libri","8":"pa_b1-language-francese","9":"pa_b11-author-designer-natasha-tishchenko","10":"description-off","12":"first","13":"instock","14":"taxable","15":"shipping-taxable","16":"purchasable","17":"product-type-simple"},"bundled_by":[],"bundle_stock_status":"instock","bundle_stock_quantity":3,"bundle_virtual":false,"bundle_layout":"","bundle_add_to_cart_form_location":"","bundle_editable_in_cart":false,"bundle_sold_individually_context":"","bundle_item_grouping":"","bundle_min_size":"","bundle_max_size":"","bundle_price":[],"bundled_items":[],"bundle_sell_ids":[],"yoast_head":"<!-- This site is optimized with the Yoast SEO plugin v27.4 - https:\/\/yoast.com\/product\/yoast-seo-wordpress\/ -->\n<title>Incroyables amigurumis Aquatiques - Natasha Tishchenko &#171; Swiss Crochet<\/title>\n<meta name=\"robots\" content=\"index, follow, max-snippet:-1, max-image-preview:large, max-video-preview:-1\" \/>\n<link rel=\"canonical\" href=\"https:\/\/www.swisscrochet.ch\/it\/prodotto\/incroyables-amigurumis-aquatiques-natasha-tishchenko\/\" \/>\n<meta property=\"og:locale\" content=\"it_IT\" \/>\n<meta property=\"og:type\" content=\"article\" \/>\n<meta property=\"og:title\" content=\"Incroyables amigurumis Aquatiques - Natasha Tishchenko &#171; Swiss Crochet\" \/>\n<meta property=\"og:description\" content=\"D\u00e9couvrez une incroyable collection de mod\u00e8les uniques \u00e0 crocheter !  Partez \u00e0 la recherche de tr\u00e9sors engloutis avec Johnny le poisson rouge, obversez le ciel \u00e9toil\u00e9 au c\u00f4t\u00e9 de Boris le p\u00eacheur ou encore pr\u00e9parez une tarte aux cerises avec Valentin le pirate, vous serez surpris de constater \u00e0 quel point il est facile de r\u00e9aliser ces personnages.  Retrouvez toutes les techniques essentielles pour vous lancer. Points de base, assemblage et finitions n\u2019auront plus de secrets pour vous ! Laissez-vous ensuite guider par les explications pas \u00e0 pas ainsi que les tutoriels vid\u00e9o pour chacun des mod\u00e8les.  Plongez dans l\u2019univers p\u00e9tillant et color\u00e9 des amigurumis aquatiques !  Langue : Fran\u00e7ais\" \/>\n<meta property=\"og:url\" content=\"https:\/\/www.swisscrochet.ch\/it\/prodotto\/incroyables-amigurumis-aquatiques-natasha-tishchenko\/\" \/>\n<meta property=\"og:site_name\" content=\"Swiss Crochet\" \/>\n<meta property=\"article:modified_time\" content=\"2026-04-03T16:09:21+00:00\" \/>\n<meta property=\"og:image\" content=\"https:\/\/www.swisscrochet.ch\/wp-content\/uploads\/2025\/10\/Incroyables-amigurumis-Aquatiques-Overview.jpg\" \/>\n\t<meta property=\"og:image:width\" content=\"1000\" \/>\n\t<meta property=\"og:image:height\" content=\"1000\" \/>\n\t<meta property=\"og:image:type\" content=\"image\/jpeg\" \/>\n<meta name=\"twitter:card\" content=\"summary_large_image\" \/>\n<script type=\"application\/ld+json\" class=\"yoast-schema-graph\">{\"@context\":\"https:\\\/\\\/schema.org\",\"@graph\":[{\"@type\":[\"WebPage\",\"ItemPage\"],\"@id\":\"https:\\\/\\\/www.swisscrochet.ch\\\/it\\\/prodotto\\\/incroyables-amigurumis-aquatiques-natasha-tishchenko\\\/\",\"url\":\"https:\\\/\\\/www.swisscrochet.ch\\\/it\\\/prodotto\\\/incroyables-amigurumis-aquatiques-natasha-tishchenko\\\/\",\"name\":\"Incroyables amigurumis Aquatiques - Natasha Tishchenko &#171; Swiss Crochet\",\"isPartOf\":{\"@id\":\"https:\\\/\\\/www.swisscrochet.ch\\\/#website\"},\"primaryImageOfPage\":{\"@id\":\"https:\\\/\\\/www.swisscrochet.ch\\\/it\\\/prodotto\\\/incroyables-amigurumis-aquatiques-natasha-tishchenko\\\/#primaryimage\"},\"image\":{\"@id\":\"https:\\\/\\\/www.swisscrochet.ch\\\/it\\\/prodotto\\\/incroyables-amigurumis-aquatiques-natasha-tishchenko\\\/#primaryimage\"},\"thumbnailUrl\":\"https:\\\/\\\/www.swisscrochet.ch\\\/wp-content\\\/uploads\\\/2025\\\/10\\\/Incroyables-amigurumis-Aquatiques-Overview.jpg\",\"datePublished\":\"2025-11-04T11:46:57+00:00\",\"dateModified\":\"2026-04-03T16:09:21+00:00\",\"breadcrumb\":{\"@id\":\"https:\\\/\\\/www.swisscrochet.ch\\\/it\\\/prodotto\\\/incroyables-amigurumis-aquatiques-natasha-tishchenko\\\/#breadcrumb\"},\"inLanguage\":\"it-IT\",\"potentialAction\":[{\"@type\":\"ReadAction\",\"target\":[\"https:\\\/\\\/www.swisscrochet.ch\\\/it\\\/prodotto\\\/incroyables-amigurumis-aquatiques-natasha-tishchenko\\\/\"]}]},{\"@type\":\"ImageObject\",\"inLanguage\":\"it-IT\",\"@id\":\"https:\\\/\\\/www.swisscrochet.ch\\\/it\\\/prodotto\\\/incroyables-amigurumis-aquatiques-natasha-tishchenko\\\/#primaryimage\",\"url\":\"https:\\\/\\\/www.swisscrochet.ch\\\/wp-content\\\/uploads\\\/2025\\\/10\\\/Incroyables-amigurumis-Aquatiques-Overview.jpg\",\"contentUrl\":\"https:\\\/\\\/www.swisscrochet.ch\\\/wp-content\\\/uploads\\\/2025\\\/10\\\/Incroyables-amigurumis-Aquatiques-Overview.jpg\",\"width\":1000,\"height\":1000},{\"@type\":\"BreadcrumbList\",\"@id\":\"https:\\\/\\\/www.swisscrochet.ch\\\/it\\\/prodotto\\\/incroyables-amigurumis-aquatiques-natasha-tishchenko\\\/#breadcrumb\",\"itemListElement\":[{\"@type\":\"ListItem\",\"position\":1,\"name\":\"Home\",\"item\":\"https:\\\/\\\/www.swisscrochet.ch\\\/it\\\/\"},{\"@type\":\"ListItem\",\"position\":2,\"name\":\"Negozio\",\"item\":\"https:\\\/\\\/www.swisscrochet.ch\\\/it\\\/negozio\\\/\"},{\"@type\":\"ListItem\",\"position\":3,\"name\":\"Incroyables amigurumis Aquatiques &#8211; Natasha Tishchenko\"}]},{\"@type\":\"WebSite\",\"@id\":\"https:\\\/\\\/www.swisscrochet.ch\\\/#website\",\"url\":\"https:\\\/\\\/www.swisscrochet.ch\\\/\",\"name\":\"Swiss Crochet\",\"description\":\"Sblocca il tuo potenziale creativo\",\"potentialAction\":[{\"@type\":\"SearchAction\",\"target\":{\"@type\":\"EntryPoint\",\"urlTemplate\":\"https:\\\/\\\/www.swisscrochet.ch\\\/?s={search_term_string}\"},\"query-input\":{\"@type\":\"PropertyValueSpecification\",\"valueRequired\":true,\"valueName\":\"search_term_string\"}}],\"inLanguage\":\"it-IT\"}]}<\/script>\n<!-- \/ Yoast SEO plugin. -->","yoast_head_json":{"title":"Incroyables amigurumis Aquatiques - Natasha Tishchenko &#171; Swiss Crochet","robots":{"index":"index","follow":"follow","max-snippet":"max-snippet:-1","max-image-preview":"max-image-preview:large","max-video-preview":"max-video-preview:-1"},"canonical":"https:\/\/www.swisscrochet.ch\/it\/prodotto\/incroyables-amigurumis-aquatiques-natasha-tishchenko\/","og_locale":"it_IT","og_type":"article","og_title":"Incroyables amigurumis Aquatiques - Natasha Tishchenko &#171; Swiss Crochet","og_description":"D\u00e9couvrez une incroyable collection de mod\u00e8les uniques \u00e0 crocheter !  Partez \u00e0 la recherche de tr\u00e9sors engloutis avec Johnny le poisson rouge, obversez le ciel \u00e9toil\u00e9 au c\u00f4t\u00e9 de Boris le p\u00eacheur ou encore pr\u00e9parez une tarte aux cerises avec Valentin le pirate, vous serez surpris de constater \u00e0 quel point il est facile de r\u00e9aliser ces personnages.  Retrouvez toutes les techniques essentielles pour vous lancer. Points de base, assemblage et finitions n\u2019auront plus de secrets pour vous ! Laissez-vous ensuite guider par les explications pas \u00e0 pas ainsi que les tutoriels vid\u00e9o pour chacun des mod\u00e8les.  Plongez dans l\u2019univers p\u00e9tillant et color\u00e9 des amigurumis aquatiques !  Langue : Fran\u00e7ais","og_url":"https:\/\/www.swisscrochet.ch\/it\/prodotto\/incroyables-amigurumis-aquatiques-natasha-tishchenko\/","og_site_name":"Swiss Crochet","article_modified_time":"2026-04-03T16:09:21+00:00","og_image":[{"width":1000,"height":1000,"url":"https:\/\/www.swisscrochet.ch\/wp-content\/uploads\/2025\/10\/Incroyables-amigurumis-Aquatiques-Overview.jpg","type":"image\/jpeg"}],"twitter_card":"summary_large_image","schema":{"@context":"https:\/\/schema.org","@graph":[{"@type":["WebPage","ItemPage"],"@id":"https:\/\/www.swisscrochet.ch\/it\/prodotto\/incroyables-amigurumis-aquatiques-natasha-tishchenko\/","url":"https:\/\/www.swisscrochet.ch\/it\/prodotto\/incroyables-amigurumis-aquatiques-natasha-tishchenko\/","name":"Incroyables amigurumis Aquatiques - Natasha Tishchenko &#171; Swiss Crochet","isPartOf":{"@id":"https:\/\/www.swisscrochet.ch\/#website"},"primaryImageOfPage":{"@id":"https:\/\/www.swisscrochet.ch\/it\/prodotto\/incroyables-amigurumis-aquatiques-natasha-tishchenko\/#primaryimage"},"image":{"@id":"https:\/\/www.swisscrochet.ch\/it\/prodotto\/incroyables-amigurumis-aquatiques-natasha-tishchenko\/#primaryimage"},"thumbnailUrl":"https:\/\/www.swisscrochet.ch\/wp-content\/uploads\/2025\/10\/Incroyables-amigurumis-Aquatiques-Overview.jpg","datePublished":"2025-11-04T11:46:57+00:00","dateModified":"2026-04-03T16:09:21+00:00","breadcrumb":{"@id":"https:\/\/www.swisscrochet.ch\/it\/prodotto\/incroyables-amigurumis-aquatiques-natasha-tishchenko\/#breadcrumb"},"inLanguage":"it-IT","potentialAction":[{"@type":"ReadAction","target":["https:\/\/www.swisscrochet.ch\/it\/prodotto\/incroyables-amigurumis-aquatiques-natasha-tishchenko\/"]}]},{"@type":"ImageObject","inLanguage":"it-IT","@id":"https:\/\/www.swisscrochet.ch\/it\/prodotto\/incroyables-amigurumis-aquatiques-natasha-tishchenko\/#primaryimage","url":"https:\/\/www.swisscrochet.ch\/wp-content\/uploads\/2025\/10\/Incroyables-amigurumis-Aquatiques-Overview.jpg","contentUrl":"https:\/\/www.swisscrochet.ch\/wp-content\/uploads\/2025\/10\/Incroyables-amigurumis-Aquatiques-Overview.jpg","width":1000,"height":1000},{"@type":"BreadcrumbList","@id":"https:\/\/www.swisscrochet.ch\/it\/prodotto\/incroyables-amigurumis-aquatiques-natasha-tishchenko\/#breadcrumb","itemListElement":[{"@type":"ListItem","position":1,"name":"Home","item":"https:\/\/www.swisscrochet.ch\/it\/"},{"@type":"ListItem","position":2,"name":"Negozio","item":"https:\/\/www.swisscrochet.ch\/it\/negozio\/"},{"@type":"ListItem","position":3,"name":"Incroyables amigurumis Aquatiques &#8211; Natasha Tishchenko"}]},{"@type":"WebSite","@id":"https:\/\/www.swisscrochet.ch\/#website","url":"https:\/\/www.swisscrochet.ch\/","name":"Swiss Crochet","description":"Sblocca il tuo potenziale creativo","potentialAction":[{"@type":"SearchAction","target":{"@type":"EntryPoint","urlTemplate":"https:\/\/www.swisscrochet.ch\/?s={search_term_string}"},"query-input":{"@type":"PropertyValueSpecification","valueRequired":true,"valueName":"search_term_string"}}],"inLanguage":"it-IT"}]}},"_links":{"self":[{"href":"https:\/\/www.swisscrochet.ch\/it\/wp-json\/wp\/v2\/product\/14812","targetHints":{"allow":["GET"]}}],"collection":[{"href":"https:\/\/www.swisscrochet.ch\/it\/wp-json\/wp\/v2\/product"}],"about":[{"href":"https:\/\/www.swisscrochet.ch\/it\/wp-json\/wp\/v2\/types\/product"}],"wp:featuredmedia":[{"embeddable":true,"href":"https:\/\/www.swisscrochet.ch\/it\/wp-json\/wp\/v2\/media\/11874"}],"wp:attachment":[{"href":"https:\/\/www.swisscrochet.ch\/it\/wp-json\/wp\/v2\/media?parent=14812"}],"wp:term":[{"taxonomy":"product_brand","embeddable":true,"href":"https:\/\/www.swisscrochet.ch\/it\/wp-json\/wp\/v2\/product_brand?post=14812"},{"taxonomy":"product_cat","embeddable":true,"href":"https:\/\/www.swisscrochet.ch\/it\/wp-json\/wp\/v2\/product_cat?post=14812"},{"taxonomy":"product_tag","embeddable":true,"href":"https:\/\/www.swisscrochet.ch\/it\/wp-json\/wp\/v2\/product_tag?post=14812"}],"curies":[{"name":"wp","href":"https:\/\/api.w.org\/{rel}","templated":true}]}}