{"id":16146,"date":"2025-07-20T11:59:14","date_gmt":"2025-07-20T09:59:14","guid":{"rendered":"https:\/\/www.swisscrochet.ch\/product\/summer-hat-with-daol-yarn-kit\/"},"modified":"2025-12-03T12:23:18","modified_gmt":"2025-12-03T11:23:18","slug":"cappello-estivo-con-daol-kit-di-filati","status":"publish","type":"product","link":"https:\/\/www.swisscrochet.ch\/it\/prodotto\/cappello-estivo-con-daol-kit-di-filati\/","title":{"rendered":"Cappello estivo con Daol &#8211; Kit di filati"},"content":{"rendered":"","protected":false},"excerpt":{"rendered":"<p>Aggiungi un tocco di stile al tuo guardaroba estivo con questo cappello all\u2019uncinetto leggero ed elegante, realizzato con Daol \u2014 un filato 100% carta, perfetto per le giornate di sole. Che tu vada in spiaggia o a passeggiare in citt\u00e0, questo cappello unisce ombra e un leggero scintillio nel modo pi\u00f9 raffinato. Puoi leggere di pi\u00f9 sulla realizzazione di questo modello sul <a href=\"https:\/\/www.swisscrochet.ch\/it\/2025\/07\/un-cappello-estivo-con-daol\/\">blog di Swiss Crochet<\/a>.<\/p>\n<p><strong>Il kit include:<\/strong><\/p>\n<ul>\n<li>3 gomitoli di Nakyang Daol nel colore 251<\/li>\n<li>1 gomitolo di Laines du Nord Arme nel colore 1011<\/li>\n<\/ul>\n<p><strong>Aggiunte opzionali:<\/strong><\/p>\n<ul>\n<li>il modello appare nel libro <em>Couture Taschen H\u00e4keln<\/em> di <em>Ayaka Chiba<\/em>, acquistabile in tedesco (vedi link sotto)<\/li>\n<li>uncinetto da 3.00\u00a0mm<\/li>\n<li>uncinetto da 4.50\u00a0mm<\/li>\n<\/ul>\n<p>Con questo kit avrai tutto ci\u00f2 che ti serve per creare il tuo nuovo cappello estivo preferito \u2014 elegante, meditativo e infinitamente ispiratore.<\/p>\n","protected":false},"featured_media":9397,"template":"","meta":[],"product_brand":[],"product_cat":[1662,333],"product_tag":[2079,2080],"class_list":{"0":"post-16146","1":"product","2":"type-product","3":"status-publish","4":"has-post-thumbnail","6":"product_cat-kit-di-filati-accessori","7":"product_cat-kit-di-filati","8":"product_tag-arme","9":"product_tag-daol","10":"description-off","12":"first","13":"instock","14":"virtual","15":"taxable","16":"purchasable","17":"product-type-bundle"},"bundled_by":[],"bundle_stock_status":"instock","bundle_stock_quantity":6,"bundle_virtual":false,"bundle_layout":"default","bundle_add_to_cart_form_location":"default","bundle_editable_in_cart":false,"bundle_sold_individually_context":"product","bundle_item_grouping":"parent","bundle_min_size":"","bundle_max_size":"","bundle_price":{"price":{"min":{"incl_tax":"38.1","excl_tax":"35.25"},"max":{"incl_tax":"95.8","excl_tax":"91.01"}},"regular_price":{"min":{"incl_tax":"38.1","excl_tax":"35.25"},"max":{"incl_tax":"95.8","excl_tax":"91.01"}}},"bundled_items":[{"bundled_item_id":609,"product_id":2776,"menu_order":0,"quantity_min":3,"quantity_max":3,"quantity_default":3,"priced_individually":true,"shipped_individually":false,"override_title":false,"title":"Nakyang &#8211; Daol","override_description":false,"description":"Nakyang &#8211; Daol","optional":false,"hide_thumbnail":false,"discount":"","override_variations":true,"allowed_variations":[2777],"override_default_variation_attributes":true,"default_variation_attributes":[{"id":0,"name":"Color","option":"251"}],"single_product_visibility":"hidden","cart_visibility":"visible","order_visibility":"visible","single_product_price_visibility":"visible","cart_price_visibility":"visible","order_price_visibility":"visible","stock_status":"in_stock"},{"bundled_item_id":610,"product_id":6091,"menu_order":1,"quantity_min":1,"quantity_max":1,"quantity_default":1,"priced_individually":true,"shipped_individually":false,"override_title":false,"title":"Laines du Nord &#8211; Arm\u00e9","override_description":false,"description":"Laines du Nord &#8211; Arm\u00e9","optional":false,"hide_thumbnail":false,"discount":"","override_variations":true,"allowed_variations":[6092],"override_default_variation_attributes":true,"default_variation_attributes":[{"id":0,"name":"Color","option":"1011"}],"single_product_visibility":"hidden","cart_visibility":"visible","order_visibility":"visible","single_product_price_visibility":"visible","cart_price_visibility":"visible","order_price_visibility":"visible","stock_status":"in_stock"},{"bundled_item_id":611,"product_id":7318,"menu_order":2,"quantity_min":1,"quantity_max":1,"quantity_default":1,"priced_individually":true,"shipped_individually":false,"override_title":false,"title":"Couture Taschen H\u00e4keln &#8211; Ayaka Chiba","override_description":true,"description":"","optional":true,"hide_thumbnail":false,"discount":"","override_variations":false,"allowed_variations":[""],"override_default_variation_attributes":false,"default_variation_attributes":[],"single_product_visibility":"visible","cart_visibility":"visible","order_visibility":"visible","single_product_price_visibility":"visible","cart_price_visibility":"visible","order_price_visibility":"visible","stock_status":"in_stock"},{"bundled_item_id":612,"product_id":3527,"menu_order":3,"quantity_min":1,"quantity_max":1,"quantity_default":1,"priced_individually":true,"shipped_individually":false,"override_title":false,"title":"Tulip &#8211; Etimo Red &#8211; Uncinetto con manico morbido","override_description":true,"description":"","optional":true,"hide_thumbnail":false,"discount":"","override_variations":true,"allowed_variations":[3532],"override_default_variation_attributes":true,"default_variation_attributes":[{"id":0,"name":"Size","option":"3.00 mm"}],"single_product_visibility":"visible","cart_visibility":"visible","order_visibility":"visible","single_product_price_visibility":"visible","cart_price_visibility":"visible","order_price_visibility":"visible","stock_status":"in_stock"},{"bundled_item_id":613,"product_id":3527,"menu_order":4,"quantity_min":1,"quantity_max":1,"quantity_default":1,"priced_individually":true,"shipped_individually":false,"override_title":false,"title":"Tulip &#8211; Etimo Red &#8211; Uncinetto con manico morbido","override_description":true,"description":"","optional":true,"hide_thumbnail":false,"discount":"","override_variations":true,"allowed_variations":[3535],"override_default_variation_attributes":true,"default_variation_attributes":[{"id":0,"name":"Size","option":"4.50 mm"}],"single_product_visibility":"visible","cart_visibility":"visible","order_visibility":"visible","single_product_price_visibility":"visible","cart_price_visibility":"visible","order_price_visibility":"visible","stock_status":"in_stock"}],"bundle_sell_ids":[],"yoast_head":"<!-- This site is optimized with the Yoast SEO plugin v27.4 - https:\/\/yoast.com\/product\/yoast-seo-wordpress\/ -->\n<title>Cappello estivo con Daol - Kit di filati &#171; Swiss Crochet<\/title>\n<meta name=\"description\" content=\"Crea un cappello estivo leggero ed elegante con il kit all\u2019uncinetto Daol, realizzato con filato di carta e dettagli coordinati. Il kit include tutto il materiale necessario, pi\u00f9 strumenti opzionali, per un progetto raffinato e ispiratore perfetto per la bella stagione.\" \/>\n<meta name=\"robots\" content=\"index, follow, max-snippet:-1, max-image-preview:large, max-video-preview:-1\" \/>\n<link rel=\"canonical\" href=\"https:\/\/www.swisscrochet.ch\/product\/summer-hat-with-daol-yarn-kit\/\" \/>\n<meta property=\"og:locale\" content=\"it_IT\" \/>\n<meta property=\"og:type\" content=\"article\" \/>\n<meta property=\"og:title\" content=\"Cappello estivo con Daol - Kit di filati &#171; Swiss Crochet\" \/>\n<meta property=\"og:description\" content=\"Crea un cappello estivo leggero ed elegante con il kit all\u2019uncinetto Daol, realizzato con filato di carta e dettagli coordinati. Il kit include tutto il materiale necessario, pi\u00f9 strumenti opzionali, per un progetto raffinato e ispiratore perfetto per la bella stagione.\" \/>\n<meta property=\"og:url\" content=\"https:\/\/www.swisscrochet.ch\/product\/summer-hat-with-daol-yarn-kit\/\" \/>\n<meta property=\"og:site_name\" content=\"Swiss Crochet\" \/>\n<meta property=\"article:modified_time\" content=\"2025-12-03T11:23:18+00:00\" \/>\n<meta property=\"og:image\" content=\"https:\/\/www.swisscrochet.ch\/wp-content\/uploads\/2025\/07\/A-Summer-Hat-with-Daol-1-1.jpg\" \/>\n\t<meta property=\"og:image:width\" content=\"1000\" \/>\n\t<meta property=\"og:image:height\" content=\"1000\" \/>\n\t<meta property=\"og:image:type\" content=\"image\/jpeg\" \/>\n<meta name=\"twitter:card\" content=\"summary_large_image\" \/>\n<meta name=\"twitter:label1\" content=\"Tempo di lettura stimato\" \/>\n\t<meta name=\"twitter:data1\" content=\"1 minuto\" \/>\n<script type=\"application\/ld+json\" class=\"yoast-schema-graph\">{\"@context\":\"https:\\\/\\\/schema.org\",\"@graph\":[{\"@type\":[\"WebPage\",\"ItemPage\"],\"@id\":\"https:\\\/\\\/www.swisscrochet.ch\\\/product\\\/summer-hat-with-daol-yarn-kit\\\/\",\"url\":\"https:\\\/\\\/www.swisscrochet.ch\\\/product\\\/summer-hat-with-daol-yarn-kit\\\/\",\"name\":\"Cappello estivo con Daol - Kit di filati &#171; Swiss Crochet\",\"isPartOf\":{\"@id\":\"https:\\\/\\\/www.swisscrochet.ch\\\/#website\"},\"primaryImageOfPage\":{\"@id\":\"https:\\\/\\\/www.swisscrochet.ch\\\/product\\\/summer-hat-with-daol-yarn-kit\\\/#primaryimage\"},\"image\":{\"@id\":\"https:\\\/\\\/www.swisscrochet.ch\\\/product\\\/summer-hat-with-daol-yarn-kit\\\/#primaryimage\"},\"thumbnailUrl\":\"https:\\\/\\\/www.swisscrochet.ch\\\/wp-content\\\/uploads\\\/2025\\\/07\\\/A-Summer-Hat-with-Daol-1-1.jpg\",\"datePublished\":\"2025-07-20T09:59:14+00:00\",\"dateModified\":\"2025-12-03T11:23:18+00:00\",\"description\":\"Crea un cappello estivo leggero ed elegante con il kit all\u2019uncinetto Daol, realizzato con filato di carta e dettagli coordinati. Il kit include tutto il materiale necessario, pi\u00f9 strumenti opzionali, per un progetto raffinato e ispiratore perfetto per la bella stagione.\",\"breadcrumb\":{\"@id\":\"https:\\\/\\\/www.swisscrochet.ch\\\/product\\\/summer-hat-with-daol-yarn-kit\\\/#breadcrumb\"},\"inLanguage\":\"it-IT\",\"potentialAction\":[{\"@type\":\"ReadAction\",\"target\":[\"https:\\\/\\\/www.swisscrochet.ch\\\/product\\\/summer-hat-with-daol-yarn-kit\\\/\"]}]},{\"@type\":\"ImageObject\",\"inLanguage\":\"it-IT\",\"@id\":\"https:\\\/\\\/www.swisscrochet.ch\\\/product\\\/summer-hat-with-daol-yarn-kit\\\/#primaryimage\",\"url\":\"https:\\\/\\\/www.swisscrochet.ch\\\/wp-content\\\/uploads\\\/2025\\\/07\\\/A-Summer-Hat-with-Daol-1-1.jpg\",\"contentUrl\":\"https:\\\/\\\/www.swisscrochet.ch\\\/wp-content\\\/uploads\\\/2025\\\/07\\\/A-Summer-Hat-with-Daol-1-1.jpg\",\"width\":1000,\"height\":1000},{\"@type\":\"BreadcrumbList\",\"@id\":\"https:\\\/\\\/www.swisscrochet.ch\\\/product\\\/summer-hat-with-daol-yarn-kit\\\/#breadcrumb\",\"itemListElement\":[{\"@type\":\"ListItem\",\"position\":1,\"name\":\"Home\",\"item\":\"https:\\\/\\\/www.swisscrochet.ch\\\/it\\\/\"},{\"@type\":\"ListItem\",\"position\":2,\"name\":\"Negozio\",\"item\":\"https:\\\/\\\/www.swisscrochet.ch\\\/it\\\/negozio\\\/\"},{\"@type\":\"ListItem\",\"position\":3,\"name\":\"Cappello estivo con Daol &#8211; Kit di filati\"}]},{\"@type\":\"WebSite\",\"@id\":\"https:\\\/\\\/www.swisscrochet.ch\\\/#website\",\"url\":\"https:\\\/\\\/www.swisscrochet.ch\\\/\",\"name\":\"Swiss Crochet\",\"description\":\"Sblocca il tuo potenziale creativo\",\"potentialAction\":[{\"@type\":\"SearchAction\",\"target\":{\"@type\":\"EntryPoint\",\"urlTemplate\":\"https:\\\/\\\/www.swisscrochet.ch\\\/?s={search_term_string}\"},\"query-input\":{\"@type\":\"PropertyValueSpecification\",\"valueRequired\":true,\"valueName\":\"search_term_string\"}}],\"inLanguage\":\"it-IT\"}]}<\/script>\n<!-- \/ Yoast SEO plugin. -->","yoast_head_json":{"title":"Cappello estivo con Daol - Kit di filati &#171; Swiss Crochet","description":"Crea un cappello estivo leggero ed elegante con il kit all\u2019uncinetto Daol, realizzato con filato di carta e dettagli coordinati. Il kit include tutto il materiale necessario, pi\u00f9 strumenti opzionali, per un progetto raffinato e ispiratore perfetto per la bella stagione.","robots":{"index":"index","follow":"follow","max-snippet":"max-snippet:-1","max-image-preview":"max-image-preview:large","max-video-preview":"max-video-preview:-1"},"canonical":"https:\/\/www.swisscrochet.ch\/product\/summer-hat-with-daol-yarn-kit\/","og_locale":"it_IT","og_type":"article","og_title":"Cappello estivo con Daol - Kit di filati &#171; Swiss Crochet","og_description":"Crea un cappello estivo leggero ed elegante con il kit all\u2019uncinetto Daol, realizzato con filato di carta e dettagli coordinati. Il kit include tutto il materiale necessario, pi\u00f9 strumenti opzionali, per un progetto raffinato e ispiratore perfetto per la bella stagione.","og_url":"https:\/\/www.swisscrochet.ch\/product\/summer-hat-with-daol-yarn-kit\/","og_site_name":"Swiss Crochet","article_modified_time":"2025-12-03T11:23:18+00:00","og_image":[{"width":1000,"height":1000,"url":"https:\/\/www.swisscrochet.ch\/wp-content\/uploads\/2025\/07\/A-Summer-Hat-with-Daol-1-1.jpg","type":"image\/jpeg"}],"twitter_card":"summary_large_image","twitter_misc":{"Tempo di lettura stimato":"1 minuto"},"schema":{"@context":"https:\/\/schema.org","@graph":[{"@type":["WebPage","ItemPage"],"@id":"https:\/\/www.swisscrochet.ch\/product\/summer-hat-with-daol-yarn-kit\/","url":"https:\/\/www.swisscrochet.ch\/product\/summer-hat-with-daol-yarn-kit\/","name":"Cappello estivo con Daol - Kit di filati &#171; Swiss Crochet","isPartOf":{"@id":"https:\/\/www.swisscrochet.ch\/#website"},"primaryImageOfPage":{"@id":"https:\/\/www.swisscrochet.ch\/product\/summer-hat-with-daol-yarn-kit\/#primaryimage"},"image":{"@id":"https:\/\/www.swisscrochet.ch\/product\/summer-hat-with-daol-yarn-kit\/#primaryimage"},"thumbnailUrl":"https:\/\/www.swisscrochet.ch\/wp-content\/uploads\/2025\/07\/A-Summer-Hat-with-Daol-1-1.jpg","datePublished":"2025-07-20T09:59:14+00:00","dateModified":"2025-12-03T11:23:18+00:00","description":"Crea un cappello estivo leggero ed elegante con il kit all\u2019uncinetto Daol, realizzato con filato di carta e dettagli coordinati. Il kit include tutto il materiale necessario, pi\u00f9 strumenti opzionali, per un progetto raffinato e ispiratore perfetto per la bella stagione.","breadcrumb":{"@id":"https:\/\/www.swisscrochet.ch\/product\/summer-hat-with-daol-yarn-kit\/#breadcrumb"},"inLanguage":"it-IT","potentialAction":[{"@type":"ReadAction","target":["https:\/\/www.swisscrochet.ch\/product\/summer-hat-with-daol-yarn-kit\/"]}]},{"@type":"ImageObject","inLanguage":"it-IT","@id":"https:\/\/www.swisscrochet.ch\/product\/summer-hat-with-daol-yarn-kit\/#primaryimage","url":"https:\/\/www.swisscrochet.ch\/wp-content\/uploads\/2025\/07\/A-Summer-Hat-with-Daol-1-1.jpg","contentUrl":"https:\/\/www.swisscrochet.ch\/wp-content\/uploads\/2025\/07\/A-Summer-Hat-with-Daol-1-1.jpg","width":1000,"height":1000},{"@type":"BreadcrumbList","@id":"https:\/\/www.swisscrochet.ch\/product\/summer-hat-with-daol-yarn-kit\/#breadcrumb","itemListElement":[{"@type":"ListItem","position":1,"name":"Home","item":"https:\/\/www.swisscrochet.ch\/it\/"},{"@type":"ListItem","position":2,"name":"Negozio","item":"https:\/\/www.swisscrochet.ch\/it\/negozio\/"},{"@type":"ListItem","position":3,"name":"Cappello estivo con Daol &#8211; Kit di filati"}]},{"@type":"WebSite","@id":"https:\/\/www.swisscrochet.ch\/#website","url":"https:\/\/www.swisscrochet.ch\/","name":"Swiss Crochet","description":"Sblocca il tuo potenziale creativo","potentialAction":[{"@type":"SearchAction","target":{"@type":"EntryPoint","urlTemplate":"https:\/\/www.swisscrochet.ch\/?s={search_term_string}"},"query-input":{"@type":"PropertyValueSpecification","valueRequired":true,"valueName":"search_term_string"}}],"inLanguage":"it-IT"}]}},"_links":{"self":[{"href":"https:\/\/www.swisscrochet.ch\/it\/wp-json\/wp\/v2\/product\/16146","targetHints":{"allow":["GET"]}}],"collection":[{"href":"https:\/\/www.swisscrochet.ch\/it\/wp-json\/wp\/v2\/product"}],"about":[{"href":"https:\/\/www.swisscrochet.ch\/it\/wp-json\/wp\/v2\/types\/product"}],"wp:featuredmedia":[{"embeddable":true,"href":"https:\/\/www.swisscrochet.ch\/it\/wp-json\/wp\/v2\/media\/9397"}],"wp:attachment":[{"href":"https:\/\/www.swisscrochet.ch\/it\/wp-json\/wp\/v2\/media?parent=16146"}],"wp:term":[{"taxonomy":"product_brand","embeddable":true,"href":"https:\/\/www.swisscrochet.ch\/it\/wp-json\/wp\/v2\/product_brand?post=16146"},{"taxonomy":"product_cat","embeddable":true,"href":"https:\/\/www.swisscrochet.ch\/it\/wp-json\/wp\/v2\/product_cat?post=16146"},{"taxonomy":"product_tag","embeddable":true,"href":"https:\/\/www.swisscrochet.ch\/it\/wp-json\/wp\/v2\/product_tag?post=16146"}],"curies":[{"name":"wp","href":"https:\/\/api.w.org\/{rel}","templated":true}]}}