{"id":17383,"date":"2025-12-19T13:27:20","date_gmt":"2025-12-19T12:27:20","guid":{"rendered":"https:\/\/www.swisscrochet.ch\/product\/hoooked-hanging-basket-white-zpagetti-macrame-kit\/"},"modified":"2025-12-19T19:54:34","modified_gmt":"2025-12-19T18:54:34","slug":"hoooked-cesto-sospeso-zpagetti-bianco-kit-macrame","status":"publish","type":"product","link":"https:\/\/www.swisscrochet.ch\/it\/prodotto\/hoooked-cesto-sospeso-zpagetti-bianco-kit-macrame\/","title":{"rendered":"Hoooked \u2013 Cesto sospeso \u2013 Zpagetti bianco \u2013 Kit macram\u00e8"},"content":{"rendered":"","protected":false},"excerpt":{"rendered":"<p>Con questo kit puoi creare 3 cestini sospesi in macram\u00e8 per le tue piante \u2014 un modo bellissimo per aggiungere verde e texture alla tua casa.<\/p>\n<p>Oltre al lavoro a maglia e all\u2019uncinetto, il macram\u00e8 \u00e8 una delle tante tecniche r\u00e9tro che stanno vivendo una forte rinascita. Ispirati agli iconici stili degli anni \u201970, i design moderni in macram\u00e8 portano calore, texture e un\u2019atmosfera vintage rilassata negli interni contemporanei.<\/p>\n<p>Il macram\u00e8 \u00e8 facile da imparare e offre infinite possibilit\u00e0 creative, rendendolo un\u2019attivit\u00e0 perfetta sia per le principianti che per le creative esperte. Questo kit utilizza Hoooked Zpagetti, un filato morbido ed elastico, pi\u00f9 piacevole da lavorare rispetto a materiali tradizionali come sisal, corda o rafia.<\/p>\n<p><strong>Il kit include:<\/strong><\/p>\n<ul>\n<li>una copia stampata delle istruzioni (in inglese, tedesco, francese, spagnolo, olandese) e<\/li>\n<li>1 gomitolo di Hoooked Zpagetti (60 m) nel colore bianco<\/li>\n<li>1 anello in legno per macram\u00e8<\/li>\n<li>perline in legno assortite per 1 sospensione<\/li>\n<li>ago da lana<\/li>\n<\/ul>\n<p>Tutto \u00e8 incluso in un unico pratico kit \u2014 pronto per iniziare subito il tuo prossimo progetto di macram\u00e8!<\/p>\n","protected":false},"featured_media":17092,"template":"","meta":[],"product_brand":[],"product_cat":[333,1667],"product_tag":[],"class_list":{"0":"post-17383","1":"product","2":"type-product","3":"status-publish","4":"has-post-thumbnail","6":"product_cat-kit-di-filati","7":"product_cat-kit-di-filati-macrame","8":"pa_t1-manufacturer-hoooked-it","9":"description-off","11":"first","12":"instock","13":"taxable","14":"shipping-taxable","15":"purchasable","16":"product-type-simple"},"bundled_by":[],"bundle_stock_status":"instock","bundle_stock_quantity":4,"bundle_virtual":false,"bundle_layout":"","bundle_add_to_cart_form_location":"","bundle_editable_in_cart":false,"bundle_sold_individually_context":"","bundle_item_grouping":"","bundle_min_size":"","bundle_max_size":"","bundle_price":[],"bundled_items":[],"bundle_sell_ids":[],"yoast_head":"<!-- This site is optimized with the Yoast SEO plugin v27.5 - https:\/\/yoast.com\/product\/yoast-seo-wordpress\/ -->\n<title>Hoooked \u2013 Cesto sospeso \u2013 Zpagetti bianco \u2013 Kit macram\u00e8 &#171; Swiss Crochet<\/title>\n<meta name=\"description\" content=\"Realizza tre cestini sospesi in macram\u00e8 con il kit Hoooked Zpagetti. Il filato morbido ed elastico rende questo progetto fai-da-te per portapiante facile e allo stesso tempo elegante.\" \/>\n<meta name=\"robots\" content=\"index, follow, max-snippet:-1, max-image-preview:large, max-video-preview:-1\" \/>\n<link rel=\"canonical\" href=\"https:\/\/www.swisscrochet.ch\/it\/prodotto\/hoooked-cesto-sospeso-zpagetti-bianco-kit-macrame\/\" \/>\n<meta property=\"og:locale\" content=\"it_IT\" \/>\n<meta property=\"og:type\" content=\"article\" \/>\n<meta property=\"og:title\" content=\"Hoooked \u2013 Cesto sospeso \u2013 Zpagetti bianco \u2013 Kit macram\u00e8 &#171; Swiss Crochet\" \/>\n<meta property=\"og:description\" content=\"Realizza tre cestini sospesi in macram\u00e8 con il kit Hoooked Zpagetti. Il filato morbido ed elastico rende questo progetto fai-da-te per portapiante facile e allo stesso tempo elegante.\" \/>\n<meta property=\"og:url\" content=\"https:\/\/www.swisscrochet.ch\/it\/prodotto\/hoooked-cesto-sospeso-zpagetti-bianco-kit-macrame\/\" \/>\n<meta property=\"og:site_name\" content=\"Swiss Crochet\" \/>\n<meta property=\"article:modified_time\" content=\"2025-12-19T18:54:34+00:00\" \/>\n<meta property=\"og:image\" content=\"https:\/\/www.swisscrochet.ch\/wp-content\/uploads\/2025\/12\/Hoooked-Hanging-Basket-White-Zpagetti-Macrame-Kit-Overview.jpg\" \/>\n\t<meta property=\"og:image:width\" content=\"1000\" \/>\n\t<meta property=\"og:image:height\" content=\"1000\" \/>\n\t<meta property=\"og:image:type\" content=\"image\/jpeg\" \/>\n<meta name=\"twitter:card\" content=\"summary_large_image\" \/>\n<meta name=\"twitter:label1\" content=\"Tempo di lettura stimato\" \/>\n\t<meta name=\"twitter:data1\" content=\"1 minuto\" \/>\n<script type=\"application\/ld+json\" class=\"yoast-schema-graph\">{\"@context\":\"https:\\\/\\\/schema.org\",\"@graph\":[{\"@type\":[\"WebPage\",\"ItemPage\"],\"@id\":\"https:\\\/\\\/www.swisscrochet.ch\\\/it\\\/prodotto\\\/hoooked-cesto-sospeso-zpagetti-bianco-kit-macrame\\\/\",\"url\":\"https:\\\/\\\/www.swisscrochet.ch\\\/it\\\/prodotto\\\/hoooked-cesto-sospeso-zpagetti-bianco-kit-macrame\\\/\",\"name\":\"Hoooked \u2013 Cesto sospeso \u2013 Zpagetti bianco \u2013 Kit macram\u00e8 &#171; Swiss Crochet\",\"isPartOf\":{\"@id\":\"https:\\\/\\\/www.swisscrochet.ch\\\/#website\"},\"primaryImageOfPage\":{\"@id\":\"https:\\\/\\\/www.swisscrochet.ch\\\/it\\\/prodotto\\\/hoooked-cesto-sospeso-zpagetti-bianco-kit-macrame\\\/#primaryimage\"},\"image\":{\"@id\":\"https:\\\/\\\/www.swisscrochet.ch\\\/it\\\/prodotto\\\/hoooked-cesto-sospeso-zpagetti-bianco-kit-macrame\\\/#primaryimage\"},\"thumbnailUrl\":\"https:\\\/\\\/www.swisscrochet.ch\\\/wp-content\\\/uploads\\\/2025\\\/12\\\/Hoooked-Hanging-Basket-White-Zpagetti-Macrame-Kit-Overview.jpg\",\"datePublished\":\"2025-12-19T12:27:20+00:00\",\"dateModified\":\"2025-12-19T18:54:34+00:00\",\"description\":\"Realizza tre cestini sospesi in macram\u00e8 con il kit Hoooked Zpagetti. Il filato morbido ed elastico rende questo progetto fai-da-te per portapiante facile e allo stesso tempo elegante.\",\"breadcrumb\":{\"@id\":\"https:\\\/\\\/www.swisscrochet.ch\\\/it\\\/prodotto\\\/hoooked-cesto-sospeso-zpagetti-bianco-kit-macrame\\\/#breadcrumb\"},\"inLanguage\":\"it-IT\",\"potentialAction\":[{\"@type\":\"ReadAction\",\"target\":[\"https:\\\/\\\/www.swisscrochet.ch\\\/it\\\/prodotto\\\/hoooked-cesto-sospeso-zpagetti-bianco-kit-macrame\\\/\"]}]},{\"@type\":\"ImageObject\",\"inLanguage\":\"it-IT\",\"@id\":\"https:\\\/\\\/www.swisscrochet.ch\\\/it\\\/prodotto\\\/hoooked-cesto-sospeso-zpagetti-bianco-kit-macrame\\\/#primaryimage\",\"url\":\"https:\\\/\\\/www.swisscrochet.ch\\\/wp-content\\\/uploads\\\/2025\\\/12\\\/Hoooked-Hanging-Basket-White-Zpagetti-Macrame-Kit-Overview.jpg\",\"contentUrl\":\"https:\\\/\\\/www.swisscrochet.ch\\\/wp-content\\\/uploads\\\/2025\\\/12\\\/Hoooked-Hanging-Basket-White-Zpagetti-Macrame-Kit-Overview.jpg\",\"width\":1000,\"height\":1000},{\"@type\":\"BreadcrumbList\",\"@id\":\"https:\\\/\\\/www.swisscrochet.ch\\\/it\\\/prodotto\\\/hoooked-cesto-sospeso-zpagetti-bianco-kit-macrame\\\/#breadcrumb\",\"itemListElement\":[{\"@type\":\"ListItem\",\"position\":1,\"name\":\"Home\",\"item\":\"https:\\\/\\\/www.swisscrochet.ch\\\/it\\\/\"},{\"@type\":\"ListItem\",\"position\":2,\"name\":\"Negozio\",\"item\":\"https:\\\/\\\/www.swisscrochet.ch\\\/it\\\/negozio\\\/\"},{\"@type\":\"ListItem\",\"position\":3,\"name\":\"Hoooked \u2013 Cesto sospeso \u2013 Zpagetti bianco \u2013 Kit macram\u00e8\"}]},{\"@type\":\"WebSite\",\"@id\":\"https:\\\/\\\/www.swisscrochet.ch\\\/#website\",\"url\":\"https:\\\/\\\/www.swisscrochet.ch\\\/\",\"name\":\"Swiss Crochet\",\"description\":\"Sblocca il tuo potenziale creativo\",\"potentialAction\":[{\"@type\":\"SearchAction\",\"target\":{\"@type\":\"EntryPoint\",\"urlTemplate\":\"https:\\\/\\\/www.swisscrochet.ch\\\/?s={search_term_string}\"},\"query-input\":{\"@type\":\"PropertyValueSpecification\",\"valueRequired\":true,\"valueName\":\"search_term_string\"}}],\"inLanguage\":\"it-IT\"}]}<\/script>\n<!-- \/ Yoast SEO plugin. -->","yoast_head_json":{"title":"Hoooked \u2013 Cesto sospeso \u2013 Zpagetti bianco \u2013 Kit macram\u00e8 &#171; Swiss Crochet","description":"Realizza tre cestini sospesi in macram\u00e8 con il kit Hoooked Zpagetti. Il filato morbido ed elastico rende questo progetto fai-da-te per portapiante facile e allo stesso tempo elegante.","robots":{"index":"index","follow":"follow","max-snippet":"max-snippet:-1","max-image-preview":"max-image-preview:large","max-video-preview":"max-video-preview:-1"},"canonical":"https:\/\/www.swisscrochet.ch\/it\/prodotto\/hoooked-cesto-sospeso-zpagetti-bianco-kit-macrame\/","og_locale":"it_IT","og_type":"article","og_title":"Hoooked \u2013 Cesto sospeso \u2013 Zpagetti bianco \u2013 Kit macram\u00e8 &#171; Swiss Crochet","og_description":"Realizza tre cestini sospesi in macram\u00e8 con il kit Hoooked Zpagetti. Il filato morbido ed elastico rende questo progetto fai-da-te per portapiante facile e allo stesso tempo elegante.","og_url":"https:\/\/www.swisscrochet.ch\/it\/prodotto\/hoooked-cesto-sospeso-zpagetti-bianco-kit-macrame\/","og_site_name":"Swiss Crochet","article_modified_time":"2025-12-19T18:54:34+00:00","og_image":[{"width":1000,"height":1000,"url":"https:\/\/www.swisscrochet.ch\/wp-content\/uploads\/2025\/12\/Hoooked-Hanging-Basket-White-Zpagetti-Macrame-Kit-Overview.jpg","type":"image\/jpeg"}],"twitter_card":"summary_large_image","twitter_misc":{"Tempo di lettura stimato":"1 minuto"},"schema":{"@context":"https:\/\/schema.org","@graph":[{"@type":["WebPage","ItemPage"],"@id":"https:\/\/www.swisscrochet.ch\/it\/prodotto\/hoooked-cesto-sospeso-zpagetti-bianco-kit-macrame\/","url":"https:\/\/www.swisscrochet.ch\/it\/prodotto\/hoooked-cesto-sospeso-zpagetti-bianco-kit-macrame\/","name":"Hoooked \u2013 Cesto sospeso \u2013 Zpagetti bianco \u2013 Kit macram\u00e8 &#171; Swiss Crochet","isPartOf":{"@id":"https:\/\/www.swisscrochet.ch\/#website"},"primaryImageOfPage":{"@id":"https:\/\/www.swisscrochet.ch\/it\/prodotto\/hoooked-cesto-sospeso-zpagetti-bianco-kit-macrame\/#primaryimage"},"image":{"@id":"https:\/\/www.swisscrochet.ch\/it\/prodotto\/hoooked-cesto-sospeso-zpagetti-bianco-kit-macrame\/#primaryimage"},"thumbnailUrl":"https:\/\/www.swisscrochet.ch\/wp-content\/uploads\/2025\/12\/Hoooked-Hanging-Basket-White-Zpagetti-Macrame-Kit-Overview.jpg","datePublished":"2025-12-19T12:27:20+00:00","dateModified":"2025-12-19T18:54:34+00:00","description":"Realizza tre cestini sospesi in macram\u00e8 con il kit Hoooked Zpagetti. Il filato morbido ed elastico rende questo progetto fai-da-te per portapiante facile e allo stesso tempo elegante.","breadcrumb":{"@id":"https:\/\/www.swisscrochet.ch\/it\/prodotto\/hoooked-cesto-sospeso-zpagetti-bianco-kit-macrame\/#breadcrumb"},"inLanguage":"it-IT","potentialAction":[{"@type":"ReadAction","target":["https:\/\/www.swisscrochet.ch\/it\/prodotto\/hoooked-cesto-sospeso-zpagetti-bianco-kit-macrame\/"]}]},{"@type":"ImageObject","inLanguage":"it-IT","@id":"https:\/\/www.swisscrochet.ch\/it\/prodotto\/hoooked-cesto-sospeso-zpagetti-bianco-kit-macrame\/#primaryimage","url":"https:\/\/www.swisscrochet.ch\/wp-content\/uploads\/2025\/12\/Hoooked-Hanging-Basket-White-Zpagetti-Macrame-Kit-Overview.jpg","contentUrl":"https:\/\/www.swisscrochet.ch\/wp-content\/uploads\/2025\/12\/Hoooked-Hanging-Basket-White-Zpagetti-Macrame-Kit-Overview.jpg","width":1000,"height":1000},{"@type":"BreadcrumbList","@id":"https:\/\/www.swisscrochet.ch\/it\/prodotto\/hoooked-cesto-sospeso-zpagetti-bianco-kit-macrame\/#breadcrumb","itemListElement":[{"@type":"ListItem","position":1,"name":"Home","item":"https:\/\/www.swisscrochet.ch\/it\/"},{"@type":"ListItem","position":2,"name":"Negozio","item":"https:\/\/www.swisscrochet.ch\/it\/negozio\/"},{"@type":"ListItem","position":3,"name":"Hoooked \u2013 Cesto sospeso \u2013 Zpagetti bianco \u2013 Kit macram\u00e8"}]},{"@type":"WebSite","@id":"https:\/\/www.swisscrochet.ch\/#website","url":"https:\/\/www.swisscrochet.ch\/","name":"Swiss Crochet","description":"Sblocca il tuo potenziale creativo","potentialAction":[{"@type":"SearchAction","target":{"@type":"EntryPoint","urlTemplate":"https:\/\/www.swisscrochet.ch\/?s={search_term_string}"},"query-input":{"@type":"PropertyValueSpecification","valueRequired":true,"valueName":"search_term_string"}}],"inLanguage":"it-IT"}]}},"_links":{"self":[{"href":"https:\/\/www.swisscrochet.ch\/it\/wp-json\/wp\/v2\/product\/17383","targetHints":{"allow":["GET"]}}],"collection":[{"href":"https:\/\/www.swisscrochet.ch\/it\/wp-json\/wp\/v2\/product"}],"about":[{"href":"https:\/\/www.swisscrochet.ch\/it\/wp-json\/wp\/v2\/types\/product"}],"wp:featuredmedia":[{"embeddable":true,"href":"https:\/\/www.swisscrochet.ch\/it\/wp-json\/wp\/v2\/media\/17092"}],"wp:attachment":[{"href":"https:\/\/www.swisscrochet.ch\/it\/wp-json\/wp\/v2\/media?parent=17383"}],"wp:term":[{"taxonomy":"product_brand","embeddable":true,"href":"https:\/\/www.swisscrochet.ch\/it\/wp-json\/wp\/v2\/product_brand?post=17383"},{"taxonomy":"product_cat","embeddable":true,"href":"https:\/\/www.swisscrochet.ch\/it\/wp-json\/wp\/v2\/product_cat?post=17383"},{"taxonomy":"product_tag","embeddable":true,"href":"https:\/\/www.swisscrochet.ch\/it\/wp-json\/wp\/v2\/product_tag?post=17383"}],"curies":[{"name":"wp","href":"https:\/\/api.w.org\/{rel}","templated":true}]}}