{"id":18080,"date":"2025-12-31T18:17:47","date_gmt":"2025-12-31T17:17:47","guid":{"rendered":"https:\/\/www.swisscrochet.ch\/product\/el-d-mouzakis-butterfly-crochet-thread-size-30\/"},"modified":"2025-12-31T19:06:11","modified_gmt":"2025-12-31T18:06:11","slug":"el-d-mouzakis-butterfly-filo-da-uncinetto-n-30","status":"publish","type":"product","link":"https:\/\/www.swisscrochet.ch\/it\/prodotto\/el-d-mouzakis-butterfly-filo-da-uncinetto-n-30\/","title":{"rendered":"EL.D.Mouzakis Butterfly &#8211; Filo da uncinetto n. 30"},"content":{"rendered":"","protected":false},"excerpt":{"rendered":"<p>Butterfly Filo da uncinetto n. 30 \u00e8 un filato morbido e lucente, progettato pensando alle appassionate di uncinetto. Realizzato in 100% cotone egiziano mercerizzato coltivato in Grecia, questo filato si distingue per la sua qualit\u00e0 e per un processo produttivo attento. L\u2019intera produzione \u2014 dalla coltivazione del cotone alla filatura, tintura e confezionamento \u2014 avviene interamente in Grecia, riducendo al minimo l\u2019impatto dei trasporti. Il viaggio pi\u00f9 lungo \u00e8 quello verso la Svizzera.<\/p>\n<p>Grazie alla sua costruzione c\u00e2bl\u00e9, questo filato offre un\u2019eccellente resistenza e durata pur rimanendo leggero nonostante i suoi pi\u00f9 capi. La torsione a Z previene lo sfilacciamento e la divisione del filo durante il lavoro all\u2019uncinetto, rendendolo davvero piacevole da usare.<\/p>\n<p>Il Filo da uncinetto n. 30 \u00e8 tradizionalmente utilizzato per pizzi fini e lavori di grande precisione, ma \u00e8 anche estremamente versatile. Pu\u00f2 essere impiegato per capi di abbigliamento e accessori lavorando pi\u00f9 fili insieme o combinandolo con altri filati.<\/p>\n<p>Sono mostrati tre campioni:<\/p>\n<ul>\n<li>filo singolo lavorato con uncinetto da 1.00 mm<\/li>\n<li>doppio filo lavorato con uncinetto da 2.00 mm<\/li>\n<li>triplo filo lavorato con uncinetto da 3.00 mm<\/li>\n<\/ul>\n<p>I campioni di tensione fotografati sono stati lavati in lavatrice (programma standard a 40 \u00b0C) e stirati a vapore.<\/p>\n<p>Disponibile in una splendida palette di 19 colori, Butterfly Filo da uncinetto n. 30 invita a una creativit\u00e0 senza limiti e a giocose combinazioni cromatiche per tutti i tuoi progetti all\u2019uncinetto.<\/p>\n<p>Scegli Butterfly Filo da uncinetto n. 30 per qualit\u00e0, versatilit\u00e0 e colori vivaci in ogni punto!<\/p>\n<p><strong>Disponibile in esclusiva da Swiss Crochet.<\/strong><\/p>\n","protected":false},"featured_media":16905,"template":"","meta":[],"product_brand":[],"product_cat":[1895,228,1898],"product_tag":[],"class_list":{"0":"post-18080","1":"product","2":"type-product","3":"status-publish","4":"has-post-thumbnail","6":"product_cat-filati-capi-dabbigliamento","7":"product_cat-filati","8":"product_cat-filati-microcrochet-e-pizzo","9":"pa_y1-brand-el-d-mouzakis-butterfly","10":"pa_y17-yarn-weight-thread-it","11":"description-off","13":"first","14":"instock","15":"taxable","16":"shipping-taxable","17":"purchasable","18":"product-type-variable","19":"wvs-archive-product-wrapper"},"bundled_by":[],"bundle_stock_status":"instock","bundle_stock_quantity":null,"bundle_virtual":false,"bundle_layout":"","bundle_add_to_cart_form_location":"","bundle_editable_in_cart":false,"bundle_sold_individually_context":"","bundle_item_grouping":"","bundle_min_size":"","bundle_max_size":"","bundle_price":[],"bundled_items":[],"bundle_sell_ids":[],"yoast_head":"<!-- This site is optimized with the Yoast SEO plugin v27.3 - https:\/\/yoast.com\/product\/yoast-seo-wordpress\/ -->\n<title>EL.D.Mouzakis Butterfly - Filo da uncinetto n. 30 &#171; Swiss Crochet<\/title>\n<meta name=\"description\" content=\"Butterfly Filo da uncinetto n. 30 \u00e8 un filo in cotone egiziano mercerizzato prodotto in Grecia. Resistente, liscio e perfetto per pizzi, capi d\u2019abbigliamento e lavori all\u2019uncinetto ricchi di dettagli.\" \/>\n<meta name=\"robots\" content=\"index, follow, max-snippet:-1, max-image-preview:large, max-video-preview:-1\" \/>\n<link rel=\"canonical\" href=\"https:\/\/www.swisscrochet.ch\/prodotto\/el-d-mouzakis-butterfly-crochet-thread-size-30\/\" \/>\n<meta property=\"og:locale\" content=\"it_IT\" \/>\n<meta property=\"og:type\" content=\"article\" \/>\n<meta property=\"og:title\" content=\"EL.D.Mouzakis Butterfly - Filo da uncinetto n. 30 &#171; Swiss Crochet\" \/>\n<meta property=\"og:description\" content=\"Butterfly Filo da uncinetto n. 30 \u00e8 un filo in cotone egiziano mercerizzato prodotto in Grecia. Resistente, liscio e perfetto per pizzi, capi d\u2019abbigliamento e lavori all\u2019uncinetto ricchi di dettagli.\" \/>\n<meta property=\"og:url\" content=\"https:\/\/www.swisscrochet.ch\/prodotto\/el-d-mouzakis-butterfly-crochet-thread-size-30\/\" \/>\n<meta property=\"og:site_name\" content=\"Swiss Crochet\" \/>\n<meta property=\"article:modified_time\" content=\"2025-12-31T18:06:11+00:00\" \/>\n<meta property=\"og:image\" content=\"https:\/\/www.swisscrochet.ch\/wp-content\/uploads\/2025\/12\/EL.D.Mouzakis-Crochet-Thread-Size-30-Overview.jpg\" \/>\n\t<meta property=\"og:image:width\" content=\"1000\" \/>\n\t<meta property=\"og:image:height\" content=\"1000\" \/>\n\t<meta property=\"og:image:type\" content=\"image\/jpeg\" \/>\n<meta name=\"twitter:card\" content=\"summary_large_image\" \/>\n<meta name=\"twitter:label1\" content=\"Tempo di lettura stimato\" \/>\n\t<meta name=\"twitter:data1\" content=\"1 minuto\" \/>\n<script type=\"application\/ld+json\" class=\"yoast-schema-graph\">{\"@context\":\"https:\\\/\\\/schema.org\",\"@graph\":[{\"@type\":[\"WebPage\",\"ItemPage\"],\"@id\":\"https:\\\/\\\/www.swisscrochet.ch\\\/prodotto\\\/el-d-mouzakis-butterfly-crochet-thread-size-30\\\/\",\"url\":\"https:\\\/\\\/www.swisscrochet.ch\\\/prodotto\\\/el-d-mouzakis-butterfly-crochet-thread-size-30\\\/\",\"name\":\"EL.D.Mouzakis Butterfly - Filo da uncinetto n. 30 &#171; Swiss Crochet\",\"isPartOf\":{\"@id\":\"https:\\\/\\\/www.swisscrochet.ch\\\/#website\"},\"primaryImageOfPage\":{\"@id\":\"https:\\\/\\\/www.swisscrochet.ch\\\/prodotto\\\/el-d-mouzakis-butterfly-crochet-thread-size-30\\\/#primaryimage\"},\"image\":{\"@id\":\"https:\\\/\\\/www.swisscrochet.ch\\\/prodotto\\\/el-d-mouzakis-butterfly-crochet-thread-size-30\\\/#primaryimage\"},\"thumbnailUrl\":\"https:\\\/\\\/www.swisscrochet.ch\\\/wp-content\\\/uploads\\\/2025\\\/12\\\/EL.D.Mouzakis-Crochet-Thread-Size-30-Overview.jpg\",\"datePublished\":\"2025-12-31T17:17:47+00:00\",\"dateModified\":\"2025-12-31T18:06:11+00:00\",\"description\":\"Butterfly Filo da uncinetto n. 30 \u00e8 un filo in cotone egiziano mercerizzato prodotto in Grecia. Resistente, liscio e perfetto per pizzi, capi d\u2019abbigliamento e lavori all\u2019uncinetto ricchi di dettagli.\",\"breadcrumb\":{\"@id\":\"https:\\\/\\\/www.swisscrochet.ch\\\/prodotto\\\/el-d-mouzakis-butterfly-crochet-thread-size-30\\\/#breadcrumb\"},\"inLanguage\":\"it-IT\",\"potentialAction\":[{\"@type\":\"ReadAction\",\"target\":[\"https:\\\/\\\/www.swisscrochet.ch\\\/prodotto\\\/el-d-mouzakis-butterfly-crochet-thread-size-30\\\/\"]}]},{\"@type\":\"ImageObject\",\"inLanguage\":\"it-IT\",\"@id\":\"https:\\\/\\\/www.swisscrochet.ch\\\/prodotto\\\/el-d-mouzakis-butterfly-crochet-thread-size-30\\\/#primaryimage\",\"url\":\"https:\\\/\\\/www.swisscrochet.ch\\\/wp-content\\\/uploads\\\/2025\\\/12\\\/EL.D.Mouzakis-Crochet-Thread-Size-30-Overview.jpg\",\"contentUrl\":\"https:\\\/\\\/www.swisscrochet.ch\\\/wp-content\\\/uploads\\\/2025\\\/12\\\/EL.D.Mouzakis-Crochet-Thread-Size-30-Overview.jpg\",\"width\":1000,\"height\":1000},{\"@type\":\"BreadcrumbList\",\"@id\":\"https:\\\/\\\/www.swisscrochet.ch\\\/prodotto\\\/el-d-mouzakis-butterfly-crochet-thread-size-30\\\/#breadcrumb\",\"itemListElement\":[{\"@type\":\"ListItem\",\"position\":1,\"name\":\"Home\",\"item\":\"https:\\\/\\\/www.swisscrochet.ch\\\/it\\\/\"},{\"@type\":\"ListItem\",\"position\":2,\"name\":\"Negozio\",\"item\":\"https:\\\/\\\/www.swisscrochet.ch\\\/it\\\/negozio\\\/\"},{\"@type\":\"ListItem\",\"position\":3,\"name\":\"EL.D.Mouzakis Butterfly &#8211; Filo da uncinetto n. 30\"}]},{\"@type\":\"WebSite\",\"@id\":\"https:\\\/\\\/www.swisscrochet.ch\\\/#website\",\"url\":\"https:\\\/\\\/www.swisscrochet.ch\\\/\",\"name\":\"Swiss Crochet\",\"description\":\"Sblocca il tuo potenziale creativo\",\"potentialAction\":[{\"@type\":\"SearchAction\",\"target\":{\"@type\":\"EntryPoint\",\"urlTemplate\":\"https:\\\/\\\/www.swisscrochet.ch\\\/?s={search_term_string}\"},\"query-input\":{\"@type\":\"PropertyValueSpecification\",\"valueRequired\":true,\"valueName\":\"search_term_string\"}}],\"inLanguage\":\"it-IT\"}]}<\/script>\n<!-- \/ Yoast SEO plugin. -->","yoast_head_json":{"title":"EL.D.Mouzakis Butterfly - Filo da uncinetto n. 30 &#171; Swiss Crochet","description":"Butterfly Filo da uncinetto n. 30 \u00e8 un filo in cotone egiziano mercerizzato prodotto in Grecia. Resistente, liscio e perfetto per pizzi, capi d\u2019abbigliamento e lavori all\u2019uncinetto ricchi di dettagli.","robots":{"index":"index","follow":"follow","max-snippet":"max-snippet:-1","max-image-preview":"max-image-preview:large","max-video-preview":"max-video-preview:-1"},"canonical":"https:\/\/www.swisscrochet.ch\/prodotto\/el-d-mouzakis-butterfly-crochet-thread-size-30\/","og_locale":"it_IT","og_type":"article","og_title":"EL.D.Mouzakis Butterfly - Filo da uncinetto n. 30 &#171; Swiss Crochet","og_description":"Butterfly Filo da uncinetto n. 30 \u00e8 un filo in cotone egiziano mercerizzato prodotto in Grecia. Resistente, liscio e perfetto per pizzi, capi d\u2019abbigliamento e lavori all\u2019uncinetto ricchi di dettagli.","og_url":"https:\/\/www.swisscrochet.ch\/prodotto\/el-d-mouzakis-butterfly-crochet-thread-size-30\/","og_site_name":"Swiss Crochet","article_modified_time":"2025-12-31T18:06:11+00:00","og_image":[{"width":1000,"height":1000,"url":"https:\/\/www.swisscrochet.ch\/wp-content\/uploads\/2025\/12\/EL.D.Mouzakis-Crochet-Thread-Size-30-Overview.jpg","type":"image\/jpeg"}],"twitter_card":"summary_large_image","twitter_misc":{"Tempo di lettura stimato":"1 minuto"},"schema":{"@context":"https:\/\/schema.org","@graph":[{"@type":["WebPage","ItemPage"],"@id":"https:\/\/www.swisscrochet.ch\/prodotto\/el-d-mouzakis-butterfly-crochet-thread-size-30\/","url":"https:\/\/www.swisscrochet.ch\/prodotto\/el-d-mouzakis-butterfly-crochet-thread-size-30\/","name":"EL.D.Mouzakis Butterfly - Filo da uncinetto n. 30 &#171; Swiss Crochet","isPartOf":{"@id":"https:\/\/www.swisscrochet.ch\/#website"},"primaryImageOfPage":{"@id":"https:\/\/www.swisscrochet.ch\/prodotto\/el-d-mouzakis-butterfly-crochet-thread-size-30\/#primaryimage"},"image":{"@id":"https:\/\/www.swisscrochet.ch\/prodotto\/el-d-mouzakis-butterfly-crochet-thread-size-30\/#primaryimage"},"thumbnailUrl":"https:\/\/www.swisscrochet.ch\/wp-content\/uploads\/2025\/12\/EL.D.Mouzakis-Crochet-Thread-Size-30-Overview.jpg","datePublished":"2025-12-31T17:17:47+00:00","dateModified":"2025-12-31T18:06:11+00:00","description":"Butterfly Filo da uncinetto n. 30 \u00e8 un filo in cotone egiziano mercerizzato prodotto in Grecia. Resistente, liscio e perfetto per pizzi, capi d\u2019abbigliamento e lavori all\u2019uncinetto ricchi di dettagli.","breadcrumb":{"@id":"https:\/\/www.swisscrochet.ch\/prodotto\/el-d-mouzakis-butterfly-crochet-thread-size-30\/#breadcrumb"},"inLanguage":"it-IT","potentialAction":[{"@type":"ReadAction","target":["https:\/\/www.swisscrochet.ch\/prodotto\/el-d-mouzakis-butterfly-crochet-thread-size-30\/"]}]},{"@type":"ImageObject","inLanguage":"it-IT","@id":"https:\/\/www.swisscrochet.ch\/prodotto\/el-d-mouzakis-butterfly-crochet-thread-size-30\/#primaryimage","url":"https:\/\/www.swisscrochet.ch\/wp-content\/uploads\/2025\/12\/EL.D.Mouzakis-Crochet-Thread-Size-30-Overview.jpg","contentUrl":"https:\/\/www.swisscrochet.ch\/wp-content\/uploads\/2025\/12\/EL.D.Mouzakis-Crochet-Thread-Size-30-Overview.jpg","width":1000,"height":1000},{"@type":"BreadcrumbList","@id":"https:\/\/www.swisscrochet.ch\/prodotto\/el-d-mouzakis-butterfly-crochet-thread-size-30\/#breadcrumb","itemListElement":[{"@type":"ListItem","position":1,"name":"Home","item":"https:\/\/www.swisscrochet.ch\/it\/"},{"@type":"ListItem","position":2,"name":"Negozio","item":"https:\/\/www.swisscrochet.ch\/it\/negozio\/"},{"@type":"ListItem","position":3,"name":"EL.D.Mouzakis Butterfly &#8211; Filo da uncinetto n. 30"}]},{"@type":"WebSite","@id":"https:\/\/www.swisscrochet.ch\/#website","url":"https:\/\/www.swisscrochet.ch\/","name":"Swiss Crochet","description":"Sblocca il tuo potenziale creativo","potentialAction":[{"@type":"SearchAction","target":{"@type":"EntryPoint","urlTemplate":"https:\/\/www.swisscrochet.ch\/?s={search_term_string}"},"query-input":{"@type":"PropertyValueSpecification","valueRequired":true,"valueName":"search_term_string"}}],"inLanguage":"it-IT"}]}},"_links":{"self":[{"href":"https:\/\/www.swisscrochet.ch\/it\/wp-json\/wp\/v2\/product\/18080","targetHints":{"allow":["GET"]}}],"collection":[{"href":"https:\/\/www.swisscrochet.ch\/it\/wp-json\/wp\/v2\/product"}],"about":[{"href":"https:\/\/www.swisscrochet.ch\/it\/wp-json\/wp\/v2\/types\/product"}],"wp:featuredmedia":[{"embeddable":true,"href":"https:\/\/www.swisscrochet.ch\/it\/wp-json\/wp\/v2\/media\/16905"}],"wp:attachment":[{"href":"https:\/\/www.swisscrochet.ch\/it\/wp-json\/wp\/v2\/media?parent=18080"}],"wp:term":[{"taxonomy":"product_brand","embeddable":true,"href":"https:\/\/www.swisscrochet.ch\/it\/wp-json\/wp\/v2\/product_brand?post=18080"},{"taxonomy":"product_cat","embeddable":true,"href":"https:\/\/www.swisscrochet.ch\/it\/wp-json\/wp\/v2\/product_cat?post=18080"},{"taxonomy":"product_tag","embeddable":true,"href":"https:\/\/www.swisscrochet.ch\/it\/wp-json\/wp\/v2\/product_tag?post=18080"}],"curies":[{"name":"wp","href":"https:\/\/api.w.org\/{rel}","templated":true}]}}