{"id":20518,"date":"2026-01-23T20:02:58","date_gmt":"2026-01-23T19:02:58","guid":{"rendered":"https:\/\/www.swisscrochet.ch\/product\/scheepjes-cool-stuff\/"},"modified":"2026-01-23T20:13:26","modified_gmt":"2026-01-23T19:13:26","slug":"scheepjes-cool-stuff","status":"publish","type":"product","link":"https:\/\/www.swisscrochet.ch\/it\/prodotto\/scheepjes-cool-stuff\/","title":{"rendered":"Scheepjes &#8211; Cool Stuff"},"content":{"rendered":"<p>Scheepjes Cool Stuff \u00e8 un filato jumbo realizzato al 100% in poliestere riciclato. \u00c8 composto da un tubo di tessuto jersey riempito di fibre morbide, creando un filato innovativo che unisce una forte definizione dei punti a un comfort soffice e avvolgente.<\/p>\n<p>Per lavorare Cool Stuff non servono ferri o uncinetti \u2014 si pu\u00f2 lavorare semplicemente con le dita, rendendolo una scelta divertente e accessibile per progetti moderni e d\u2019impatto.<\/p>\n<p>Cool Stuff \u00e8 ideale per progetti di home d\u00e9cor extra-large e accessori accattivanti. I punti oversize rendono veloce e gratificante la realizzazione di cuscini, coperte, cesti e borse fatti a mano.<\/p>\n<p>Il campione di tensione mostrato \u00e8 stato lavato in lavatrice (programma normale a 40 \u00b0C) e stirato a vapore.<\/p>\n<p style=\"text-align: left;\"><strong>Consiglio pro di Assimina:<\/strong> <em>Poich\u00e9 il corpo principale di questo filato \u00e8 un tessuto jersey che tende a sfilacciarsi molto facilmente, \u00e8 consigliabile fissare con cura le estremit\u00e0. Unisci le gomitoli cucendo le estremit\u00e0 a mano e chiudi tutte le parti aperte con una cucitura.<\/em><\/p>\n<p>Scopri la magia di Cool Stuff \u2014 scegli il tuo colore preferito e inizia oggi stesso il tuo prossimo progetto creativo audace!<\/p>\n","protected":false},"excerpt":{"rendered":"<p>Scheepjes Cool Stuff \u00e8 un filato jumbo realizzato al 100% in poliestere riciclato. \u00c8 composto da un tubo di tessuto jersey riempito di fibre morbide, creando un filato innovativo che unisce una forte definizione dei punti a un comfort soffice e avvolgente. Per lavorare Cool Stuff non servono ferri o uncinetti \u2014 si pu\u00f2 lavorare&hellip;<\/p>\n","protected":false},"featured_media":20492,"template":"","meta":[],"product_brand":[],"product_cat":[1883,228],"product_tag":[],"class_list":{"0":"post-20518","1":"product","2":"type-product","3":"status-publish","4":"has-post-thumbnail","6":"product_cat-filati-borse-e-decorazioni-per-la-casa","7":"product_cat-filati","8":"pa_y1-brand-scheepjes-it","9":"pa_y17-yarn-weight-jumbo-it","10":"description-off","12":"first","13":"instock","14":"taxable","15":"shipping-taxable","16":"purchasable","17":"product-type-variable","18":"wvs-archive-product-wrapper"},"bundled_by":[],"bundle_stock_status":"instock","bundle_stock_quantity":null,"bundle_virtual":false,"bundle_layout":"","bundle_add_to_cart_form_location":"","bundle_editable_in_cart":false,"bundle_sold_individually_context":"","bundle_item_grouping":"","bundle_min_size":"","bundle_max_size":"","bundle_price":[],"bundled_items":[],"bundle_sell_ids":[],"yoast_head":"<!-- This site is optimized with the Yoast SEO plugin v27.5 - https:\/\/yoast.com\/product\/yoast-seo-wordpress\/ -->\n<title>Scheepjes - Cool Stuff &#171; Swiss Crochet<\/title>\n<meta name=\"description\" content=\"Scheepjes Cool Stuff \u00e8 un filato jumbo in poliestere riciclato, perfetto per il finger crochet e per progetti di home d\u00e9cor d\u2019impatto come coperte, cuscini, cesti e borse.\" \/>\n<meta name=\"robots\" content=\"index, follow, max-snippet:-1, max-image-preview:large, max-video-preview:-1\" \/>\n<link rel=\"canonical\" href=\"https:\/\/www.swisscrochet.ch\/it\/prodotto\/scheepjes-cool-stuff\/\" \/>\n<meta property=\"og:locale\" content=\"it_IT\" \/>\n<meta property=\"og:type\" content=\"article\" \/>\n<meta property=\"og:title\" content=\"Scheepjes - Cool Stuff &#171; Swiss Crochet\" \/>\n<meta property=\"og:description\" content=\"Scheepjes Cool Stuff \u00e8 un filato jumbo in poliestere riciclato, perfetto per il finger crochet e per progetti di home d\u00e9cor d\u2019impatto come coperte, cuscini, cesti e borse.\" \/>\n<meta property=\"og:url\" content=\"https:\/\/www.swisscrochet.ch\/it\/prodotto\/scheepjes-cool-stuff\/\" \/>\n<meta property=\"og:site_name\" content=\"Swiss Crochet\" \/>\n<meta property=\"article:modified_time\" content=\"2026-01-23T19:13:26+00:00\" \/>\n<meta property=\"og:image\" content=\"https:\/\/www.swisscrochet.ch\/wp-content\/uploads\/2026\/01\/Scheepjes-Cool-Stuff-Overview.jpg\" \/>\n\t<meta property=\"og:image:width\" content=\"1000\" \/>\n\t<meta property=\"og:image:height\" content=\"1000\" \/>\n\t<meta property=\"og:image:type\" content=\"image\/jpeg\" \/>\n<meta name=\"twitter:card\" content=\"summary_large_image\" \/>\n<meta name=\"twitter:label1\" content=\"Tempo di lettura stimato\" \/>\n\t<meta name=\"twitter:data1\" content=\"1 minuto\" \/>\n<script type=\"application\/ld+json\" class=\"yoast-schema-graph\">{\"@context\":\"https:\\\/\\\/schema.org\",\"@graph\":[{\"@type\":[\"WebPage\",\"ItemPage\"],\"@id\":\"https:\\\/\\\/www.swisscrochet.ch\\\/it\\\/prodotto\\\/scheepjes-cool-stuff\\\/\",\"url\":\"https:\\\/\\\/www.swisscrochet.ch\\\/it\\\/prodotto\\\/scheepjes-cool-stuff\\\/\",\"name\":\"Scheepjes - Cool Stuff &#171; Swiss Crochet\",\"isPartOf\":{\"@id\":\"https:\\\/\\\/www.swisscrochet.ch\\\/#website\"},\"primaryImageOfPage\":{\"@id\":\"https:\\\/\\\/www.swisscrochet.ch\\\/it\\\/prodotto\\\/scheepjes-cool-stuff\\\/#primaryimage\"},\"image\":{\"@id\":\"https:\\\/\\\/www.swisscrochet.ch\\\/it\\\/prodotto\\\/scheepjes-cool-stuff\\\/#primaryimage\"},\"thumbnailUrl\":\"https:\\\/\\\/www.swisscrochet.ch\\\/wp-content\\\/uploads\\\/2026\\\/01\\\/Scheepjes-Cool-Stuff-Overview.jpg\",\"datePublished\":\"2026-01-23T19:02:58+00:00\",\"dateModified\":\"2026-01-23T19:13:26+00:00\",\"description\":\"Scheepjes Cool Stuff \u00e8 un filato jumbo in poliestere riciclato, perfetto per il finger crochet e per progetti di home d\u00e9cor d\u2019impatto come coperte, cuscini, cesti e borse.\",\"breadcrumb\":{\"@id\":\"https:\\\/\\\/www.swisscrochet.ch\\\/it\\\/prodotto\\\/scheepjes-cool-stuff\\\/#breadcrumb\"},\"inLanguage\":\"it-IT\",\"potentialAction\":[{\"@type\":\"ReadAction\",\"target\":[\"https:\\\/\\\/www.swisscrochet.ch\\\/it\\\/prodotto\\\/scheepjes-cool-stuff\\\/\"]}]},{\"@type\":\"ImageObject\",\"inLanguage\":\"it-IT\",\"@id\":\"https:\\\/\\\/www.swisscrochet.ch\\\/it\\\/prodotto\\\/scheepjes-cool-stuff\\\/#primaryimage\",\"url\":\"https:\\\/\\\/www.swisscrochet.ch\\\/wp-content\\\/uploads\\\/2026\\\/01\\\/Scheepjes-Cool-Stuff-Overview.jpg\",\"contentUrl\":\"https:\\\/\\\/www.swisscrochet.ch\\\/wp-content\\\/uploads\\\/2026\\\/01\\\/Scheepjes-Cool-Stuff-Overview.jpg\",\"width\":1000,\"height\":1000},{\"@type\":\"BreadcrumbList\",\"@id\":\"https:\\\/\\\/www.swisscrochet.ch\\\/it\\\/prodotto\\\/scheepjes-cool-stuff\\\/#breadcrumb\",\"itemListElement\":[{\"@type\":\"ListItem\",\"position\":1,\"name\":\"Home\",\"item\":\"https:\\\/\\\/www.swisscrochet.ch\\\/it\\\/\"},{\"@type\":\"ListItem\",\"position\":2,\"name\":\"Negozio\",\"item\":\"https:\\\/\\\/www.swisscrochet.ch\\\/it\\\/negozio\\\/\"},{\"@type\":\"ListItem\",\"position\":3,\"name\":\"Scheepjes &#8211; Cool Stuff\"}]},{\"@type\":\"WebSite\",\"@id\":\"https:\\\/\\\/www.swisscrochet.ch\\\/#website\",\"url\":\"https:\\\/\\\/www.swisscrochet.ch\\\/\",\"name\":\"Swiss Crochet\",\"description\":\"Sblocca il tuo potenziale creativo\",\"potentialAction\":[{\"@type\":\"SearchAction\",\"target\":{\"@type\":\"EntryPoint\",\"urlTemplate\":\"https:\\\/\\\/www.swisscrochet.ch\\\/?s={search_term_string}\"},\"query-input\":{\"@type\":\"PropertyValueSpecification\",\"valueRequired\":true,\"valueName\":\"search_term_string\"}}],\"inLanguage\":\"it-IT\"}]}<\/script>\n<!-- \/ Yoast SEO plugin. -->","yoast_head_json":{"title":"Scheepjes - Cool Stuff &#171; Swiss Crochet","description":"Scheepjes Cool Stuff \u00e8 un filato jumbo in poliestere riciclato, perfetto per il finger crochet e per progetti di home d\u00e9cor d\u2019impatto come coperte, cuscini, cesti e borse.","robots":{"index":"index","follow":"follow","max-snippet":"max-snippet:-1","max-image-preview":"max-image-preview:large","max-video-preview":"max-video-preview:-1"},"canonical":"https:\/\/www.swisscrochet.ch\/it\/prodotto\/scheepjes-cool-stuff\/","og_locale":"it_IT","og_type":"article","og_title":"Scheepjes - Cool Stuff &#171; Swiss Crochet","og_description":"Scheepjes Cool Stuff \u00e8 un filato jumbo in poliestere riciclato, perfetto per il finger crochet e per progetti di home d\u00e9cor d\u2019impatto come coperte, cuscini, cesti e borse.","og_url":"https:\/\/www.swisscrochet.ch\/it\/prodotto\/scheepjes-cool-stuff\/","og_site_name":"Swiss Crochet","article_modified_time":"2026-01-23T19:13:26+00:00","og_image":[{"width":1000,"height":1000,"url":"https:\/\/www.swisscrochet.ch\/wp-content\/uploads\/2026\/01\/Scheepjes-Cool-Stuff-Overview.jpg","type":"image\/jpeg"}],"twitter_card":"summary_large_image","twitter_misc":{"Tempo di lettura stimato":"1 minuto"},"schema":{"@context":"https:\/\/schema.org","@graph":[{"@type":["WebPage","ItemPage"],"@id":"https:\/\/www.swisscrochet.ch\/it\/prodotto\/scheepjes-cool-stuff\/","url":"https:\/\/www.swisscrochet.ch\/it\/prodotto\/scheepjes-cool-stuff\/","name":"Scheepjes - Cool Stuff &#171; Swiss Crochet","isPartOf":{"@id":"https:\/\/www.swisscrochet.ch\/#website"},"primaryImageOfPage":{"@id":"https:\/\/www.swisscrochet.ch\/it\/prodotto\/scheepjes-cool-stuff\/#primaryimage"},"image":{"@id":"https:\/\/www.swisscrochet.ch\/it\/prodotto\/scheepjes-cool-stuff\/#primaryimage"},"thumbnailUrl":"https:\/\/www.swisscrochet.ch\/wp-content\/uploads\/2026\/01\/Scheepjes-Cool-Stuff-Overview.jpg","datePublished":"2026-01-23T19:02:58+00:00","dateModified":"2026-01-23T19:13:26+00:00","description":"Scheepjes Cool Stuff \u00e8 un filato jumbo in poliestere riciclato, perfetto per il finger crochet e per progetti di home d\u00e9cor d\u2019impatto come coperte, cuscini, cesti e borse.","breadcrumb":{"@id":"https:\/\/www.swisscrochet.ch\/it\/prodotto\/scheepjes-cool-stuff\/#breadcrumb"},"inLanguage":"it-IT","potentialAction":[{"@type":"ReadAction","target":["https:\/\/www.swisscrochet.ch\/it\/prodotto\/scheepjes-cool-stuff\/"]}]},{"@type":"ImageObject","inLanguage":"it-IT","@id":"https:\/\/www.swisscrochet.ch\/it\/prodotto\/scheepjes-cool-stuff\/#primaryimage","url":"https:\/\/www.swisscrochet.ch\/wp-content\/uploads\/2026\/01\/Scheepjes-Cool-Stuff-Overview.jpg","contentUrl":"https:\/\/www.swisscrochet.ch\/wp-content\/uploads\/2026\/01\/Scheepjes-Cool-Stuff-Overview.jpg","width":1000,"height":1000},{"@type":"BreadcrumbList","@id":"https:\/\/www.swisscrochet.ch\/it\/prodotto\/scheepjes-cool-stuff\/#breadcrumb","itemListElement":[{"@type":"ListItem","position":1,"name":"Home","item":"https:\/\/www.swisscrochet.ch\/it\/"},{"@type":"ListItem","position":2,"name":"Negozio","item":"https:\/\/www.swisscrochet.ch\/it\/negozio\/"},{"@type":"ListItem","position":3,"name":"Scheepjes &#8211; Cool Stuff"}]},{"@type":"WebSite","@id":"https:\/\/www.swisscrochet.ch\/#website","url":"https:\/\/www.swisscrochet.ch\/","name":"Swiss Crochet","description":"Sblocca il tuo potenziale creativo","potentialAction":[{"@type":"SearchAction","target":{"@type":"EntryPoint","urlTemplate":"https:\/\/www.swisscrochet.ch\/?s={search_term_string}"},"query-input":{"@type":"PropertyValueSpecification","valueRequired":true,"valueName":"search_term_string"}}],"inLanguage":"it-IT"}]}},"_links":{"self":[{"href":"https:\/\/www.swisscrochet.ch\/it\/wp-json\/wp\/v2\/product\/20518","targetHints":{"allow":["GET"]}}],"collection":[{"href":"https:\/\/www.swisscrochet.ch\/it\/wp-json\/wp\/v2\/product"}],"about":[{"href":"https:\/\/www.swisscrochet.ch\/it\/wp-json\/wp\/v2\/types\/product"}],"wp:featuredmedia":[{"embeddable":true,"href":"https:\/\/www.swisscrochet.ch\/it\/wp-json\/wp\/v2\/media\/20492"}],"wp:attachment":[{"href":"https:\/\/www.swisscrochet.ch\/it\/wp-json\/wp\/v2\/media?parent=20518"}],"wp:term":[{"taxonomy":"product_brand","embeddable":true,"href":"https:\/\/www.swisscrochet.ch\/it\/wp-json\/wp\/v2\/product_brand?post=20518"},{"taxonomy":"product_cat","embeddable":true,"href":"https:\/\/www.swisscrochet.ch\/it\/wp-json\/wp\/v2\/product_cat?post=20518"},{"taxonomy":"product_tag","embeddable":true,"href":"https:\/\/www.swisscrochet.ch\/it\/wp-json\/wp\/v2\/product_tag?post=20518"}],"curies":[{"name":"wp","href":"https:\/\/api.w.org\/{rel}","templated":true}]}}