{"id":24131,"date":"2026-02-19T16:00:51","date_gmt":"2026-02-19T15:00:51","guid":{"rendered":"https:\/\/www.swisscrochet.ch\/product\/scheepjes-unity\/"},"modified":"2026-03-06T19:42:10","modified_gmt":"2026-03-06T18:42:10","slug":"scheepjes-unity","status":"publish","type":"product","link":"https:\/\/www.swisscrochet.ch\/it\/prodotto\/scheepjes-unity\/","title":{"rendered":"Scheepjes &#8211; Unity"},"content":{"rendered":"","protected":false},"excerpt":{"rendered":"<p>Scheepjes Unity \u00e8 un filato fingering a capo singolo composto da 70 % lana merino superwash e 30 % poliammide. La sua costruzione garantisce un\u2019eccellente definizione dei punti e consente una lavorazione scorrevole senza che il filato si sdoppi.<\/p>\n<p>Unity \u00e8 dedicato alla comunit\u00e0 internazionale Scheepjes ed \u00e8 disponibile in speciali combinazioni di colori intitolate a membri dello Scheepjes Designer Collective e agli Scheepjes Friends della community creativa globale.<\/p>\n<p>Questo filato \u00e8 particolarmente adatto per capi d\u2019abbigliamento, calze e accessori da indossare.<\/p>\n<p>Il campione di tensione mostrato \u00e8 stato lavato in lavatrice (programma lana a 30 \u00b0C) e stirato a vapore.<\/p>\n<p>Scopri le colorazioni distintive di Unity e scegli la tonalit\u00e0 che preferisci per il tuo prossimo progetto.<\/p>\n<p><strong>Nota: Unity verr\u00e0 dismesso e sar\u00e0 disponibile solo fino a esaurimento scorte. Vuoi aggiungerlo alla tua scorta di filati prima che sparisca? Usa il codice UNITY per ricevere il 15 % di sconto acquistando 5 gomitoli o pi\u00f9.<\/strong><\/p>\n","protected":false},"featured_media":24052,"template":"","meta":[],"product_brand":[],"product_cat":[1883,1892,1895,228,1889],"product_tag":[],"class_list":{"0":"post-24131","1":"product","2":"type-product","3":"status-publish","4":"has-post-thumbnail","6":"product_cat-filati-borse-e-decorazioni-per-la-casa","7":"product_cat-filati-calze","8":"product_cat-filati-capi-dabbigliamento","9":"product_cat-filati","10":"product_cat-filati-filati-di-base","11":"pa_y1-brand-scheepjes-it","12":"pa_y17-yarn-weight-fingering-it","13":"description-off","15":"first","16":"instock","17":"taxable","18":"shipping-taxable","19":"purchasable","20":"product-type-variable","21":"wvs-archive-product-wrapper"},"bundled_by":[],"bundle_stock_status":"instock","bundle_stock_quantity":null,"bundle_virtual":false,"bundle_layout":"","bundle_add_to_cart_form_location":"","bundle_editable_in_cart":false,"bundle_sold_individually_context":"","bundle_item_grouping":"","bundle_min_size":"","bundle_max_size":"","bundle_price":[],"bundled_items":[],"bundle_sell_ids":[],"yoast_head":"<!-- This site is optimized with the Yoast SEO plugin v27.3 - https:\/\/yoast.com\/product\/yoast-seo-wordpress\/ -->\n<title>Scheepjes - Unity &#171; Swiss Crochet<\/title>\n<meta name=\"description\" content=\"Scheepjes Unity \u00e8 un filato fingering a capo singolo in merino superwash e poliammide. Ideale per capi d\u2019abbigliamento, calze e accessori con una definizione dei punti nitida.\" \/>\n<meta name=\"robots\" content=\"index, follow, max-snippet:-1, max-image-preview:large, max-video-preview:-1\" \/>\n<link rel=\"canonical\" href=\"https:\/\/www.swisscrochet.ch\/it\/prodotto\/scheepjes-unity\/\" \/>\n<meta property=\"og:locale\" content=\"it_IT\" \/>\n<meta property=\"og:type\" content=\"article\" \/>\n<meta property=\"og:title\" content=\"Scheepjes - Unity &#171; Swiss Crochet\" \/>\n<meta property=\"og:description\" content=\"Scheepjes Unity \u00e8 un filato fingering a capo singolo in merino superwash e poliammide. Ideale per capi d\u2019abbigliamento, calze e accessori con una definizione dei punti nitida.\" \/>\n<meta property=\"og:url\" content=\"https:\/\/www.swisscrochet.ch\/it\/prodotto\/scheepjes-unity\/\" \/>\n<meta property=\"og:site_name\" content=\"Swiss Crochet\" \/>\n<meta property=\"article:modified_time\" content=\"2026-03-06T18:42:10+00:00\" \/>\n<meta property=\"og:image\" content=\"https:\/\/www.swisscrochet.ch\/wp-content\/uploads\/2026\/02\/Scheepjes-Unity-Overview.jpg\" \/>\n\t<meta property=\"og:image:width\" content=\"1000\" \/>\n\t<meta property=\"og:image:height\" content=\"1000\" \/>\n\t<meta property=\"og:image:type\" content=\"image\/jpeg\" \/>\n<meta name=\"twitter:card\" content=\"summary_large_image\" \/>\n<meta name=\"twitter:label1\" content=\"Tempo di lettura stimato\" \/>\n\t<meta name=\"twitter:data1\" content=\"1 minuto\" \/>\n<script type=\"application\/ld+json\" class=\"yoast-schema-graph\">{\"@context\":\"https:\\\/\\\/schema.org\",\"@graph\":[{\"@type\":[\"WebPage\",\"ItemPage\"],\"@id\":\"https:\\\/\\\/www.swisscrochet.ch\\\/it\\\/prodotto\\\/scheepjes-unity\\\/\",\"url\":\"https:\\\/\\\/www.swisscrochet.ch\\\/it\\\/prodotto\\\/scheepjes-unity\\\/\",\"name\":\"Scheepjes - Unity &#171; Swiss Crochet\",\"isPartOf\":{\"@id\":\"https:\\\/\\\/www.swisscrochet.ch\\\/#website\"},\"primaryImageOfPage\":{\"@id\":\"https:\\\/\\\/www.swisscrochet.ch\\\/it\\\/prodotto\\\/scheepjes-unity\\\/#primaryimage\"},\"image\":{\"@id\":\"https:\\\/\\\/www.swisscrochet.ch\\\/it\\\/prodotto\\\/scheepjes-unity\\\/#primaryimage\"},\"thumbnailUrl\":\"https:\\\/\\\/www.swisscrochet.ch\\\/wp-content\\\/uploads\\\/2026\\\/02\\\/Scheepjes-Unity-Overview.jpg\",\"datePublished\":\"2026-02-19T15:00:51+00:00\",\"dateModified\":\"2026-03-06T18:42:10+00:00\",\"description\":\"Scheepjes Unity \u00e8 un filato fingering a capo singolo in merino superwash e poliammide. Ideale per capi d\u2019abbigliamento, calze e accessori con una definizione dei punti nitida.\",\"breadcrumb\":{\"@id\":\"https:\\\/\\\/www.swisscrochet.ch\\\/it\\\/prodotto\\\/scheepjes-unity\\\/#breadcrumb\"},\"inLanguage\":\"it-IT\",\"potentialAction\":[{\"@type\":\"ReadAction\",\"target\":[\"https:\\\/\\\/www.swisscrochet.ch\\\/it\\\/prodotto\\\/scheepjes-unity\\\/\"]}]},{\"@type\":\"ImageObject\",\"inLanguage\":\"it-IT\",\"@id\":\"https:\\\/\\\/www.swisscrochet.ch\\\/it\\\/prodotto\\\/scheepjes-unity\\\/#primaryimage\",\"url\":\"https:\\\/\\\/www.swisscrochet.ch\\\/wp-content\\\/uploads\\\/2026\\\/02\\\/Scheepjes-Unity-Overview.jpg\",\"contentUrl\":\"https:\\\/\\\/www.swisscrochet.ch\\\/wp-content\\\/uploads\\\/2026\\\/02\\\/Scheepjes-Unity-Overview.jpg\",\"width\":1000,\"height\":1000},{\"@type\":\"BreadcrumbList\",\"@id\":\"https:\\\/\\\/www.swisscrochet.ch\\\/it\\\/prodotto\\\/scheepjes-unity\\\/#breadcrumb\",\"itemListElement\":[{\"@type\":\"ListItem\",\"position\":1,\"name\":\"Home\",\"item\":\"https:\\\/\\\/www.swisscrochet.ch\\\/it\\\/\"},{\"@type\":\"ListItem\",\"position\":2,\"name\":\"Negozio\",\"item\":\"https:\\\/\\\/www.swisscrochet.ch\\\/it\\\/negozio\\\/\"},{\"@type\":\"ListItem\",\"position\":3,\"name\":\"Scheepjes &#8211; Unity\"}]},{\"@type\":\"WebSite\",\"@id\":\"https:\\\/\\\/www.swisscrochet.ch\\\/#website\",\"url\":\"https:\\\/\\\/www.swisscrochet.ch\\\/\",\"name\":\"Swiss Crochet\",\"description\":\"Sblocca il tuo potenziale creativo\",\"potentialAction\":[{\"@type\":\"SearchAction\",\"target\":{\"@type\":\"EntryPoint\",\"urlTemplate\":\"https:\\\/\\\/www.swisscrochet.ch\\\/?s={search_term_string}\"},\"query-input\":{\"@type\":\"PropertyValueSpecification\",\"valueRequired\":true,\"valueName\":\"search_term_string\"}}],\"inLanguage\":\"it-IT\"}]}<\/script>\n<!-- \/ Yoast SEO plugin. -->","yoast_head_json":{"title":"Scheepjes - Unity &#171; Swiss Crochet","description":"Scheepjes Unity \u00e8 un filato fingering a capo singolo in merino superwash e poliammide. Ideale per capi d\u2019abbigliamento, calze e accessori con una definizione dei punti nitida.","robots":{"index":"index","follow":"follow","max-snippet":"max-snippet:-1","max-image-preview":"max-image-preview:large","max-video-preview":"max-video-preview:-1"},"canonical":"https:\/\/www.swisscrochet.ch\/it\/prodotto\/scheepjes-unity\/","og_locale":"it_IT","og_type":"article","og_title":"Scheepjes - Unity &#171; Swiss Crochet","og_description":"Scheepjes Unity \u00e8 un filato fingering a capo singolo in merino superwash e poliammide. Ideale per capi d\u2019abbigliamento, calze e accessori con una definizione dei punti nitida.","og_url":"https:\/\/www.swisscrochet.ch\/it\/prodotto\/scheepjes-unity\/","og_site_name":"Swiss Crochet","article_modified_time":"2026-03-06T18:42:10+00:00","og_image":[{"width":1000,"height":1000,"url":"https:\/\/www.swisscrochet.ch\/wp-content\/uploads\/2026\/02\/Scheepjes-Unity-Overview.jpg","type":"image\/jpeg"}],"twitter_card":"summary_large_image","twitter_misc":{"Tempo di lettura stimato":"1 minuto"},"schema":{"@context":"https:\/\/schema.org","@graph":[{"@type":["WebPage","ItemPage"],"@id":"https:\/\/www.swisscrochet.ch\/it\/prodotto\/scheepjes-unity\/","url":"https:\/\/www.swisscrochet.ch\/it\/prodotto\/scheepjes-unity\/","name":"Scheepjes - Unity &#171; Swiss Crochet","isPartOf":{"@id":"https:\/\/www.swisscrochet.ch\/#website"},"primaryImageOfPage":{"@id":"https:\/\/www.swisscrochet.ch\/it\/prodotto\/scheepjes-unity\/#primaryimage"},"image":{"@id":"https:\/\/www.swisscrochet.ch\/it\/prodotto\/scheepjes-unity\/#primaryimage"},"thumbnailUrl":"https:\/\/www.swisscrochet.ch\/wp-content\/uploads\/2026\/02\/Scheepjes-Unity-Overview.jpg","datePublished":"2026-02-19T15:00:51+00:00","dateModified":"2026-03-06T18:42:10+00:00","description":"Scheepjes Unity \u00e8 un filato fingering a capo singolo in merino superwash e poliammide. Ideale per capi d\u2019abbigliamento, calze e accessori con una definizione dei punti nitida.","breadcrumb":{"@id":"https:\/\/www.swisscrochet.ch\/it\/prodotto\/scheepjes-unity\/#breadcrumb"},"inLanguage":"it-IT","potentialAction":[{"@type":"ReadAction","target":["https:\/\/www.swisscrochet.ch\/it\/prodotto\/scheepjes-unity\/"]}]},{"@type":"ImageObject","inLanguage":"it-IT","@id":"https:\/\/www.swisscrochet.ch\/it\/prodotto\/scheepjes-unity\/#primaryimage","url":"https:\/\/www.swisscrochet.ch\/wp-content\/uploads\/2026\/02\/Scheepjes-Unity-Overview.jpg","contentUrl":"https:\/\/www.swisscrochet.ch\/wp-content\/uploads\/2026\/02\/Scheepjes-Unity-Overview.jpg","width":1000,"height":1000},{"@type":"BreadcrumbList","@id":"https:\/\/www.swisscrochet.ch\/it\/prodotto\/scheepjes-unity\/#breadcrumb","itemListElement":[{"@type":"ListItem","position":1,"name":"Home","item":"https:\/\/www.swisscrochet.ch\/it\/"},{"@type":"ListItem","position":2,"name":"Negozio","item":"https:\/\/www.swisscrochet.ch\/it\/negozio\/"},{"@type":"ListItem","position":3,"name":"Scheepjes &#8211; Unity"}]},{"@type":"WebSite","@id":"https:\/\/www.swisscrochet.ch\/#website","url":"https:\/\/www.swisscrochet.ch\/","name":"Swiss Crochet","description":"Sblocca il tuo potenziale creativo","potentialAction":[{"@type":"SearchAction","target":{"@type":"EntryPoint","urlTemplate":"https:\/\/www.swisscrochet.ch\/?s={search_term_string}"},"query-input":{"@type":"PropertyValueSpecification","valueRequired":true,"valueName":"search_term_string"}}],"inLanguage":"it-IT"}]}},"_links":{"self":[{"href":"https:\/\/www.swisscrochet.ch\/it\/wp-json\/wp\/v2\/product\/24131","targetHints":{"allow":["GET"]}}],"collection":[{"href":"https:\/\/www.swisscrochet.ch\/it\/wp-json\/wp\/v2\/product"}],"about":[{"href":"https:\/\/www.swisscrochet.ch\/it\/wp-json\/wp\/v2\/types\/product"}],"wp:featuredmedia":[{"embeddable":true,"href":"https:\/\/www.swisscrochet.ch\/it\/wp-json\/wp\/v2\/media\/24052"}],"wp:attachment":[{"href":"https:\/\/www.swisscrochet.ch\/it\/wp-json\/wp\/v2\/media?parent=24131"}],"wp:term":[{"taxonomy":"product_brand","embeddable":true,"href":"https:\/\/www.swisscrochet.ch\/it\/wp-json\/wp\/v2\/product_brand?post=24131"},{"taxonomy":"product_cat","embeddable":true,"href":"https:\/\/www.swisscrochet.ch\/it\/wp-json\/wp\/v2\/product_cat?post=24131"},{"taxonomy":"product_tag","embeddable":true,"href":"https:\/\/www.swisscrochet.ch\/it\/wp-json\/wp\/v2\/product_tag?post=24131"}],"curies":[{"name":"wp","href":"https:\/\/api.w.org\/{rel}","templated":true}]}}