{"id":24861,"date":"2026-02-25T20:33:53","date_gmt":"2026-02-25T19:33:53","guid":{"rendered":"https:\/\/www.swisscrochet.ch\/product\/geometric-journey-cal-yarn-kit\/"},"modified":"2026-02-25T20:41:16","modified_gmt":"2026-02-25T19:41:16","slug":"geometric-journey-cal-kit-di-filati","status":"publish","type":"product","link":"https:\/\/www.swisscrochet.ch\/it\/prodotto\/geometric-journey-cal-kit-di-filati\/","title":{"rendered":"Geometric Journey CAL &#8211; Kit di filati"},"content":{"rendered":"","protected":false},"excerpt":{"rendered":"<p><em>&#8220;In questo CAL utilizzeremo una tecnica mosaico reversibile per creare i diversi motivi mosaico di questo scialle, il che significa che lo scialle appare uguale su entrambi i lati. Non esiste un diritto o un rovescio, e lo scialle \u00e8 meraviglioso in qualsiasi modo lo indossi. Un ulteriore vantaggio: non taglierai mai il filato fino a quando lo scialle non sar\u00e0 completato.<\/em><\/p>\n<p><em>Anche se il modello pu\u00f2 sembrare avanzato, \u00e8 in realt\u00e0 realizzato utilizzando solo punti base (catenella, maglia bassissima, maglia bassa e mezza maglia alta). Se padroneggi questi punti, puoi realizzare questo scialle.<\/em><\/p>\n<p><em>Quando ho scritto questo modello, volevo che anche una crocheter nuova (e avventurosa) potesse seguirlo e realizzarlo. Ogni parte include istruzioni scritte, molte foto dei progressi e schemi. Sar\u00f2 inoltre disponibile nel mio gruppo FB per tutta la durata del CAL per offrire supporto e aiuto.&#8221;<\/em> Johanna Lindahl<\/p>\n<p><strong>Informazioni sul progetto:<\/strong><br \/>\nIl CAL durer\u00e0 5 settimane e Johanna lo ospiter\u00e0 nel suo gruppo Facebook <a href=\"https:\/\/www.facebook.com\/groups\/mijocrochethangout\/\" target=\"_blank\" rel=\"noopener\">Mijo Crochet Hangout<\/a>. Sar\u00e0 disponibile ogni giorno per rispondere alle domande nel gruppo. Pubblicher\u00e0 inoltre brevi video sulla tecnica mosaico reversibile nel gruppo e sul suo canale <a href=\"https:\/\/www.youtube.com\/@Mijo_Crochet\" target=\"_blank\" rel=\"noopener\">YouTube<\/a>.<\/p>\n<p>Naturalmente puoi realizzare questo CAL anche senza unirti al suo gruppo Facebook.<\/p>\n<ul>\n<li>Scopri di pi\u00f9 sul sito di Johanna: <a href=\"https:\/\/mijocrochet.se\/2026\/01\/30\/geometric-journey-cal-information\/\" target=\"_blank\" rel=\"noopener\">mijocrochet.se<\/a>.<\/li>\n<li>Suggerimenti per combinazioni di colori disponibili su Instagram: <a href=\"https:\/\/www.ravelry.com\/patterns\/library\/@mijocrochet\" target=\"_blank\" rel=\"noopener\">@mijocrochet<\/a><\/li>\n<li>Tutte le immagini mostrate appartengono a Johanna Lindahl, Mijo Crochet.<\/li>\n<\/ul>\n<p><strong>Date da segnare:<\/strong><\/p>\n<ul>\n<li>4 marzo \u2013 Parte 1: The Geometric Journey Starts!<\/li>\n<li>11 marzo \u2013 Parte 2<\/li>\n<li>18 marzo \u2013 Parte 3<\/li>\n<li>25 marzo \u2013 Parte 4<\/li>\n<li>1 aprile \u2013 Parte 5<\/li>\n<\/ul>\n<p><strong>Il kit include:<\/strong><\/p>\n<ul>\n<li>una copia digitale del <a href=\"www.ravelry.com\/patterns\/library\/geometric-journey-cal\">modello Geometric Journey CAL di Johanna Lindahl<\/a> (disponibile in inglese, tedesco, danese, olandese, giapponese, spagnolo e svedese)<\/li>\n<li>1 gomitolo di Cotton Whirl, nel colore a tua scelta<\/li>\n<li>2 gomitoli di Cotton Whirlette, nel colore a tua scelta<\/li>\n<\/ul>\n<p>&#8211;&gt; Per maggiore comodit\u00e0, puoi anche aggiungere un uncinetto da 3.50 mm al tuo kit.<\/p>\n<p>Tutto ci\u00f2 di cui hai bisogno per iniziare il tuo prossimo progetto preferito \u2014 semplice, elegante e ispirante.<\/p>\n","protected":false},"featured_media":24833,"template":"","meta":[],"product_brand":[],"product_cat":[1662,333],"product_tag":[2112,2114],"class_list":{"0":"post-24861","1":"product","2":"type-product","3":"status-publish","4":"has-post-thumbnail","6":"product_cat-kit-di-filati-accessori","7":"product_cat-kit-di-filati","8":"product_tag-cotton-whirl","9":"product_tag-cotton-whirlette","10":"description-off","12":"first","13":"instock","14":"virtual","15":"taxable","16":"purchasable","17":"product-type-bundle"},"bundled_by":[],"bundle_stock_status":"instock","bundle_stock_quantity":48,"bundle_virtual":false,"bundle_layout":"default","bundle_add_to_cart_form_location":"default","bundle_editable_in_cart":false,"bundle_sold_individually_context":"product","bundle_item_grouping":"parent","bundle_min_size":"","bundle_max_size":"","bundle_price":{"price":{"min":{"incl_tax":"55.7","excl_tax":"51.53"},"max":{"incl_tax":"68.6","excl_tax":"63.46"}},"regular_price":{"min":{"incl_tax":"55.7","excl_tax":"51.53"},"max":{"incl_tax":"68.6","excl_tax":"63.46"}}},"bundled_items":[{"bundled_item_id":860,"product_id":20967,"menu_order":0,"quantity_min":1,"quantity_max":1,"quantity_default":1,"priced_individually":true,"shipped_individually":false,"override_title":false,"title":"Scheepjes &#8211; Cotton Whirl","override_description":true,"description":"","optional":false,"hide_thumbnail":false,"discount":"","override_variations":false,"allowed_variations":[""],"override_default_variation_attributes":false,"default_variation_attributes":[],"single_product_visibility":"visible","cart_visibility":"visible","order_visibility":"visible","single_product_price_visibility":"visible","cart_price_visibility":"visible","order_price_visibility":"visible","stock_status":"in_stock"},{"bundled_item_id":861,"product_id":23918,"menu_order":1,"quantity_min":2,"quantity_max":2,"quantity_default":2,"priced_individually":true,"shipped_individually":false,"override_title":false,"title":"Scheepjes &#8211; Cotton Whirlette","override_description":true,"description":"","optional":false,"hide_thumbnail":false,"discount":"","override_variations":false,"allowed_variations":[""],"override_default_variation_attributes":false,"default_variation_attributes":[],"single_product_visibility":"visible","cart_visibility":"visible","order_visibility":"visible","single_product_price_visibility":"visible","cart_price_visibility":"visible","order_price_visibility":"visible","stock_status":"in_stock"},{"bundled_item_id":862,"product_id":3527,"menu_order":2,"quantity_min":1,"quantity_max":1,"quantity_default":1,"priced_individually":true,"shipped_individually":false,"override_title":false,"title":"Tulip &#8211; Etimo Red &#8211; Uncinetto con manico morbido","override_description":true,"description":"","optional":true,"hide_thumbnail":false,"discount":"","override_variations":true,"allowed_variations":[3533],"override_default_variation_attributes":true,"default_variation_attributes":[{"id":0,"name":"Size","option":"3.50 mm"}],"single_product_visibility":"visible","cart_visibility":"visible","order_visibility":"visible","single_product_price_visibility":"visible","cart_price_visibility":"visible","order_price_visibility":"visible","stock_status":"in_stock"}],"bundle_sell_ids":[],"yoast_head":"<!-- This site is optimized with the Yoast SEO plugin v27.4 - https:\/\/yoast.com\/product\/yoast-seo-wordpress\/ -->\n<title>Geometric Journey CAL - Kit di filati &#171; Swiss Crochet<\/title>\n<meta name=\"description\" content=\"Modello CAL di scialle in crochet mosaico reversibile realizzato con punti base. Include schemi, foto e supporto. Nessun taglio del filato fino al completamento.\" \/>\n<meta name=\"robots\" content=\"index, follow, max-snippet:-1, max-image-preview:large, max-video-preview:-1\" \/>\n<link rel=\"canonical\" href=\"https:\/\/www.swisscrochet.ch\/it\/prodotto\/geometric-journey-cal-kit-di-filati\/\" \/>\n<meta property=\"og:locale\" content=\"it_IT\" \/>\n<meta property=\"og:type\" content=\"article\" \/>\n<meta property=\"og:title\" content=\"Geometric Journey CAL - Kit di filati &#171; Swiss Crochet\" \/>\n<meta property=\"og:description\" content=\"Modello CAL di scialle in crochet mosaico reversibile realizzato con punti base. Include schemi, foto e supporto. Nessun taglio del filato fino al completamento.\" \/>\n<meta property=\"og:url\" content=\"https:\/\/www.swisscrochet.ch\/it\/prodotto\/geometric-journey-cal-kit-di-filati\/\" \/>\n<meta property=\"og:site_name\" content=\"Swiss Crochet\" \/>\n<meta property=\"article:modified_time\" content=\"2026-02-25T19:41:16+00:00\" \/>\n<meta property=\"og:image\" content=\"https:\/\/www.swisscrochet.ch\/wp-content\/uploads\/2026\/02\/Geometric-Journey-CAL-Yarn-Kit-1.webp\" \/>\n\t<meta property=\"og:image:width\" content=\"640\" \/>\n\t<meta property=\"og:image:height\" content=\"640\" \/>\n\t<meta property=\"og:image:type\" content=\"image\/webp\" \/>\n<meta name=\"twitter:card\" content=\"summary_large_image\" \/>\n<meta name=\"twitter:label1\" content=\"Tempo di lettura stimato\" \/>\n\t<meta name=\"twitter:data1\" content=\"1 minuto\" \/>\n<script type=\"application\/ld+json\" class=\"yoast-schema-graph\">{\"@context\":\"https:\\\/\\\/schema.org\",\"@graph\":[{\"@type\":[\"WebPage\",\"ItemPage\"],\"@id\":\"https:\\\/\\\/www.swisscrochet.ch\\\/it\\\/prodotto\\\/geometric-journey-cal-kit-di-filati\\\/\",\"url\":\"https:\\\/\\\/www.swisscrochet.ch\\\/it\\\/prodotto\\\/geometric-journey-cal-kit-di-filati\\\/\",\"name\":\"Geometric Journey CAL - Kit di filati &#171; Swiss Crochet\",\"isPartOf\":{\"@id\":\"https:\\\/\\\/www.swisscrochet.ch\\\/#website\"},\"primaryImageOfPage\":{\"@id\":\"https:\\\/\\\/www.swisscrochet.ch\\\/it\\\/prodotto\\\/geometric-journey-cal-kit-di-filati\\\/#primaryimage\"},\"image\":{\"@id\":\"https:\\\/\\\/www.swisscrochet.ch\\\/it\\\/prodotto\\\/geometric-journey-cal-kit-di-filati\\\/#primaryimage\"},\"thumbnailUrl\":\"https:\\\/\\\/www.swisscrochet.ch\\\/wp-content\\\/uploads\\\/2026\\\/02\\\/Geometric-Journey-CAL-Yarn-Kit-1.webp\",\"datePublished\":\"2026-02-25T19:33:53+00:00\",\"dateModified\":\"2026-02-25T19:41:16+00:00\",\"description\":\"Modello CAL di scialle in crochet mosaico reversibile realizzato con punti base. Include schemi, foto e supporto. Nessun taglio del filato fino al completamento.\",\"breadcrumb\":{\"@id\":\"https:\\\/\\\/www.swisscrochet.ch\\\/it\\\/prodotto\\\/geometric-journey-cal-kit-di-filati\\\/#breadcrumb\"},\"inLanguage\":\"it-IT\",\"potentialAction\":[{\"@type\":\"ReadAction\",\"target\":[\"https:\\\/\\\/www.swisscrochet.ch\\\/it\\\/prodotto\\\/geometric-journey-cal-kit-di-filati\\\/\"]}]},{\"@type\":\"ImageObject\",\"inLanguage\":\"it-IT\",\"@id\":\"https:\\\/\\\/www.swisscrochet.ch\\\/it\\\/prodotto\\\/geometric-journey-cal-kit-di-filati\\\/#primaryimage\",\"url\":\"https:\\\/\\\/www.swisscrochet.ch\\\/wp-content\\\/uploads\\\/2026\\\/02\\\/Geometric-Journey-CAL-Yarn-Kit-1.webp\",\"contentUrl\":\"https:\\\/\\\/www.swisscrochet.ch\\\/wp-content\\\/uploads\\\/2026\\\/02\\\/Geometric-Journey-CAL-Yarn-Kit-1.webp\",\"width\":640,\"height\":640},{\"@type\":\"BreadcrumbList\",\"@id\":\"https:\\\/\\\/www.swisscrochet.ch\\\/it\\\/prodotto\\\/geometric-journey-cal-kit-di-filati\\\/#breadcrumb\",\"itemListElement\":[{\"@type\":\"ListItem\",\"position\":1,\"name\":\"Home\",\"item\":\"https:\\\/\\\/www.swisscrochet.ch\\\/it\\\/\"},{\"@type\":\"ListItem\",\"position\":2,\"name\":\"Negozio\",\"item\":\"https:\\\/\\\/www.swisscrochet.ch\\\/it\\\/negozio\\\/\"},{\"@type\":\"ListItem\",\"position\":3,\"name\":\"Geometric Journey CAL &#8211; Kit di filati\"}]},{\"@type\":\"WebSite\",\"@id\":\"https:\\\/\\\/www.swisscrochet.ch\\\/#website\",\"url\":\"https:\\\/\\\/www.swisscrochet.ch\\\/\",\"name\":\"Swiss Crochet\",\"description\":\"Sblocca il tuo potenziale creativo\",\"potentialAction\":[{\"@type\":\"SearchAction\",\"target\":{\"@type\":\"EntryPoint\",\"urlTemplate\":\"https:\\\/\\\/www.swisscrochet.ch\\\/?s={search_term_string}\"},\"query-input\":{\"@type\":\"PropertyValueSpecification\",\"valueRequired\":true,\"valueName\":\"search_term_string\"}}],\"inLanguage\":\"it-IT\"}]}<\/script>\n<!-- \/ Yoast SEO plugin. -->","yoast_head_json":{"title":"Geometric Journey CAL - Kit di filati &#171; Swiss Crochet","description":"Modello CAL di scialle in crochet mosaico reversibile realizzato con punti base. Include schemi, foto e supporto. Nessun taglio del filato fino al completamento.","robots":{"index":"index","follow":"follow","max-snippet":"max-snippet:-1","max-image-preview":"max-image-preview:large","max-video-preview":"max-video-preview:-1"},"canonical":"https:\/\/www.swisscrochet.ch\/it\/prodotto\/geometric-journey-cal-kit-di-filati\/","og_locale":"it_IT","og_type":"article","og_title":"Geometric Journey CAL - Kit di filati &#171; Swiss Crochet","og_description":"Modello CAL di scialle in crochet mosaico reversibile realizzato con punti base. Include schemi, foto e supporto. Nessun taglio del filato fino al completamento.","og_url":"https:\/\/www.swisscrochet.ch\/it\/prodotto\/geometric-journey-cal-kit-di-filati\/","og_site_name":"Swiss Crochet","article_modified_time":"2026-02-25T19:41:16+00:00","og_image":[{"width":640,"height":640,"url":"https:\/\/www.swisscrochet.ch\/wp-content\/uploads\/2026\/02\/Geometric-Journey-CAL-Yarn-Kit-1.webp","type":"image\/webp"}],"twitter_card":"summary_large_image","twitter_misc":{"Tempo di lettura stimato":"1 minuto"},"schema":{"@context":"https:\/\/schema.org","@graph":[{"@type":["WebPage","ItemPage"],"@id":"https:\/\/www.swisscrochet.ch\/it\/prodotto\/geometric-journey-cal-kit-di-filati\/","url":"https:\/\/www.swisscrochet.ch\/it\/prodotto\/geometric-journey-cal-kit-di-filati\/","name":"Geometric Journey CAL - Kit di filati &#171; Swiss Crochet","isPartOf":{"@id":"https:\/\/www.swisscrochet.ch\/#website"},"primaryImageOfPage":{"@id":"https:\/\/www.swisscrochet.ch\/it\/prodotto\/geometric-journey-cal-kit-di-filati\/#primaryimage"},"image":{"@id":"https:\/\/www.swisscrochet.ch\/it\/prodotto\/geometric-journey-cal-kit-di-filati\/#primaryimage"},"thumbnailUrl":"https:\/\/www.swisscrochet.ch\/wp-content\/uploads\/2026\/02\/Geometric-Journey-CAL-Yarn-Kit-1.webp","datePublished":"2026-02-25T19:33:53+00:00","dateModified":"2026-02-25T19:41:16+00:00","description":"Modello CAL di scialle in crochet mosaico reversibile realizzato con punti base. Include schemi, foto e supporto. Nessun taglio del filato fino al completamento.","breadcrumb":{"@id":"https:\/\/www.swisscrochet.ch\/it\/prodotto\/geometric-journey-cal-kit-di-filati\/#breadcrumb"},"inLanguage":"it-IT","potentialAction":[{"@type":"ReadAction","target":["https:\/\/www.swisscrochet.ch\/it\/prodotto\/geometric-journey-cal-kit-di-filati\/"]}]},{"@type":"ImageObject","inLanguage":"it-IT","@id":"https:\/\/www.swisscrochet.ch\/it\/prodotto\/geometric-journey-cal-kit-di-filati\/#primaryimage","url":"https:\/\/www.swisscrochet.ch\/wp-content\/uploads\/2026\/02\/Geometric-Journey-CAL-Yarn-Kit-1.webp","contentUrl":"https:\/\/www.swisscrochet.ch\/wp-content\/uploads\/2026\/02\/Geometric-Journey-CAL-Yarn-Kit-1.webp","width":640,"height":640},{"@type":"BreadcrumbList","@id":"https:\/\/www.swisscrochet.ch\/it\/prodotto\/geometric-journey-cal-kit-di-filati\/#breadcrumb","itemListElement":[{"@type":"ListItem","position":1,"name":"Home","item":"https:\/\/www.swisscrochet.ch\/it\/"},{"@type":"ListItem","position":2,"name":"Negozio","item":"https:\/\/www.swisscrochet.ch\/it\/negozio\/"},{"@type":"ListItem","position":3,"name":"Geometric Journey CAL &#8211; Kit di filati"}]},{"@type":"WebSite","@id":"https:\/\/www.swisscrochet.ch\/#website","url":"https:\/\/www.swisscrochet.ch\/","name":"Swiss Crochet","description":"Sblocca il tuo potenziale creativo","potentialAction":[{"@type":"SearchAction","target":{"@type":"EntryPoint","urlTemplate":"https:\/\/www.swisscrochet.ch\/?s={search_term_string}"},"query-input":{"@type":"PropertyValueSpecification","valueRequired":true,"valueName":"search_term_string"}}],"inLanguage":"it-IT"}]}},"_links":{"self":[{"href":"https:\/\/www.swisscrochet.ch\/it\/wp-json\/wp\/v2\/product\/24861","targetHints":{"allow":["GET"]}}],"collection":[{"href":"https:\/\/www.swisscrochet.ch\/it\/wp-json\/wp\/v2\/product"}],"about":[{"href":"https:\/\/www.swisscrochet.ch\/it\/wp-json\/wp\/v2\/types\/product"}],"wp:featuredmedia":[{"embeddable":true,"href":"https:\/\/www.swisscrochet.ch\/it\/wp-json\/wp\/v2\/media\/24833"}],"wp:attachment":[{"href":"https:\/\/www.swisscrochet.ch\/it\/wp-json\/wp\/v2\/media?parent=24861"}],"wp:term":[{"taxonomy":"product_brand","embeddable":true,"href":"https:\/\/www.swisscrochet.ch\/it\/wp-json\/wp\/v2\/product_brand?post=24861"},{"taxonomy":"product_cat","embeddable":true,"href":"https:\/\/www.swisscrochet.ch\/it\/wp-json\/wp\/v2\/product_cat?post=24861"},{"taxonomy":"product_tag","embeddable":true,"href":"https:\/\/www.swisscrochet.ch\/it\/wp-json\/wp\/v2\/product_tag?post=24861"}],"curies":[{"name":"wp","href":"https:\/\/api.w.org\/{rel}","templated":true}]}}