{"id":25453,"date":"2026-03-03T17:03:31","date_gmt":"2026-03-03T16:03:31","guid":{"rendered":"https:\/\/www.swisscrochet.ch\/product\/clutch-coquille-yarn-kit\/"},"modified":"2026-03-03T17:07:43","modified_gmt":"2026-03-03T16:07:43","slug":"clutch-coquille-kit-di-filati","status":"publish","type":"product","link":"https:\/\/www.swisscrochet.ch\/it\/prodotto\/clutch-coquille-kit-di-filati\/","title":{"rendered":"Clutch Coquille \u2013 Kit di filati"},"content":{"rendered":"","protected":false},"excerpt":{"rendered":"<p>Crea una splendida borsa all\u2019uncinetto dal delicato effetto scintillante con questo elegante kit di filati. La combinazione di nero profondo e riflessi oro rosa dona un tocco raffinato al tuo accessorio fatto a mano \u2014 perfetto sia per l\u2019uso quotidiano sia per occasioni speciali.<\/p>\n<p><strong>Il kit include:<\/strong><\/p>\n<ul>\n<li>2 gomitoli di Hoooked Odyssey<\/li>\n<li>1 cerniera nera abbinata ai colori del filato<\/li>\n<li>1 anello metallico (diametro 11 cm)<\/li>\n<\/ul>\n<p><strong>Opzioni aggiuntive:<\/strong><\/p>\n<ul>\n<li>Il modello \u00e8 pubblicato nel libro <em>21 Accessoires d&#8217; \u00e9t\u00e9 au crochet<\/em> di <em>Lagoons Moe Nagai<\/em>, acquistabile in francese (vedi link sotto)<\/li>\n<li>uncinetto 3.00 mm<\/li>\n<\/ul>\n<p>Con questo kit hai tutti i materiali essenziali per realizzare una borsa all\u2019uncinetto elegante, con una leggera brillantezza e dettagli raffinati.<\/p>\n","protected":false},"featured_media":25271,"template":"","meta":[],"product_brand":[],"product_cat":[1665,333],"product_tag":[2094],"class_list":{"0":"post-25453","1":"product","2":"type-product","3":"status-publish","4":"has-post-thumbnail","6":"product_cat-kit-di-filati-borse","7":"product_cat-kit-di-filati","8":"product_tag-odyssey-lurex","9":"description-off","11":"first","12":"instock","13":"virtual","14":"taxable","15":"purchasable","16":"product-type-bundle"},"bundled_by":[],"bundle_stock_status":"instock","bundle_stock_quantity":8,"bundle_virtual":false,"bundle_layout":"default","bundle_add_to_cart_form_location":"default","bundle_editable_in_cart":false,"bundle_sold_individually_context":"product","bundle_item_grouping":"parent","bundle_min_size":"","bundle_max_size":"","bundle_price":{"price":{"min":{"incl_tax":"14.7","excl_tax":"13.59"},"max":{"incl_tax":"59.5","excl_tax":"57.42"}},"regular_price":{"min":{"incl_tax":"14.7","excl_tax":"13.59"},"max":{"incl_tax":"59.5","excl_tax":"57.42"}}},"bundled_items":[{"bundled_item_id":936,"product_id":9593,"menu_order":0,"quantity_min":1,"quantity_max":1,"quantity_default":1,"priced_individually":true,"shipped_individually":false,"override_title":false,"title":"Hoooked &#8211; Odyssey Lurex","override_description":false,"description":"Hoooked &#8211; Odyssey Lurex","optional":false,"hide_thumbnail":false,"discount":"","override_variations":true,"allowed_variations":[9609],"override_default_variation_attributes":true,"default_variation_attributes":[{"id":0,"name":"Color","option":"16 - Lunar Eclipse"}],"single_product_visibility":"hidden","cart_visibility":"visible","order_visibility":"visible","single_product_price_visibility":"visible","cart_price_visibility":"visible","order_price_visibility":"visible","stock_status":"in_stock"},{"bundled_item_id":937,"product_id":9593,"menu_order":1,"quantity_min":1,"quantity_max":1,"quantity_default":1,"priced_individually":true,"shipped_individually":false,"override_title":false,"title":"Hoooked &#8211; Odyssey Lurex","override_description":false,"description":"Hoooked &#8211; Odyssey Lurex","optional":false,"hide_thumbnail":false,"discount":"","override_variations":true,"allowed_variations":[9598],"override_default_variation_attributes":true,"default_variation_attributes":[{"id":0,"name":"Color","option":"5 - Cressida"}],"single_product_visibility":"hidden","cart_visibility":"visible","order_visibility":"visible","single_product_price_visibility":"visible","cart_price_visibility":"visible","order_price_visibility":"visible","stock_status":"in_stock"},{"bundled_item_id":938,"product_id":14797,"menu_order":2,"quantity_min":1,"quantity_max":1,"quantity_default":1,"priced_individually":true,"shipped_individually":false,"override_title":false,"title":"Anelli metallici spessi \u2013 1 pezzo","override_description":false,"description":"Anelli metallici spessi \u2013 1 pezzo","optional":false,"hide_thumbnail":false,"discount":"","override_variations":true,"allowed_variations":[14799],"override_default_variation_attributes":true,"default_variation_attributes":[{"id":0,"name":"Style","option":"11 cm Black Nickel"}],"single_product_visibility":"hidden","cart_visibility":"visible","order_visibility":"visible","single_product_price_visibility":"visible","cart_price_visibility":"visible","order_price_visibility":"visible","stock_status":"in_stock"},{"bundled_item_id":939,"product_id":11468,"menu_order":3,"quantity_min":1,"quantity_max":1,"quantity_default":1,"priced_individually":true,"shipped_individually":false,"override_title":false,"title":"21 Accessoires d&#8217; \u00e9t\u00e9 au crochet &#8211; Lagoon Moe Nagai","override_description":true,"description":"","optional":true,"hide_thumbnail":false,"discount":"","override_variations":false,"allowed_variations":[""],"override_default_variation_attributes":false,"default_variation_attributes":[],"single_product_visibility":"visible","cart_visibility":"visible","order_visibility":"visible","single_product_price_visibility":"visible","cart_price_visibility":"visible","order_price_visibility":"visible","stock_status":"in_stock"},{"bundled_item_id":940,"product_id":3527,"menu_order":4,"quantity_min":1,"quantity_max":1,"quantity_default":1,"priced_individually":true,"shipped_individually":false,"override_title":false,"title":"Tulip &#8211; Etimo Red &#8211; Uncinetto con manico morbido","override_description":true,"description":"","optional":true,"hide_thumbnail":false,"discount":"","override_variations":true,"allowed_variations":[3532],"override_default_variation_attributes":true,"default_variation_attributes":[{"id":0,"name":"Size","option":"3.00 mm"}],"single_product_visibility":"visible","cart_visibility":"visible","order_visibility":"visible","single_product_price_visibility":"visible","cart_price_visibility":"visible","order_price_visibility":"visible","stock_status":"in_stock"}],"bundle_sell_ids":[],"yoast_head":"<!-- This site is optimized with the Yoast SEO plugin v27.4 - https:\/\/yoast.com\/product\/yoast-seo-wordpress\/ -->\n<title>Clutch Coquille \u2013 Kit di filati &#171; Swiss Crochet<\/title>\n<meta name=\"description\" content=\"Kit borsa all\u2019uncinetto con filato Hoooked Odyssey, cerniera e anello metallico. Design elegante nero con riflessi oro rosa per accessori fatti a mano di stile.\" \/>\n<meta name=\"robots\" content=\"index, follow, max-snippet:-1, max-image-preview:large, max-video-preview:-1\" \/>\n<link rel=\"canonical\" href=\"https:\/\/www.swisscrochet.ch\/it\/prodotto\/clutch-coquille-kit-di-filati\/\" \/>\n<meta property=\"og:locale\" content=\"it_IT\" \/>\n<meta property=\"og:type\" content=\"article\" \/>\n<meta property=\"og:title\" content=\"Clutch Coquille \u2013 Kit di filati &#171; Swiss Crochet\" \/>\n<meta property=\"og:description\" content=\"Kit borsa all\u2019uncinetto con filato Hoooked Odyssey, cerniera e anello metallico. Design elegante nero con riflessi oro rosa per accessori fatti a mano di stile.\" \/>\n<meta property=\"og:url\" content=\"https:\/\/www.swisscrochet.ch\/it\/prodotto\/clutch-coquille-kit-di-filati\/\" \/>\n<meta property=\"og:site_name\" content=\"Swiss Crochet\" \/>\n<meta property=\"article:modified_time\" content=\"2026-03-03T16:07:43+00:00\" \/>\n<meta property=\"og:image\" content=\"https:\/\/www.swisscrochet.ch\/wp-content\/uploads\/2026\/03\/Sac-clutch-coquille-Overview.jpg\" \/>\n\t<meta property=\"og:image:width\" content=\"1000\" \/>\n\t<meta property=\"og:image:height\" content=\"1000\" \/>\n\t<meta property=\"og:image:type\" content=\"image\/jpeg\" \/>\n<meta name=\"twitter:card\" content=\"summary_large_image\" \/>\n<meta name=\"twitter:label1\" content=\"Tempo di lettura stimato\" \/>\n\t<meta name=\"twitter:data1\" content=\"1 minuto\" \/>\n<script type=\"application\/ld+json\" class=\"yoast-schema-graph\">{\"@context\":\"https:\\\/\\\/schema.org\",\"@graph\":[{\"@type\":[\"WebPage\",\"ItemPage\"],\"@id\":\"https:\\\/\\\/www.swisscrochet.ch\\\/it\\\/prodotto\\\/clutch-coquille-kit-di-filati\\\/\",\"url\":\"https:\\\/\\\/www.swisscrochet.ch\\\/it\\\/prodotto\\\/clutch-coquille-kit-di-filati\\\/\",\"name\":\"Clutch Coquille \u2013 Kit di filati &#171; Swiss Crochet\",\"isPartOf\":{\"@id\":\"https:\\\/\\\/www.swisscrochet.ch\\\/#website\"},\"primaryImageOfPage\":{\"@id\":\"https:\\\/\\\/www.swisscrochet.ch\\\/it\\\/prodotto\\\/clutch-coquille-kit-di-filati\\\/#primaryimage\"},\"image\":{\"@id\":\"https:\\\/\\\/www.swisscrochet.ch\\\/it\\\/prodotto\\\/clutch-coquille-kit-di-filati\\\/#primaryimage\"},\"thumbnailUrl\":\"https:\\\/\\\/www.swisscrochet.ch\\\/wp-content\\\/uploads\\\/2026\\\/03\\\/Sac-clutch-coquille-Overview.jpg\",\"datePublished\":\"2026-03-03T16:03:31+00:00\",\"dateModified\":\"2026-03-03T16:07:43+00:00\",\"description\":\"Kit borsa all\u2019uncinetto con filato Hoooked Odyssey, cerniera e anello metallico. Design elegante nero con riflessi oro rosa per accessori fatti a mano di stile.\",\"breadcrumb\":{\"@id\":\"https:\\\/\\\/www.swisscrochet.ch\\\/it\\\/prodotto\\\/clutch-coquille-kit-di-filati\\\/#breadcrumb\"},\"inLanguage\":\"it-IT\",\"potentialAction\":[{\"@type\":\"ReadAction\",\"target\":[\"https:\\\/\\\/www.swisscrochet.ch\\\/it\\\/prodotto\\\/clutch-coquille-kit-di-filati\\\/\"]}]},{\"@type\":\"ImageObject\",\"inLanguage\":\"it-IT\",\"@id\":\"https:\\\/\\\/www.swisscrochet.ch\\\/it\\\/prodotto\\\/clutch-coquille-kit-di-filati\\\/#primaryimage\",\"url\":\"https:\\\/\\\/www.swisscrochet.ch\\\/wp-content\\\/uploads\\\/2026\\\/03\\\/Sac-clutch-coquille-Overview.jpg\",\"contentUrl\":\"https:\\\/\\\/www.swisscrochet.ch\\\/wp-content\\\/uploads\\\/2026\\\/03\\\/Sac-clutch-coquille-Overview.jpg\",\"width\":1000,\"height\":1000},{\"@type\":\"BreadcrumbList\",\"@id\":\"https:\\\/\\\/www.swisscrochet.ch\\\/it\\\/prodotto\\\/clutch-coquille-kit-di-filati\\\/#breadcrumb\",\"itemListElement\":[{\"@type\":\"ListItem\",\"position\":1,\"name\":\"Home\",\"item\":\"https:\\\/\\\/www.swisscrochet.ch\\\/it\\\/\"},{\"@type\":\"ListItem\",\"position\":2,\"name\":\"Negozio\",\"item\":\"https:\\\/\\\/www.swisscrochet.ch\\\/it\\\/negozio\\\/\"},{\"@type\":\"ListItem\",\"position\":3,\"name\":\"Clutch Coquille \u2013 Kit di filati\"}]},{\"@type\":\"WebSite\",\"@id\":\"https:\\\/\\\/www.swisscrochet.ch\\\/#website\",\"url\":\"https:\\\/\\\/www.swisscrochet.ch\\\/\",\"name\":\"Swiss Crochet\",\"description\":\"Sblocca il tuo potenziale creativo\",\"potentialAction\":[{\"@type\":\"SearchAction\",\"target\":{\"@type\":\"EntryPoint\",\"urlTemplate\":\"https:\\\/\\\/www.swisscrochet.ch\\\/?s={search_term_string}\"},\"query-input\":{\"@type\":\"PropertyValueSpecification\",\"valueRequired\":true,\"valueName\":\"search_term_string\"}}],\"inLanguage\":\"it-IT\"}]}<\/script>\n<!-- \/ Yoast SEO plugin. -->","yoast_head_json":{"title":"Clutch Coquille \u2013 Kit di filati &#171; Swiss Crochet","description":"Kit borsa all\u2019uncinetto con filato Hoooked Odyssey, cerniera e anello metallico. Design elegante nero con riflessi oro rosa per accessori fatti a mano di stile.","robots":{"index":"index","follow":"follow","max-snippet":"max-snippet:-1","max-image-preview":"max-image-preview:large","max-video-preview":"max-video-preview:-1"},"canonical":"https:\/\/www.swisscrochet.ch\/it\/prodotto\/clutch-coquille-kit-di-filati\/","og_locale":"it_IT","og_type":"article","og_title":"Clutch Coquille \u2013 Kit di filati &#171; Swiss Crochet","og_description":"Kit borsa all\u2019uncinetto con filato Hoooked Odyssey, cerniera e anello metallico. Design elegante nero con riflessi oro rosa per accessori fatti a mano di stile.","og_url":"https:\/\/www.swisscrochet.ch\/it\/prodotto\/clutch-coquille-kit-di-filati\/","og_site_name":"Swiss Crochet","article_modified_time":"2026-03-03T16:07:43+00:00","og_image":[{"width":1000,"height":1000,"url":"https:\/\/www.swisscrochet.ch\/wp-content\/uploads\/2026\/03\/Sac-clutch-coquille-Overview.jpg","type":"image\/jpeg"}],"twitter_card":"summary_large_image","twitter_misc":{"Tempo di lettura stimato":"1 minuto"},"schema":{"@context":"https:\/\/schema.org","@graph":[{"@type":["WebPage","ItemPage"],"@id":"https:\/\/www.swisscrochet.ch\/it\/prodotto\/clutch-coquille-kit-di-filati\/","url":"https:\/\/www.swisscrochet.ch\/it\/prodotto\/clutch-coquille-kit-di-filati\/","name":"Clutch Coquille \u2013 Kit di filati &#171; Swiss Crochet","isPartOf":{"@id":"https:\/\/www.swisscrochet.ch\/#website"},"primaryImageOfPage":{"@id":"https:\/\/www.swisscrochet.ch\/it\/prodotto\/clutch-coquille-kit-di-filati\/#primaryimage"},"image":{"@id":"https:\/\/www.swisscrochet.ch\/it\/prodotto\/clutch-coquille-kit-di-filati\/#primaryimage"},"thumbnailUrl":"https:\/\/www.swisscrochet.ch\/wp-content\/uploads\/2026\/03\/Sac-clutch-coquille-Overview.jpg","datePublished":"2026-03-03T16:03:31+00:00","dateModified":"2026-03-03T16:07:43+00:00","description":"Kit borsa all\u2019uncinetto con filato Hoooked Odyssey, cerniera e anello metallico. Design elegante nero con riflessi oro rosa per accessori fatti a mano di stile.","breadcrumb":{"@id":"https:\/\/www.swisscrochet.ch\/it\/prodotto\/clutch-coquille-kit-di-filati\/#breadcrumb"},"inLanguage":"it-IT","potentialAction":[{"@type":"ReadAction","target":["https:\/\/www.swisscrochet.ch\/it\/prodotto\/clutch-coquille-kit-di-filati\/"]}]},{"@type":"ImageObject","inLanguage":"it-IT","@id":"https:\/\/www.swisscrochet.ch\/it\/prodotto\/clutch-coquille-kit-di-filati\/#primaryimage","url":"https:\/\/www.swisscrochet.ch\/wp-content\/uploads\/2026\/03\/Sac-clutch-coquille-Overview.jpg","contentUrl":"https:\/\/www.swisscrochet.ch\/wp-content\/uploads\/2026\/03\/Sac-clutch-coquille-Overview.jpg","width":1000,"height":1000},{"@type":"BreadcrumbList","@id":"https:\/\/www.swisscrochet.ch\/it\/prodotto\/clutch-coquille-kit-di-filati\/#breadcrumb","itemListElement":[{"@type":"ListItem","position":1,"name":"Home","item":"https:\/\/www.swisscrochet.ch\/it\/"},{"@type":"ListItem","position":2,"name":"Negozio","item":"https:\/\/www.swisscrochet.ch\/it\/negozio\/"},{"@type":"ListItem","position":3,"name":"Clutch Coquille \u2013 Kit di filati"}]},{"@type":"WebSite","@id":"https:\/\/www.swisscrochet.ch\/#website","url":"https:\/\/www.swisscrochet.ch\/","name":"Swiss Crochet","description":"Sblocca il tuo potenziale creativo","potentialAction":[{"@type":"SearchAction","target":{"@type":"EntryPoint","urlTemplate":"https:\/\/www.swisscrochet.ch\/?s={search_term_string}"},"query-input":{"@type":"PropertyValueSpecification","valueRequired":true,"valueName":"search_term_string"}}],"inLanguage":"it-IT"}]}},"_links":{"self":[{"href":"https:\/\/www.swisscrochet.ch\/it\/wp-json\/wp\/v2\/product\/25453","targetHints":{"allow":["GET"]}}],"collection":[{"href":"https:\/\/www.swisscrochet.ch\/it\/wp-json\/wp\/v2\/product"}],"about":[{"href":"https:\/\/www.swisscrochet.ch\/it\/wp-json\/wp\/v2\/types\/product"}],"wp:featuredmedia":[{"embeddable":true,"href":"https:\/\/www.swisscrochet.ch\/it\/wp-json\/wp\/v2\/media\/25271"}],"wp:attachment":[{"href":"https:\/\/www.swisscrochet.ch\/it\/wp-json\/wp\/v2\/media?parent=25453"}],"wp:term":[{"taxonomy":"product_brand","embeddable":true,"href":"https:\/\/www.swisscrochet.ch\/it\/wp-json\/wp\/v2\/product_brand?post=25453"},{"taxonomy":"product_cat","embeddable":true,"href":"https:\/\/www.swisscrochet.ch\/it\/wp-json\/wp\/v2\/product_cat?post=25453"},{"taxonomy":"product_tag","embeddable":true,"href":"https:\/\/www.swisscrochet.ch\/it\/wp-json\/wp\/v2\/product_tag?post=25453"}],"curies":[{"name":"wp","href":"https:\/\/api.w.org\/{rel}","templated":true}]}}