{"id":25696,"date":"2026-03-07T15:35:59","date_gmt":"2026-03-07T14:35:59","guid":{"rendered":"https:\/\/www.swisscrochet.ch\/product\/piens-sweater-with-super-20-yarn-kit\/"},"modified":"2026-03-07T16:57:46","modified_gmt":"2026-03-07T15:57:46","slug":"piens-sweater-con-super-20-kit-di-filati","status":"publish","type":"product","link":"https:\/\/www.swisscrochet.ch\/it\/prodotto\/piens-sweater-con-super-20-kit-di-filati\/","title":{"rendered":"Piens Sweater con Super 20 \u2013 Kit di filati"},"content":{"rendered":"","protected":false},"excerpt":{"rendered":"<p>Piens unisce estetica, semplicit\u00e0 e funzionalit\u00e0, arricchendole con una lavorazione attenta e uno stile impeccabile. Le linee discendenti dei punti in rilievo rendono questo capo un vero classico, mentre i grappoli di punti puff aggiungono un tocco di interesse. Il risultato \u00e8 un design etereo con un carattere contemporaneo. Cos\u00ec come il latte \u00e8 l\u2019origine di una nuova vita, il classico maglione Piens \u00e8 altrettanto intramontabile ed essenziale, e non passa mai di moda.<\/p>\n<p>Il campione mostrato \u00e8 realizzato nella taglia 1 e utilizza circa 475 g di filato (4 gomitoli di Super 20).<\/p>\n<p>Taglie: 1 (2, 3, 4)<\/p>\n<p>Per circonferenza seno fino a: 86\u201397 (107\u2013117, 127\u2013137, 147\u2013157) cm \/ 34\u201338 (42\u201346, 50\u201354, 58\u201362) in<\/p>\n<p>Circonferenza seno finita: 124 (138, 154, 168) cm \/ 48.75 (54.25, 60.5, 66.25) in<\/p>\n<p><strong>Metri stimati per taglia:<\/strong><\/p>\n<ul>\n<li>Taglia 1: 4 gomitoli<\/li>\n<li>Taglia 2: 5 gomitoli<\/li>\n<li>Taglia 3: 6 gomitoli<\/li>\n<li>Taglia 4: 6 gomitoli<\/li>\n<\/ul>\n<p><strong>Il kit include:<\/strong><\/p>\n<ul>\n<li>Il numero necessario di gomitoli di Super 20 nel colore scelto, in base alla taglia selezionata<\/li>\n<\/ul>\n<p><strong>Opzioni aggiuntive:<\/strong><\/p>\n<ul>\n<li>Il modello \u00e8 pubblicato nel libro <em>Crochet Sweaters with a Textured Twist<\/em> di <em>Linda Skuja<\/em>, acquistabile in inglese e tedesco (vedi link sotto)<\/li>\n<li>uncinetto 3.75 mm<\/li>\n<\/ul>\n<p>Tutto ci\u00f2 di cui hai bisogno per iniziare il tuo prossimo progetto all\u2019uncinetto preferito \u2014 semplice, elegante e stimolante.<\/p>\n","protected":false},"featured_media":25577,"template":"","meta":[],"product_brand":[],"product_cat":[1670,333],"product_tag":[1986,2102],"class_list":{"0":"post-25696","1":"product","2":"type-product","3":"status-publish","4":"has-post-thumbnail","6":"product_cat-kit-di-filati-indumenti","7":"product_cat-kit-di-filati","8":"product_tag-lindaskuja","9":"product_tag-super-20","10":"description-off","12":"first","13":"instock","14":"virtual","15":"taxable","16":"purchasable","17":"product-type-bundle"},"bundled_by":[],"bundle_stock_status":"instock","bundle_stock_quantity":32,"bundle_virtual":false,"bundle_layout":"default","bundle_add_to_cart_form_location":"default","bundle_editable_in_cart":false,"bundle_sold_individually_context":"product","bundle_item_grouping":"parent","bundle_min_size":"","bundle_max_size":"","bundle_price":{"price":{"min":{"incl_tax":"59.6","excl_tax":"55.13"},"max":{"incl_tax":"","excl_tax":""}},"regular_price":{"min":{"incl_tax":"59.6","excl_tax":"55.13"},"max":{"incl_tax":"","excl_tax":""}}},"bundled_items":[{"bundled_item_id":1002,"product_id":18372,"menu_order":0,"quantity_min":4,"quantity_max":"","quantity_default":4,"priced_individually":true,"shipped_individually":false,"override_title":false,"title":"EL.D.Mouzakis Butterfly &#8211; Super 20","override_description":true,"description":"Scegli il numero di gomitoli in base alla tua taglia:\r\n<ul>\r\n \t<li>Taglia 1: 4 gomitoli<\/li>\r\n \t<li>Taglia 2: 5 gomitoli<\/li>\r\n \t<li>Taglia 3: 6 gomitoli<\/li>\r\n \t<li>Taglia 4: 6 gomitoli<\/li>\r\n<\/ul>","optional":false,"hide_thumbnail":false,"discount":"","override_variations":false,"allowed_variations":[""],"override_default_variation_attributes":false,"default_variation_attributes":[],"single_product_visibility":"visible","cart_visibility":"visible","order_visibility":"visible","single_product_price_visibility":"visible","cart_price_visibility":"visible","order_price_visibility":"visible","stock_status":"in_stock"},{"bundled_item_id":1003,"product_id":7641,"menu_order":1,"quantity_min":1,"quantity_max":1,"quantity_default":1,"priced_individually":true,"shipped_individually":false,"override_title":false,"title":"Crochet Sweaters with a Textured Twist &#8211; Linda Skuja","override_description":true,"description":"","optional":true,"hide_thumbnail":false,"discount":"","override_variations":false,"allowed_variations":[""],"override_default_variation_attributes":false,"default_variation_attributes":[],"single_product_visibility":"visible","cart_visibility":"visible","order_visibility":"visible","single_product_price_visibility":"visible","cart_price_visibility":"visible","order_price_visibility":"visible","stock_status":"in_stock"},{"bundled_item_id":1004,"product_id":7333,"menu_order":2,"quantity_min":1,"quantity_max":1,"quantity_default":1,"priced_individually":true,"shipped_individually":false,"override_title":false,"title":"Lieblingspullis H\u00e4keln &#8211; Linda Skuja","override_description":true,"description":"","optional":true,"hide_thumbnail":false,"discount":"","override_variations":false,"allowed_variations":[""],"override_default_variation_attributes":false,"default_variation_attributes":[],"single_product_visibility":"visible","cart_visibility":"visible","order_visibility":"visible","single_product_price_visibility":"visible","cart_price_visibility":"visible","order_price_visibility":"visible","stock_status":"in_stock"},{"bundled_item_id":1005,"product_id":3527,"menu_order":3,"quantity_min":1,"quantity_max":1,"quantity_default":1,"priced_individually":true,"shipped_individually":false,"override_title":false,"title":"Tulip &#8211; Etimo Red &#8211; Uncinetto con manico morbido","override_description":true,"description":"","optional":true,"hide_thumbnail":false,"discount":"","override_variations":true,"allowed_variations":[16728],"override_default_variation_attributes":true,"default_variation_attributes":[{"id":0,"name":"Size","option":"3.75 mm"}],"single_product_visibility":"visible","cart_visibility":"visible","order_visibility":"visible","single_product_price_visibility":"visible","cart_price_visibility":"visible","order_price_visibility":"visible","stock_status":"in_stock"}],"bundle_sell_ids":[],"yoast_head":"<!-- This site is optimized with the Yoast SEO plugin v27.4 - https:\/\/yoast.com\/product\/yoast-seo-wordpress\/ -->\n<title>Piens Sweater con Super 20 \u2013 Kit di filati &#171; Swiss Crochet<\/title>\n<meta name=\"description\" content=\"Kit maglione Piens all\u2019uncinetto con filato Super 20. Elegante design strutturato di Linda Skuja con punti in rilievo e dettagli puff. Vestibilit\u00e0 moderna oversize nelle taglie 1\u20134.\" \/>\n<meta name=\"robots\" content=\"index, follow, max-snippet:-1, max-image-preview:large, max-video-preview:-1\" \/>\n<link rel=\"canonical\" href=\"https:\/\/www.swisscrochet.ch\/it\/prodotto\/piens-sweater-con-super-20-kit-di-filati\/\" \/>\n<meta property=\"og:locale\" content=\"it_IT\" \/>\n<meta property=\"og:type\" content=\"article\" \/>\n<meta property=\"og:title\" content=\"Piens Sweater con Super 20 \u2013 Kit di filati &#171; Swiss Crochet\" \/>\n<meta property=\"og:description\" content=\"Kit maglione Piens all\u2019uncinetto con filato Super 20. Elegante design strutturato di Linda Skuja con punti in rilievo e dettagli puff. Vestibilit\u00e0 moderna oversize nelle taglie 1\u20134.\" \/>\n<meta property=\"og:url\" content=\"https:\/\/www.swisscrochet.ch\/it\/prodotto\/piens-sweater-con-super-20-kit-di-filati\/\" \/>\n<meta property=\"og:site_name\" content=\"Swiss Crochet\" \/>\n<meta property=\"article:modified_time\" content=\"2026-03-07T15:57:46+00:00\" \/>\n<meta property=\"og:image\" content=\"https:\/\/www.swisscrochet.ch\/wp-content\/uploads\/2026\/03\/Piens-Sweater-Super-20-1.jpg\" \/>\n\t<meta property=\"og:image:width\" content=\"1000\" \/>\n\t<meta property=\"og:image:height\" content=\"1000\" \/>\n\t<meta property=\"og:image:type\" content=\"image\/jpeg\" \/>\n<meta name=\"twitter:card\" content=\"summary_large_image\" \/>\n<meta name=\"twitter:label1\" content=\"Tempo di lettura stimato\" \/>\n\t<meta name=\"twitter:data1\" content=\"1 minuto\" \/>\n<script type=\"application\/ld+json\" class=\"yoast-schema-graph\">{\"@context\":\"https:\\\/\\\/schema.org\",\"@graph\":[{\"@type\":[\"WebPage\",\"ItemPage\"],\"@id\":\"https:\\\/\\\/www.swisscrochet.ch\\\/it\\\/prodotto\\\/piens-sweater-con-super-20-kit-di-filati\\\/\",\"url\":\"https:\\\/\\\/www.swisscrochet.ch\\\/it\\\/prodotto\\\/piens-sweater-con-super-20-kit-di-filati\\\/\",\"name\":\"Piens Sweater con Super 20 \u2013 Kit di filati &#171; Swiss Crochet\",\"isPartOf\":{\"@id\":\"https:\\\/\\\/www.swisscrochet.ch\\\/#website\"},\"primaryImageOfPage\":{\"@id\":\"https:\\\/\\\/www.swisscrochet.ch\\\/it\\\/prodotto\\\/piens-sweater-con-super-20-kit-di-filati\\\/#primaryimage\"},\"image\":{\"@id\":\"https:\\\/\\\/www.swisscrochet.ch\\\/it\\\/prodotto\\\/piens-sweater-con-super-20-kit-di-filati\\\/#primaryimage\"},\"thumbnailUrl\":\"https:\\\/\\\/www.swisscrochet.ch\\\/wp-content\\\/uploads\\\/2026\\\/03\\\/Piens-Sweater-Super-20-1.jpg\",\"datePublished\":\"2026-03-07T14:35:59+00:00\",\"dateModified\":\"2026-03-07T15:57:46+00:00\",\"description\":\"Kit maglione Piens all\u2019uncinetto con filato Super 20. Elegante design strutturato di Linda Skuja con punti in rilievo e dettagli puff. Vestibilit\u00e0 moderna oversize nelle taglie 1\u20134.\",\"breadcrumb\":{\"@id\":\"https:\\\/\\\/www.swisscrochet.ch\\\/it\\\/prodotto\\\/piens-sweater-con-super-20-kit-di-filati\\\/#breadcrumb\"},\"inLanguage\":\"it-IT\",\"potentialAction\":[{\"@type\":\"ReadAction\",\"target\":[\"https:\\\/\\\/www.swisscrochet.ch\\\/it\\\/prodotto\\\/piens-sweater-con-super-20-kit-di-filati\\\/\"]}]},{\"@type\":\"ImageObject\",\"inLanguage\":\"it-IT\",\"@id\":\"https:\\\/\\\/www.swisscrochet.ch\\\/it\\\/prodotto\\\/piens-sweater-con-super-20-kit-di-filati\\\/#primaryimage\",\"url\":\"https:\\\/\\\/www.swisscrochet.ch\\\/wp-content\\\/uploads\\\/2026\\\/03\\\/Piens-Sweater-Super-20-1.jpg\",\"contentUrl\":\"https:\\\/\\\/www.swisscrochet.ch\\\/wp-content\\\/uploads\\\/2026\\\/03\\\/Piens-Sweater-Super-20-1.jpg\",\"width\":1000,\"height\":1000},{\"@type\":\"BreadcrumbList\",\"@id\":\"https:\\\/\\\/www.swisscrochet.ch\\\/it\\\/prodotto\\\/piens-sweater-con-super-20-kit-di-filati\\\/#breadcrumb\",\"itemListElement\":[{\"@type\":\"ListItem\",\"position\":1,\"name\":\"Home\",\"item\":\"https:\\\/\\\/www.swisscrochet.ch\\\/it\\\/\"},{\"@type\":\"ListItem\",\"position\":2,\"name\":\"Negozio\",\"item\":\"https:\\\/\\\/www.swisscrochet.ch\\\/it\\\/negozio\\\/\"},{\"@type\":\"ListItem\",\"position\":3,\"name\":\"Piens Sweater con Super 20 \u2013 Kit di filati\"}]},{\"@type\":\"WebSite\",\"@id\":\"https:\\\/\\\/www.swisscrochet.ch\\\/#website\",\"url\":\"https:\\\/\\\/www.swisscrochet.ch\\\/\",\"name\":\"Swiss Crochet\",\"description\":\"Sblocca il tuo potenziale creativo\",\"potentialAction\":[{\"@type\":\"SearchAction\",\"target\":{\"@type\":\"EntryPoint\",\"urlTemplate\":\"https:\\\/\\\/www.swisscrochet.ch\\\/?s={search_term_string}\"},\"query-input\":{\"@type\":\"PropertyValueSpecification\",\"valueRequired\":true,\"valueName\":\"search_term_string\"}}],\"inLanguage\":\"it-IT\"}]}<\/script>\n<!-- \/ Yoast SEO plugin. -->","yoast_head_json":{"title":"Piens Sweater con Super 20 \u2013 Kit di filati &#171; Swiss Crochet","description":"Kit maglione Piens all\u2019uncinetto con filato Super 20. Elegante design strutturato di Linda Skuja con punti in rilievo e dettagli puff. Vestibilit\u00e0 moderna oversize nelle taglie 1\u20134.","robots":{"index":"index","follow":"follow","max-snippet":"max-snippet:-1","max-image-preview":"max-image-preview:large","max-video-preview":"max-video-preview:-1"},"canonical":"https:\/\/www.swisscrochet.ch\/it\/prodotto\/piens-sweater-con-super-20-kit-di-filati\/","og_locale":"it_IT","og_type":"article","og_title":"Piens Sweater con Super 20 \u2013 Kit di filati &#171; Swiss Crochet","og_description":"Kit maglione Piens all\u2019uncinetto con filato Super 20. Elegante design strutturato di Linda Skuja con punti in rilievo e dettagli puff. Vestibilit\u00e0 moderna oversize nelle taglie 1\u20134.","og_url":"https:\/\/www.swisscrochet.ch\/it\/prodotto\/piens-sweater-con-super-20-kit-di-filati\/","og_site_name":"Swiss Crochet","article_modified_time":"2026-03-07T15:57:46+00:00","og_image":[{"width":1000,"height":1000,"url":"https:\/\/www.swisscrochet.ch\/wp-content\/uploads\/2026\/03\/Piens-Sweater-Super-20-1.jpg","type":"image\/jpeg"}],"twitter_card":"summary_large_image","twitter_misc":{"Tempo di lettura stimato":"1 minuto"},"schema":{"@context":"https:\/\/schema.org","@graph":[{"@type":["WebPage","ItemPage"],"@id":"https:\/\/www.swisscrochet.ch\/it\/prodotto\/piens-sweater-con-super-20-kit-di-filati\/","url":"https:\/\/www.swisscrochet.ch\/it\/prodotto\/piens-sweater-con-super-20-kit-di-filati\/","name":"Piens Sweater con Super 20 \u2013 Kit di filati &#171; Swiss Crochet","isPartOf":{"@id":"https:\/\/www.swisscrochet.ch\/#website"},"primaryImageOfPage":{"@id":"https:\/\/www.swisscrochet.ch\/it\/prodotto\/piens-sweater-con-super-20-kit-di-filati\/#primaryimage"},"image":{"@id":"https:\/\/www.swisscrochet.ch\/it\/prodotto\/piens-sweater-con-super-20-kit-di-filati\/#primaryimage"},"thumbnailUrl":"https:\/\/www.swisscrochet.ch\/wp-content\/uploads\/2026\/03\/Piens-Sweater-Super-20-1.jpg","datePublished":"2026-03-07T14:35:59+00:00","dateModified":"2026-03-07T15:57:46+00:00","description":"Kit maglione Piens all\u2019uncinetto con filato Super 20. Elegante design strutturato di Linda Skuja con punti in rilievo e dettagli puff. Vestibilit\u00e0 moderna oversize nelle taglie 1\u20134.","breadcrumb":{"@id":"https:\/\/www.swisscrochet.ch\/it\/prodotto\/piens-sweater-con-super-20-kit-di-filati\/#breadcrumb"},"inLanguage":"it-IT","potentialAction":[{"@type":"ReadAction","target":["https:\/\/www.swisscrochet.ch\/it\/prodotto\/piens-sweater-con-super-20-kit-di-filati\/"]}]},{"@type":"ImageObject","inLanguage":"it-IT","@id":"https:\/\/www.swisscrochet.ch\/it\/prodotto\/piens-sweater-con-super-20-kit-di-filati\/#primaryimage","url":"https:\/\/www.swisscrochet.ch\/wp-content\/uploads\/2026\/03\/Piens-Sweater-Super-20-1.jpg","contentUrl":"https:\/\/www.swisscrochet.ch\/wp-content\/uploads\/2026\/03\/Piens-Sweater-Super-20-1.jpg","width":1000,"height":1000},{"@type":"BreadcrumbList","@id":"https:\/\/www.swisscrochet.ch\/it\/prodotto\/piens-sweater-con-super-20-kit-di-filati\/#breadcrumb","itemListElement":[{"@type":"ListItem","position":1,"name":"Home","item":"https:\/\/www.swisscrochet.ch\/it\/"},{"@type":"ListItem","position":2,"name":"Negozio","item":"https:\/\/www.swisscrochet.ch\/it\/negozio\/"},{"@type":"ListItem","position":3,"name":"Piens Sweater con Super 20 \u2013 Kit di filati"}]},{"@type":"WebSite","@id":"https:\/\/www.swisscrochet.ch\/#website","url":"https:\/\/www.swisscrochet.ch\/","name":"Swiss Crochet","description":"Sblocca il tuo potenziale creativo","potentialAction":[{"@type":"SearchAction","target":{"@type":"EntryPoint","urlTemplate":"https:\/\/www.swisscrochet.ch\/?s={search_term_string}"},"query-input":{"@type":"PropertyValueSpecification","valueRequired":true,"valueName":"search_term_string"}}],"inLanguage":"it-IT"}]}},"_links":{"self":[{"href":"https:\/\/www.swisscrochet.ch\/it\/wp-json\/wp\/v2\/product\/25696","targetHints":{"allow":["GET"]}}],"collection":[{"href":"https:\/\/www.swisscrochet.ch\/it\/wp-json\/wp\/v2\/product"}],"about":[{"href":"https:\/\/www.swisscrochet.ch\/it\/wp-json\/wp\/v2\/types\/product"}],"wp:featuredmedia":[{"embeddable":true,"href":"https:\/\/www.swisscrochet.ch\/it\/wp-json\/wp\/v2\/media\/25577"}],"wp:attachment":[{"href":"https:\/\/www.swisscrochet.ch\/it\/wp-json\/wp\/v2\/media?parent=25696"}],"wp:term":[{"taxonomy":"product_brand","embeddable":true,"href":"https:\/\/www.swisscrochet.ch\/it\/wp-json\/wp\/v2\/product_brand?post=25696"},{"taxonomy":"product_cat","embeddable":true,"href":"https:\/\/www.swisscrochet.ch\/it\/wp-json\/wp\/v2\/product_cat?post=25696"},{"taxonomy":"product_tag","embeddable":true,"href":"https:\/\/www.swisscrochet.ch\/it\/wp-json\/wp\/v2\/product_tag?post=25696"}],"curies":[{"name":"wp","href":"https:\/\/api.w.org\/{rel}","templated":true}]}}