{"id":25961,"date":"2026-03-08T13:06:00","date_gmt":"2026-03-08T12:06:00","guid":{"rendered":"https:\/\/www.swisscrochet.ch\/product\/hoooked-macrame-board\/"},"modified":"2026-03-08T13:14:01","modified_gmt":"2026-03-08T12:14:01","slug":"hoooked-tavola-per-macrame","status":"publish","type":"product","link":"https:\/\/www.swisscrochet.ch\/it\/prodotto\/hoooked-tavola-per-macrame\/","title":{"rendered":"Hoooked \u2013 Tavola per macram\u00e8"},"content":{"rendered":"","protected":false},"excerpt":{"rendered":"<p>Lavora con maggiore precisione con la tavola per macram\u00e8 Hoooked. Questa tavola rettangolare leggera \u00e8 progettata per supportare progetti di macram\u00e8 di piccole e medie dimensioni, aiutandoti a mantenere i nodi allineati e il lavoro ben fissato mentre crei.<\/p>\n<p><strong>Realizzata in sughero naturale al 100 % in Portogallo<\/strong>, la tavola presenta una griglia quadrata stampata che aiuta nel posizionamento preciso e nell\u2019allineamento di corde e punti. La griglia rende anche facile misurare e mantenere una spaziatura uniforme man mano che il progetto cresce.<\/p>\n<p><strong>Sebbene sia stata sviluppata per il macram\u00e8, questa tavola versatile \u00e8 altrettanto utile per l\u2019uncinetto<\/strong>. Pu\u00f2 essere utilizzata come tavola compatta per il bloccaggio di pezzi pi\u00f9 piccoli, con la griglia che aiuta a fissare il lavoro in forme e misure precise.<\/p>\n<p>La tavola viene fornita con un set di 10 spilli per iniziare subito, e ulteriori spilli possono essere acquistati separatamente se necessario.<\/p>\n<p><strong>Dettagli<\/strong><br \/>\n\u2013 Realizzata in sughero naturale al 100 %<br \/>\n\u2013 Prodotta in Portogallo<br \/>\n\u2013 Griglia quadrata stampata per allineare e misurare<br \/>\n\u2013 Adatta per progetti di macram\u00e8 e per il bloccaggio di lavori all\u2019uncinetto<br \/>\n\u2013 Include 10 spilli<br \/>\n\u2013 Dimensioni: 25 \u00d7 35 cm<br \/>\n\u2013 Leggera e facile da maneggiare<\/p>\n<p>Uno strumento pratico per mantenere i tuoi progetti ordinati, precisi e facili da gestire mentre lavori.<\/p>\n","protected":false},"featured_media":25828,"template":"","meta":[],"product_brand":[],"product_cat":[576,2049,222],"product_tag":[],"class_list":{"0":"post-25961","1":"product","2":"type-product","3":"status-publish","4":"has-post-thumbnail","6":"product_cat-accessori-per-il-bloccaggio","7":"product_cat-strumenti-per-macrame","8":"product_cat-uncinetti-e-accessori","9":"pa_t1-manufacturer-hoooked-it","10":"description-off","12":"first","13":"instock","14":"taxable","15":"shipping-taxable","16":"purchasable","17":"product-type-simple"},"bundled_by":[],"bundle_stock_status":"instock","bundle_stock_quantity":6,"bundle_virtual":false,"bundle_layout":"","bundle_add_to_cart_form_location":"","bundle_editable_in_cart":false,"bundle_sold_individually_context":"","bundle_item_grouping":"","bundle_min_size":"","bundle_max_size":"","bundle_price":[],"bundled_items":[],"bundle_sell_ids":[],"yoast_head":"<!-- This site is optimized with the Yoast SEO plugin v27.4 - https:\/\/yoast.com\/product\/yoast-seo-wordpress\/ -->\n<title>Hoooked \u2013 Tavola per macram\u00e8 &#171; Swiss Crochet<\/title>\n<meta name=\"description\" content=\"Tavola per macram\u00e8 Hoooked in sughero naturale con griglia stampata e 10 spilli. Ideale per piccoli progetti di macram\u00e8 e come tavola per bloccare lavori all\u2019uncinetto. Dimensioni: 25 \u00d7 35 cm.\" \/>\n<meta name=\"robots\" content=\"index, follow, max-snippet:-1, max-image-preview:large, max-video-preview:-1\" \/>\n<link rel=\"canonical\" href=\"https:\/\/www.swisscrochet.ch\/it\/prodotto\/hoooked-tavola-per-macrame\/\" \/>\n<meta property=\"og:locale\" content=\"it_IT\" \/>\n<meta property=\"og:type\" content=\"article\" \/>\n<meta property=\"og:title\" content=\"Hoooked \u2013 Tavola per macram\u00e8 &#171; Swiss Crochet\" \/>\n<meta property=\"og:description\" content=\"Tavola per macram\u00e8 Hoooked in sughero naturale con griglia stampata e 10 spilli. Ideale per piccoli progetti di macram\u00e8 e come tavola per bloccare lavori all\u2019uncinetto. Dimensioni: 25 \u00d7 35 cm.\" \/>\n<meta property=\"og:url\" content=\"https:\/\/www.swisscrochet.ch\/it\/prodotto\/hoooked-tavola-per-macrame\/\" \/>\n<meta property=\"og:site_name\" content=\"Swiss Crochet\" \/>\n<meta property=\"article:modified_time\" content=\"2026-03-08T12:14:01+00:00\" \/>\n<meta property=\"og:image\" content=\"https:\/\/www.swisscrochet.ch\/wp-content\/uploads\/2026\/03\/Hoooked-Macrame-Board-Overview.jpg\" \/>\n\t<meta property=\"og:image:width\" content=\"1000\" \/>\n\t<meta property=\"og:image:height\" content=\"1000\" \/>\n\t<meta property=\"og:image:type\" content=\"image\/jpeg\" \/>\n<meta name=\"twitter:card\" content=\"summary_large_image\" \/>\n<meta name=\"twitter:label1\" content=\"Tempo di lettura stimato\" \/>\n\t<meta name=\"twitter:data1\" content=\"1 minuto\" \/>\n<script type=\"application\/ld+json\" class=\"yoast-schema-graph\">{\"@context\":\"https:\\\/\\\/schema.org\",\"@graph\":[{\"@type\":[\"WebPage\",\"ItemPage\"],\"@id\":\"https:\\\/\\\/www.swisscrochet.ch\\\/it\\\/prodotto\\\/hoooked-tavola-per-macrame\\\/\",\"url\":\"https:\\\/\\\/www.swisscrochet.ch\\\/it\\\/prodotto\\\/hoooked-tavola-per-macrame\\\/\",\"name\":\"Hoooked \u2013 Tavola per macram\u00e8 &#171; Swiss Crochet\",\"isPartOf\":{\"@id\":\"https:\\\/\\\/www.swisscrochet.ch\\\/#website\"},\"primaryImageOfPage\":{\"@id\":\"https:\\\/\\\/www.swisscrochet.ch\\\/it\\\/prodotto\\\/hoooked-tavola-per-macrame\\\/#primaryimage\"},\"image\":{\"@id\":\"https:\\\/\\\/www.swisscrochet.ch\\\/it\\\/prodotto\\\/hoooked-tavola-per-macrame\\\/#primaryimage\"},\"thumbnailUrl\":\"https:\\\/\\\/www.swisscrochet.ch\\\/wp-content\\\/uploads\\\/2026\\\/03\\\/Hoooked-Macrame-Board-Overview.jpg\",\"datePublished\":\"2026-03-08T12:06:00+00:00\",\"dateModified\":\"2026-03-08T12:14:01+00:00\",\"description\":\"Tavola per macram\u00e8 Hoooked in sughero naturale con griglia stampata e 10 spilli. Ideale per piccoli progetti di macram\u00e8 e come tavola per bloccare lavori all\u2019uncinetto. Dimensioni: 25 \u00d7 35 cm.\",\"breadcrumb\":{\"@id\":\"https:\\\/\\\/www.swisscrochet.ch\\\/it\\\/prodotto\\\/hoooked-tavola-per-macrame\\\/#breadcrumb\"},\"inLanguage\":\"it-IT\",\"potentialAction\":[{\"@type\":\"ReadAction\",\"target\":[\"https:\\\/\\\/www.swisscrochet.ch\\\/it\\\/prodotto\\\/hoooked-tavola-per-macrame\\\/\"]}]},{\"@type\":\"ImageObject\",\"inLanguage\":\"it-IT\",\"@id\":\"https:\\\/\\\/www.swisscrochet.ch\\\/it\\\/prodotto\\\/hoooked-tavola-per-macrame\\\/#primaryimage\",\"url\":\"https:\\\/\\\/www.swisscrochet.ch\\\/wp-content\\\/uploads\\\/2026\\\/03\\\/Hoooked-Macrame-Board-Overview.jpg\",\"contentUrl\":\"https:\\\/\\\/www.swisscrochet.ch\\\/wp-content\\\/uploads\\\/2026\\\/03\\\/Hoooked-Macrame-Board-Overview.jpg\",\"width\":1000,\"height\":1000},{\"@type\":\"BreadcrumbList\",\"@id\":\"https:\\\/\\\/www.swisscrochet.ch\\\/it\\\/prodotto\\\/hoooked-tavola-per-macrame\\\/#breadcrumb\",\"itemListElement\":[{\"@type\":\"ListItem\",\"position\":1,\"name\":\"Home\",\"item\":\"https:\\\/\\\/www.swisscrochet.ch\\\/it\\\/\"},{\"@type\":\"ListItem\",\"position\":2,\"name\":\"Negozio\",\"item\":\"https:\\\/\\\/www.swisscrochet.ch\\\/it\\\/negozio\\\/\"},{\"@type\":\"ListItem\",\"position\":3,\"name\":\"Hoooked \u2013 Tavola per macram\u00e8\"}]},{\"@type\":\"WebSite\",\"@id\":\"https:\\\/\\\/www.swisscrochet.ch\\\/#website\",\"url\":\"https:\\\/\\\/www.swisscrochet.ch\\\/\",\"name\":\"Swiss Crochet\",\"description\":\"Sblocca il tuo potenziale creativo\",\"potentialAction\":[{\"@type\":\"SearchAction\",\"target\":{\"@type\":\"EntryPoint\",\"urlTemplate\":\"https:\\\/\\\/www.swisscrochet.ch\\\/?s={search_term_string}\"},\"query-input\":{\"@type\":\"PropertyValueSpecification\",\"valueRequired\":true,\"valueName\":\"search_term_string\"}}],\"inLanguage\":\"it-IT\"}]}<\/script>\n<!-- \/ Yoast SEO plugin. -->","yoast_head_json":{"title":"Hoooked \u2013 Tavola per macram\u00e8 &#171; Swiss Crochet","description":"Tavola per macram\u00e8 Hoooked in sughero naturale con griglia stampata e 10 spilli. Ideale per piccoli progetti di macram\u00e8 e come tavola per bloccare lavori all\u2019uncinetto. Dimensioni: 25 \u00d7 35 cm.","robots":{"index":"index","follow":"follow","max-snippet":"max-snippet:-1","max-image-preview":"max-image-preview:large","max-video-preview":"max-video-preview:-1"},"canonical":"https:\/\/www.swisscrochet.ch\/it\/prodotto\/hoooked-tavola-per-macrame\/","og_locale":"it_IT","og_type":"article","og_title":"Hoooked \u2013 Tavola per macram\u00e8 &#171; Swiss Crochet","og_description":"Tavola per macram\u00e8 Hoooked in sughero naturale con griglia stampata e 10 spilli. Ideale per piccoli progetti di macram\u00e8 e come tavola per bloccare lavori all\u2019uncinetto. Dimensioni: 25 \u00d7 35 cm.","og_url":"https:\/\/www.swisscrochet.ch\/it\/prodotto\/hoooked-tavola-per-macrame\/","og_site_name":"Swiss Crochet","article_modified_time":"2026-03-08T12:14:01+00:00","og_image":[{"width":1000,"height":1000,"url":"https:\/\/www.swisscrochet.ch\/wp-content\/uploads\/2026\/03\/Hoooked-Macrame-Board-Overview.jpg","type":"image\/jpeg"}],"twitter_card":"summary_large_image","twitter_misc":{"Tempo di lettura stimato":"1 minuto"},"schema":{"@context":"https:\/\/schema.org","@graph":[{"@type":["WebPage","ItemPage"],"@id":"https:\/\/www.swisscrochet.ch\/it\/prodotto\/hoooked-tavola-per-macrame\/","url":"https:\/\/www.swisscrochet.ch\/it\/prodotto\/hoooked-tavola-per-macrame\/","name":"Hoooked \u2013 Tavola per macram\u00e8 &#171; Swiss Crochet","isPartOf":{"@id":"https:\/\/www.swisscrochet.ch\/#website"},"primaryImageOfPage":{"@id":"https:\/\/www.swisscrochet.ch\/it\/prodotto\/hoooked-tavola-per-macrame\/#primaryimage"},"image":{"@id":"https:\/\/www.swisscrochet.ch\/it\/prodotto\/hoooked-tavola-per-macrame\/#primaryimage"},"thumbnailUrl":"https:\/\/www.swisscrochet.ch\/wp-content\/uploads\/2026\/03\/Hoooked-Macrame-Board-Overview.jpg","datePublished":"2026-03-08T12:06:00+00:00","dateModified":"2026-03-08T12:14:01+00:00","description":"Tavola per macram\u00e8 Hoooked in sughero naturale con griglia stampata e 10 spilli. Ideale per piccoli progetti di macram\u00e8 e come tavola per bloccare lavori all\u2019uncinetto. Dimensioni: 25 \u00d7 35 cm.","breadcrumb":{"@id":"https:\/\/www.swisscrochet.ch\/it\/prodotto\/hoooked-tavola-per-macrame\/#breadcrumb"},"inLanguage":"it-IT","potentialAction":[{"@type":"ReadAction","target":["https:\/\/www.swisscrochet.ch\/it\/prodotto\/hoooked-tavola-per-macrame\/"]}]},{"@type":"ImageObject","inLanguage":"it-IT","@id":"https:\/\/www.swisscrochet.ch\/it\/prodotto\/hoooked-tavola-per-macrame\/#primaryimage","url":"https:\/\/www.swisscrochet.ch\/wp-content\/uploads\/2026\/03\/Hoooked-Macrame-Board-Overview.jpg","contentUrl":"https:\/\/www.swisscrochet.ch\/wp-content\/uploads\/2026\/03\/Hoooked-Macrame-Board-Overview.jpg","width":1000,"height":1000},{"@type":"BreadcrumbList","@id":"https:\/\/www.swisscrochet.ch\/it\/prodotto\/hoooked-tavola-per-macrame\/#breadcrumb","itemListElement":[{"@type":"ListItem","position":1,"name":"Home","item":"https:\/\/www.swisscrochet.ch\/it\/"},{"@type":"ListItem","position":2,"name":"Negozio","item":"https:\/\/www.swisscrochet.ch\/it\/negozio\/"},{"@type":"ListItem","position":3,"name":"Hoooked \u2013 Tavola per macram\u00e8"}]},{"@type":"WebSite","@id":"https:\/\/www.swisscrochet.ch\/#website","url":"https:\/\/www.swisscrochet.ch\/","name":"Swiss Crochet","description":"Sblocca il tuo potenziale creativo","potentialAction":[{"@type":"SearchAction","target":{"@type":"EntryPoint","urlTemplate":"https:\/\/www.swisscrochet.ch\/?s={search_term_string}"},"query-input":{"@type":"PropertyValueSpecification","valueRequired":true,"valueName":"search_term_string"}}],"inLanguage":"it-IT"}]}},"_links":{"self":[{"href":"https:\/\/www.swisscrochet.ch\/it\/wp-json\/wp\/v2\/product\/25961","targetHints":{"allow":["GET"]}}],"collection":[{"href":"https:\/\/www.swisscrochet.ch\/it\/wp-json\/wp\/v2\/product"}],"about":[{"href":"https:\/\/www.swisscrochet.ch\/it\/wp-json\/wp\/v2\/types\/product"}],"wp:featuredmedia":[{"embeddable":true,"href":"https:\/\/www.swisscrochet.ch\/it\/wp-json\/wp\/v2\/media\/25828"}],"wp:attachment":[{"href":"https:\/\/www.swisscrochet.ch\/it\/wp-json\/wp\/v2\/media?parent=25961"}],"wp:term":[{"taxonomy":"product_brand","embeddable":true,"href":"https:\/\/www.swisscrochet.ch\/it\/wp-json\/wp\/v2\/product_brand?post=25961"},{"taxonomy":"product_cat","embeddable":true,"href":"https:\/\/www.swisscrochet.ch\/it\/wp-json\/wp\/v2\/product_cat?post=25961"},{"taxonomy":"product_tag","embeddable":true,"href":"https:\/\/www.swisscrochet.ch\/it\/wp-json\/wp\/v2\/product_tag?post=25961"}],"curies":[{"name":"wp","href":"https:\/\/api.w.org\/{rel}","templated":true}]}}