{"id":2776,"date":"2025-01-10T17:29:47","date_gmt":"2025-01-10T16:29:47","guid":{"rendered":"https:\/\/www.swisscrochet.ch\/product\/nakyang-daol\/"},"modified":"2026-04-10T14:21:55","modified_gmt":"2026-04-10T12:21:55","slug":"nakyang-daol","status":"publish","type":"product","link":"https:\/\/www.swisscrochet.ch\/it\/prodotto\/nakyang-daol\/","title":{"rendered":"Nakyang &#8211; Daol"},"content":{"rendered":"","protected":false},"excerpt":{"rendered":"<p>Daol \u00e8 un filato unico nel suo genere, realizzato al 100% in carta coreana, progettato per progetti che richiedono forza e struttura. La sua costruzione a 4 fili crea una superficie liscia e uniforme, mentre la torsione Z previene lo sfilacciamento o la divisione durante la lavorazione, garantendo un\u2019esperienza piacevole.<\/p>\n<p>l processo di filatura avviene nello stabilimento di propriet\u00e0 di Nakyang a Gyeongsan, in Corea del Sud, vicino a Daegu, ex polo tessile del paese. Il processo di tintura \u00e8 svolto da aziende partner situate nelle immediate vicinanze, tutte nell\u2019area di Gyeongsan e Daegu.<\/p>\n<p>Avere filatura e tintoria localizzate vicino tra loro consente distanze di trasporto ridotte tra le diverse fasi produttive e favorisce un processo di produzione pi\u00f9 snello e concentrato a livello locale.<\/p>\n<p>Grazie alla sua composizione in carta, Daol non offre elasticit\u00e0, rendendolo perfetto per creare cestini, borse, cappelli e altri oggetti che devono mantenere la forma e resistere alla trazione. Tuttavia, questa mancanza di elasticit\u00e0 lo rende meno adatto per capi da indossare.<\/p>\n<p>Il campione illustrato \u00e8 stato lavato a mano e stirato a vapore.<\/p>\n<p>Scegli Daol per progetti in cui forza, struttura e un materiale unico fanno la differenza.<\/p>\n<p><strong>Disponibile in esclusiva da Swiss Crochet.<\/strong><\/p>\n<p><strong>Nota \u2013 10.04.2026:<\/strong> Per i colori con disponibilit\u00e0 limitata o attualmente esauriti: questo filato \u00e8 prodotto in Corea del Sud, dove viene filato e tinto. A causa dell\u2019attuale situazione politica, i tempi di consegna sono incerti. Poich\u00e9 le spedizioni avvengono via mare, il riassortimento pu\u00f2 richiedere circa 2 mesi o pi\u00f9.<\/p>\n<p>Il filato \u00e8 tinto in modo molto uniforme, senza differenze visibili tra i lotti di tintura. Puoi quindi combinare con sicurezza i lotti attuali e futuri, se necessario.<\/p>\n<p>Grazie per la tua pazienza.<\/p>\n","protected":false},"featured_media":3928,"template":"","meta":[],"product_brand":[],"product_cat":[1883,228],"product_tag":[],"class_list":{"0":"post-2776","1":"product","2":"type-product","3":"status-publish","4":"has-post-thumbnail","6":"product_cat-filati-borse-e-decorazioni-per-la-casa","7":"product_cat-filati","8":"pa_y1-brand-nakyang-it","9":"pa_y17-yarn-weight-aran-it","10":"description-off","12":"first","13":"instock","14":"taxable","15":"shipping-taxable","16":"purchasable","17":"product-type-variable","18":"wvs-archive-product-wrapper"},"bundled_by":["16146","16155"],"bundle_stock_status":"instock","bundle_stock_quantity":null,"bundle_virtual":false,"bundle_layout":"","bundle_add_to_cart_form_location":"","bundle_editable_in_cart":false,"bundle_sold_individually_context":"","bundle_item_grouping":"","bundle_min_size":"","bundle_max_size":"","bundle_price":[],"bundled_items":[],"bundle_sell_ids":[],"yoast_head":"<!-- This site is optimized with the Yoast SEO plugin v27.4 - https:\/\/yoast.com\/product\/yoast-seo-wordpress\/ -->\n<title>Nakyang - Daol &#171; Swiss Crochet<\/title>\n<meta name=\"description\" content=\"Nakyang Daol - Filato di carta coreano unico al 100% con costruzione a 4 capi e torsione Z. Perfetto per progetti strutturati come cestini, borse e cappelli.\" \/>\n<meta name=\"robots\" content=\"index, follow, max-snippet:-1, max-image-preview:large, max-video-preview:-1\" \/>\n<link rel=\"canonical\" href=\"https:\/\/www.swisscrochet.ch\/it\/prodotto\/nakyang-daol\/\" \/>\n<meta property=\"og:locale\" content=\"it_IT\" \/>\n<meta property=\"og:type\" content=\"article\" \/>\n<meta property=\"og:title\" content=\"Nakyang - Daol &#171; Swiss Crochet\" \/>\n<meta property=\"og:description\" content=\"Nakyang Daol - Filato di carta coreano unico al 100% con costruzione a 4 capi e torsione Z. Perfetto per progetti strutturati come cestini, borse e cappelli.\" \/>\n<meta property=\"og:url\" content=\"https:\/\/www.swisscrochet.ch\/it\/prodotto\/nakyang-daol\/\" \/>\n<meta property=\"og:site_name\" content=\"Swiss Crochet\" \/>\n<meta property=\"article:modified_time\" content=\"2026-04-10T12:21:55+00:00\" \/>\n<meta property=\"og:image\" content=\"https:\/\/www.swisscrochet.ch\/wp-content\/uploads\/2025\/01\/Nakyang-Daol-Overview.jpg\" \/>\n\t<meta property=\"og:image:width\" content=\"1000\" \/>\n\t<meta property=\"og:image:height\" content=\"1000\" \/>\n\t<meta property=\"og:image:type\" content=\"image\/jpeg\" \/>\n<meta name=\"twitter:card\" content=\"summary_large_image\" \/>\n<meta name=\"twitter:label1\" content=\"Tempo di lettura stimato\" \/>\n\t<meta name=\"twitter:data1\" content=\"1 minuto\" \/>\n<script type=\"application\/ld+json\" class=\"yoast-schema-graph\">{\"@context\":\"https:\\\/\\\/schema.org\",\"@graph\":[{\"@type\":[\"WebPage\",\"ItemPage\"],\"@id\":\"https:\\\/\\\/www.swisscrochet.ch\\\/it\\\/prodotto\\\/nakyang-daol\\\/\",\"url\":\"https:\\\/\\\/www.swisscrochet.ch\\\/it\\\/prodotto\\\/nakyang-daol\\\/\",\"name\":\"Nakyang - Daol &#171; Swiss Crochet\",\"isPartOf\":{\"@id\":\"https:\\\/\\\/www.swisscrochet.ch\\\/#website\"},\"primaryImageOfPage\":{\"@id\":\"https:\\\/\\\/www.swisscrochet.ch\\\/it\\\/prodotto\\\/nakyang-daol\\\/#primaryimage\"},\"image\":{\"@id\":\"https:\\\/\\\/www.swisscrochet.ch\\\/it\\\/prodotto\\\/nakyang-daol\\\/#primaryimage\"},\"thumbnailUrl\":\"https:\\\/\\\/www.swisscrochet.ch\\\/wp-content\\\/uploads\\\/2025\\\/01\\\/Nakyang-Daol-Overview.jpg\",\"datePublished\":\"2025-01-10T16:29:47+00:00\",\"dateModified\":\"2026-04-10T12:21:55+00:00\",\"description\":\"Nakyang Daol - Filato di carta coreano unico al 100% con costruzione a 4 capi e torsione Z. Perfetto per progetti strutturati come cestini, borse e cappelli.\",\"breadcrumb\":{\"@id\":\"https:\\\/\\\/www.swisscrochet.ch\\\/it\\\/prodotto\\\/nakyang-daol\\\/#breadcrumb\"},\"inLanguage\":\"it-IT\",\"potentialAction\":[{\"@type\":\"ReadAction\",\"target\":[\"https:\\\/\\\/www.swisscrochet.ch\\\/it\\\/prodotto\\\/nakyang-daol\\\/\"]}]},{\"@type\":\"ImageObject\",\"inLanguage\":\"it-IT\",\"@id\":\"https:\\\/\\\/www.swisscrochet.ch\\\/it\\\/prodotto\\\/nakyang-daol\\\/#primaryimage\",\"url\":\"https:\\\/\\\/www.swisscrochet.ch\\\/wp-content\\\/uploads\\\/2025\\\/01\\\/Nakyang-Daol-Overview.jpg\",\"contentUrl\":\"https:\\\/\\\/www.swisscrochet.ch\\\/wp-content\\\/uploads\\\/2025\\\/01\\\/Nakyang-Daol-Overview.jpg\",\"width\":1000,\"height\":1000},{\"@type\":\"BreadcrumbList\",\"@id\":\"https:\\\/\\\/www.swisscrochet.ch\\\/it\\\/prodotto\\\/nakyang-daol\\\/#breadcrumb\",\"itemListElement\":[{\"@type\":\"ListItem\",\"position\":1,\"name\":\"Home\",\"item\":\"https:\\\/\\\/www.swisscrochet.ch\\\/it\\\/\"},{\"@type\":\"ListItem\",\"position\":2,\"name\":\"Negozio\",\"item\":\"https:\\\/\\\/www.swisscrochet.ch\\\/it\\\/negozio\\\/\"},{\"@type\":\"ListItem\",\"position\":3,\"name\":\"Nakyang &#8211; Daol\"}]},{\"@type\":\"WebSite\",\"@id\":\"https:\\\/\\\/www.swisscrochet.ch\\\/#website\",\"url\":\"https:\\\/\\\/www.swisscrochet.ch\\\/\",\"name\":\"Swiss Crochet\",\"description\":\"Sblocca il tuo potenziale creativo\",\"potentialAction\":[{\"@type\":\"SearchAction\",\"target\":{\"@type\":\"EntryPoint\",\"urlTemplate\":\"https:\\\/\\\/www.swisscrochet.ch\\\/?s={search_term_string}\"},\"query-input\":{\"@type\":\"PropertyValueSpecification\",\"valueRequired\":true,\"valueName\":\"search_term_string\"}}],\"inLanguage\":\"it-IT\"}]}<\/script>\n<!-- \/ Yoast SEO plugin. -->","yoast_head_json":{"title":"Nakyang - Daol &#171; Swiss Crochet","description":"Nakyang Daol - Filato di carta coreano unico al 100% con costruzione a 4 capi e torsione Z. Perfetto per progetti strutturati come cestini, borse e cappelli.","robots":{"index":"index","follow":"follow","max-snippet":"max-snippet:-1","max-image-preview":"max-image-preview:large","max-video-preview":"max-video-preview:-1"},"canonical":"https:\/\/www.swisscrochet.ch\/it\/prodotto\/nakyang-daol\/","og_locale":"it_IT","og_type":"article","og_title":"Nakyang - Daol &#171; Swiss Crochet","og_description":"Nakyang Daol - Filato di carta coreano unico al 100% con costruzione a 4 capi e torsione Z. Perfetto per progetti strutturati come cestini, borse e cappelli.","og_url":"https:\/\/www.swisscrochet.ch\/it\/prodotto\/nakyang-daol\/","og_site_name":"Swiss Crochet","article_modified_time":"2026-04-10T12:21:55+00:00","og_image":[{"width":1000,"height":1000,"url":"https:\/\/www.swisscrochet.ch\/wp-content\/uploads\/2025\/01\/Nakyang-Daol-Overview.jpg","type":"image\/jpeg"}],"twitter_card":"summary_large_image","twitter_misc":{"Tempo di lettura stimato":"1 minuto"},"schema":{"@context":"https:\/\/schema.org","@graph":[{"@type":["WebPage","ItemPage"],"@id":"https:\/\/www.swisscrochet.ch\/it\/prodotto\/nakyang-daol\/","url":"https:\/\/www.swisscrochet.ch\/it\/prodotto\/nakyang-daol\/","name":"Nakyang - Daol &#171; Swiss Crochet","isPartOf":{"@id":"https:\/\/www.swisscrochet.ch\/#website"},"primaryImageOfPage":{"@id":"https:\/\/www.swisscrochet.ch\/it\/prodotto\/nakyang-daol\/#primaryimage"},"image":{"@id":"https:\/\/www.swisscrochet.ch\/it\/prodotto\/nakyang-daol\/#primaryimage"},"thumbnailUrl":"https:\/\/www.swisscrochet.ch\/wp-content\/uploads\/2025\/01\/Nakyang-Daol-Overview.jpg","datePublished":"2025-01-10T16:29:47+00:00","dateModified":"2026-04-10T12:21:55+00:00","description":"Nakyang Daol - Filato di carta coreano unico al 100% con costruzione a 4 capi e torsione Z. Perfetto per progetti strutturati come cestini, borse e cappelli.","breadcrumb":{"@id":"https:\/\/www.swisscrochet.ch\/it\/prodotto\/nakyang-daol\/#breadcrumb"},"inLanguage":"it-IT","potentialAction":[{"@type":"ReadAction","target":["https:\/\/www.swisscrochet.ch\/it\/prodotto\/nakyang-daol\/"]}]},{"@type":"ImageObject","inLanguage":"it-IT","@id":"https:\/\/www.swisscrochet.ch\/it\/prodotto\/nakyang-daol\/#primaryimage","url":"https:\/\/www.swisscrochet.ch\/wp-content\/uploads\/2025\/01\/Nakyang-Daol-Overview.jpg","contentUrl":"https:\/\/www.swisscrochet.ch\/wp-content\/uploads\/2025\/01\/Nakyang-Daol-Overview.jpg","width":1000,"height":1000},{"@type":"BreadcrumbList","@id":"https:\/\/www.swisscrochet.ch\/it\/prodotto\/nakyang-daol\/#breadcrumb","itemListElement":[{"@type":"ListItem","position":1,"name":"Home","item":"https:\/\/www.swisscrochet.ch\/it\/"},{"@type":"ListItem","position":2,"name":"Negozio","item":"https:\/\/www.swisscrochet.ch\/it\/negozio\/"},{"@type":"ListItem","position":3,"name":"Nakyang &#8211; Daol"}]},{"@type":"WebSite","@id":"https:\/\/www.swisscrochet.ch\/#website","url":"https:\/\/www.swisscrochet.ch\/","name":"Swiss Crochet","description":"Sblocca il tuo potenziale creativo","potentialAction":[{"@type":"SearchAction","target":{"@type":"EntryPoint","urlTemplate":"https:\/\/www.swisscrochet.ch\/?s={search_term_string}"},"query-input":{"@type":"PropertyValueSpecification","valueRequired":true,"valueName":"search_term_string"}}],"inLanguage":"it-IT"}]}},"_links":{"self":[{"href":"https:\/\/www.swisscrochet.ch\/it\/wp-json\/wp\/v2\/product\/2776","targetHints":{"allow":["GET"]}}],"collection":[{"href":"https:\/\/www.swisscrochet.ch\/it\/wp-json\/wp\/v2\/product"}],"about":[{"href":"https:\/\/www.swisscrochet.ch\/it\/wp-json\/wp\/v2\/types\/product"}],"wp:featuredmedia":[{"embeddable":true,"href":"https:\/\/www.swisscrochet.ch\/it\/wp-json\/wp\/v2\/media\/3928"}],"wp:attachment":[{"href":"https:\/\/www.swisscrochet.ch\/it\/wp-json\/wp\/v2\/media?parent=2776"}],"wp:term":[{"taxonomy":"product_brand","embeddable":true,"href":"https:\/\/www.swisscrochet.ch\/it\/wp-json\/wp\/v2\/product_brand?post=2776"},{"taxonomy":"product_cat","embeddable":true,"href":"https:\/\/www.swisscrochet.ch\/it\/wp-json\/wp\/v2\/product_cat?post=2776"},{"taxonomy":"product_tag","embeddable":true,"href":"https:\/\/www.swisscrochet.ch\/it\/wp-json\/wp\/v2\/product_tag?post=2776"}],"curies":[{"name":"wp","href":"https:\/\/api.w.org\/{rel}","templated":true}]}}