{"id":29075,"date":"2026-04-03T18:37:55","date_gmt":"2026-04-03T16:37:55","guid":{"rendered":"https:\/\/www.swisscrochet.ch\/product\/konigliche-hakel-minis-olka-novytska\/"},"modified":"2026-04-03T18:37:55","modified_gmt":"2026-04-03T16:37:55","slug":"konigliche-hakel-minis-olka-novytska","status":"publish","type":"product","link":"https:\/\/www.swisscrochet.ch\/it\/prodotto\/konigliche-hakel-minis-olka-novytska\/","title":{"rendered":"K\u00f6nigliche H\u00e4kel Minis &#8211; Olka Novytska"},"content":{"rendered":"","protected":false},"excerpt":{"rendered":"<p>K\u00f6nigliche H\u00e4kel Minis von Olka Novytska ist eine bezaubernde Sammlung kleiner Amigurumi-Projekte mit k\u00f6niglichem Flair. In diesem liebevoll gestalteten Buch findest du detailreiche Mini-Figuren, die durch ihre feinen Ausarbeitungen und ihren verspielten Charakter begeistern.<\/p>\n<p>Die Modelle sind kompakt und ideal f\u00fcr alle, die gerne kleine, pr\u00e4zise Projekte h\u00e4keln. Trotz ihrer Gr\u00f6sse \u00fcberzeugen die Figuren mit vielen durchdachten Details, die ihnen Ausdruck und Pers\u00f6nlichkeit verleihen.<\/p>\n<p>Klare Schritt-f\u00fcr-Schritt-Anleitungen f\u00fchren dich sicher durch die einzelnen Projekte und machen das Buch sowohl f\u00fcr fortgeschrittene Anf\u00e4ngerinnen als auch f\u00fcr erfahrene H\u00e4klerinnen geeignet.<\/p>\n<p>Perfekt f\u00fcr kleine Geschenke, Sammlerst\u00fccke oder einfach als kreative Projekte f\u00fcr zwischendurch \u2013 diese k\u00f6niglichen Minis sind ein echter Blickfang.<\/p>\n<p>Sprache: Deutsch<\/p>\n","protected":false},"featured_media":28845,"template":"","meta":[],"product_brand":[],"product_cat":[1423,210],"product_tag":[],"class_list":{"0":"post-29075","1":"product","2":"type-product","3":"status-publish","4":"has-post-thumbnail","6":"product_cat-amigurumi-it","7":"product_cat-libri","8":"pa_b1-language-tedesco","9":"pa_b11-author-designer-olka-novytska","10":"description-off","12":"first","13":"instock","14":"taxable","15":"shipping-taxable","16":"purchasable","17":"product-type-simple"},"bundled_by":[],"bundle_stock_status":"instock","bundle_stock_quantity":3,"bundle_virtual":false,"bundle_layout":"","bundle_add_to_cart_form_location":"","bundle_editable_in_cart":false,"bundle_sold_individually_context":"","bundle_item_grouping":"","bundle_min_size":"","bundle_max_size":"","bundle_price":[],"bundled_items":[],"bundle_sell_ids":[],"yoast_head":"<!-- This site is optimized with the Yoast SEO plugin v27.3 - https:\/\/yoast.com\/product\/yoast-seo-wordpress\/ -->\n<title>K\u00f6nigliche H\u00e4kel Minis - Olka Novytska &#171; Swiss Crochet<\/title>\n<meta name=\"robots\" content=\"index, follow, max-snippet:-1, max-image-preview:large, max-video-preview:-1\" \/>\n<link rel=\"canonical\" href=\"https:\/\/www.swisscrochet.ch\/it\/prodotto\/konigliche-hakel-minis-olka-novytska\/\" \/>\n<meta property=\"og:locale\" content=\"it_IT\" \/>\n<meta property=\"og:type\" content=\"article\" \/>\n<meta property=\"og:title\" content=\"K\u00f6nigliche H\u00e4kel Minis - Olka Novytska &#171; Swiss Crochet\" \/>\n<meta property=\"og:description\" content=\"K\u00f6nigliche H\u00e4kel Minis von Olka Novytska ist eine bezaubernde Sammlung kleiner Amigurumi-Projekte mit k\u00f6niglichem Flair. In diesem liebevoll gestalteten Buch findest du detailreiche Mini-Figuren, die durch ihre feinen Ausarbeitungen und ihren verspielten Charakter begeistern.  Die Modelle sind kompakt und ideal f\u00fcr alle, die gerne kleine, pr\u00e4zise Projekte h\u00e4keln. Trotz ihrer Gr\u00f6sse \u00fcberzeugen die Figuren mit vielen durchdachten Details, die ihnen Ausdruck und Pers\u00f6nlichkeit verleihen.  Klare Schritt-f\u00fcr-Schritt-Anleitungen f\u00fchren dich sicher durch die einzelnen Projekte und machen das Buch sowohl f\u00fcr fortgeschrittene Anf\u00e4ngerinnen als auch f\u00fcr erfahrene H\u00e4klerinnen geeignet.  Perfekt f\u00fcr kleine Geschenke, Sammlerst\u00fccke oder einfach als kreative Projekte f\u00fcr zwischendurch \u2013 diese k\u00f6niglichen Minis sind ein echter Blickfang.  Sprache: Deutsch\" \/>\n<meta property=\"og:url\" content=\"https:\/\/www.swisscrochet.ch\/it\/prodotto\/konigliche-hakel-minis-olka-novytska\/\" \/>\n<meta property=\"og:site_name\" content=\"Swiss Crochet\" \/>\n<meta name=\"twitter:card\" content=\"summary_large_image\" \/>\n<script type=\"application\/ld+json\" class=\"yoast-schema-graph\">{\"@context\":\"https:\\\/\\\/schema.org\",\"@graph\":[{\"@type\":[\"WebPage\",\"ItemPage\"],\"@id\":\"https:\\\/\\\/www.swisscrochet.ch\\\/it\\\/prodotto\\\/konigliche-hakel-minis-olka-novytska\\\/\",\"url\":\"https:\\\/\\\/www.swisscrochet.ch\\\/it\\\/prodotto\\\/konigliche-hakel-minis-olka-novytska\\\/\",\"name\":\"K\u00f6nigliche H\u00e4kel Minis - Olka Novytska &#171; Swiss Crochet\",\"isPartOf\":{\"@id\":\"https:\\\/\\\/www.swisscrochet.ch\\\/#website\"},\"primaryImageOfPage\":{\"@id\":\"https:\\\/\\\/www.swisscrochet.ch\\\/it\\\/prodotto\\\/konigliche-hakel-minis-olka-novytska\\\/#primaryimage\"},\"image\":{\"@id\":\"https:\\\/\\\/www.swisscrochet.ch\\\/it\\\/prodotto\\\/konigliche-hakel-minis-olka-novytska\\\/#primaryimage\"},\"thumbnailUrl\":\"https:\\\/\\\/www.swisscrochet.ch\\\/wp-content\\\/uploads\\\/2026\\\/04\\\/Konigliche-Hakel-Minis-Overview.jpg\",\"datePublished\":\"2026-04-03T16:37:55+00:00\",\"breadcrumb\":{\"@id\":\"https:\\\/\\\/www.swisscrochet.ch\\\/it\\\/prodotto\\\/konigliche-hakel-minis-olka-novytska\\\/#breadcrumb\"},\"inLanguage\":\"it-IT\",\"potentialAction\":[{\"@type\":\"ReadAction\",\"target\":[\"https:\\\/\\\/www.swisscrochet.ch\\\/it\\\/prodotto\\\/konigliche-hakel-minis-olka-novytska\\\/\"]}]},{\"@type\":\"ImageObject\",\"inLanguage\":\"it-IT\",\"@id\":\"https:\\\/\\\/www.swisscrochet.ch\\\/it\\\/prodotto\\\/konigliche-hakel-minis-olka-novytska\\\/#primaryimage\",\"url\":\"https:\\\/\\\/www.swisscrochet.ch\\\/wp-content\\\/uploads\\\/2026\\\/04\\\/Konigliche-Hakel-Minis-Overview.jpg\",\"contentUrl\":\"https:\\\/\\\/www.swisscrochet.ch\\\/wp-content\\\/uploads\\\/2026\\\/04\\\/Konigliche-Hakel-Minis-Overview.jpg\",\"width\":1000,\"height\":1000},{\"@type\":\"BreadcrumbList\",\"@id\":\"https:\\\/\\\/www.swisscrochet.ch\\\/it\\\/prodotto\\\/konigliche-hakel-minis-olka-novytska\\\/#breadcrumb\",\"itemListElement\":[{\"@type\":\"ListItem\",\"position\":1,\"name\":\"Home\",\"item\":\"https:\\\/\\\/www.swisscrochet.ch\\\/it\\\/\"},{\"@type\":\"ListItem\",\"position\":2,\"name\":\"Negozio\",\"item\":\"https:\\\/\\\/www.swisscrochet.ch\\\/it\\\/negozio\\\/\"},{\"@type\":\"ListItem\",\"position\":3,\"name\":\"K\u00f6nigliche H\u00e4kel Minis &#8211; Olka Novytska\"}]},{\"@type\":\"WebSite\",\"@id\":\"https:\\\/\\\/www.swisscrochet.ch\\\/#website\",\"url\":\"https:\\\/\\\/www.swisscrochet.ch\\\/\",\"name\":\"Swiss Crochet\",\"description\":\"Sblocca il tuo potenziale creativo\",\"potentialAction\":[{\"@type\":\"SearchAction\",\"target\":{\"@type\":\"EntryPoint\",\"urlTemplate\":\"https:\\\/\\\/www.swisscrochet.ch\\\/?s={search_term_string}\"},\"query-input\":{\"@type\":\"PropertyValueSpecification\",\"valueRequired\":true,\"valueName\":\"search_term_string\"}}],\"inLanguage\":\"it-IT\"}]}<\/script>\n<!-- \/ Yoast SEO plugin. -->","yoast_head_json":{"title":"K\u00f6nigliche H\u00e4kel Minis - Olka Novytska &#171; Swiss Crochet","robots":{"index":"index","follow":"follow","max-snippet":"max-snippet:-1","max-image-preview":"max-image-preview:large","max-video-preview":"max-video-preview:-1"},"canonical":"https:\/\/www.swisscrochet.ch\/it\/prodotto\/konigliche-hakel-minis-olka-novytska\/","og_locale":"it_IT","og_type":"article","og_title":"K\u00f6nigliche H\u00e4kel Minis - Olka Novytska &#171; Swiss Crochet","og_description":"K\u00f6nigliche H\u00e4kel Minis von Olka Novytska ist eine bezaubernde Sammlung kleiner Amigurumi-Projekte mit k\u00f6niglichem Flair. In diesem liebevoll gestalteten Buch findest du detailreiche Mini-Figuren, die durch ihre feinen Ausarbeitungen und ihren verspielten Charakter begeistern.  Die Modelle sind kompakt und ideal f\u00fcr alle, die gerne kleine, pr\u00e4zise Projekte h\u00e4keln. Trotz ihrer Gr\u00f6sse \u00fcberzeugen die Figuren mit vielen durchdachten Details, die ihnen Ausdruck und Pers\u00f6nlichkeit verleihen.  Klare Schritt-f\u00fcr-Schritt-Anleitungen f\u00fchren dich sicher durch die einzelnen Projekte und machen das Buch sowohl f\u00fcr fortgeschrittene Anf\u00e4ngerinnen als auch f\u00fcr erfahrene H\u00e4klerinnen geeignet.  Perfekt f\u00fcr kleine Geschenke, Sammlerst\u00fccke oder einfach als kreative Projekte f\u00fcr zwischendurch \u2013 diese k\u00f6niglichen Minis sind ein echter Blickfang.  Sprache: Deutsch","og_url":"https:\/\/www.swisscrochet.ch\/it\/prodotto\/konigliche-hakel-minis-olka-novytska\/","og_site_name":"Swiss Crochet","twitter_card":"summary_large_image","schema":{"@context":"https:\/\/schema.org","@graph":[{"@type":["WebPage","ItemPage"],"@id":"https:\/\/www.swisscrochet.ch\/it\/prodotto\/konigliche-hakel-minis-olka-novytska\/","url":"https:\/\/www.swisscrochet.ch\/it\/prodotto\/konigliche-hakel-minis-olka-novytska\/","name":"K\u00f6nigliche H\u00e4kel Minis - Olka Novytska &#171; Swiss Crochet","isPartOf":{"@id":"https:\/\/www.swisscrochet.ch\/#website"},"primaryImageOfPage":{"@id":"https:\/\/www.swisscrochet.ch\/it\/prodotto\/konigliche-hakel-minis-olka-novytska\/#primaryimage"},"image":{"@id":"https:\/\/www.swisscrochet.ch\/it\/prodotto\/konigliche-hakel-minis-olka-novytska\/#primaryimage"},"thumbnailUrl":"https:\/\/www.swisscrochet.ch\/wp-content\/uploads\/2026\/04\/Konigliche-Hakel-Minis-Overview.jpg","datePublished":"2026-04-03T16:37:55+00:00","breadcrumb":{"@id":"https:\/\/www.swisscrochet.ch\/it\/prodotto\/konigliche-hakel-minis-olka-novytska\/#breadcrumb"},"inLanguage":"it-IT","potentialAction":[{"@type":"ReadAction","target":["https:\/\/www.swisscrochet.ch\/it\/prodotto\/konigliche-hakel-minis-olka-novytska\/"]}]},{"@type":"ImageObject","inLanguage":"it-IT","@id":"https:\/\/www.swisscrochet.ch\/it\/prodotto\/konigliche-hakel-minis-olka-novytska\/#primaryimage","url":"https:\/\/www.swisscrochet.ch\/wp-content\/uploads\/2026\/04\/Konigliche-Hakel-Minis-Overview.jpg","contentUrl":"https:\/\/www.swisscrochet.ch\/wp-content\/uploads\/2026\/04\/Konigliche-Hakel-Minis-Overview.jpg","width":1000,"height":1000},{"@type":"BreadcrumbList","@id":"https:\/\/www.swisscrochet.ch\/it\/prodotto\/konigliche-hakel-minis-olka-novytska\/#breadcrumb","itemListElement":[{"@type":"ListItem","position":1,"name":"Home","item":"https:\/\/www.swisscrochet.ch\/it\/"},{"@type":"ListItem","position":2,"name":"Negozio","item":"https:\/\/www.swisscrochet.ch\/it\/negozio\/"},{"@type":"ListItem","position":3,"name":"K\u00f6nigliche H\u00e4kel Minis &#8211; Olka Novytska"}]},{"@type":"WebSite","@id":"https:\/\/www.swisscrochet.ch\/#website","url":"https:\/\/www.swisscrochet.ch\/","name":"Swiss Crochet","description":"Sblocca il tuo potenziale creativo","potentialAction":[{"@type":"SearchAction","target":{"@type":"EntryPoint","urlTemplate":"https:\/\/www.swisscrochet.ch\/?s={search_term_string}"},"query-input":{"@type":"PropertyValueSpecification","valueRequired":true,"valueName":"search_term_string"}}],"inLanguage":"it-IT"}]}},"_links":{"self":[{"href":"https:\/\/www.swisscrochet.ch\/it\/wp-json\/wp\/v2\/product\/29075","targetHints":{"allow":["GET"]}}],"collection":[{"href":"https:\/\/www.swisscrochet.ch\/it\/wp-json\/wp\/v2\/product"}],"about":[{"href":"https:\/\/www.swisscrochet.ch\/it\/wp-json\/wp\/v2\/types\/product"}],"wp:featuredmedia":[{"embeddable":true,"href":"https:\/\/www.swisscrochet.ch\/it\/wp-json\/wp\/v2\/media\/28845"}],"wp:attachment":[{"href":"https:\/\/www.swisscrochet.ch\/it\/wp-json\/wp\/v2\/media?parent=29075"}],"wp:term":[{"taxonomy":"product_brand","embeddable":true,"href":"https:\/\/www.swisscrochet.ch\/it\/wp-json\/wp\/v2\/product_brand?post=29075"},{"taxonomy":"product_cat","embeddable":true,"href":"https:\/\/www.swisscrochet.ch\/it\/wp-json\/wp\/v2\/product_cat?post=29075"},{"taxonomy":"product_tag","embeddable":true,"href":"https:\/\/www.swisscrochet.ch\/it\/wp-json\/wp\/v2\/product_tag?post=29075"}],"curies":[{"name":"wp","href":"https:\/\/api.w.org\/{rel}","templated":true}]}}