{"id":3718,"date":"2025-01-20T15:07:11","date_gmt":"2025-01-20T14:07:11","guid":{"rendered":"https:\/\/www.swisscrochet.ch\/product\/namaste-backpack\/"},"modified":"2025-01-29T20:47:47","modified_gmt":"2025-01-29T19:47:47","slug":"namaste-zaino","status":"publish","type":"product","link":"https:\/\/www.swisscrochet.ch\/it\/prodotto\/namaste-zaino\/","title":{"rendered":"Namaste &#8211; Zaino"},"content":{"rendered":"","protected":false},"excerpt":{"rendered":"<p>Lo zaino Namaste Maker, progettato con cura, \u00e8 stato ideato per chi ama lavorare a maglia o all&#8217;uncinetto in viaggio. Realizzato in pelle vegana (poliuretano senza PVC), questa borsa prodotta in modo consapevole \u00e8 un must-have, con funzionalit\u00e0 innovative che garantiscono praticit\u00e0 per chi crea in movimento.<\/p>\n<p>Caratteristiche:<\/p>\n<ul>\n<li>Spazio per il tuo laptop e tablet<\/li>\n<li>Posto per diversi progetti di uncinetto<\/li>\n<li>Tasche multiple per filati, quaderni e strumenti<\/li>\n<li>Guidafilo, ago per filati e un mini diario a punti<\/li>\n<li>Fettuccia per chiavi che funge anche da metro a nastro<\/li>\n<li>Un ciondolo decorativo con un marcapunto di emergenza a forma di loto<\/li>\n<li>Un sacchetto antipolvere che pu\u00f2 essere utilizzato come borsa per progetti<\/li>\n<\/ul>\n<p>Con lo zaino Namaste puoi facilmente lavorare all&#8217;uncinetto durante i viaggi o i pendolarismi, tenendo al sicuro tutti i tuoi effetti personali.<\/p>\n<p>Ogni zaino misura 43.2 x 40.6 x 15.2 cm.<\/p>\n","protected":false},"featured_media":3875,"template":"","meta":[],"product_brand":[],"product_cat":[578,234,222],"product_tag":[],"class_list":{"0":"post-3718","1":"product","2":"type-product","3":"status-publish","4":"has-post-thumbnail","6":"product_cat-custodie-e-borse","7":"product_cat-saldi","8":"product_cat-uncinetti-e-accessori","9":"description-off","11":"first","12":"instock","13":"sale","14":"taxable","15":"shipping-taxable","16":"purchasable","17":"product-type-variable","18":"wvs-archive-product-wrapper"},"bundled_by":[],"bundle_stock_status":"instock","bundle_stock_quantity":null,"bundle_virtual":false,"bundle_layout":"","bundle_add_to_cart_form_location":"","bundle_editable_in_cart":false,"bundle_sold_individually_context":"","bundle_item_grouping":"","bundle_min_size":"","bundle_max_size":"","bundle_price":[],"bundled_items":[],"bundle_sell_ids":[],"yoast_head":"<!-- This site is optimized with the Yoast SEO plugin v27.5 - https:\/\/yoast.com\/product\/yoast-seo-wordpress\/ -->\n<title>Namaste - Zaino &#171; Swiss Crochet<\/title>\n<meta name=\"robots\" content=\"index, follow, max-snippet:-1, max-image-preview:large, max-video-preview:-1\" \/>\n<link rel=\"canonical\" href=\"https:\/\/www.swisscrochet.ch\/it\/prodotto\/namaste-zaino\/\" \/>\n<meta property=\"og:locale\" content=\"it_IT\" \/>\n<meta property=\"og:type\" content=\"article\" \/>\n<meta property=\"og:title\" content=\"Namaste - Zaino &#171; Swiss Crochet\" \/>\n<meta property=\"og:description\" content=\"Lo zaino Namaste Maker, progettato con cura, \u00e8 stato ideato per chi ama lavorare a maglia o all&#039;uncinetto in viaggio. Realizzato in pelle vegana (poliuretano senza PVC), questa borsa prodotta in modo consapevole \u00e8 un must-have, con funzionalit\u00e0 innovative che garantiscono praticit\u00e0 per chi crea in movimento.  Caratteristiche:   Spazio per il tuo laptop e tablet  Posto per diversi progetti di uncinetto  Tasche multiple per filati, quaderni e strumenti  Guidafilo, ago per filati e un mini diario a punti  Fettuccia per chiavi che funge anche da metro a nastro  Un ciondolo decorativo con un marcapunto di emergenza a forma di loto  Un sacchetto antipolvere che pu\u00f2 essere utilizzato come borsa per progetti  Con lo zaino Namaste puoi facilmente lavorare all&#039;uncinetto durante i viaggi o i pendolarismi, tenendo al sicuro tutti i tuoi effetti personali.  Ogni zaino misura 43.2 x 40.6 x 15.2 cm.\" \/>\n<meta property=\"og:url\" content=\"https:\/\/www.swisscrochet.ch\/it\/prodotto\/namaste-zaino\/\" \/>\n<meta property=\"og:site_name\" content=\"Swiss Crochet\" \/>\n<meta property=\"article:modified_time\" content=\"2025-01-29T19:47:47+00:00\" \/>\n<meta property=\"og:image\" content=\"https:\/\/www.swisscrochet.ch\/wp-content\/uploads\/2025\/01\/Namaste-Backpack-Overview.jpg\" \/>\n\t<meta property=\"og:image:width\" content=\"1000\" \/>\n\t<meta property=\"og:image:height\" content=\"1000\" \/>\n\t<meta property=\"og:image:type\" content=\"image\/jpeg\" \/>\n<meta name=\"twitter:card\" content=\"summary_large_image\" \/>\n<script type=\"application\/ld+json\" class=\"yoast-schema-graph\">{\"@context\":\"https:\\\/\\\/schema.org\",\"@graph\":[{\"@type\":[\"WebPage\",\"ItemPage\"],\"@id\":\"https:\\\/\\\/www.swisscrochet.ch\\\/it\\\/prodotto\\\/namaste-zaino\\\/\",\"url\":\"https:\\\/\\\/www.swisscrochet.ch\\\/it\\\/prodotto\\\/namaste-zaino\\\/\",\"name\":\"Namaste - Zaino &#171; Swiss Crochet\",\"isPartOf\":{\"@id\":\"https:\\\/\\\/www.swisscrochet.ch\\\/#website\"},\"primaryImageOfPage\":{\"@id\":\"https:\\\/\\\/www.swisscrochet.ch\\\/it\\\/prodotto\\\/namaste-zaino\\\/#primaryimage\"},\"image\":{\"@id\":\"https:\\\/\\\/www.swisscrochet.ch\\\/it\\\/prodotto\\\/namaste-zaino\\\/#primaryimage\"},\"thumbnailUrl\":\"https:\\\/\\\/www.swisscrochet.ch\\\/wp-content\\\/uploads\\\/2025\\\/01\\\/Namaste-Backpack-Overview.jpg\",\"datePublished\":\"2025-01-20T14:07:11+00:00\",\"dateModified\":\"2025-01-29T19:47:47+00:00\",\"breadcrumb\":{\"@id\":\"https:\\\/\\\/www.swisscrochet.ch\\\/it\\\/prodotto\\\/namaste-zaino\\\/#breadcrumb\"},\"inLanguage\":\"it-IT\",\"potentialAction\":[{\"@type\":\"ReadAction\",\"target\":[\"https:\\\/\\\/www.swisscrochet.ch\\\/it\\\/prodotto\\\/namaste-zaino\\\/\"]}]},{\"@type\":\"ImageObject\",\"inLanguage\":\"it-IT\",\"@id\":\"https:\\\/\\\/www.swisscrochet.ch\\\/it\\\/prodotto\\\/namaste-zaino\\\/#primaryimage\",\"url\":\"https:\\\/\\\/www.swisscrochet.ch\\\/wp-content\\\/uploads\\\/2025\\\/01\\\/Namaste-Backpack-Overview.jpg\",\"contentUrl\":\"https:\\\/\\\/www.swisscrochet.ch\\\/wp-content\\\/uploads\\\/2025\\\/01\\\/Namaste-Backpack-Overview.jpg\",\"width\":1000,\"height\":1000},{\"@type\":\"BreadcrumbList\",\"@id\":\"https:\\\/\\\/www.swisscrochet.ch\\\/it\\\/prodotto\\\/namaste-zaino\\\/#breadcrumb\",\"itemListElement\":[{\"@type\":\"ListItem\",\"position\":1,\"name\":\"Home\",\"item\":\"https:\\\/\\\/www.swisscrochet.ch\\\/it\\\/\"},{\"@type\":\"ListItem\",\"position\":2,\"name\":\"Negozio\",\"item\":\"https:\\\/\\\/www.swisscrochet.ch\\\/it\\\/negozio\\\/\"},{\"@type\":\"ListItem\",\"position\":3,\"name\":\"Namaste &#8211; Zaino\"}]},{\"@type\":\"WebSite\",\"@id\":\"https:\\\/\\\/www.swisscrochet.ch\\\/#website\",\"url\":\"https:\\\/\\\/www.swisscrochet.ch\\\/\",\"name\":\"Swiss Crochet\",\"description\":\"Sblocca il tuo potenziale creativo\",\"potentialAction\":[{\"@type\":\"SearchAction\",\"target\":{\"@type\":\"EntryPoint\",\"urlTemplate\":\"https:\\\/\\\/www.swisscrochet.ch\\\/?s={search_term_string}\"},\"query-input\":{\"@type\":\"PropertyValueSpecification\",\"valueRequired\":true,\"valueName\":\"search_term_string\"}}],\"inLanguage\":\"it-IT\"}]}<\/script>\n<!-- \/ Yoast SEO plugin. -->","yoast_head_json":{"title":"Namaste - Zaino &#171; Swiss Crochet","robots":{"index":"index","follow":"follow","max-snippet":"max-snippet:-1","max-image-preview":"max-image-preview:large","max-video-preview":"max-video-preview:-1"},"canonical":"https:\/\/www.swisscrochet.ch\/it\/prodotto\/namaste-zaino\/","og_locale":"it_IT","og_type":"article","og_title":"Namaste - Zaino &#171; Swiss Crochet","og_description":"Lo zaino Namaste Maker, progettato con cura, \u00e8 stato ideato per chi ama lavorare a maglia o all'uncinetto in viaggio. Realizzato in pelle vegana (poliuretano senza PVC), questa borsa prodotta in modo consapevole \u00e8 un must-have, con funzionalit\u00e0 innovative che garantiscono praticit\u00e0 per chi crea in movimento.  Caratteristiche:   Spazio per il tuo laptop e tablet  Posto per diversi progetti di uncinetto  Tasche multiple per filati, quaderni e strumenti  Guidafilo, ago per filati e un mini diario a punti  Fettuccia per chiavi che funge anche da metro a nastro  Un ciondolo decorativo con un marcapunto di emergenza a forma di loto  Un sacchetto antipolvere che pu\u00f2 essere utilizzato come borsa per progetti  Con lo zaino Namaste puoi facilmente lavorare all'uncinetto durante i viaggi o i pendolarismi, tenendo al sicuro tutti i tuoi effetti personali.  Ogni zaino misura 43.2 x 40.6 x 15.2 cm.","og_url":"https:\/\/www.swisscrochet.ch\/it\/prodotto\/namaste-zaino\/","og_site_name":"Swiss Crochet","article_modified_time":"2025-01-29T19:47:47+00:00","og_image":[{"width":1000,"height":1000,"url":"https:\/\/www.swisscrochet.ch\/wp-content\/uploads\/2025\/01\/Namaste-Backpack-Overview.jpg","type":"image\/jpeg"}],"twitter_card":"summary_large_image","schema":{"@context":"https:\/\/schema.org","@graph":[{"@type":["WebPage","ItemPage"],"@id":"https:\/\/www.swisscrochet.ch\/it\/prodotto\/namaste-zaino\/","url":"https:\/\/www.swisscrochet.ch\/it\/prodotto\/namaste-zaino\/","name":"Namaste - Zaino &#171; Swiss Crochet","isPartOf":{"@id":"https:\/\/www.swisscrochet.ch\/#website"},"primaryImageOfPage":{"@id":"https:\/\/www.swisscrochet.ch\/it\/prodotto\/namaste-zaino\/#primaryimage"},"image":{"@id":"https:\/\/www.swisscrochet.ch\/it\/prodotto\/namaste-zaino\/#primaryimage"},"thumbnailUrl":"https:\/\/www.swisscrochet.ch\/wp-content\/uploads\/2025\/01\/Namaste-Backpack-Overview.jpg","datePublished":"2025-01-20T14:07:11+00:00","dateModified":"2025-01-29T19:47:47+00:00","breadcrumb":{"@id":"https:\/\/www.swisscrochet.ch\/it\/prodotto\/namaste-zaino\/#breadcrumb"},"inLanguage":"it-IT","potentialAction":[{"@type":"ReadAction","target":["https:\/\/www.swisscrochet.ch\/it\/prodotto\/namaste-zaino\/"]}]},{"@type":"ImageObject","inLanguage":"it-IT","@id":"https:\/\/www.swisscrochet.ch\/it\/prodotto\/namaste-zaino\/#primaryimage","url":"https:\/\/www.swisscrochet.ch\/wp-content\/uploads\/2025\/01\/Namaste-Backpack-Overview.jpg","contentUrl":"https:\/\/www.swisscrochet.ch\/wp-content\/uploads\/2025\/01\/Namaste-Backpack-Overview.jpg","width":1000,"height":1000},{"@type":"BreadcrumbList","@id":"https:\/\/www.swisscrochet.ch\/it\/prodotto\/namaste-zaino\/#breadcrumb","itemListElement":[{"@type":"ListItem","position":1,"name":"Home","item":"https:\/\/www.swisscrochet.ch\/it\/"},{"@type":"ListItem","position":2,"name":"Negozio","item":"https:\/\/www.swisscrochet.ch\/it\/negozio\/"},{"@type":"ListItem","position":3,"name":"Namaste &#8211; Zaino"}]},{"@type":"WebSite","@id":"https:\/\/www.swisscrochet.ch\/#website","url":"https:\/\/www.swisscrochet.ch\/","name":"Swiss Crochet","description":"Sblocca il tuo potenziale creativo","potentialAction":[{"@type":"SearchAction","target":{"@type":"EntryPoint","urlTemplate":"https:\/\/www.swisscrochet.ch\/?s={search_term_string}"},"query-input":{"@type":"PropertyValueSpecification","valueRequired":true,"valueName":"search_term_string"}}],"inLanguage":"it-IT"}]}},"_links":{"self":[{"href":"https:\/\/www.swisscrochet.ch\/it\/wp-json\/wp\/v2\/product\/3718","targetHints":{"allow":["GET"]}}],"collection":[{"href":"https:\/\/www.swisscrochet.ch\/it\/wp-json\/wp\/v2\/product"}],"about":[{"href":"https:\/\/www.swisscrochet.ch\/it\/wp-json\/wp\/v2\/types\/product"}],"wp:featuredmedia":[{"embeddable":true,"href":"https:\/\/www.swisscrochet.ch\/it\/wp-json\/wp\/v2\/media\/3875"}],"wp:attachment":[{"href":"https:\/\/www.swisscrochet.ch\/it\/wp-json\/wp\/v2\/media?parent=3718"}],"wp:term":[{"taxonomy":"product_brand","embeddable":true,"href":"https:\/\/www.swisscrochet.ch\/it\/wp-json\/wp\/v2\/product_brand?post=3718"},{"taxonomy":"product_cat","embeddable":true,"href":"https:\/\/www.swisscrochet.ch\/it\/wp-json\/wp\/v2\/product_cat?post=3718"},{"taxonomy":"product_tag","embeddable":true,"href":"https:\/\/www.swisscrochet.ch\/it\/wp-json\/wp\/v2\/product_tag?post=3718"}],"curies":[{"name":"wp","href":"https:\/\/api.w.org\/{rel}","templated":true}]}}