{"id":4583,"date":"2025-02-21T16:24:26","date_gmt":"2025-02-21T15:24:26","guid":{"rendered":"https:\/\/www.swisscrochet.ch\/?post_type=product&#038;p=4583"},"modified":"2025-02-21T17:04:11","modified_gmt":"2025-02-21T16:04:11","slug":"addi-anello-guida-filo","status":"publish","type":"product","link":"https:\/\/www.swisscrochet.ch\/it\/prodotto\/addi-anello-guida-filo\/","title":{"rendered":"Addi &#8211; Anello guida filo"},"content":{"rendered":"","protected":false},"excerpt":{"rendered":"<p>L&#8217;anello guida filo Addi \u00e8 un pratico strumento a forma di ditale, dotato di due guide per gestire facilmente due fili separati. Indossato sulla parte superiore dell&#8217;indice o del medio, aiuta a mantenere una tensione costante quando si lavora con pi\u00f9 colori.<\/p>\n<p>Originariamente sviluppato per il lavoro a maglia in stile continentale, questo accessorio versatile \u00e8 utile anche per l&#8217;uncinetto. Rende pi\u00f9 fluidi i cambi di colore ed elimina la necessit\u00e0 di regolare continuamente la tensione del filo.<\/p>\n<p>L&#8217;anello guida filo Addi \u00e8 disponibile in un&#8217;unica misura.<\/p>\n","protected":false},"featured_media":4571,"template":"","meta":[],"product_brand":[],"product_cat":[561,222],"product_tag":[],"class_list":{"0":"post-4583","1":"product","2":"type-product","3":"status-publish","4":"has-post-thumbnail","6":"product_cat-altri-accessori","7":"product_cat-uncinetti-e-accessori","8":"product_shipping_class-piccole-spedizioni","9":"pa_t1-manufacturer-addi-it","10":"description-off","12":"first","13":"instock","14":"taxable","15":"shipping-taxable","16":"purchasable","17":"product-type-simple"},"bundled_by":[],"bundle_stock_status":"instock","bundle_stock_quantity":4,"bundle_virtual":false,"bundle_layout":"","bundle_add_to_cart_form_location":"","bundle_editable_in_cart":false,"bundle_sold_individually_context":"","bundle_item_grouping":"","bundle_min_size":"","bundle_max_size":"","bundle_price":[],"bundled_items":[],"bundle_sell_ids":[],"yoast_head":"<!-- This site is optimized with the Yoast SEO plugin v27.5 - https:\/\/yoast.com\/product\/yoast-seo-wordpress\/ -->\n<title>Addi - Anello guida filo &#171; Swiss Crochet<\/title>\n<meta name=\"robots\" content=\"index, follow, max-snippet:-1, max-image-preview:large, max-video-preview:-1\" \/>\n<link rel=\"canonical\" href=\"https:\/\/www.swisscrochet.ch\/prodotto\/addi-yarn-finger-ring\/\" \/>\n<meta property=\"og:locale\" content=\"it_IT\" \/>\n<meta property=\"og:type\" content=\"article\" \/>\n<meta property=\"og:title\" content=\"Addi - Anello guida filo &#171; Swiss Crochet\" \/>\n<meta property=\"og:description\" content=\"L&#039;anello guida filo Addi \u00e8 un pratico strumento a forma di ditale, dotato di due guide per gestire facilmente due fili separati. Indossato sulla parte superiore dell&#039;indice o del medio, aiuta a mantenere una tensione costante quando si lavora con pi\u00f9 colori.  Originariamente sviluppato per il lavoro a maglia in stile continentale, questo accessorio versatile \u00e8 utile anche per l&#039;uncinetto. Rende pi\u00f9 fluidi i cambi di colore ed elimina la necessit\u00e0 di regolare continuamente la tensione del filo.  L&#039;anello guida filo Addi \u00e8 disponibile in un&#039;unica misura.\" \/>\n<meta property=\"og:url\" content=\"https:\/\/www.swisscrochet.ch\/prodotto\/addi-yarn-finger-ring\/\" \/>\n<meta property=\"og:site_name\" content=\"Swiss Crochet\" \/>\n<meta property=\"article:modified_time\" content=\"2025-02-21T16:04:11+00:00\" \/>\n<meta property=\"og:image\" content=\"https:\/\/www.swisscrochet.ch\/wp-content\/uploads\/2025\/02\/Addi-Yarn-Finger-Ring-Overview.jpg\" \/>\n\t<meta property=\"og:image:width\" content=\"1000\" \/>\n\t<meta property=\"og:image:height\" content=\"1000\" \/>\n\t<meta property=\"og:image:type\" content=\"image\/jpeg\" \/>\n<meta name=\"twitter:card\" content=\"summary_large_image\" \/>\n<meta name=\"twitter:label1\" content=\"Tempo di lettura stimato\" \/>\n\t<meta name=\"twitter:data1\" content=\"1 minuto\" \/>\n<script type=\"application\/ld+json\" class=\"yoast-schema-graph\">{\"@context\":\"https:\\\/\\\/schema.org\",\"@graph\":[{\"@type\":[\"WebPage\",\"ItemPage\"],\"@id\":\"https:\\\/\\\/www.swisscrochet.ch\\\/prodotto\\\/addi-yarn-finger-ring\\\/\",\"url\":\"https:\\\/\\\/www.swisscrochet.ch\\\/prodotto\\\/addi-yarn-finger-ring\\\/\",\"name\":\"Addi - Anello guida filo &#171; Swiss Crochet\",\"isPartOf\":{\"@id\":\"https:\\\/\\\/www.swisscrochet.ch\\\/#website\"},\"primaryImageOfPage\":{\"@id\":\"https:\\\/\\\/www.swisscrochet.ch\\\/prodotto\\\/addi-yarn-finger-ring\\\/#primaryimage\"},\"image\":{\"@id\":\"https:\\\/\\\/www.swisscrochet.ch\\\/prodotto\\\/addi-yarn-finger-ring\\\/#primaryimage\"},\"thumbnailUrl\":\"https:\\\/\\\/www.swisscrochet.ch\\\/wp-content\\\/uploads\\\/2025\\\/02\\\/Addi-Yarn-Finger-Ring-Overview.jpg\",\"datePublished\":\"2025-02-21T15:24:26+00:00\",\"dateModified\":\"2025-02-21T16:04:11+00:00\",\"breadcrumb\":{\"@id\":\"https:\\\/\\\/www.swisscrochet.ch\\\/prodotto\\\/addi-yarn-finger-ring\\\/#breadcrumb\"},\"inLanguage\":\"it-IT\",\"potentialAction\":[{\"@type\":\"ReadAction\",\"target\":[\"https:\\\/\\\/www.swisscrochet.ch\\\/prodotto\\\/addi-yarn-finger-ring\\\/\"]}]},{\"@type\":\"ImageObject\",\"inLanguage\":\"it-IT\",\"@id\":\"https:\\\/\\\/www.swisscrochet.ch\\\/prodotto\\\/addi-yarn-finger-ring\\\/#primaryimage\",\"url\":\"https:\\\/\\\/www.swisscrochet.ch\\\/wp-content\\\/uploads\\\/2025\\\/02\\\/Addi-Yarn-Finger-Ring-Overview.jpg\",\"contentUrl\":\"https:\\\/\\\/www.swisscrochet.ch\\\/wp-content\\\/uploads\\\/2025\\\/02\\\/Addi-Yarn-Finger-Ring-Overview.jpg\",\"width\":1000,\"height\":1000},{\"@type\":\"BreadcrumbList\",\"@id\":\"https:\\\/\\\/www.swisscrochet.ch\\\/prodotto\\\/addi-yarn-finger-ring\\\/#breadcrumb\",\"itemListElement\":[{\"@type\":\"ListItem\",\"position\":1,\"name\":\"Home\",\"item\":\"https:\\\/\\\/www.swisscrochet.ch\\\/it\\\/\"},{\"@type\":\"ListItem\",\"position\":2,\"name\":\"Negozio\",\"item\":\"https:\\\/\\\/www.swisscrochet.ch\\\/it\\\/negozio\\\/\"},{\"@type\":\"ListItem\",\"position\":3,\"name\":\"Addi &#8211; Anello guida filo\"}]},{\"@type\":\"WebSite\",\"@id\":\"https:\\\/\\\/www.swisscrochet.ch\\\/#website\",\"url\":\"https:\\\/\\\/www.swisscrochet.ch\\\/\",\"name\":\"Swiss Crochet\",\"description\":\"Sblocca il tuo potenziale creativo\",\"potentialAction\":[{\"@type\":\"SearchAction\",\"target\":{\"@type\":\"EntryPoint\",\"urlTemplate\":\"https:\\\/\\\/www.swisscrochet.ch\\\/?s={search_term_string}\"},\"query-input\":{\"@type\":\"PropertyValueSpecification\",\"valueRequired\":true,\"valueName\":\"search_term_string\"}}],\"inLanguage\":\"it-IT\"}]}<\/script>\n<!-- \/ Yoast SEO plugin. -->","yoast_head_json":{"title":"Addi - Anello guida filo &#171; Swiss Crochet","robots":{"index":"index","follow":"follow","max-snippet":"max-snippet:-1","max-image-preview":"max-image-preview:large","max-video-preview":"max-video-preview:-1"},"canonical":"https:\/\/www.swisscrochet.ch\/prodotto\/addi-yarn-finger-ring\/","og_locale":"it_IT","og_type":"article","og_title":"Addi - Anello guida filo &#171; Swiss Crochet","og_description":"L'anello guida filo Addi \u00e8 un pratico strumento a forma di ditale, dotato di due guide per gestire facilmente due fili separati. Indossato sulla parte superiore dell'indice o del medio, aiuta a mantenere una tensione costante quando si lavora con pi\u00f9 colori.  Originariamente sviluppato per il lavoro a maglia in stile continentale, questo accessorio versatile \u00e8 utile anche per l'uncinetto. Rende pi\u00f9 fluidi i cambi di colore ed elimina la necessit\u00e0 di regolare continuamente la tensione del filo.  L'anello guida filo Addi \u00e8 disponibile in un'unica misura.","og_url":"https:\/\/www.swisscrochet.ch\/prodotto\/addi-yarn-finger-ring\/","og_site_name":"Swiss Crochet","article_modified_time":"2025-02-21T16:04:11+00:00","og_image":[{"width":1000,"height":1000,"url":"https:\/\/www.swisscrochet.ch\/wp-content\/uploads\/2025\/02\/Addi-Yarn-Finger-Ring-Overview.jpg","type":"image\/jpeg"}],"twitter_card":"summary_large_image","twitter_misc":{"Tempo di lettura stimato":"1 minuto"},"schema":{"@context":"https:\/\/schema.org","@graph":[{"@type":["WebPage","ItemPage"],"@id":"https:\/\/www.swisscrochet.ch\/prodotto\/addi-yarn-finger-ring\/","url":"https:\/\/www.swisscrochet.ch\/prodotto\/addi-yarn-finger-ring\/","name":"Addi - Anello guida filo &#171; Swiss Crochet","isPartOf":{"@id":"https:\/\/www.swisscrochet.ch\/#website"},"primaryImageOfPage":{"@id":"https:\/\/www.swisscrochet.ch\/prodotto\/addi-yarn-finger-ring\/#primaryimage"},"image":{"@id":"https:\/\/www.swisscrochet.ch\/prodotto\/addi-yarn-finger-ring\/#primaryimage"},"thumbnailUrl":"https:\/\/www.swisscrochet.ch\/wp-content\/uploads\/2025\/02\/Addi-Yarn-Finger-Ring-Overview.jpg","datePublished":"2025-02-21T15:24:26+00:00","dateModified":"2025-02-21T16:04:11+00:00","breadcrumb":{"@id":"https:\/\/www.swisscrochet.ch\/prodotto\/addi-yarn-finger-ring\/#breadcrumb"},"inLanguage":"it-IT","potentialAction":[{"@type":"ReadAction","target":["https:\/\/www.swisscrochet.ch\/prodotto\/addi-yarn-finger-ring\/"]}]},{"@type":"ImageObject","inLanguage":"it-IT","@id":"https:\/\/www.swisscrochet.ch\/prodotto\/addi-yarn-finger-ring\/#primaryimage","url":"https:\/\/www.swisscrochet.ch\/wp-content\/uploads\/2025\/02\/Addi-Yarn-Finger-Ring-Overview.jpg","contentUrl":"https:\/\/www.swisscrochet.ch\/wp-content\/uploads\/2025\/02\/Addi-Yarn-Finger-Ring-Overview.jpg","width":1000,"height":1000},{"@type":"BreadcrumbList","@id":"https:\/\/www.swisscrochet.ch\/prodotto\/addi-yarn-finger-ring\/#breadcrumb","itemListElement":[{"@type":"ListItem","position":1,"name":"Home","item":"https:\/\/www.swisscrochet.ch\/it\/"},{"@type":"ListItem","position":2,"name":"Negozio","item":"https:\/\/www.swisscrochet.ch\/it\/negozio\/"},{"@type":"ListItem","position":3,"name":"Addi &#8211; Anello guida filo"}]},{"@type":"WebSite","@id":"https:\/\/www.swisscrochet.ch\/#website","url":"https:\/\/www.swisscrochet.ch\/","name":"Swiss Crochet","description":"Sblocca il tuo potenziale creativo","potentialAction":[{"@type":"SearchAction","target":{"@type":"EntryPoint","urlTemplate":"https:\/\/www.swisscrochet.ch\/?s={search_term_string}"},"query-input":{"@type":"PropertyValueSpecification","valueRequired":true,"valueName":"search_term_string"}}],"inLanguage":"it-IT"}]}},"_links":{"self":[{"href":"https:\/\/www.swisscrochet.ch\/it\/wp-json\/wp\/v2\/product\/4583","targetHints":{"allow":["GET"]}}],"collection":[{"href":"https:\/\/www.swisscrochet.ch\/it\/wp-json\/wp\/v2\/product"}],"about":[{"href":"https:\/\/www.swisscrochet.ch\/it\/wp-json\/wp\/v2\/types\/product"}],"wp:featuredmedia":[{"embeddable":true,"href":"https:\/\/www.swisscrochet.ch\/it\/wp-json\/wp\/v2\/media\/4571"}],"wp:attachment":[{"href":"https:\/\/www.swisscrochet.ch\/it\/wp-json\/wp\/v2\/media?parent=4583"}],"wp:term":[{"taxonomy":"product_brand","embeddable":true,"href":"https:\/\/www.swisscrochet.ch\/it\/wp-json\/wp\/v2\/product_brand?post=4583"},{"taxonomy":"product_cat","embeddable":true,"href":"https:\/\/www.swisscrochet.ch\/it\/wp-json\/wp\/v2\/product_cat?post=4583"},{"taxonomy":"product_tag","embeddable":true,"href":"https:\/\/www.swisscrochet.ch\/it\/wp-json\/wp\/v2\/product_tag?post=4583"}],"curies":[{"name":"wp","href":"https:\/\/api.w.org\/{rel}","templated":true}]}}