{"id":5262,"date":"2025-03-14T17:28:29","date_gmt":"2025-03-14T16:28:29","guid":{"rendered":"https:\/\/www.swisscrochet.ch\/product\/hoooked-zpagetti-700gr\/"},"modified":"2026-03-31T20:48:56","modified_gmt":"2026-03-31T18:48:56","slug":"hoooked-zpagetti-700gr","status":"publish","type":"product","link":"https:\/\/www.swisscrochet.ch\/it\/prodotto\/hoooked-zpagetti-700gr\/","title":{"rendered":"Hoooked &#8211; Zpagetti &#8211; 700gr"},"content":{"rendered":"","protected":false},"excerpt":{"rendered":"<p>Hoooked Zpagetti \u00e8 un filato versatile ottenuto da scarti tessili pre-consumo. Zpagetti \u00e8 non filato, cio\u00e8 privo di torsione \u2013 perfetto per progetti all\u2019uncinetto con una definizione dei punti eccezionale. Grazie alla sua composizione tessile, offre una leggera elasticit\u00e0 che lo rende facile da lavorare.<\/p>\n<p>Ideale per realizzare cesti, borse, tappeti e decorazioni per la casa, il suo spessore Super Bulky consente di ottenere risultati rapidi e soddisfacenti. A causa del suo peso, \u00e8 meno adatto per capi d\u2019abbigliamento.<\/p>\n<p>Il campione illustrato \u00e8 stato lavato in lavatrice (programma normale a 40 \u00b0C) e stirato a vapore.<\/p>\n<p>Scegli Hoooked Zpagetti per progetti all\u2019uncinetto veloci, ecologici e con una texture audace e colori vivaci!<\/p>\n<p><strong>L\u2019unicit\u00e0 dei filati Zpagetti<\/strong><br \/>\nLa composizione di Zpagetti \u00e8 90% cotone riciclato e 10% altre fibre riciclate (elastan). I bordi e gli scarti tessili prodotti dall\u2019industria del tessuto, che normalmente verrebbero scartati, vengono trasformati in filato. I pezzi di tessuto vengono selezionati e ordinati a mano nel centro di produzione Hoooked in Portogallo. Grazie a un rigoroso controllo di qualit\u00e0, Hoooked garantisce condizioni di lavoro e standard produttivi elevati. I tessuti Hoooked Zpagetti rispettano le normative europee REACH sulla sicurezza dei coloranti.<\/p>\n<p><strong>Nota bene:<\/strong> Il filato Zpagetti non viene sovratinto \u2013 i suoi colori derivano dal tessuto originale. Questo significa che ogni lotto \u00e8 unico, e sebbene possano apparire tonalit\u00e0 simili, non \u00e8 possibile riprodurre esattamente lo stesso colore.<\/p>\n<p>Per questo motivo, <strong>assicurati di acquistare abbastanza filato per il tuo progetto<\/strong>. Una volta esaurito un colore, non sar\u00e0 pi\u00f9 disponibile!<\/p>\n<p>Da Swiss Crochet troverai una palette di colori selezionata con cura, disponibile in quantit\u00e0 maggiori (4+ coni). <strong>Ogni cono viene venduto in base al suo colore reale, non a una semplice referenza cromatica.<\/strong><\/p>\n<p>Ogni cono \u00e8 fotografato singolarmente e elencato separatamente, permettendoti di vedere esattamente il colore prima dell\u2019acquisto \u2013 <em>un\u2019opzione disponibile esclusivamente su Swiss Crochet!<\/em><\/p>\n","protected":false},"featured_media":5199,"template":"","meta":[],"product_brand":[],"product_cat":[1883,228],"product_tag":[],"class_list":{"0":"post-5262","1":"product","2":"type-product","3":"status-publish","4":"has-post-thumbnail","6":"product_cat-filati-borse-e-decorazioni-per-la-casa","7":"product_cat-filati","8":"pa_y1-brand-hoooked-it","9":"pa_y17-yarn-weight-super-bulky-it","10":"description-off","12":"first","13":"instock","14":"taxable","15":"shipping-taxable","16":"purchasable","17":"product-type-variable","18":"wvs-archive-product-wrapper"},"bundled_by":[],"bundle_stock_status":"instock","bundle_stock_quantity":null,"bundle_virtual":false,"bundle_layout":"","bundle_add_to_cart_form_location":"","bundle_editable_in_cart":false,"bundle_sold_individually_context":"","bundle_item_grouping":"","bundle_min_size":"","bundle_max_size":"","bundle_price":[],"bundled_items":[],"bundle_sell_ids":[],"yoast_head":"<!-- This site is optimized with the Yoast SEO plugin v27.4 - https:\/\/yoast.com\/product\/yoast-seo-wordpress\/ -->\n<title>Hoooked - Zpagetti - 700gr &#171; Swiss Crochet<\/title>\n<meta name=\"description\" content=\"Hoooked Zpagetti \u00e8 un filato riciclato da t-shirt, perfetto per l&#039;uncinetto. Ideale per borse, cestini e tappeti, offre una grande definizione dei punti e elasticit\u00e0!\" \/>\n<meta name=\"robots\" content=\"index, follow, max-snippet:-1, max-image-preview:large, max-video-preview:-1\" \/>\n<link rel=\"canonical\" href=\"https:\/\/www.swisscrochet.ch\/prodotto\/hoooked-zpagetti-700gr\/\" \/>\n<meta property=\"og:locale\" content=\"it_IT\" \/>\n<meta property=\"og:type\" content=\"article\" \/>\n<meta property=\"og:title\" content=\"Hoooked - Zpagetti - 700gr &#171; Swiss Crochet\" \/>\n<meta property=\"og:description\" content=\"Hoooked Zpagetti \u00e8 un filato riciclato da t-shirt, perfetto per l&#039;uncinetto. Ideale per borse, cestini e tappeti, offre una grande definizione dei punti e elasticit\u00e0!\" \/>\n<meta property=\"og:url\" content=\"https:\/\/www.swisscrochet.ch\/prodotto\/hoooked-zpagetti-700gr\/\" \/>\n<meta property=\"og:site_name\" content=\"Swiss Crochet\" \/>\n<meta property=\"article:modified_time\" content=\"2026-03-31T18:48:56+00:00\" \/>\n<meta property=\"og:image\" content=\"https:\/\/www.swisscrochet.ch\/wp-content\/uploads\/2025\/03\/Hoooked-Zpagetti-700gr-Overview.jpg\" \/>\n\t<meta property=\"og:image:width\" content=\"1000\" \/>\n\t<meta property=\"og:image:height\" content=\"1000\" \/>\n\t<meta property=\"og:image:type\" content=\"image\/jpeg\" \/>\n<meta name=\"twitter:card\" content=\"summary_large_image\" \/>\n<meta name=\"twitter:label1\" content=\"Tempo di lettura stimato\" \/>\n\t<meta name=\"twitter:data1\" content=\"1 minuto\" \/>\n<script type=\"application\/ld+json\" class=\"yoast-schema-graph\">{\"@context\":\"https:\\\/\\\/schema.org\",\"@graph\":[{\"@type\":[\"WebPage\",\"ItemPage\"],\"@id\":\"https:\\\/\\\/www.swisscrochet.ch\\\/prodotto\\\/hoooked-zpagetti-700gr\\\/\",\"url\":\"https:\\\/\\\/www.swisscrochet.ch\\\/prodotto\\\/hoooked-zpagetti-700gr\\\/\",\"name\":\"Hoooked - Zpagetti - 700gr &#171; Swiss Crochet\",\"isPartOf\":{\"@id\":\"https:\\\/\\\/www.swisscrochet.ch\\\/#website\"},\"primaryImageOfPage\":{\"@id\":\"https:\\\/\\\/www.swisscrochet.ch\\\/prodotto\\\/hoooked-zpagetti-700gr\\\/#primaryimage\"},\"image\":{\"@id\":\"https:\\\/\\\/www.swisscrochet.ch\\\/prodotto\\\/hoooked-zpagetti-700gr\\\/#primaryimage\"},\"thumbnailUrl\":\"https:\\\/\\\/www.swisscrochet.ch\\\/wp-content\\\/uploads\\\/2025\\\/03\\\/Hoooked-Zpagetti-700gr-Overview.jpg\",\"datePublished\":\"2025-03-14T16:28:29+00:00\",\"dateModified\":\"2026-03-31T18:48:56+00:00\",\"description\":\"Hoooked Zpagetti \u00e8 un filato riciclato da t-shirt, perfetto per l'uncinetto. Ideale per borse, cestini e tappeti, offre una grande definizione dei punti e elasticit\u00e0!\",\"breadcrumb\":{\"@id\":\"https:\\\/\\\/www.swisscrochet.ch\\\/prodotto\\\/hoooked-zpagetti-700gr\\\/#breadcrumb\"},\"inLanguage\":\"it-IT\",\"potentialAction\":[{\"@type\":\"ReadAction\",\"target\":[\"https:\\\/\\\/www.swisscrochet.ch\\\/prodotto\\\/hoooked-zpagetti-700gr\\\/\"]}]},{\"@type\":\"ImageObject\",\"inLanguage\":\"it-IT\",\"@id\":\"https:\\\/\\\/www.swisscrochet.ch\\\/prodotto\\\/hoooked-zpagetti-700gr\\\/#primaryimage\",\"url\":\"https:\\\/\\\/www.swisscrochet.ch\\\/wp-content\\\/uploads\\\/2025\\\/03\\\/Hoooked-Zpagetti-700gr-Overview.jpg\",\"contentUrl\":\"https:\\\/\\\/www.swisscrochet.ch\\\/wp-content\\\/uploads\\\/2025\\\/03\\\/Hoooked-Zpagetti-700gr-Overview.jpg\",\"width\":1000,\"height\":1000},{\"@type\":\"BreadcrumbList\",\"@id\":\"https:\\\/\\\/www.swisscrochet.ch\\\/prodotto\\\/hoooked-zpagetti-700gr\\\/#breadcrumb\",\"itemListElement\":[{\"@type\":\"ListItem\",\"position\":1,\"name\":\"Home\",\"item\":\"https:\\\/\\\/www.swisscrochet.ch\\\/it\\\/\"},{\"@type\":\"ListItem\",\"position\":2,\"name\":\"Negozio\",\"item\":\"https:\\\/\\\/www.swisscrochet.ch\\\/it\\\/negozio\\\/\"},{\"@type\":\"ListItem\",\"position\":3,\"name\":\"Hoooked &#8211; Zpagetti &#8211; 700gr\"}]},{\"@type\":\"WebSite\",\"@id\":\"https:\\\/\\\/www.swisscrochet.ch\\\/#website\",\"url\":\"https:\\\/\\\/www.swisscrochet.ch\\\/\",\"name\":\"Swiss Crochet\",\"description\":\"Sblocca il tuo potenziale creativo\",\"potentialAction\":[{\"@type\":\"SearchAction\",\"target\":{\"@type\":\"EntryPoint\",\"urlTemplate\":\"https:\\\/\\\/www.swisscrochet.ch\\\/?s={search_term_string}\"},\"query-input\":{\"@type\":\"PropertyValueSpecification\",\"valueRequired\":true,\"valueName\":\"search_term_string\"}}],\"inLanguage\":\"it-IT\"}]}<\/script>\n<!-- \/ Yoast SEO plugin. -->","yoast_head_json":{"title":"Hoooked - Zpagetti - 700gr &#171; Swiss Crochet","description":"Hoooked Zpagetti \u00e8 un filato riciclato da t-shirt, perfetto per l'uncinetto. Ideale per borse, cestini e tappeti, offre una grande definizione dei punti e elasticit\u00e0!","robots":{"index":"index","follow":"follow","max-snippet":"max-snippet:-1","max-image-preview":"max-image-preview:large","max-video-preview":"max-video-preview:-1"},"canonical":"https:\/\/www.swisscrochet.ch\/prodotto\/hoooked-zpagetti-700gr\/","og_locale":"it_IT","og_type":"article","og_title":"Hoooked - Zpagetti - 700gr &#171; Swiss Crochet","og_description":"Hoooked Zpagetti \u00e8 un filato riciclato da t-shirt, perfetto per l'uncinetto. Ideale per borse, cestini e tappeti, offre una grande definizione dei punti e elasticit\u00e0!","og_url":"https:\/\/www.swisscrochet.ch\/prodotto\/hoooked-zpagetti-700gr\/","og_site_name":"Swiss Crochet","article_modified_time":"2026-03-31T18:48:56+00:00","og_image":[{"width":1000,"height":1000,"url":"https:\/\/www.swisscrochet.ch\/wp-content\/uploads\/2025\/03\/Hoooked-Zpagetti-700gr-Overview.jpg","type":"image\/jpeg"}],"twitter_card":"summary_large_image","twitter_misc":{"Tempo di lettura stimato":"1 minuto"},"schema":{"@context":"https:\/\/schema.org","@graph":[{"@type":["WebPage","ItemPage"],"@id":"https:\/\/www.swisscrochet.ch\/prodotto\/hoooked-zpagetti-700gr\/","url":"https:\/\/www.swisscrochet.ch\/prodotto\/hoooked-zpagetti-700gr\/","name":"Hoooked - Zpagetti - 700gr &#171; Swiss Crochet","isPartOf":{"@id":"https:\/\/www.swisscrochet.ch\/#website"},"primaryImageOfPage":{"@id":"https:\/\/www.swisscrochet.ch\/prodotto\/hoooked-zpagetti-700gr\/#primaryimage"},"image":{"@id":"https:\/\/www.swisscrochet.ch\/prodotto\/hoooked-zpagetti-700gr\/#primaryimage"},"thumbnailUrl":"https:\/\/www.swisscrochet.ch\/wp-content\/uploads\/2025\/03\/Hoooked-Zpagetti-700gr-Overview.jpg","datePublished":"2025-03-14T16:28:29+00:00","dateModified":"2026-03-31T18:48:56+00:00","description":"Hoooked Zpagetti \u00e8 un filato riciclato da t-shirt, perfetto per l'uncinetto. Ideale per borse, cestini e tappeti, offre una grande definizione dei punti e elasticit\u00e0!","breadcrumb":{"@id":"https:\/\/www.swisscrochet.ch\/prodotto\/hoooked-zpagetti-700gr\/#breadcrumb"},"inLanguage":"it-IT","potentialAction":[{"@type":"ReadAction","target":["https:\/\/www.swisscrochet.ch\/prodotto\/hoooked-zpagetti-700gr\/"]}]},{"@type":"ImageObject","inLanguage":"it-IT","@id":"https:\/\/www.swisscrochet.ch\/prodotto\/hoooked-zpagetti-700gr\/#primaryimage","url":"https:\/\/www.swisscrochet.ch\/wp-content\/uploads\/2025\/03\/Hoooked-Zpagetti-700gr-Overview.jpg","contentUrl":"https:\/\/www.swisscrochet.ch\/wp-content\/uploads\/2025\/03\/Hoooked-Zpagetti-700gr-Overview.jpg","width":1000,"height":1000},{"@type":"BreadcrumbList","@id":"https:\/\/www.swisscrochet.ch\/prodotto\/hoooked-zpagetti-700gr\/#breadcrumb","itemListElement":[{"@type":"ListItem","position":1,"name":"Home","item":"https:\/\/www.swisscrochet.ch\/it\/"},{"@type":"ListItem","position":2,"name":"Negozio","item":"https:\/\/www.swisscrochet.ch\/it\/negozio\/"},{"@type":"ListItem","position":3,"name":"Hoooked &#8211; Zpagetti &#8211; 700gr"}]},{"@type":"WebSite","@id":"https:\/\/www.swisscrochet.ch\/#website","url":"https:\/\/www.swisscrochet.ch\/","name":"Swiss Crochet","description":"Sblocca il tuo potenziale creativo","potentialAction":[{"@type":"SearchAction","target":{"@type":"EntryPoint","urlTemplate":"https:\/\/www.swisscrochet.ch\/?s={search_term_string}"},"query-input":{"@type":"PropertyValueSpecification","valueRequired":true,"valueName":"search_term_string"}}],"inLanguage":"it-IT"}]}},"_links":{"self":[{"href":"https:\/\/www.swisscrochet.ch\/it\/wp-json\/wp\/v2\/product\/5262","targetHints":{"allow":["GET"]}}],"collection":[{"href":"https:\/\/www.swisscrochet.ch\/it\/wp-json\/wp\/v2\/product"}],"about":[{"href":"https:\/\/www.swisscrochet.ch\/it\/wp-json\/wp\/v2\/types\/product"}],"wp:featuredmedia":[{"embeddable":true,"href":"https:\/\/www.swisscrochet.ch\/it\/wp-json\/wp\/v2\/media\/5199"}],"wp:attachment":[{"href":"https:\/\/www.swisscrochet.ch\/it\/wp-json\/wp\/v2\/media?parent=5262"}],"wp:term":[{"taxonomy":"product_brand","embeddable":true,"href":"https:\/\/www.swisscrochet.ch\/it\/wp-json\/wp\/v2\/product_brand?post=5262"},{"taxonomy":"product_cat","embeddable":true,"href":"https:\/\/www.swisscrochet.ch\/it\/wp-json\/wp\/v2\/product_cat?post=5262"},{"taxonomy":"product_tag","embeddable":true,"href":"https:\/\/www.swisscrochet.ch\/it\/wp-json\/wp\/v2\/product_tag?post=5262"}],"curies":[{"name":"wp","href":"https:\/\/api.w.org\/{rel}","templated":true}]}}