{"id":5836,"date":"2025-04-26T14:00:15","date_gmt":"2025-04-26T12:00:15","guid":{"rendered":"https:\/\/www.swisscrochet.ch\/product\/laines-du-nord-rozena\/"},"modified":"2026-03-13T23:17:15","modified_gmt":"2026-03-13T22:17:15","slug":"laines-du-nord-rozena","status":"publish","type":"product","link":"https:\/\/www.swisscrochet.ch\/it\/prodotto\/laines-du-nord-rozena\/","title":{"rendered":"Laines du Nord &#8211; Rozena"},"content":{"rendered":"","protected":false},"excerpt":{"rendered":"<p>Rozena \u00e8 un filato super morbido e soffice, perfetto per l\u2019uncinetto. La sua struttura a tubolare gli conferisce uno spessore da filato Bulky pur restando eccezionalmente leggero. Questa costruzione previene anche lo sfilacciamento o la divisione del filato durante il lavoro, rendendolo un vero piacere da usare.<\/p>\n<p>Rozena \u00e8 molto versatile: usa un uncinetto superiore a 7,50 mm per una lavorazione pi\u00f9 ariosa oppure inferiore a 6,00 mm per un tessuto pi\u00f9 compatto e denso.<\/p>\n<p>Composto dal 68% di lana merino, 17% di cashmere e 15% di nylon, Rozena \u00e8 ideale per una vasta gamma di progetti all\u2019uncinetto \u2013 dai capi d\u2019abbigliamento come maglioni, cardigan e top, agli accessori come berretti e sciarpe. Tuttavia, a causa della sua delicata miscela di fibre, Rozena \u00e8 meno adatto a capi soggetti a forte attrito, come i guanti.<\/p>\n<p>Il campione illustrato \u00e8 stato lavato in lavatrice (programma lana a 30 \u00b0C) e stirato a vapore.<\/p>\n<p>Scopri Rozena \u2013 dove morbidezza, resistenza e versatilit\u00e0 si uniscono per le tue creazioni all\u2019uncinetto pi\u00f9 coccolose.<\/p>\n<p>Cerchi un progetto per questo filato? <a href=\"https:\/\/www.swisscrochet.ch\/it\/tag-prodotto\/rozena\/\">Scopri i kit di filati che utilizzano questo filato<\/a>.<\/p>\n","protected":false},"featured_media":6459,"template":"","meta":[],"product_brand":[],"product_cat":[1895,228],"product_tag":[],"class_list":{"0":"post-5836","1":"product","2":"type-product","3":"status-publish","4":"has-post-thumbnail","6":"product_cat-filati-capi-dabbigliamento","7":"product_cat-filati","8":"pa_y1-brand-laines-du-nord-it","9":"pa_y17-yarn-weight-bulky-it","10":"description-off","12":"first","13":"instock","14":"taxable","15":"shipping-taxable","16":"purchasable","17":"product-type-variable","18":"wvs-archive-product-wrapper"},"bundled_by":["25706"],"bundle_stock_status":"instock","bundle_stock_quantity":null,"bundle_virtual":false,"bundle_layout":"","bundle_add_to_cart_form_location":"","bundle_editable_in_cart":false,"bundle_sold_individually_context":"","bundle_item_grouping":"","bundle_min_size":"","bundle_max_size":"","bundle_price":[],"bundled_items":[],"bundle_sell_ids":[],"yoast_head":"<!-- This site is optimized with the Yoast SEO plugin v27.5 - https:\/\/yoast.com\/product\/yoast-seo-wordpress\/ -->\n<title>Laines du Nord - Rozena &#171; Swiss Crochet<\/title>\n<meta name=\"description\" content=\"Rozena \u00e8 un filato a catenella morbido e voluminoso con merino, cashmere e nylon \u2013 ideale per capi caldi all\u2019uncinetto, berretti e sciarpe senza dividere il filo.\" \/>\n<meta name=\"robots\" content=\"index, follow, max-snippet:-1, max-image-preview:large, max-video-preview:-1\" \/>\n<link rel=\"canonical\" href=\"https:\/\/www.swisscrochet.ch\/it\/prodotto\/laines-du-nord-rozena\/\" \/>\n<meta property=\"og:locale\" content=\"it_IT\" \/>\n<meta property=\"og:type\" content=\"article\" \/>\n<meta property=\"og:title\" content=\"Laines du Nord - Rozena &#171; Swiss Crochet\" \/>\n<meta property=\"og:description\" content=\"Rozena \u00e8 un filato a catenella morbido e voluminoso con merino, cashmere e nylon \u2013 ideale per capi caldi all\u2019uncinetto, berretti e sciarpe senza dividere il filo.\" \/>\n<meta property=\"og:url\" content=\"https:\/\/www.swisscrochet.ch\/it\/prodotto\/laines-du-nord-rozena\/\" \/>\n<meta property=\"og:site_name\" content=\"Swiss Crochet\" \/>\n<meta property=\"article:modified_time\" content=\"2026-03-13T22:17:15+00:00\" \/>\n<meta property=\"og:image\" content=\"https:\/\/www.swisscrochet.ch\/wp-content\/uploads\/2025\/04\/Laines-du-Nord-Rozena-Overview-1.jpg\" \/>\n\t<meta property=\"og:image:width\" content=\"1000\" \/>\n\t<meta property=\"og:image:height\" content=\"1000\" \/>\n\t<meta property=\"og:image:type\" content=\"image\/jpeg\" \/>\n<meta name=\"twitter:card\" content=\"summary_large_image\" \/>\n<meta name=\"twitter:label1\" content=\"Tempo di lettura stimato\" \/>\n\t<meta name=\"twitter:data1\" content=\"1 minuto\" \/>\n<script type=\"application\/ld+json\" class=\"yoast-schema-graph\">{\"@context\":\"https:\\\/\\\/schema.org\",\"@graph\":[{\"@type\":[\"WebPage\",\"ItemPage\"],\"@id\":\"https:\\\/\\\/www.swisscrochet.ch\\\/it\\\/prodotto\\\/laines-du-nord-rozena\\\/\",\"url\":\"https:\\\/\\\/www.swisscrochet.ch\\\/it\\\/prodotto\\\/laines-du-nord-rozena\\\/\",\"name\":\"Laines du Nord - Rozena &#171; Swiss Crochet\",\"isPartOf\":{\"@id\":\"https:\\\/\\\/www.swisscrochet.ch\\\/#website\"},\"primaryImageOfPage\":{\"@id\":\"https:\\\/\\\/www.swisscrochet.ch\\\/it\\\/prodotto\\\/laines-du-nord-rozena\\\/#primaryimage\"},\"image\":{\"@id\":\"https:\\\/\\\/www.swisscrochet.ch\\\/it\\\/prodotto\\\/laines-du-nord-rozena\\\/#primaryimage\"},\"thumbnailUrl\":\"https:\\\/\\\/www.swisscrochet.ch\\\/wp-content\\\/uploads\\\/2025\\\/04\\\/Laines-du-Nord-Rozena-Overview-1.jpg\",\"datePublished\":\"2025-04-26T12:00:15+00:00\",\"dateModified\":\"2026-03-13T22:17:15+00:00\",\"description\":\"Rozena \u00e8 un filato a catenella morbido e voluminoso con merino, cashmere e nylon \u2013 ideale per capi caldi all\u2019uncinetto, berretti e sciarpe senza dividere il filo.\",\"breadcrumb\":{\"@id\":\"https:\\\/\\\/www.swisscrochet.ch\\\/it\\\/prodotto\\\/laines-du-nord-rozena\\\/#breadcrumb\"},\"inLanguage\":\"it-IT\",\"potentialAction\":[{\"@type\":\"ReadAction\",\"target\":[\"https:\\\/\\\/www.swisscrochet.ch\\\/it\\\/prodotto\\\/laines-du-nord-rozena\\\/\"]}]},{\"@type\":\"ImageObject\",\"inLanguage\":\"it-IT\",\"@id\":\"https:\\\/\\\/www.swisscrochet.ch\\\/it\\\/prodotto\\\/laines-du-nord-rozena\\\/#primaryimage\",\"url\":\"https:\\\/\\\/www.swisscrochet.ch\\\/wp-content\\\/uploads\\\/2025\\\/04\\\/Laines-du-Nord-Rozena-Overview-1.jpg\",\"contentUrl\":\"https:\\\/\\\/www.swisscrochet.ch\\\/wp-content\\\/uploads\\\/2025\\\/04\\\/Laines-du-Nord-Rozena-Overview-1.jpg\",\"width\":1000,\"height\":1000},{\"@type\":\"BreadcrumbList\",\"@id\":\"https:\\\/\\\/www.swisscrochet.ch\\\/it\\\/prodotto\\\/laines-du-nord-rozena\\\/#breadcrumb\",\"itemListElement\":[{\"@type\":\"ListItem\",\"position\":1,\"name\":\"Home\",\"item\":\"https:\\\/\\\/www.swisscrochet.ch\\\/it\\\/\"},{\"@type\":\"ListItem\",\"position\":2,\"name\":\"Negozio\",\"item\":\"https:\\\/\\\/www.swisscrochet.ch\\\/it\\\/negozio\\\/\"},{\"@type\":\"ListItem\",\"position\":3,\"name\":\"Laines du Nord &#8211; Rozena\"}]},{\"@type\":\"WebSite\",\"@id\":\"https:\\\/\\\/www.swisscrochet.ch\\\/#website\",\"url\":\"https:\\\/\\\/www.swisscrochet.ch\\\/\",\"name\":\"Swiss Crochet\",\"description\":\"Sblocca il tuo potenziale creativo\",\"potentialAction\":[{\"@type\":\"SearchAction\",\"target\":{\"@type\":\"EntryPoint\",\"urlTemplate\":\"https:\\\/\\\/www.swisscrochet.ch\\\/?s={search_term_string}\"},\"query-input\":{\"@type\":\"PropertyValueSpecification\",\"valueRequired\":true,\"valueName\":\"search_term_string\"}}],\"inLanguage\":\"it-IT\"}]}<\/script>\n<!-- \/ Yoast SEO plugin. -->","yoast_head_json":{"title":"Laines du Nord - Rozena &#171; Swiss Crochet","description":"Rozena \u00e8 un filato a catenella morbido e voluminoso con merino, cashmere e nylon \u2013 ideale per capi caldi all\u2019uncinetto, berretti e sciarpe senza dividere il filo.","robots":{"index":"index","follow":"follow","max-snippet":"max-snippet:-1","max-image-preview":"max-image-preview:large","max-video-preview":"max-video-preview:-1"},"canonical":"https:\/\/www.swisscrochet.ch\/it\/prodotto\/laines-du-nord-rozena\/","og_locale":"it_IT","og_type":"article","og_title":"Laines du Nord - Rozena &#171; Swiss Crochet","og_description":"Rozena \u00e8 un filato a catenella morbido e voluminoso con merino, cashmere e nylon \u2013 ideale per capi caldi all\u2019uncinetto, berretti e sciarpe senza dividere il filo.","og_url":"https:\/\/www.swisscrochet.ch\/it\/prodotto\/laines-du-nord-rozena\/","og_site_name":"Swiss Crochet","article_modified_time":"2026-03-13T22:17:15+00:00","og_image":[{"width":1000,"height":1000,"url":"https:\/\/www.swisscrochet.ch\/wp-content\/uploads\/2025\/04\/Laines-du-Nord-Rozena-Overview-1.jpg","type":"image\/jpeg"}],"twitter_card":"summary_large_image","twitter_misc":{"Tempo di lettura stimato":"1 minuto"},"schema":{"@context":"https:\/\/schema.org","@graph":[{"@type":["WebPage","ItemPage"],"@id":"https:\/\/www.swisscrochet.ch\/it\/prodotto\/laines-du-nord-rozena\/","url":"https:\/\/www.swisscrochet.ch\/it\/prodotto\/laines-du-nord-rozena\/","name":"Laines du Nord - Rozena &#171; Swiss Crochet","isPartOf":{"@id":"https:\/\/www.swisscrochet.ch\/#website"},"primaryImageOfPage":{"@id":"https:\/\/www.swisscrochet.ch\/it\/prodotto\/laines-du-nord-rozena\/#primaryimage"},"image":{"@id":"https:\/\/www.swisscrochet.ch\/it\/prodotto\/laines-du-nord-rozena\/#primaryimage"},"thumbnailUrl":"https:\/\/www.swisscrochet.ch\/wp-content\/uploads\/2025\/04\/Laines-du-Nord-Rozena-Overview-1.jpg","datePublished":"2025-04-26T12:00:15+00:00","dateModified":"2026-03-13T22:17:15+00:00","description":"Rozena \u00e8 un filato a catenella morbido e voluminoso con merino, cashmere e nylon \u2013 ideale per capi caldi all\u2019uncinetto, berretti e sciarpe senza dividere il filo.","breadcrumb":{"@id":"https:\/\/www.swisscrochet.ch\/it\/prodotto\/laines-du-nord-rozena\/#breadcrumb"},"inLanguage":"it-IT","potentialAction":[{"@type":"ReadAction","target":["https:\/\/www.swisscrochet.ch\/it\/prodotto\/laines-du-nord-rozena\/"]}]},{"@type":"ImageObject","inLanguage":"it-IT","@id":"https:\/\/www.swisscrochet.ch\/it\/prodotto\/laines-du-nord-rozena\/#primaryimage","url":"https:\/\/www.swisscrochet.ch\/wp-content\/uploads\/2025\/04\/Laines-du-Nord-Rozena-Overview-1.jpg","contentUrl":"https:\/\/www.swisscrochet.ch\/wp-content\/uploads\/2025\/04\/Laines-du-Nord-Rozena-Overview-1.jpg","width":1000,"height":1000},{"@type":"BreadcrumbList","@id":"https:\/\/www.swisscrochet.ch\/it\/prodotto\/laines-du-nord-rozena\/#breadcrumb","itemListElement":[{"@type":"ListItem","position":1,"name":"Home","item":"https:\/\/www.swisscrochet.ch\/it\/"},{"@type":"ListItem","position":2,"name":"Negozio","item":"https:\/\/www.swisscrochet.ch\/it\/negozio\/"},{"@type":"ListItem","position":3,"name":"Laines du Nord &#8211; Rozena"}]},{"@type":"WebSite","@id":"https:\/\/www.swisscrochet.ch\/#website","url":"https:\/\/www.swisscrochet.ch\/","name":"Swiss Crochet","description":"Sblocca il tuo potenziale creativo","potentialAction":[{"@type":"SearchAction","target":{"@type":"EntryPoint","urlTemplate":"https:\/\/www.swisscrochet.ch\/?s={search_term_string}"},"query-input":{"@type":"PropertyValueSpecification","valueRequired":true,"valueName":"search_term_string"}}],"inLanguage":"it-IT"}]}},"_links":{"self":[{"href":"https:\/\/www.swisscrochet.ch\/it\/wp-json\/wp\/v2\/product\/5836","targetHints":{"allow":["GET"]}}],"collection":[{"href":"https:\/\/www.swisscrochet.ch\/it\/wp-json\/wp\/v2\/product"}],"about":[{"href":"https:\/\/www.swisscrochet.ch\/it\/wp-json\/wp\/v2\/types\/product"}],"wp:featuredmedia":[{"embeddable":true,"href":"https:\/\/www.swisscrochet.ch\/it\/wp-json\/wp\/v2\/media\/6459"}],"wp:attachment":[{"href":"https:\/\/www.swisscrochet.ch\/it\/wp-json\/wp\/v2\/media?parent=5836"}],"wp:term":[{"taxonomy":"product_brand","embeddable":true,"href":"https:\/\/www.swisscrochet.ch\/it\/wp-json\/wp\/v2\/product_brand?post=5836"},{"taxonomy":"product_cat","embeddable":true,"href":"https:\/\/www.swisscrochet.ch\/it\/wp-json\/wp\/v2\/product_cat?post=5836"},{"taxonomy":"product_tag","embeddable":true,"href":"https:\/\/www.swisscrochet.ch\/it\/wp-json\/wp\/v2\/product_tag?post=5836"}],"curies":[{"name":"wp","href":"https:\/\/api.w.org\/{rel}","templated":true}]}}