{"id":7022,"date":"2025-05-15T16:36:40","date_gmt":"2025-05-15T14:36:40","guid":{"rendered":"https:\/\/www.swisscrochet.ch\/product\/chiaogoo-tunisian-crochet-hook-interchangable-tip\/"},"modified":"2025-05-15T17:10:23","modified_gmt":"2025-05-15T15:10:23","slug":"chiaogoo-uncinetto-tunisino-con-punta-intercambiabile","status":"publish","type":"product","link":"https:\/\/www.swisscrochet.ch\/it\/prodotto\/chiaogoo-uncinetto-tunisino-con-punta-intercambiabile\/","title":{"rendered":"Chiaogoo &#8211; Uncinetto tunisino con punta intercambiabile"},"content":{"rendered":"","protected":false},"excerpt":{"rendered":"<p>I ChiaoGoo Uncinetti tunisini con punta intercambiabile sono uncinetti [dt_tooltip title=\"inline\"]Un uncinetto inline ha una testa appuntita, un collo che ha lo stesso diametro dell&#8217;asta e un&#8217;asta pi\u00f9 corta rispetto ad altri tipi di uncinetti.[\/dt_tooltip] di alta qualit\u00e0 con punta affusolata. Realizzati in bamb\u00f9 premium liscio e leggero, offrono comfort, flessibilit\u00e0 e controllo eccellente del punto \u2013 perfetti per tutti i tuoi progetti di uncinetto tunisino.<\/p>\n<p>Queste punte sono progettate per essere utilizzate con i <a href=\"https:\/\/www.swisscrochet.ch\/it\/prodotto\/chiaogoo-cavo-swiv360-silver\/\" target=\"_blank\" rel=\"noopener\">cavi ChiaoGoo SWIV360<\/a>, permettendoti di adattare la lunghezza a qualsiasi progetto \u2013 dagli accessori pi\u00f9 piccoli ai capi d\u2019abbigliamento, coperte e altro ancora.<\/p>\n<p>Grazie al sistema intercambiabile, questi uncinetti sono adatti sia per lavorare in piano che in tondo con la tecnica dell\u2019uncinetto tunisino. Basta selezionare la misura desiderata e collegarla a un cavo compatibile.<\/p>\n<p>La misura \u00e8 incisa al laser sul ferro per una facile identificazione.<\/p>\n<p>Compatibilit\u00e0:<\/p>\n<ul>\n<li>Misure da 3.50 mm a 5.00 mm: compatibili con cavi, adattatori e fermi (S) Small.<\/li>\n<li>Misure da 5.50 mm a 10.00 mm: compatibili con cavi, adattatori e fermi (L) Large.<\/li>\n<\/ul>\n<p>Gli uncinetti intercambiabili in bamb\u00f9 ChiaoGoo ti offrono la libert\u00e0 di personalizzare i tuoi strumenti e lavorare all\u2019uncinetto in modo fluido e affidabile con qualsiasi filato o fibra.<\/p>\n","protected":false},"featured_media":6983,"template":"","meta":[],"product_brand":[],"product_cat":[222,558],"product_tag":[],"class_list":{"0":"post-7022","1":"product","2":"type-product","3":"status-publish","4":"has-post-thumbnail","6":"product_cat-uncinetti-e-accessori","7":"product_cat-uncinetti-tunisini","8":"product_shipping_class-piccole-spedizioni","9":"pa_t1-manufacturer-chiaogoo-it","10":"description-off","12":"first","13":"instock","14":"taxable","15":"shipping-taxable","16":"purchasable","17":"product-type-variable","18":"wvs-archive-product-wrapper"},"bundled_by":["10448","10851","10851","10851","10851"],"bundle_stock_status":"instock","bundle_stock_quantity":null,"bundle_virtual":false,"bundle_layout":"","bundle_add_to_cart_form_location":"","bundle_editable_in_cart":false,"bundle_sold_individually_context":"","bundle_item_grouping":"","bundle_min_size":"","bundle_max_size":"","bundle_price":[],"bundled_items":[],"bundle_sell_ids":[],"yoast_head":"<!-- This site is optimized with the Yoast SEO plugin v27.4 - https:\/\/yoast.com\/product\/yoast-seo-wordpress\/ -->\n<title>Chiaogoo - Uncinetto tunisino con punta intercambiabile &#171; Swiss Crochet<\/title>\n<meta name=\"description\" content=\"Uncinetti tunisini ChiaoGoo in bamb\u00f9 di alta qualit\u00e0, da 3.50 a 10.00 mm. Punte intercambiabili per lavori in piano o in tondo.\" \/>\n<meta name=\"robots\" content=\"index, follow, max-snippet:-1, max-image-preview:large, max-video-preview:-1\" \/>\n<link rel=\"canonical\" href=\"https:\/\/www.swisscrochet.ch\/prodotto\/chiaogoo-tunisian-crochet-hook-interchangable-tip\/\" \/>\n<meta property=\"og:locale\" content=\"it_IT\" \/>\n<meta property=\"og:type\" content=\"article\" \/>\n<meta property=\"og:title\" content=\"Chiaogoo - Uncinetto tunisino con punta intercambiabile &#171; Swiss Crochet\" \/>\n<meta property=\"og:description\" content=\"Uncinetti tunisini ChiaoGoo in bamb\u00f9 di alta qualit\u00e0, da 3.50 a 10.00 mm. Punte intercambiabili per lavori in piano o in tondo.\" \/>\n<meta property=\"og:url\" content=\"https:\/\/www.swisscrochet.ch\/prodotto\/chiaogoo-tunisian-crochet-hook-interchangable-tip\/\" \/>\n<meta property=\"og:site_name\" content=\"Swiss Crochet\" \/>\n<meta property=\"article:modified_time\" content=\"2025-05-15T15:10:23+00:00\" \/>\n<meta property=\"og:image\" content=\"https:\/\/www.swisscrochet.ch\/wp-content\/uploads\/2025\/05\/Chiaogoo-Tunisian-Crochet-Hook-Interchangable-Tip-Overview.jpg\" \/>\n\t<meta property=\"og:image:width\" content=\"1000\" \/>\n\t<meta property=\"og:image:height\" content=\"1000\" \/>\n\t<meta property=\"og:image:type\" content=\"image\/jpeg\" \/>\n<meta name=\"twitter:card\" content=\"summary_large_image\" \/>\n<meta name=\"twitter:label1\" content=\"Tempo di lettura stimato\" \/>\n\t<meta name=\"twitter:data1\" content=\"1 minuto\" \/>\n<script type=\"application\/ld+json\" class=\"yoast-schema-graph\">{\"@context\":\"https:\\\/\\\/schema.org\",\"@graph\":[{\"@type\":[\"WebPage\",\"ItemPage\"],\"@id\":\"https:\\\/\\\/www.swisscrochet.ch\\\/prodotto\\\/chiaogoo-tunisian-crochet-hook-interchangable-tip\\\/\",\"url\":\"https:\\\/\\\/www.swisscrochet.ch\\\/prodotto\\\/chiaogoo-tunisian-crochet-hook-interchangable-tip\\\/\",\"name\":\"Chiaogoo - Uncinetto tunisino con punta intercambiabile &#171; Swiss Crochet\",\"isPartOf\":{\"@id\":\"https:\\\/\\\/www.swisscrochet.ch\\\/#website\"},\"primaryImageOfPage\":{\"@id\":\"https:\\\/\\\/www.swisscrochet.ch\\\/prodotto\\\/chiaogoo-tunisian-crochet-hook-interchangable-tip\\\/#primaryimage\"},\"image\":{\"@id\":\"https:\\\/\\\/www.swisscrochet.ch\\\/prodotto\\\/chiaogoo-tunisian-crochet-hook-interchangable-tip\\\/#primaryimage\"},\"thumbnailUrl\":\"https:\\\/\\\/www.swisscrochet.ch\\\/wp-content\\\/uploads\\\/2025\\\/05\\\/Chiaogoo-Tunisian-Crochet-Hook-Interchangable-Tip-Overview.jpg\",\"datePublished\":\"2025-05-15T14:36:40+00:00\",\"dateModified\":\"2025-05-15T15:10:23+00:00\",\"description\":\"Uncinetti tunisini ChiaoGoo in bamb\u00f9 di alta qualit\u00e0, da 3.50 a 10.00 mm. Punte intercambiabili per lavori in piano o in tondo.\",\"breadcrumb\":{\"@id\":\"https:\\\/\\\/www.swisscrochet.ch\\\/prodotto\\\/chiaogoo-tunisian-crochet-hook-interchangable-tip\\\/#breadcrumb\"},\"inLanguage\":\"it-IT\",\"potentialAction\":[{\"@type\":\"ReadAction\",\"target\":[\"https:\\\/\\\/www.swisscrochet.ch\\\/prodotto\\\/chiaogoo-tunisian-crochet-hook-interchangable-tip\\\/\"]}]},{\"@type\":\"ImageObject\",\"inLanguage\":\"it-IT\",\"@id\":\"https:\\\/\\\/www.swisscrochet.ch\\\/prodotto\\\/chiaogoo-tunisian-crochet-hook-interchangable-tip\\\/#primaryimage\",\"url\":\"https:\\\/\\\/www.swisscrochet.ch\\\/wp-content\\\/uploads\\\/2025\\\/05\\\/Chiaogoo-Tunisian-Crochet-Hook-Interchangable-Tip-Overview.jpg\",\"contentUrl\":\"https:\\\/\\\/www.swisscrochet.ch\\\/wp-content\\\/uploads\\\/2025\\\/05\\\/Chiaogoo-Tunisian-Crochet-Hook-Interchangable-Tip-Overview.jpg\",\"width\":1000,\"height\":1000},{\"@type\":\"BreadcrumbList\",\"@id\":\"https:\\\/\\\/www.swisscrochet.ch\\\/prodotto\\\/chiaogoo-tunisian-crochet-hook-interchangable-tip\\\/#breadcrumb\",\"itemListElement\":[{\"@type\":\"ListItem\",\"position\":1,\"name\":\"Home\",\"item\":\"https:\\\/\\\/www.swisscrochet.ch\\\/it\\\/\"},{\"@type\":\"ListItem\",\"position\":2,\"name\":\"Negozio\",\"item\":\"https:\\\/\\\/www.swisscrochet.ch\\\/it\\\/negozio\\\/\"},{\"@type\":\"ListItem\",\"position\":3,\"name\":\"Chiaogoo &#8211; Uncinetto tunisino con punta intercambiabile\"}]},{\"@type\":\"WebSite\",\"@id\":\"https:\\\/\\\/www.swisscrochet.ch\\\/#website\",\"url\":\"https:\\\/\\\/www.swisscrochet.ch\\\/\",\"name\":\"Swiss Crochet\",\"description\":\"Sblocca il tuo potenziale creativo\",\"potentialAction\":[{\"@type\":\"SearchAction\",\"target\":{\"@type\":\"EntryPoint\",\"urlTemplate\":\"https:\\\/\\\/www.swisscrochet.ch\\\/?s={search_term_string}\"},\"query-input\":{\"@type\":\"PropertyValueSpecification\",\"valueRequired\":true,\"valueName\":\"search_term_string\"}}],\"inLanguage\":\"it-IT\"}]}<\/script>\n<!-- \/ Yoast SEO plugin. -->","yoast_head_json":{"title":"Chiaogoo - Uncinetto tunisino con punta intercambiabile &#171; Swiss Crochet","description":"Uncinetti tunisini ChiaoGoo in bamb\u00f9 di alta qualit\u00e0, da 3.50 a 10.00 mm. Punte intercambiabili per lavori in piano o in tondo.","robots":{"index":"index","follow":"follow","max-snippet":"max-snippet:-1","max-image-preview":"max-image-preview:large","max-video-preview":"max-video-preview:-1"},"canonical":"https:\/\/www.swisscrochet.ch\/prodotto\/chiaogoo-tunisian-crochet-hook-interchangable-tip\/","og_locale":"it_IT","og_type":"article","og_title":"Chiaogoo - Uncinetto tunisino con punta intercambiabile &#171; Swiss Crochet","og_description":"Uncinetti tunisini ChiaoGoo in bamb\u00f9 di alta qualit\u00e0, da 3.50 a 10.00 mm. Punte intercambiabili per lavori in piano o in tondo.","og_url":"https:\/\/www.swisscrochet.ch\/prodotto\/chiaogoo-tunisian-crochet-hook-interchangable-tip\/","og_site_name":"Swiss Crochet","article_modified_time":"2025-05-15T15:10:23+00:00","og_image":[{"width":1000,"height":1000,"url":"https:\/\/www.swisscrochet.ch\/wp-content\/uploads\/2025\/05\/Chiaogoo-Tunisian-Crochet-Hook-Interchangable-Tip-Overview.jpg","type":"image\/jpeg"}],"twitter_card":"summary_large_image","twitter_misc":{"Tempo di lettura stimato":"1 minuto"},"schema":{"@context":"https:\/\/schema.org","@graph":[{"@type":["WebPage","ItemPage"],"@id":"https:\/\/www.swisscrochet.ch\/prodotto\/chiaogoo-tunisian-crochet-hook-interchangable-tip\/","url":"https:\/\/www.swisscrochet.ch\/prodotto\/chiaogoo-tunisian-crochet-hook-interchangable-tip\/","name":"Chiaogoo - Uncinetto tunisino con punta intercambiabile &#171; Swiss Crochet","isPartOf":{"@id":"https:\/\/www.swisscrochet.ch\/#website"},"primaryImageOfPage":{"@id":"https:\/\/www.swisscrochet.ch\/prodotto\/chiaogoo-tunisian-crochet-hook-interchangable-tip\/#primaryimage"},"image":{"@id":"https:\/\/www.swisscrochet.ch\/prodotto\/chiaogoo-tunisian-crochet-hook-interchangable-tip\/#primaryimage"},"thumbnailUrl":"https:\/\/www.swisscrochet.ch\/wp-content\/uploads\/2025\/05\/Chiaogoo-Tunisian-Crochet-Hook-Interchangable-Tip-Overview.jpg","datePublished":"2025-05-15T14:36:40+00:00","dateModified":"2025-05-15T15:10:23+00:00","description":"Uncinetti tunisini ChiaoGoo in bamb\u00f9 di alta qualit\u00e0, da 3.50 a 10.00 mm. Punte intercambiabili per lavori in piano o in tondo.","breadcrumb":{"@id":"https:\/\/www.swisscrochet.ch\/prodotto\/chiaogoo-tunisian-crochet-hook-interchangable-tip\/#breadcrumb"},"inLanguage":"it-IT","potentialAction":[{"@type":"ReadAction","target":["https:\/\/www.swisscrochet.ch\/prodotto\/chiaogoo-tunisian-crochet-hook-interchangable-tip\/"]}]},{"@type":"ImageObject","inLanguage":"it-IT","@id":"https:\/\/www.swisscrochet.ch\/prodotto\/chiaogoo-tunisian-crochet-hook-interchangable-tip\/#primaryimage","url":"https:\/\/www.swisscrochet.ch\/wp-content\/uploads\/2025\/05\/Chiaogoo-Tunisian-Crochet-Hook-Interchangable-Tip-Overview.jpg","contentUrl":"https:\/\/www.swisscrochet.ch\/wp-content\/uploads\/2025\/05\/Chiaogoo-Tunisian-Crochet-Hook-Interchangable-Tip-Overview.jpg","width":1000,"height":1000},{"@type":"BreadcrumbList","@id":"https:\/\/www.swisscrochet.ch\/prodotto\/chiaogoo-tunisian-crochet-hook-interchangable-tip\/#breadcrumb","itemListElement":[{"@type":"ListItem","position":1,"name":"Home","item":"https:\/\/www.swisscrochet.ch\/it\/"},{"@type":"ListItem","position":2,"name":"Negozio","item":"https:\/\/www.swisscrochet.ch\/it\/negozio\/"},{"@type":"ListItem","position":3,"name":"Chiaogoo &#8211; Uncinetto tunisino con punta intercambiabile"}]},{"@type":"WebSite","@id":"https:\/\/www.swisscrochet.ch\/#website","url":"https:\/\/www.swisscrochet.ch\/","name":"Swiss Crochet","description":"Sblocca il tuo potenziale creativo","potentialAction":[{"@type":"SearchAction","target":{"@type":"EntryPoint","urlTemplate":"https:\/\/www.swisscrochet.ch\/?s={search_term_string}"},"query-input":{"@type":"PropertyValueSpecification","valueRequired":true,"valueName":"search_term_string"}}],"inLanguage":"it-IT"}]}},"_links":{"self":[{"href":"https:\/\/www.swisscrochet.ch\/it\/wp-json\/wp\/v2\/product\/7022","targetHints":{"allow":["GET"]}}],"collection":[{"href":"https:\/\/www.swisscrochet.ch\/it\/wp-json\/wp\/v2\/product"}],"about":[{"href":"https:\/\/www.swisscrochet.ch\/it\/wp-json\/wp\/v2\/types\/product"}],"wp:featuredmedia":[{"embeddable":true,"href":"https:\/\/www.swisscrochet.ch\/it\/wp-json\/wp\/v2\/media\/6983"}],"wp:attachment":[{"href":"https:\/\/www.swisscrochet.ch\/it\/wp-json\/wp\/v2\/media?parent=7022"}],"wp:term":[{"taxonomy":"product_brand","embeddable":true,"href":"https:\/\/www.swisscrochet.ch\/it\/wp-json\/wp\/v2\/product_brand?post=7022"},{"taxonomy":"product_cat","embeddable":true,"href":"https:\/\/www.swisscrochet.ch\/it\/wp-json\/wp\/v2\/product_cat?post=7022"},{"taxonomy":"product_tag","embeddable":true,"href":"https:\/\/www.swisscrochet.ch\/it\/wp-json\/wp\/v2\/product_tag?post=7022"}],"curies":[{"name":"wp","href":"https:\/\/api.w.org\/{rel}","templated":true}]}}