{"id":8950,"date":"2025-07-02T16:52:30","date_gmt":"2025-07-02T14:52:30","guid":{"rendered":"https:\/\/www.swisscrochet.ch\/product\/tulip-etimo-red-crochet-hook-set\/"},"modified":"2025-07-02T17:36:58","modified_gmt":"2025-07-02T15:36:58","slug":"tulip-etimo-red-set-di-uncinetti","status":"publish","type":"product","link":"https:\/\/www.swisscrochet.ch\/it\/prodotto\/tulip-etimo-red-set-di-uncinetti\/","title":{"rendered":"Tulip &#8211; Etimo Red &#8211; Set di uncinetti"},"content":{"rendered":"","protected":false},"excerpt":{"rendered":"<p>Questo elegante set di uncinetti della serie Etimo Red di Tulip unisce bellezza, funzionalit\u00e0 e comfort in un kit completo. Progettato per le crocheter pi\u00f9 esigenti, include <strong>8 uncinetti di alta qualit\u00e0<\/strong> nelle misure pi\u00f9 utilizzate: 1.80, 2.00, 2.20, 2.50, 3.00, 3.50, 4.00 e 5.00 mm \u2014 perfetti per una vasta gamma di filati e progetti.<\/p>\n<p>Ogni uncinetto presenta una punta in alluminio liscia e affusolata e un\u2019impugnatura ergonomica nel caratteristico rosso opaco di Tulip, che riduce l\u2019affaticamento degli occhi e aggiunge un tocco di eleganza al tuo kit.<\/p>\n<p>Inclusi nel set anche:<\/p>\n<ul>\n<li>2 aghi da lana (n.15 e n.17) per cucire le estremit\u00e0 o rifinire i dettagli<\/li>\n<li>1 righello trasparente in plastica per misurare campioni o motivi<\/li>\n<li>1 cordino per fissare righello o forbici<\/li>\n<li>1 cuscinetto portaspilli per tenere aghi e spilli al loro posto<\/li>\n<li>1 astuccio elegante in tessuto jacquard a pois per tenere tutto in ordine e portarlo con s\u00e9<\/li>\n<\/ul>\n<p>A casa o in viaggio, questo set curato nei minimi dettagli ha tutto ci\u00f2 che serve per un lavoro all\u2019uncinetto preciso e confortevole.<\/p>\n","protected":false},"featured_media":8923,"template":"","meta":[],"product_brand":[],"product_cat":[553,222],"product_tag":[],"class_list":{"0":"post-8950","1":"product","2":"type-product","3":"status-publish","4":"has-post-thumbnail","6":"product_cat-uncinetti-con-manico","7":"product_cat-uncinetti-e-accessori","8":"pa_t1-manufacturer-tulip-it","9":"description-off","11":"first","12":"instock","13":"taxable","14":"shipping-taxable","15":"purchasable","16":"product-type-simple"},"bundled_by":[],"bundle_stock_status":"instock","bundle_stock_quantity":2,"bundle_virtual":false,"bundle_layout":"","bundle_add_to_cart_form_location":"","bundle_editable_in_cart":false,"bundle_sold_individually_context":"","bundle_item_grouping":"","bundle_min_size":"","bundle_max_size":"","bundle_price":[],"bundled_items":[],"bundle_sell_ids":[],"yoast_head":"<!-- This site is optimized with the Yoast SEO plugin v27.4 - https:\/\/yoast.com\/product\/yoast-seo-wordpress\/ -->\n<title>Tulip - Etimo Red - Set di uncinetti &#171; Swiss Crochet<\/title>\n<meta name=\"description\" content=\"Set da uncinetto elegante della serie Etimo Red di Tulip. Include 8 uncinetti ergonomici (da 1.80 a 5.00 mm), aghi da lana, righello, cuscinetto portaspilli e un\u2019elegante custodia \u2013 ideale per lavorare all\u2019uncinetto con comodit\u00e0 e precisione.\" \/>\n<meta name=\"robots\" content=\"index, follow, max-snippet:-1, max-image-preview:large, max-video-preview:-1\" \/>\n<link rel=\"canonical\" href=\"https:\/\/www.swisscrochet.ch\/prodotto\/tulip-etimo-red-crochet-hook-set\/\" \/>\n<meta property=\"og:locale\" content=\"it_IT\" \/>\n<meta property=\"og:type\" content=\"article\" \/>\n<meta property=\"og:title\" content=\"Tulip - Etimo Red - Set di uncinetti &#171; Swiss Crochet\" \/>\n<meta property=\"og:description\" content=\"Set da uncinetto elegante della serie Etimo Red di Tulip. Include 8 uncinetti ergonomici (da 1.80 a 5.00 mm), aghi da lana, righello, cuscinetto portaspilli e un\u2019elegante custodia \u2013 ideale per lavorare all\u2019uncinetto con comodit\u00e0 e precisione.\" \/>\n<meta property=\"og:url\" content=\"https:\/\/www.swisscrochet.ch\/prodotto\/tulip-etimo-red-crochet-hook-set\/\" \/>\n<meta property=\"og:site_name\" content=\"Swiss Crochet\" \/>\n<meta property=\"article:modified_time\" content=\"2025-07-02T15:36:58+00:00\" \/>\n<meta property=\"og:image\" content=\"https:\/\/www.swisscrochet.ch\/wp-content\/uploads\/2025\/07\/Tulip\u2013Etimo-Red-Crochet-Hook-Set-Overview.jpg\" \/>\n\t<meta property=\"og:image:width\" content=\"1000\" \/>\n\t<meta property=\"og:image:height\" content=\"1000\" \/>\n\t<meta property=\"og:image:type\" content=\"image\/jpeg\" \/>\n<meta name=\"twitter:card\" content=\"summary_large_image\" \/>\n<meta name=\"twitter:label1\" content=\"Tempo di lettura stimato\" \/>\n\t<meta name=\"twitter:data1\" content=\"1 minuto\" \/>\n<script type=\"application\/ld+json\" class=\"yoast-schema-graph\">{\"@context\":\"https:\\\/\\\/schema.org\",\"@graph\":[{\"@type\":[\"WebPage\",\"ItemPage\"],\"@id\":\"https:\\\/\\\/www.swisscrochet.ch\\\/prodotto\\\/tulip-etimo-red-crochet-hook-set\\\/\",\"url\":\"https:\\\/\\\/www.swisscrochet.ch\\\/prodotto\\\/tulip-etimo-red-crochet-hook-set\\\/\",\"name\":\"Tulip - Etimo Red - Set di uncinetti &#171; Swiss Crochet\",\"isPartOf\":{\"@id\":\"https:\\\/\\\/www.swisscrochet.ch\\\/#website\"},\"primaryImageOfPage\":{\"@id\":\"https:\\\/\\\/www.swisscrochet.ch\\\/prodotto\\\/tulip-etimo-red-crochet-hook-set\\\/#primaryimage\"},\"image\":{\"@id\":\"https:\\\/\\\/www.swisscrochet.ch\\\/prodotto\\\/tulip-etimo-red-crochet-hook-set\\\/#primaryimage\"},\"thumbnailUrl\":\"https:\\\/\\\/www.swisscrochet.ch\\\/wp-content\\\/uploads\\\/2025\\\/07\\\/Tulip\u2013Etimo-Red-Crochet-Hook-Set-Overview.jpg\",\"datePublished\":\"2025-07-02T14:52:30+00:00\",\"dateModified\":\"2025-07-02T15:36:58+00:00\",\"description\":\"Set da uncinetto elegante della serie Etimo Red di Tulip. Include 8 uncinetti ergonomici (da 1.80 a 5.00 mm), aghi da lana, righello, cuscinetto portaspilli e un\u2019elegante custodia \u2013 ideale per lavorare all\u2019uncinetto con comodit\u00e0 e precisione.\",\"breadcrumb\":{\"@id\":\"https:\\\/\\\/www.swisscrochet.ch\\\/prodotto\\\/tulip-etimo-red-crochet-hook-set\\\/#breadcrumb\"},\"inLanguage\":\"it-IT\",\"potentialAction\":[{\"@type\":\"ReadAction\",\"target\":[\"https:\\\/\\\/www.swisscrochet.ch\\\/prodotto\\\/tulip-etimo-red-crochet-hook-set\\\/\"]}]},{\"@type\":\"ImageObject\",\"inLanguage\":\"it-IT\",\"@id\":\"https:\\\/\\\/www.swisscrochet.ch\\\/prodotto\\\/tulip-etimo-red-crochet-hook-set\\\/#primaryimage\",\"url\":\"https:\\\/\\\/www.swisscrochet.ch\\\/wp-content\\\/uploads\\\/2025\\\/07\\\/Tulip\u2013Etimo-Red-Crochet-Hook-Set-Overview.jpg\",\"contentUrl\":\"https:\\\/\\\/www.swisscrochet.ch\\\/wp-content\\\/uploads\\\/2025\\\/07\\\/Tulip\u2013Etimo-Red-Crochet-Hook-Set-Overview.jpg\",\"width\":1000,\"height\":1000},{\"@type\":\"BreadcrumbList\",\"@id\":\"https:\\\/\\\/www.swisscrochet.ch\\\/prodotto\\\/tulip-etimo-red-crochet-hook-set\\\/#breadcrumb\",\"itemListElement\":[{\"@type\":\"ListItem\",\"position\":1,\"name\":\"Home\",\"item\":\"https:\\\/\\\/www.swisscrochet.ch\\\/it\\\/\"},{\"@type\":\"ListItem\",\"position\":2,\"name\":\"Negozio\",\"item\":\"https:\\\/\\\/www.swisscrochet.ch\\\/it\\\/negozio\\\/\"},{\"@type\":\"ListItem\",\"position\":3,\"name\":\"Tulip &#8211; Etimo Red &#8211; Set di uncinetti\"}]},{\"@type\":\"WebSite\",\"@id\":\"https:\\\/\\\/www.swisscrochet.ch\\\/#website\",\"url\":\"https:\\\/\\\/www.swisscrochet.ch\\\/\",\"name\":\"Swiss Crochet\",\"description\":\"Sblocca il tuo potenziale creativo\",\"potentialAction\":[{\"@type\":\"SearchAction\",\"target\":{\"@type\":\"EntryPoint\",\"urlTemplate\":\"https:\\\/\\\/www.swisscrochet.ch\\\/?s={search_term_string}\"},\"query-input\":{\"@type\":\"PropertyValueSpecification\",\"valueRequired\":true,\"valueName\":\"search_term_string\"}}],\"inLanguage\":\"it-IT\"}]}<\/script>\n<!-- \/ Yoast SEO plugin. -->","yoast_head_json":{"title":"Tulip - Etimo Red - Set di uncinetti &#171; Swiss Crochet","description":"Set da uncinetto elegante della serie Etimo Red di Tulip. Include 8 uncinetti ergonomici (da 1.80 a 5.00 mm), aghi da lana, righello, cuscinetto portaspilli e un\u2019elegante custodia \u2013 ideale per lavorare all\u2019uncinetto con comodit\u00e0 e precisione.","robots":{"index":"index","follow":"follow","max-snippet":"max-snippet:-1","max-image-preview":"max-image-preview:large","max-video-preview":"max-video-preview:-1"},"canonical":"https:\/\/www.swisscrochet.ch\/prodotto\/tulip-etimo-red-crochet-hook-set\/","og_locale":"it_IT","og_type":"article","og_title":"Tulip - Etimo Red - Set di uncinetti &#171; Swiss Crochet","og_description":"Set da uncinetto elegante della serie Etimo Red di Tulip. Include 8 uncinetti ergonomici (da 1.80 a 5.00 mm), aghi da lana, righello, cuscinetto portaspilli e un\u2019elegante custodia \u2013 ideale per lavorare all\u2019uncinetto con comodit\u00e0 e precisione.","og_url":"https:\/\/www.swisscrochet.ch\/prodotto\/tulip-etimo-red-crochet-hook-set\/","og_site_name":"Swiss Crochet","article_modified_time":"2025-07-02T15:36:58+00:00","og_image":[{"width":1000,"height":1000,"url":"https:\/\/www.swisscrochet.ch\/wp-content\/uploads\/2025\/07\/Tulip\u2013Etimo-Red-Crochet-Hook-Set-Overview.jpg","type":"image\/jpeg"}],"twitter_card":"summary_large_image","twitter_misc":{"Tempo di lettura stimato":"1 minuto"},"schema":{"@context":"https:\/\/schema.org","@graph":[{"@type":["WebPage","ItemPage"],"@id":"https:\/\/www.swisscrochet.ch\/prodotto\/tulip-etimo-red-crochet-hook-set\/","url":"https:\/\/www.swisscrochet.ch\/prodotto\/tulip-etimo-red-crochet-hook-set\/","name":"Tulip - Etimo Red - Set di uncinetti &#171; Swiss Crochet","isPartOf":{"@id":"https:\/\/www.swisscrochet.ch\/#website"},"primaryImageOfPage":{"@id":"https:\/\/www.swisscrochet.ch\/prodotto\/tulip-etimo-red-crochet-hook-set\/#primaryimage"},"image":{"@id":"https:\/\/www.swisscrochet.ch\/prodotto\/tulip-etimo-red-crochet-hook-set\/#primaryimage"},"thumbnailUrl":"https:\/\/www.swisscrochet.ch\/wp-content\/uploads\/2025\/07\/Tulip\u2013Etimo-Red-Crochet-Hook-Set-Overview.jpg","datePublished":"2025-07-02T14:52:30+00:00","dateModified":"2025-07-02T15:36:58+00:00","description":"Set da uncinetto elegante della serie Etimo Red di Tulip. Include 8 uncinetti ergonomici (da 1.80 a 5.00 mm), aghi da lana, righello, cuscinetto portaspilli e un\u2019elegante custodia \u2013 ideale per lavorare all\u2019uncinetto con comodit\u00e0 e precisione.","breadcrumb":{"@id":"https:\/\/www.swisscrochet.ch\/prodotto\/tulip-etimo-red-crochet-hook-set\/#breadcrumb"},"inLanguage":"it-IT","potentialAction":[{"@type":"ReadAction","target":["https:\/\/www.swisscrochet.ch\/prodotto\/tulip-etimo-red-crochet-hook-set\/"]}]},{"@type":"ImageObject","inLanguage":"it-IT","@id":"https:\/\/www.swisscrochet.ch\/prodotto\/tulip-etimo-red-crochet-hook-set\/#primaryimage","url":"https:\/\/www.swisscrochet.ch\/wp-content\/uploads\/2025\/07\/Tulip\u2013Etimo-Red-Crochet-Hook-Set-Overview.jpg","contentUrl":"https:\/\/www.swisscrochet.ch\/wp-content\/uploads\/2025\/07\/Tulip\u2013Etimo-Red-Crochet-Hook-Set-Overview.jpg","width":1000,"height":1000},{"@type":"BreadcrumbList","@id":"https:\/\/www.swisscrochet.ch\/prodotto\/tulip-etimo-red-crochet-hook-set\/#breadcrumb","itemListElement":[{"@type":"ListItem","position":1,"name":"Home","item":"https:\/\/www.swisscrochet.ch\/it\/"},{"@type":"ListItem","position":2,"name":"Negozio","item":"https:\/\/www.swisscrochet.ch\/it\/negozio\/"},{"@type":"ListItem","position":3,"name":"Tulip &#8211; Etimo Red &#8211; Set di uncinetti"}]},{"@type":"WebSite","@id":"https:\/\/www.swisscrochet.ch\/#website","url":"https:\/\/www.swisscrochet.ch\/","name":"Swiss Crochet","description":"Sblocca il tuo potenziale creativo","potentialAction":[{"@type":"SearchAction","target":{"@type":"EntryPoint","urlTemplate":"https:\/\/www.swisscrochet.ch\/?s={search_term_string}"},"query-input":{"@type":"PropertyValueSpecification","valueRequired":true,"valueName":"search_term_string"}}],"inLanguage":"it-IT"}]}},"_links":{"self":[{"href":"https:\/\/www.swisscrochet.ch\/it\/wp-json\/wp\/v2\/product\/8950","targetHints":{"allow":["GET"]}}],"collection":[{"href":"https:\/\/www.swisscrochet.ch\/it\/wp-json\/wp\/v2\/product"}],"about":[{"href":"https:\/\/www.swisscrochet.ch\/it\/wp-json\/wp\/v2\/types\/product"}],"wp:featuredmedia":[{"embeddable":true,"href":"https:\/\/www.swisscrochet.ch\/it\/wp-json\/wp\/v2\/media\/8923"}],"wp:attachment":[{"href":"https:\/\/www.swisscrochet.ch\/it\/wp-json\/wp\/v2\/media?parent=8950"}],"wp:term":[{"taxonomy":"product_brand","embeddable":true,"href":"https:\/\/www.swisscrochet.ch\/it\/wp-json\/wp\/v2\/product_brand?post=8950"},{"taxonomy":"product_cat","embeddable":true,"href":"https:\/\/www.swisscrochet.ch\/it\/wp-json\/wp\/v2\/product_cat?post=8950"},{"taxonomy":"product_tag","embeddable":true,"href":"https:\/\/www.swisscrochet.ch\/it\/wp-json\/wp\/v2\/product_tag?post=8950"}],"curies":[{"name":"wp","href":"https:\/\/api.w.org\/{rel}","templated":true}]}}