{"id":9941,"date":"2025-08-01T18:52:29","date_gmt":"2025-08-01T16:52:29","guid":{"rendered":"https:\/\/www.swisscrochet.ch\/product\/la-bible-des-granny-squares-hiroko-aono-billson\/"},"modified":"2026-02-19T19:32:25","modified_gmt":"2026-02-19T18:32:25","slug":"la-bible-des-granny-squares-hiroko-aono-billson","status":"publish","type":"product","link":"https:\/\/www.swisscrochet.ch\/it\/prodotto\/la-bible-des-granny-squares-hiroko-aono-billson\/","title":{"rendered":"La bible des granny squares &#8211; Hiroko Aono-Billson"},"content":{"rendered":"","protected":false},"excerpt":{"rendered":"<p>La Granny Squares Bible est le guide ultime pour les passionn\u00e9s de crochet, avec plus de 110 motifs et formes uniques de granny squares. Que vous soyez d\u00e9butant ou crocheteur exp\u00e9riment\u00e9, ce livre complet offre une vaste collection de mod\u00e8les pour stimuler votre cr\u00e9ativit\u00e9.<\/p>\n<p>Des carr\u00e9s classiques aux designs innovants, chaque motif est clairement illustr\u00e9 et expliqu\u00e9, facilitant la cr\u00e9ation de plaids, v\u00eatements, accessoires et d\u00e9corations pour la maison.<\/p>\n<p>D\u00e9couvrez des possibilit\u00e9s infinies gr\u00e2ce \u00e0 cette ressource essentielle pour ma\u00eetriser les granny squares.<\/p>\n<p>Langue: fran\u00e7ais<\/p>\n","protected":false},"featured_media":9860,"template":"","meta":[],"product_brand":[],"product_cat":[1426,210],"product_tag":[],"class_list":{"0":"post-9941","1":"product","2":"type-product","3":"status-publish","4":"has-post-thumbnail","6":"product_cat-dizionari-dei-punti","7":"product_cat-libri","8":"pa_b1-language-francese","9":"pa_b11-author-designer-hiroko-aono-billson-it","10":"description-off","12":"first","13":"instock","14":"taxable","15":"shipping-taxable","16":"purchasable","17":"product-type-simple"},"bundled_by":[],"bundle_stock_status":"instock","bundle_stock_quantity":4,"bundle_virtual":false,"bundle_layout":"","bundle_add_to_cart_form_location":"","bundle_editable_in_cart":false,"bundle_sold_individually_context":"","bundle_item_grouping":"","bundle_min_size":"","bundle_max_size":"","bundle_price":[],"bundled_items":[],"bundle_sell_ids":[],"yoast_head":"<!-- This site is optimized with the Yoast SEO plugin v27.5 - https:\/\/yoast.com\/product\/yoast-seo-wordpress\/ -->\n<title>La bible des granny squares - Hiroko Aono-Billson &#171; Swiss Crochet<\/title>\n<meta name=\"robots\" content=\"index, follow, max-snippet:-1, max-image-preview:large, max-video-preview:-1\" \/>\n<link rel=\"canonical\" href=\"https:\/\/www.swisscrochet.ch\/it\/prodotto\/la-bible-des-granny-squares-hiroko-aono-billson\/\" \/>\n<meta property=\"og:locale\" content=\"it_IT\" \/>\n<meta property=\"og:type\" content=\"article\" \/>\n<meta property=\"og:title\" content=\"La bible des granny squares - Hiroko Aono-Billson &#171; Swiss Crochet\" \/>\n<meta property=\"og:description\" content=\"La Granny Squares Bible est le guide ultime pour les passionn\u00e9s de crochet, avec plus de 110 motifs et formes uniques de granny squares. Que vous soyez d\u00e9butant ou crocheteur exp\u00e9riment\u00e9, ce livre complet offre une vaste collection de mod\u00e8les pour stimuler votre cr\u00e9ativit\u00e9.  Des carr\u00e9s classiques aux designs innovants, chaque motif est clairement illustr\u00e9 et expliqu\u00e9, facilitant la cr\u00e9ation de plaids, v\u00eatements, accessoires et d\u00e9corations pour la maison.  D\u00e9couvrez des possibilit\u00e9s infinies gr\u00e2ce \u00e0 cette ressource essentielle pour ma\u00eetriser les granny squares.  Langue: fran\u00e7ais\" \/>\n<meta property=\"og:url\" content=\"https:\/\/www.swisscrochet.ch\/it\/prodotto\/la-bible-des-granny-squares-hiroko-aono-billson\/\" \/>\n<meta property=\"og:site_name\" content=\"Swiss Crochet\" \/>\n<meta property=\"article:modified_time\" content=\"2026-02-19T18:32:25+00:00\" \/>\n<meta property=\"og:image\" content=\"https:\/\/www.swisscrochet.ch\/wp-content\/uploads\/2025\/08\/La-bible-des-granny-squares-Overview.jpg\" \/>\n\t<meta property=\"og:image:width\" content=\"1000\" \/>\n\t<meta property=\"og:image:height\" content=\"1000\" \/>\n\t<meta property=\"og:image:type\" content=\"image\/jpeg\" \/>\n<meta name=\"twitter:card\" content=\"summary_large_image\" \/>\n<script type=\"application\/ld+json\" class=\"yoast-schema-graph\">{\"@context\":\"https:\\\/\\\/schema.org\",\"@graph\":[{\"@type\":[\"WebPage\",\"ItemPage\"],\"@id\":\"https:\\\/\\\/www.swisscrochet.ch\\\/it\\\/prodotto\\\/la-bible-des-granny-squares-hiroko-aono-billson\\\/\",\"url\":\"https:\\\/\\\/www.swisscrochet.ch\\\/it\\\/prodotto\\\/la-bible-des-granny-squares-hiroko-aono-billson\\\/\",\"name\":\"La bible des granny squares - Hiroko Aono-Billson &#171; Swiss Crochet\",\"isPartOf\":{\"@id\":\"https:\\\/\\\/www.swisscrochet.ch\\\/#website\"},\"primaryImageOfPage\":{\"@id\":\"https:\\\/\\\/www.swisscrochet.ch\\\/it\\\/prodotto\\\/la-bible-des-granny-squares-hiroko-aono-billson\\\/#primaryimage\"},\"image\":{\"@id\":\"https:\\\/\\\/www.swisscrochet.ch\\\/it\\\/prodotto\\\/la-bible-des-granny-squares-hiroko-aono-billson\\\/#primaryimage\"},\"thumbnailUrl\":\"https:\\\/\\\/www.swisscrochet.ch\\\/wp-content\\\/uploads\\\/2025\\\/08\\\/La-bible-des-granny-squares-Overview.jpg\",\"datePublished\":\"2025-08-01T16:52:29+00:00\",\"dateModified\":\"2026-02-19T18:32:25+00:00\",\"breadcrumb\":{\"@id\":\"https:\\\/\\\/www.swisscrochet.ch\\\/it\\\/prodotto\\\/la-bible-des-granny-squares-hiroko-aono-billson\\\/#breadcrumb\"},\"inLanguage\":\"it-IT\",\"potentialAction\":[{\"@type\":\"ReadAction\",\"target\":[\"https:\\\/\\\/www.swisscrochet.ch\\\/it\\\/prodotto\\\/la-bible-des-granny-squares-hiroko-aono-billson\\\/\"]}]},{\"@type\":\"ImageObject\",\"inLanguage\":\"it-IT\",\"@id\":\"https:\\\/\\\/www.swisscrochet.ch\\\/it\\\/prodotto\\\/la-bible-des-granny-squares-hiroko-aono-billson\\\/#primaryimage\",\"url\":\"https:\\\/\\\/www.swisscrochet.ch\\\/wp-content\\\/uploads\\\/2025\\\/08\\\/La-bible-des-granny-squares-Overview.jpg\",\"contentUrl\":\"https:\\\/\\\/www.swisscrochet.ch\\\/wp-content\\\/uploads\\\/2025\\\/08\\\/La-bible-des-granny-squares-Overview.jpg\",\"width\":1000,\"height\":1000},{\"@type\":\"BreadcrumbList\",\"@id\":\"https:\\\/\\\/www.swisscrochet.ch\\\/it\\\/prodotto\\\/la-bible-des-granny-squares-hiroko-aono-billson\\\/#breadcrumb\",\"itemListElement\":[{\"@type\":\"ListItem\",\"position\":1,\"name\":\"Home\",\"item\":\"https:\\\/\\\/www.swisscrochet.ch\\\/it\\\/\"},{\"@type\":\"ListItem\",\"position\":2,\"name\":\"Negozio\",\"item\":\"https:\\\/\\\/www.swisscrochet.ch\\\/it\\\/negozio\\\/\"},{\"@type\":\"ListItem\",\"position\":3,\"name\":\"La bible des granny squares &#8211; Hiroko Aono-Billson\"}]},{\"@type\":\"WebSite\",\"@id\":\"https:\\\/\\\/www.swisscrochet.ch\\\/#website\",\"url\":\"https:\\\/\\\/www.swisscrochet.ch\\\/\",\"name\":\"Swiss Crochet\",\"description\":\"Sblocca il tuo potenziale creativo\",\"potentialAction\":[{\"@type\":\"SearchAction\",\"target\":{\"@type\":\"EntryPoint\",\"urlTemplate\":\"https:\\\/\\\/www.swisscrochet.ch\\\/?s={search_term_string}\"},\"query-input\":{\"@type\":\"PropertyValueSpecification\",\"valueRequired\":true,\"valueName\":\"search_term_string\"}}],\"inLanguage\":\"it-IT\"}]}<\/script>\n<!-- \/ Yoast SEO plugin. -->","yoast_head_json":{"title":"La bible des granny squares - Hiroko Aono-Billson &#171; Swiss Crochet","robots":{"index":"index","follow":"follow","max-snippet":"max-snippet:-1","max-image-preview":"max-image-preview:large","max-video-preview":"max-video-preview:-1"},"canonical":"https:\/\/www.swisscrochet.ch\/it\/prodotto\/la-bible-des-granny-squares-hiroko-aono-billson\/","og_locale":"it_IT","og_type":"article","og_title":"La bible des granny squares - Hiroko Aono-Billson &#171; Swiss Crochet","og_description":"La Granny Squares Bible est le guide ultime pour les passionn\u00e9s de crochet, avec plus de 110 motifs et formes uniques de granny squares. Que vous soyez d\u00e9butant ou crocheteur exp\u00e9riment\u00e9, ce livre complet offre une vaste collection de mod\u00e8les pour stimuler votre cr\u00e9ativit\u00e9.  Des carr\u00e9s classiques aux designs innovants, chaque motif est clairement illustr\u00e9 et expliqu\u00e9, facilitant la cr\u00e9ation de plaids, v\u00eatements, accessoires et d\u00e9corations pour la maison.  D\u00e9couvrez des possibilit\u00e9s infinies gr\u00e2ce \u00e0 cette ressource essentielle pour ma\u00eetriser les granny squares.  Langue: fran\u00e7ais","og_url":"https:\/\/www.swisscrochet.ch\/it\/prodotto\/la-bible-des-granny-squares-hiroko-aono-billson\/","og_site_name":"Swiss Crochet","article_modified_time":"2026-02-19T18:32:25+00:00","og_image":[{"width":1000,"height":1000,"url":"https:\/\/www.swisscrochet.ch\/wp-content\/uploads\/2025\/08\/La-bible-des-granny-squares-Overview.jpg","type":"image\/jpeg"}],"twitter_card":"summary_large_image","schema":{"@context":"https:\/\/schema.org","@graph":[{"@type":["WebPage","ItemPage"],"@id":"https:\/\/www.swisscrochet.ch\/it\/prodotto\/la-bible-des-granny-squares-hiroko-aono-billson\/","url":"https:\/\/www.swisscrochet.ch\/it\/prodotto\/la-bible-des-granny-squares-hiroko-aono-billson\/","name":"La bible des granny squares - Hiroko Aono-Billson &#171; Swiss Crochet","isPartOf":{"@id":"https:\/\/www.swisscrochet.ch\/#website"},"primaryImageOfPage":{"@id":"https:\/\/www.swisscrochet.ch\/it\/prodotto\/la-bible-des-granny-squares-hiroko-aono-billson\/#primaryimage"},"image":{"@id":"https:\/\/www.swisscrochet.ch\/it\/prodotto\/la-bible-des-granny-squares-hiroko-aono-billson\/#primaryimage"},"thumbnailUrl":"https:\/\/www.swisscrochet.ch\/wp-content\/uploads\/2025\/08\/La-bible-des-granny-squares-Overview.jpg","datePublished":"2025-08-01T16:52:29+00:00","dateModified":"2026-02-19T18:32:25+00:00","breadcrumb":{"@id":"https:\/\/www.swisscrochet.ch\/it\/prodotto\/la-bible-des-granny-squares-hiroko-aono-billson\/#breadcrumb"},"inLanguage":"it-IT","potentialAction":[{"@type":"ReadAction","target":["https:\/\/www.swisscrochet.ch\/it\/prodotto\/la-bible-des-granny-squares-hiroko-aono-billson\/"]}]},{"@type":"ImageObject","inLanguage":"it-IT","@id":"https:\/\/www.swisscrochet.ch\/it\/prodotto\/la-bible-des-granny-squares-hiroko-aono-billson\/#primaryimage","url":"https:\/\/www.swisscrochet.ch\/wp-content\/uploads\/2025\/08\/La-bible-des-granny-squares-Overview.jpg","contentUrl":"https:\/\/www.swisscrochet.ch\/wp-content\/uploads\/2025\/08\/La-bible-des-granny-squares-Overview.jpg","width":1000,"height":1000},{"@type":"BreadcrumbList","@id":"https:\/\/www.swisscrochet.ch\/it\/prodotto\/la-bible-des-granny-squares-hiroko-aono-billson\/#breadcrumb","itemListElement":[{"@type":"ListItem","position":1,"name":"Home","item":"https:\/\/www.swisscrochet.ch\/it\/"},{"@type":"ListItem","position":2,"name":"Negozio","item":"https:\/\/www.swisscrochet.ch\/it\/negozio\/"},{"@type":"ListItem","position":3,"name":"La bible des granny squares &#8211; Hiroko Aono-Billson"}]},{"@type":"WebSite","@id":"https:\/\/www.swisscrochet.ch\/#website","url":"https:\/\/www.swisscrochet.ch\/","name":"Swiss Crochet","description":"Sblocca il tuo potenziale creativo","potentialAction":[{"@type":"SearchAction","target":{"@type":"EntryPoint","urlTemplate":"https:\/\/www.swisscrochet.ch\/?s={search_term_string}"},"query-input":{"@type":"PropertyValueSpecification","valueRequired":true,"valueName":"search_term_string"}}],"inLanguage":"it-IT"}]}},"_links":{"self":[{"href":"https:\/\/www.swisscrochet.ch\/it\/wp-json\/wp\/v2\/product\/9941","targetHints":{"allow":["GET"]}}],"collection":[{"href":"https:\/\/www.swisscrochet.ch\/it\/wp-json\/wp\/v2\/product"}],"about":[{"href":"https:\/\/www.swisscrochet.ch\/it\/wp-json\/wp\/v2\/types\/product"}],"wp:featuredmedia":[{"embeddable":true,"href":"https:\/\/www.swisscrochet.ch\/it\/wp-json\/wp\/v2\/media\/9860"}],"wp:attachment":[{"href":"https:\/\/www.swisscrochet.ch\/it\/wp-json\/wp\/v2\/media?parent=9941"}],"wp:term":[{"taxonomy":"product_brand","embeddable":true,"href":"https:\/\/www.swisscrochet.ch\/it\/wp-json\/wp\/v2\/product_brand?post=9941"},{"taxonomy":"product_cat","embeddable":true,"href":"https:\/\/www.swisscrochet.ch\/it\/wp-json\/wp\/v2\/product_cat?post=9941"},{"taxonomy":"product_tag","embeddable":true,"href":"https:\/\/www.swisscrochet.ch\/it\/wp-json\/wp\/v2\/product_tag?post=9941"}],"curies":[{"name":"wp","href":"https:\/\/api.w.org\/{rel}","templated":true}]}}