{"id":9950,"date":"2025-08-01T18:29:13","date_gmt":"2025-08-01T16:29:13","guid":{"rendered":"https:\/\/www.swisscrochet.ch\/product\/les-adorables-monstres-de-khuc-cay-khuc-cay\/"},"modified":"2026-02-19T19:32:36","modified_gmt":"2026-02-19T18:32:36","slug":"les-adorables-monstres-de-khuc-cay-khuc-cay","status":"publish","type":"product","link":"https:\/\/www.swisscrochet.ch\/it\/prodotto\/les-adorables-monstres-de-khuc-cay-khuc-cay\/","title":{"rendered":"Les adorables monstres de Khuc Cay &#8211; Khuc Cay"},"content":{"rendered":"","protected":false},"excerpt":{"rendered":"<p>Entrez dans le monde doux et imaginatif de <em>Khuc Cay<\/em> avec Les adorables monstres de Khuc Cay, un charmant livre de crochet en fran\u00e7ais qui propose 10 mod\u00e8les originaux d\u2019amigurumis de petits monstres. Il ne s\u2019agit pas de cr\u00e9atures effrayantes, mais de monstres tendres, doux et irr\u00e9sistiblement mignons, chacun avec sa propre histoire et personnalit\u00e9.<\/p>\n<p>Avec son style po\u00e9tique bien reconnaissable, <em>Khuc Cay (Ngoc Lan Huong)<\/em> donne vie \u00e0 ces &#8220;adorables monstres&#8221; gr\u00e2ce \u00e0 des instructions \u00e9tape par \u00e9tape, des photos d\u00e9taill\u00e9es et de nombreux conseils utiles pour vous accompagner dans chaque projet. Ce livre est id\u00e9al pour les crocheteuses ayant d\u00e9j\u00e0 quelques bases et souhaitant se lancer dans des cr\u00e9ations ludiques, fantaisistes et pleines de caract\u00e8re.<\/p>\n<p>Que vous souhaitiez r\u00e9aliser un nouveau compagnon pour l\u2019heure du coucher, un cadeau unique ou simplement quelque chose qui vous fait sourire, ces petits monstres en peluche sauront vous s\u00e9duire.<\/p>\n<p>Langue: fran\u00e7ais<\/p>\n","protected":false},"featured_media":9876,"template":"","meta":[],"product_brand":[],"product_cat":[1423,210],"product_tag":[],"class_list":{"0":"post-9950","1":"product","2":"type-product","3":"status-publish","4":"has-post-thumbnail","6":"product_cat-amigurumi-it","7":"product_cat-libri","8":"pa_b1-language-francese","9":"pa_b11-author-designer-khuc-cay-it","10":"description-off","12":"first","13":"instock","14":"taxable","15":"shipping-taxable","16":"purchasable","17":"product-type-simple"},"bundled_by":[],"bundle_stock_status":"instock","bundle_stock_quantity":2,"bundle_virtual":false,"bundle_layout":"","bundle_add_to_cart_form_location":"","bundle_editable_in_cart":false,"bundle_sold_individually_context":"","bundle_item_grouping":"","bundle_min_size":"","bundle_max_size":"","bundle_price":[],"bundled_items":[],"bundle_sell_ids":[],"yoast_head":"<!-- This site is optimized with the Yoast SEO plugin v27.5 - https:\/\/yoast.com\/product\/yoast-seo-wordpress\/ -->\n<title>Les adorables monstres de Khuc Cay - Khuc Cay &#171; Swiss Crochet<\/title>\n<meta name=\"robots\" content=\"index, follow, max-snippet:-1, max-image-preview:large, max-video-preview:-1\" \/>\n<link rel=\"canonical\" href=\"https:\/\/www.swisscrochet.ch\/it\/prodotto\/les-adorables-monstres-de-khuc-cay-khuc-cay\/\" \/>\n<meta property=\"og:locale\" content=\"it_IT\" \/>\n<meta property=\"og:type\" content=\"article\" \/>\n<meta property=\"og:title\" content=\"Les adorables monstres de Khuc Cay - Khuc Cay &#171; Swiss Crochet\" \/>\n<meta property=\"og:description\" content=\"Entrez dans le monde doux et imaginatif de Khuc Cay avec Les adorables monstres de Khuc Cay, un charmant livre de crochet en fran\u00e7ais qui propose 10 mod\u00e8les originaux d\u2019amigurumis de petits monstres. Il ne s\u2019agit pas de cr\u00e9atures effrayantes, mais de monstres tendres, doux et irr\u00e9sistiblement mignons, chacun avec sa propre histoire et personnalit\u00e9.  Avec son style po\u00e9tique bien reconnaissable, Khuc Cay (Ngoc Lan Huong) donne vie \u00e0 ces &quot;adorables monstres&quot; gr\u00e2ce \u00e0 des instructions \u00e9tape par \u00e9tape, des photos d\u00e9taill\u00e9es et de nombreux conseils utiles pour vous accompagner dans chaque projet. Ce livre est id\u00e9al pour les crocheteuses ayant d\u00e9j\u00e0 quelques bases et souhaitant se lancer dans des cr\u00e9ations ludiques, fantaisistes et pleines de caract\u00e8re.  Que vous souhaitiez r\u00e9aliser un nouveau compagnon pour l\u2019heure du coucher, un cadeau unique ou simplement quelque chose qui vous fait sourire, ces petits monstres en peluche sauront vous s\u00e9duire.  Langue: fran\u00e7ais\" \/>\n<meta property=\"og:url\" content=\"https:\/\/www.swisscrochet.ch\/it\/prodotto\/les-adorables-monstres-de-khuc-cay-khuc-cay\/\" \/>\n<meta property=\"og:site_name\" content=\"Swiss Crochet\" \/>\n<meta property=\"article:modified_time\" content=\"2026-02-19T18:32:36+00:00\" \/>\n<meta property=\"og:image\" content=\"https:\/\/www.swisscrochet.ch\/wp-content\/uploads\/2025\/08\/Les-adorables-monstre-de-Khuc-Cay-Overview.jpg\" \/>\n\t<meta property=\"og:image:width\" content=\"1000\" \/>\n\t<meta property=\"og:image:height\" content=\"1000\" \/>\n\t<meta property=\"og:image:type\" content=\"image\/jpeg\" \/>\n<meta name=\"twitter:card\" content=\"summary_large_image\" \/>\n<script type=\"application\/ld+json\" class=\"yoast-schema-graph\">{\"@context\":\"https:\\\/\\\/schema.org\",\"@graph\":[{\"@type\":[\"WebPage\",\"ItemPage\"],\"@id\":\"https:\\\/\\\/www.swisscrochet.ch\\\/it\\\/prodotto\\\/les-adorables-monstres-de-khuc-cay-khuc-cay\\\/\",\"url\":\"https:\\\/\\\/www.swisscrochet.ch\\\/it\\\/prodotto\\\/les-adorables-monstres-de-khuc-cay-khuc-cay\\\/\",\"name\":\"Les adorables monstres de Khuc Cay - Khuc Cay &#171; Swiss Crochet\",\"isPartOf\":{\"@id\":\"https:\\\/\\\/www.swisscrochet.ch\\\/#website\"},\"primaryImageOfPage\":{\"@id\":\"https:\\\/\\\/www.swisscrochet.ch\\\/it\\\/prodotto\\\/les-adorables-monstres-de-khuc-cay-khuc-cay\\\/#primaryimage\"},\"image\":{\"@id\":\"https:\\\/\\\/www.swisscrochet.ch\\\/it\\\/prodotto\\\/les-adorables-monstres-de-khuc-cay-khuc-cay\\\/#primaryimage\"},\"thumbnailUrl\":\"https:\\\/\\\/www.swisscrochet.ch\\\/wp-content\\\/uploads\\\/2025\\\/08\\\/Les-adorables-monstre-de-Khuc-Cay-Overview.jpg\",\"datePublished\":\"2025-08-01T16:29:13+00:00\",\"dateModified\":\"2026-02-19T18:32:36+00:00\",\"breadcrumb\":{\"@id\":\"https:\\\/\\\/www.swisscrochet.ch\\\/it\\\/prodotto\\\/les-adorables-monstres-de-khuc-cay-khuc-cay\\\/#breadcrumb\"},\"inLanguage\":\"it-IT\",\"potentialAction\":[{\"@type\":\"ReadAction\",\"target\":[\"https:\\\/\\\/www.swisscrochet.ch\\\/it\\\/prodotto\\\/les-adorables-monstres-de-khuc-cay-khuc-cay\\\/\"]}]},{\"@type\":\"ImageObject\",\"inLanguage\":\"it-IT\",\"@id\":\"https:\\\/\\\/www.swisscrochet.ch\\\/it\\\/prodotto\\\/les-adorables-monstres-de-khuc-cay-khuc-cay\\\/#primaryimage\",\"url\":\"https:\\\/\\\/www.swisscrochet.ch\\\/wp-content\\\/uploads\\\/2025\\\/08\\\/Les-adorables-monstre-de-Khuc-Cay-Overview.jpg\",\"contentUrl\":\"https:\\\/\\\/www.swisscrochet.ch\\\/wp-content\\\/uploads\\\/2025\\\/08\\\/Les-adorables-monstre-de-Khuc-Cay-Overview.jpg\",\"width\":1000,\"height\":1000},{\"@type\":\"BreadcrumbList\",\"@id\":\"https:\\\/\\\/www.swisscrochet.ch\\\/it\\\/prodotto\\\/les-adorables-monstres-de-khuc-cay-khuc-cay\\\/#breadcrumb\",\"itemListElement\":[{\"@type\":\"ListItem\",\"position\":1,\"name\":\"Home\",\"item\":\"https:\\\/\\\/www.swisscrochet.ch\\\/it\\\/\"},{\"@type\":\"ListItem\",\"position\":2,\"name\":\"Negozio\",\"item\":\"https:\\\/\\\/www.swisscrochet.ch\\\/it\\\/negozio\\\/\"},{\"@type\":\"ListItem\",\"position\":3,\"name\":\"Les adorables monstres de Khuc Cay &#8211; Khuc Cay\"}]},{\"@type\":\"WebSite\",\"@id\":\"https:\\\/\\\/www.swisscrochet.ch\\\/#website\",\"url\":\"https:\\\/\\\/www.swisscrochet.ch\\\/\",\"name\":\"Swiss Crochet\",\"description\":\"Sblocca il tuo potenziale creativo\",\"potentialAction\":[{\"@type\":\"SearchAction\",\"target\":{\"@type\":\"EntryPoint\",\"urlTemplate\":\"https:\\\/\\\/www.swisscrochet.ch\\\/?s={search_term_string}\"},\"query-input\":{\"@type\":\"PropertyValueSpecification\",\"valueRequired\":true,\"valueName\":\"search_term_string\"}}],\"inLanguage\":\"it-IT\"}]}<\/script>\n<!-- \/ Yoast SEO plugin. -->","yoast_head_json":{"title":"Les adorables monstres de Khuc Cay - Khuc Cay &#171; Swiss Crochet","robots":{"index":"index","follow":"follow","max-snippet":"max-snippet:-1","max-image-preview":"max-image-preview:large","max-video-preview":"max-video-preview:-1"},"canonical":"https:\/\/www.swisscrochet.ch\/it\/prodotto\/les-adorables-monstres-de-khuc-cay-khuc-cay\/","og_locale":"it_IT","og_type":"article","og_title":"Les adorables monstres de Khuc Cay - Khuc Cay &#171; Swiss Crochet","og_description":"Entrez dans le monde doux et imaginatif de Khuc Cay avec Les adorables monstres de Khuc Cay, un charmant livre de crochet en fran\u00e7ais qui propose 10 mod\u00e8les originaux d\u2019amigurumis de petits monstres. Il ne s\u2019agit pas de cr\u00e9atures effrayantes, mais de monstres tendres, doux et irr\u00e9sistiblement mignons, chacun avec sa propre histoire et personnalit\u00e9.  Avec son style po\u00e9tique bien reconnaissable, Khuc Cay (Ngoc Lan Huong) donne vie \u00e0 ces \"adorables monstres\" gr\u00e2ce \u00e0 des instructions \u00e9tape par \u00e9tape, des photos d\u00e9taill\u00e9es et de nombreux conseils utiles pour vous accompagner dans chaque projet. Ce livre est id\u00e9al pour les crocheteuses ayant d\u00e9j\u00e0 quelques bases et souhaitant se lancer dans des cr\u00e9ations ludiques, fantaisistes et pleines de caract\u00e8re.  Que vous souhaitiez r\u00e9aliser un nouveau compagnon pour l\u2019heure du coucher, un cadeau unique ou simplement quelque chose qui vous fait sourire, ces petits monstres en peluche sauront vous s\u00e9duire.  Langue: fran\u00e7ais","og_url":"https:\/\/www.swisscrochet.ch\/it\/prodotto\/les-adorables-monstres-de-khuc-cay-khuc-cay\/","og_site_name":"Swiss Crochet","article_modified_time":"2026-02-19T18:32:36+00:00","og_image":[{"width":1000,"height":1000,"url":"https:\/\/www.swisscrochet.ch\/wp-content\/uploads\/2025\/08\/Les-adorables-monstre-de-Khuc-Cay-Overview.jpg","type":"image\/jpeg"}],"twitter_card":"summary_large_image","schema":{"@context":"https:\/\/schema.org","@graph":[{"@type":["WebPage","ItemPage"],"@id":"https:\/\/www.swisscrochet.ch\/it\/prodotto\/les-adorables-monstres-de-khuc-cay-khuc-cay\/","url":"https:\/\/www.swisscrochet.ch\/it\/prodotto\/les-adorables-monstres-de-khuc-cay-khuc-cay\/","name":"Les adorables monstres de Khuc Cay - Khuc Cay &#171; Swiss Crochet","isPartOf":{"@id":"https:\/\/www.swisscrochet.ch\/#website"},"primaryImageOfPage":{"@id":"https:\/\/www.swisscrochet.ch\/it\/prodotto\/les-adorables-monstres-de-khuc-cay-khuc-cay\/#primaryimage"},"image":{"@id":"https:\/\/www.swisscrochet.ch\/it\/prodotto\/les-adorables-monstres-de-khuc-cay-khuc-cay\/#primaryimage"},"thumbnailUrl":"https:\/\/www.swisscrochet.ch\/wp-content\/uploads\/2025\/08\/Les-adorables-monstre-de-Khuc-Cay-Overview.jpg","datePublished":"2025-08-01T16:29:13+00:00","dateModified":"2026-02-19T18:32:36+00:00","breadcrumb":{"@id":"https:\/\/www.swisscrochet.ch\/it\/prodotto\/les-adorables-monstres-de-khuc-cay-khuc-cay\/#breadcrumb"},"inLanguage":"it-IT","potentialAction":[{"@type":"ReadAction","target":["https:\/\/www.swisscrochet.ch\/it\/prodotto\/les-adorables-monstres-de-khuc-cay-khuc-cay\/"]}]},{"@type":"ImageObject","inLanguage":"it-IT","@id":"https:\/\/www.swisscrochet.ch\/it\/prodotto\/les-adorables-monstres-de-khuc-cay-khuc-cay\/#primaryimage","url":"https:\/\/www.swisscrochet.ch\/wp-content\/uploads\/2025\/08\/Les-adorables-monstre-de-Khuc-Cay-Overview.jpg","contentUrl":"https:\/\/www.swisscrochet.ch\/wp-content\/uploads\/2025\/08\/Les-adorables-monstre-de-Khuc-Cay-Overview.jpg","width":1000,"height":1000},{"@type":"BreadcrumbList","@id":"https:\/\/www.swisscrochet.ch\/it\/prodotto\/les-adorables-monstres-de-khuc-cay-khuc-cay\/#breadcrumb","itemListElement":[{"@type":"ListItem","position":1,"name":"Home","item":"https:\/\/www.swisscrochet.ch\/it\/"},{"@type":"ListItem","position":2,"name":"Negozio","item":"https:\/\/www.swisscrochet.ch\/it\/negozio\/"},{"@type":"ListItem","position":3,"name":"Les adorables monstres de Khuc Cay &#8211; Khuc Cay"}]},{"@type":"WebSite","@id":"https:\/\/www.swisscrochet.ch\/#website","url":"https:\/\/www.swisscrochet.ch\/","name":"Swiss Crochet","description":"Sblocca il tuo potenziale creativo","potentialAction":[{"@type":"SearchAction","target":{"@type":"EntryPoint","urlTemplate":"https:\/\/www.swisscrochet.ch\/?s={search_term_string}"},"query-input":{"@type":"PropertyValueSpecification","valueRequired":true,"valueName":"search_term_string"}}],"inLanguage":"it-IT"}]}},"_links":{"self":[{"href":"https:\/\/www.swisscrochet.ch\/it\/wp-json\/wp\/v2\/product\/9950","targetHints":{"allow":["GET"]}}],"collection":[{"href":"https:\/\/www.swisscrochet.ch\/it\/wp-json\/wp\/v2\/product"}],"about":[{"href":"https:\/\/www.swisscrochet.ch\/it\/wp-json\/wp\/v2\/types\/product"}],"wp:featuredmedia":[{"embeddable":true,"href":"https:\/\/www.swisscrochet.ch\/it\/wp-json\/wp\/v2\/media\/9876"}],"wp:attachment":[{"href":"https:\/\/www.swisscrochet.ch\/it\/wp-json\/wp\/v2\/media?parent=9950"}],"wp:term":[{"taxonomy":"product_brand","embeddable":true,"href":"https:\/\/www.swisscrochet.ch\/it\/wp-json\/wp\/v2\/product_brand?post=9950"},{"taxonomy":"product_cat","embeddable":true,"href":"https:\/\/www.swisscrochet.ch\/it\/wp-json\/wp\/v2\/product_cat?post=9950"},{"taxonomy":"product_tag","embeddable":true,"href":"https:\/\/www.swisscrochet.ch\/it\/wp-json\/wp\/v2\/product_tag?post=9950"}],"curies":[{"name":"wp","href":"https:\/\/api.w.org\/{rel}","templated":true}]}}